{"id":363,"date":"2024-09-26T08:40:59","date_gmt":"2024-09-26T08:40:59","guid":{"rendered":"https:\/\/spinbetter.team\/tr\/?page_id=363"},"modified":"2025-06-19T09:51:15","modified_gmt":"2025-06-19T09:51:15","slug":"mirror","status":"publish","type":"page","link":"https:\/\/spinbetter.space\/tr\/mirror\/","title":{"rendered":"Ayna"},"content":{"rendered":"","protected":false},"excerpt":{"rendered":"","protected":false},"author":1,"featured_media":0,"parent":0,"menu_order":0,"comment_status":"closed","ping_status":"closed","template":"","meta":{"footnotes":""},"class_list":["post-363","page","type-page","status-publish","hentry"],"yoast_head":"<!-- This site is optimized with the Yoast SEO plugin v23.5 - https:\/\/yoast.com\/wordpress\/plugins\/seo\/ -->\n<title>SpinBetter T\u00fcrkiye Aynalar &gt; \u0130pu\u00e7lar\u0131, Alternatifler ve Talimatlar<\/title>\n<meta name=\"description\" content=\"SpinBetter T\u00fcrkiye aynalar\u0131 hakk\u0131nda her \u015feyi \u00f6\u011frenin! Nas\u0131l \u00e7al\u0131\u015ft\u0131klar\u0131n\u0131, SpinBetter aynalar\u0131n\u0131n g\u00fcncel ba\u011flant\u0131lar\u0131n\u0131 nerede bulaca\u011f\u0131n\u0131z\u0131 ve verilerinizi nas\u0131l g\u00fcvende tutaca\u011f\u0131n\u0131z\u0131 \u00f6\u011frenin!\" \/>\n<meta name=\"robots\" content=\"index, follow, max-snippet:-1, max-image-preview:large, max-video-preview:-1\" \/>\n<meta property=\"og:locale\" content=\"tr_TR\" \/>\n<meta property=\"og:type\" content=\"article\" \/>\n<meta property=\"og:title\" content=\"SpinBetter T\u00fcrkiye Aynalar &gt; \u0130pu\u00e7lar\u0131, Alternatifler ve Talimatlar\" \/>\n<meta property=\"og:description\" content=\"SpinBetter T\u00fcrkiye aynalar\u0131 hakk\u0131nda her \u015feyi \u00f6\u011frenin! Nas\u0131l \u00e7al\u0131\u015ft\u0131klar\u0131n\u0131, SpinBetter aynalar\u0131n\u0131n g\u00fcncel ba\u011flant\u0131lar\u0131n\u0131 nerede bulaca\u011f\u0131n\u0131z\u0131 ve verilerinizi nas\u0131l g\u00fcvende tutaca\u011f\u0131n\u0131z\u0131 \u00f6\u011frenin!\" \/>\n<meta property=\"og:url\" content=\"https:\/\/spinbetter.space\/tr\/mirror\/\" \/>\n<meta property=\"og:site_name\" content=\"spinbetter team tr\" \/>\n<meta property=\"article:modified_time\" content=\"2025-06-19T09:51:15+00:00\" \/>\n<meta name=\"twitter:card\" content=\"summary_large_image\" \/>\n<script type=\"application\/ld+json\" class=\"yoast-schema-graph\">{\"@context\":\"https:\/\/schema.org\",\"@graph\":[{\"@type\":\"WebPage\",\"@id\":\"https:\/\/spinbetter.space\/tr\/mirror\/\",\"url\":\"https:\/\/spinbetter.space\/tr\/mirror\/\",\"name\":\"SpinBetter T\u00fcrkiye Aynalar > \u0130pu\u00e7lar\u0131, Alternatifler ve Talimatlar\",\"isPartOf\":{\"@id\":\"https:\/\/spinbetter.space\/tr\/#website\"},\"datePublished\":\"2024-09-26T08:40:59+00:00\",\"dateModified\":\"2025-06-19T09:51:15+00:00\",\"description\":\"SpinBetter T\u00fcrkiye aynalar\u0131 hakk\u0131nda her \u015feyi \u00f6\u011frenin! Nas\u0131l \u00e7al\u0131\u015ft\u0131klar\u0131n\u0131, SpinBetter aynalar\u0131n\u0131n g\u00fcncel ba\u011flant\u0131lar\u0131n\u0131 nerede bulaca\u011f\u0131n\u0131z\u0131 ve verilerinizi nas\u0131l g\u00fcvende tutaca\u011f\u0131n\u0131z\u0131 \u00f6\u011frenin!\",\"breadcrumb\":{\"@id\":\"https:\/\/spinbetter.space\/tr\/mirror\/#breadcrumb\"},\"inLanguage\":\"tr\",\"potentialAction\":[{\"@type\":\"ReadAction\",\"target\":[\"https:\/\/spinbetter.space\/tr\/mirror\/\"]}]},{\"@type\":\"BreadcrumbList\",\"@id\":\"https:\/\/spinbetter.space\/tr\/mirror\/#breadcrumb\",\"itemListElement\":[{\"@type\":\"ListItem\",\"position\":1,\"name\":\"\u0413\u043b\u0430\u0432\u043d\u0430\u044f \u0441\u0442\u0440\u0430\u043d\u0438\u0446\u0430\",\"item\":\"https:\/\/spinbetter.space\/tr\/\"},{\"@type\":\"ListItem\",\"position\":2,\"name\":\"Ayna\"}]},{\"@type\":\"WebSite\",\"@id\":\"https:\/\/spinbetter.space\/tr\/#website\",\"url\":\"https:\/\/spinbetter.space\/tr\/\",\"name\":\"spinbetter team tr\",\"description\":\"My WordPress Blog\",\"potentialAction\":[{\"@type\":\"SearchAction\",\"target\":{\"@type\":\"EntryPoint\",\"urlTemplate\":\"https:\/\/spinbetter.space\/tr\/?s={search_term_string}\"},\"query-input\":{\"@type\":\"PropertyValueSpecification\",\"valueRequired\":true,\"valueName\":\"search_term_string\"}}],\"inLanguage\":\"tr\"}]}<\/script>\n<!-- \/ Yoast SEO plugin. -->","yoast_head_json":{"title":"SpinBetter T\u00fcrkiye Aynalar > \u0130pu\u00e7lar\u0131, Alternatifler ve Talimatlar","description":"SpinBetter T\u00fcrkiye aynalar\u0131 hakk\u0131nda her \u015feyi \u00f6\u011frenin! Nas\u0131l \u00e7al\u0131\u015ft\u0131klar\u0131n\u0131, SpinBetter aynalar\u0131n\u0131n g\u00fcncel ba\u011flant\u0131lar\u0131n\u0131 nerede bulaca\u011f\u0131n\u0131z\u0131 ve verilerinizi nas\u0131l g\u00fcvende tutaca\u011f\u0131n\u0131z\u0131 \u00f6\u011frenin!","robots":{"index":"index","follow":"follow","max-snippet":"max-snippet:-1","max-image-preview":"max-image-preview:large","max-video-preview":"max-video-preview:-1"},"og_locale":"tr_TR","og_type":"article","og_title":"SpinBetter T\u00fcrkiye Aynalar > \u0130pu\u00e7lar\u0131, Alternatifler ve Talimatlar","og_description":"SpinBetter T\u00fcrkiye aynalar\u0131 hakk\u0131nda her \u015feyi \u00f6\u011frenin! Nas\u0131l \u00e7al\u0131\u015ft\u0131klar\u0131n\u0131, SpinBetter aynalar\u0131n\u0131n g\u00fcncel ba\u011flant\u0131lar\u0131n\u0131 nerede bulaca\u011f\u0131n\u0131z\u0131 ve verilerinizi nas\u0131l g\u00fcvende tutaca\u011f\u0131n\u0131z\u0131 \u00f6\u011frenin!","og_url":"https:\/\/spinbetter.space\/tr\/mirror\/","og_site_name":"spinbetter team tr","article_modified_time":"2025-06-19T09:51:15+00:00","twitter_card":"summary_large_image","schema":{"@context":"https:\/\/schema.org","@graph":[{"@type":"WebPage","@id":"https:\/\/spinbetter.space\/tr\/mirror\/","url":"https:\/\/spinbetter.space\/tr\/mirror\/","name":"SpinBetter T\u00fcrkiye Aynalar > \u0130pu\u00e7lar\u0131, Alternatifler ve Talimatlar","isPartOf":{"@id":"https:\/\/spinbetter.space\/tr\/#website"},"datePublished":"2024-09-26T08:40:59+00:00","dateModified":"2025-06-19T09:51:15+00:00","description":"SpinBetter T\u00fcrkiye aynalar\u0131 hakk\u0131nda her \u015feyi \u00f6\u011frenin! Nas\u0131l \u00e7al\u0131\u015ft\u0131klar\u0131n\u0131, SpinBetter aynalar\u0131n\u0131n g\u00fcncel ba\u011flant\u0131lar\u0131n\u0131 nerede bulaca\u011f\u0131n\u0131z\u0131 ve verilerinizi nas\u0131l g\u00fcvende tutaca\u011f\u0131n\u0131z\u0131 \u00f6\u011frenin!","breadcrumb":{"@id":"https:\/\/spinbetter.space\/tr\/mirror\/#breadcrumb"},"inLanguage":"tr","potentialAction":[{"@type":"ReadAction","target":["https:\/\/spinbetter.space\/tr\/mirror\/"]}]},{"@type":"BreadcrumbList","@id":"https:\/\/spinbetter.space\/tr\/mirror\/#breadcrumb","itemListElement":[{"@type":"ListItem","position":1,"name":"\u0413\u043b\u0430\u0432\u043d\u0430\u044f \u0441\u0442\u0440\u0430\u043d\u0438\u0446\u0430","item":"https:\/\/spinbetter.space\/tr\/"},{"@type":"ListItem","position":2,"name":"Ayna"}]},{"@type":"WebSite","@id":"https:\/\/spinbetter.space\/tr\/#website","url":"https:\/\/spinbetter.space\/tr\/","name":"spinbetter team tr","description":"My WordPress Blog","potentialAction":[{"@type":"SearchAction","target":{"@type":"EntryPoint","urlTemplate":"https:\/\/spinbetter.space\/tr\/?s={search_term_string}"},"query-input":{"@type":"PropertyValueSpecification","valueRequired":true,"valueName":"search_term_string"}}],"inLanguage":"tr"}]}},"_links":{"self":[{"href":"https:\/\/spinbetter.space\/tr\/wp-json\/wp\/v2\/pages\/363","targetHints":{"allow":["GET"]}}],"collection":[{"href":"https:\/\/spinbetter.space\/tr\/wp-json\/wp\/v2\/pages"}],"about":[{"href":"https:\/\/spinbetter.space\/tr\/wp-json\/wp\/v2\/types\/page"}],"author":[{"embeddable":true,"href":"https:\/\/spinbetter.space\/tr\/wp-json\/wp\/v2\/users\/1"}],"replies":[{"embeddable":true,"href":"https:\/\/spinbetter.space\/tr\/wp-json\/wp\/v2\/comments?post=363"}],"version-history":[{"count":12,"href":"https:\/\/spinbetter.space\/tr\/wp-json\/wp\/v2\/pages\/363\/revisions"}],"predecessor-version":[{"id":549,"href":"https:\/\/spinbetter.space\/tr\/wp-json\/wp\/v2\/pages\/363\/revisions\/549"}],"wp:attachment":[{"href":"https:\/\/spinbetter.space\/tr\/wp-json\/wp\/v2\/media?parent=363"}],"curies":[{"name":"wp","href":"https:\/\/api.w.org\/{rel}","templated":true}]}}