{"id":353,"date":"2024-09-26T07:44:31","date_gmt":"2024-09-26T07:44:31","guid":{"rendered":"https:\/\/spinbetter.team\/tr\/?page_id=353"},"modified":"2025-06-19T09:51:01","modified_gmt":"2025-06-19T09:51:01","slug":"feedback","status":"publish","type":"page","link":"https:\/\/spinbetter.space\/tr\/feedback\/","title":{"rendered":"Geri bildirim"},"content":{"rendered":"","protected":false},"excerpt":{"rendered":"","protected":false},"author":1,"featured_media":0,"parent":0,"menu_order":0,"comment_status":"closed","ping_status":"closed","template":"","meta":{"footnotes":""},"class_list":["post-353","page","type-page","status-publish","hentry"],"yoast_head":"<!-- This site is optimized with the Yoast SEO plugin v23.5 - https:\/\/yoast.com\/wordpress\/plugins\/seo\/ -->\n<title>SpinBetter T\u00fcrkiye oyuncu yorumlar\u0131<\/title>\n<meta name=\"description\" content=\"SpinBetter T\u00fcrkiye Feedback&#039;te oyuncular\u0131n neler s\u00f6yledi\u011fini ke\u015ffedin. Rakiplerinizle kar\u015f\u0131la\u015ft\u0131r\u0131n, ipu\u00e7lar\u0131 al\u0131n ve s\u0131k sorulan sorular\u0131n yan\u0131tlar\u0131n\u0131 bulun. SpinBetter hakk\u0131nda bilmeniz gereken her \u015fey!\" \/>\n<meta name=\"robots\" content=\"index, follow, max-snippet:-1, max-image-preview:large, max-video-preview:-1\" \/>\n<meta property=\"og:locale\" content=\"tr_TR\" \/>\n<meta property=\"og:type\" content=\"article\" \/>\n<meta property=\"og:title\" content=\"SpinBetter T\u00fcrkiye oyuncu yorumlar\u0131\" \/>\n<meta property=\"og:description\" content=\"SpinBetter T\u00fcrkiye Feedback&#039;te oyuncular\u0131n neler s\u00f6yledi\u011fini ke\u015ffedin. Rakiplerinizle kar\u015f\u0131la\u015ft\u0131r\u0131n, ipu\u00e7lar\u0131 al\u0131n ve s\u0131k sorulan sorular\u0131n yan\u0131tlar\u0131n\u0131 bulun. SpinBetter hakk\u0131nda bilmeniz gereken her \u015fey!\" \/>\n<meta property=\"og:url\" content=\"https:\/\/spinbetter.space\/tr\/feedback\/\" \/>\n<meta property=\"og:site_name\" content=\"spinbetter team tr\" \/>\n<meta property=\"article:modified_time\" content=\"2025-06-19T09:51:01+00:00\" \/>\n<meta name=\"twitter:card\" content=\"summary_large_image\" \/>\n<script type=\"application\/ld+json\" class=\"yoast-schema-graph\">{\"@context\":\"https:\/\/schema.org\",\"@graph\":[{\"@type\":\"WebPage\",\"@id\":\"https:\/\/spinbetter.space\/tr\/feedback\/\",\"url\":\"https:\/\/spinbetter.space\/tr\/feedback\/\",\"name\":\"SpinBetter T\u00fcrkiye oyuncu yorumlar\u0131\",\"isPartOf\":{\"@id\":\"https:\/\/spinbetter.space\/tr\/#website\"},\"datePublished\":\"2024-09-26T07:44:31+00:00\",\"dateModified\":\"2025-06-19T09:51:01+00:00\",\"description\":\"SpinBetter T\u00fcrkiye Feedback'te oyuncular\u0131n neler s\u00f6yledi\u011fini ke\u015ffedin. Rakiplerinizle kar\u015f\u0131la\u015ft\u0131r\u0131n, ipu\u00e7lar\u0131 al\u0131n ve s\u0131k sorulan sorular\u0131n yan\u0131tlar\u0131n\u0131 bulun. SpinBetter hakk\u0131nda bilmeniz gereken her \u015fey!\",\"breadcrumb\":{\"@id\":\"https:\/\/spinbetter.space\/tr\/feedback\/#breadcrumb\"},\"inLanguage\":\"tr\",\"potentialAction\":[{\"@type\":\"ReadAction\",\"target\":[\"https:\/\/spinbetter.space\/tr\/feedback\/\"]}]},{\"@type\":\"BreadcrumbList\",\"@id\":\"https:\/\/spinbetter.space\/tr\/feedback\/#breadcrumb\",\"itemListElement\":[{\"@type\":\"ListItem\",\"position\":1,\"name\":\"\u0413\u043b\u0430\u0432\u043d\u0430\u044f \u0441\u0442\u0440\u0430\u043d\u0438\u0446\u0430\",\"item\":\"https:\/\/spinbetter.space\/tr\/\"},{\"@type\":\"ListItem\",\"position\":2,\"name\":\"Geri bildirim\"}]},{\"@type\":\"WebSite\",\"@id\":\"https:\/\/spinbetter.space\/tr\/#website\",\"url\":\"https:\/\/spinbetter.space\/tr\/\",\"name\":\"spinbetter team tr\",\"description\":\"My WordPress Blog\",\"potentialAction\":[{\"@type\":\"SearchAction\",\"target\":{\"@type\":\"EntryPoint\",\"urlTemplate\":\"https:\/\/spinbetter.space\/tr\/?s={search_term_string}\"},\"query-input\":{\"@type\":\"PropertyValueSpecification\",\"valueRequired\":true,\"valueName\":\"search_term_string\"}}],\"inLanguage\":\"tr\"}]}<\/script>\n<!-- \/ Yoast SEO plugin. -->","yoast_head_json":{"title":"SpinBetter T\u00fcrkiye oyuncu yorumlar\u0131","description":"SpinBetter T\u00fcrkiye Feedback'te oyuncular\u0131n neler s\u00f6yledi\u011fini ke\u015ffedin. Rakiplerinizle kar\u015f\u0131la\u015ft\u0131r\u0131n, ipu\u00e7lar\u0131 al\u0131n ve s\u0131k sorulan sorular\u0131n yan\u0131tlar\u0131n\u0131 bulun. SpinBetter hakk\u0131nda bilmeniz gereken her \u015fey!","robots":{"index":"index","follow":"follow","max-snippet":"max-snippet:-1","max-image-preview":"max-image-preview:large","max-video-preview":"max-video-preview:-1"},"og_locale":"tr_TR","og_type":"article","og_title":"SpinBetter T\u00fcrkiye oyuncu yorumlar\u0131","og_description":"SpinBetter T\u00fcrkiye Feedback'te oyuncular\u0131n neler s\u00f6yledi\u011fini ke\u015ffedin. Rakiplerinizle kar\u015f\u0131la\u015ft\u0131r\u0131n, ipu\u00e7lar\u0131 al\u0131n ve s\u0131k sorulan sorular\u0131n yan\u0131tlar\u0131n\u0131 bulun. SpinBetter hakk\u0131nda bilmeniz gereken her \u015fey!","og_url":"https:\/\/spinbetter.space\/tr\/feedback\/","og_site_name":"spinbetter team tr","article_modified_time":"2025-06-19T09:51:01+00:00","twitter_card":"summary_large_image","schema":{"@context":"https:\/\/schema.org","@graph":[{"@type":"WebPage","@id":"https:\/\/spinbetter.space\/tr\/feedback\/","url":"https:\/\/spinbetter.space\/tr\/feedback\/","name":"SpinBetter T\u00fcrkiye oyuncu yorumlar\u0131","isPartOf":{"@id":"https:\/\/spinbetter.space\/tr\/#website"},"datePublished":"2024-09-26T07:44:31+00:00","dateModified":"2025-06-19T09:51:01+00:00","description":"SpinBetter T\u00fcrkiye Feedback'te oyuncular\u0131n neler s\u00f6yledi\u011fini ke\u015ffedin. Rakiplerinizle kar\u015f\u0131la\u015ft\u0131r\u0131n, ipu\u00e7lar\u0131 al\u0131n ve s\u0131k sorulan sorular\u0131n yan\u0131tlar\u0131n\u0131 bulun. SpinBetter hakk\u0131nda bilmeniz gereken her \u015fey!","breadcrumb":{"@id":"https:\/\/spinbetter.space\/tr\/feedback\/#breadcrumb"},"inLanguage":"tr","potentialAction":[{"@type":"ReadAction","target":["https:\/\/spinbetter.space\/tr\/feedback\/"]}]},{"@type":"BreadcrumbList","@id":"https:\/\/spinbetter.space\/tr\/feedback\/#breadcrumb","itemListElement":[{"@type":"ListItem","position":1,"name":"\u0413\u043b\u0430\u0432\u043d\u0430\u044f \u0441\u0442\u0440\u0430\u043d\u0438\u0446\u0430","item":"https:\/\/spinbetter.space\/tr\/"},{"@type":"ListItem","position":2,"name":"Geri bildirim"}]},{"@type":"WebSite","@id":"https:\/\/spinbetter.space\/tr\/#website","url":"https:\/\/spinbetter.space\/tr\/","name":"spinbetter team tr","description":"My WordPress Blog","potentialAction":[{"@type":"SearchAction","target":{"@type":"EntryPoint","urlTemplate":"https:\/\/spinbetter.space\/tr\/?s={search_term_string}"},"query-input":{"@type":"PropertyValueSpecification","valueRequired":true,"valueName":"search_term_string"}}],"inLanguage":"tr"}]}},"_links":{"self":[{"href":"https:\/\/spinbetter.space\/tr\/wp-json\/wp\/v2\/pages\/353","targetHints":{"allow":["GET"]}}],"collection":[{"href":"https:\/\/spinbetter.space\/tr\/wp-json\/wp\/v2\/pages"}],"about":[{"href":"https:\/\/spinbetter.space\/tr\/wp-json\/wp\/v2\/types\/page"}],"author":[{"embeddable":true,"href":"https:\/\/spinbetter.space\/tr\/wp-json\/wp\/v2\/users\/1"}],"replies":[{"embeddable":true,"href":"https:\/\/spinbetter.space\/tr\/wp-json\/wp\/v2\/comments?post=353"}],"version-history":[{"count":13,"href":"https:\/\/spinbetter.space\/tr\/wp-json\/wp\/v2\/pages\/353\/revisions"}],"predecessor-version":[{"id":548,"href":"https:\/\/spinbetter.space\/tr\/wp-json\/wp\/v2\/pages\/353\/revisions\/548"}],"wp:attachment":[{"href":"https:\/\/spinbetter.space\/tr\/wp-json\/wp\/v2\/media?parent=353"}],"curies":[{"name":"wp","href":"https:\/\/api.w.org\/{rel}","templated":true}]}}