{"id":334,"date":"2024-09-25T14:32:23","date_gmt":"2024-09-25T14:32:23","guid":{"rendered":"https:\/\/spinbetter.team\/tr\/?page_id=334"},"modified":"2025-01-14T23:33:48","modified_gmt":"2025-01-14T23:33:48","slug":"download","status":"publish","type":"page","link":"https:\/\/spinbetter.space\/tr\/download\/","title":{"rendered":"\u0130ndir"},"content":{"rendered":"","protected":false},"excerpt":{"rendered":"","protected":false},"author":1,"featured_media":0,"parent":0,"menu_order":0,"comment_status":"closed","ping_status":"closed","template":"","meta":{"footnotes":""},"class_list":["post-334","page","type-page","status-publish","hentry"],"yoast_head":"<!-- This site is optimized with the Yoast SEO plugin v23.5 - https:\/\/yoast.com\/wordpress\/plugins\/seo\/ -->\n<title>SpinBetter T\u00fcrkiye Nas\u0131l \u0130ndirilir? K\u0131lavuz ve \u0130pu\u00e7lar\u0131<\/title>\n<meta name=\"description\" content=\"SpinBetter T\u00fcrkiye uygulamas\u0131n\u0131n detayl\u0131 bir incelemesi. SpinBetter&#039;\u0131 nas\u0131l indirece\u011finizi ve ondan en iyi \u015fekilde nas\u0131l yararlanaca\u011f\u0131n\u0131z\u0131 \u00f6\u011frenin: oyunlar, bahisler ve \u00f6zel bonuslar!\" \/>\n<meta name=\"robots\" content=\"index, follow, max-snippet:-1, max-image-preview:large, max-video-preview:-1\" \/>\n<meta property=\"og:locale\" content=\"tr_TR\" \/>\n<meta property=\"og:type\" content=\"article\" \/>\n<meta property=\"og:title\" content=\"SpinBetter T\u00fcrkiye Nas\u0131l \u0130ndirilir? K\u0131lavuz ve \u0130pu\u00e7lar\u0131\" \/>\n<meta property=\"og:description\" content=\"SpinBetter T\u00fcrkiye uygulamas\u0131n\u0131n detayl\u0131 bir incelemesi. SpinBetter&#039;\u0131 nas\u0131l indirece\u011finizi ve ondan en iyi \u015fekilde nas\u0131l yararlanaca\u011f\u0131n\u0131z\u0131 \u00f6\u011frenin: oyunlar, bahisler ve \u00f6zel bonuslar!\" \/>\n<meta property=\"og:url\" content=\"https:\/\/spinbetter.space\/tr\/download\/\" \/>\n<meta property=\"og:site_name\" content=\"spinbetter team tr\" \/>\n<meta property=\"article:modified_time\" content=\"2025-01-14T23:33:48+00:00\" \/>\n<meta name=\"twitter:card\" content=\"summary_large_image\" \/>\n<script type=\"application\/ld+json\" class=\"yoast-schema-graph\">{\"@context\":\"https:\/\/schema.org\",\"@graph\":[{\"@type\":\"WebPage\",\"@id\":\"https:\/\/spinbetter.space\/tr\/download\/\",\"url\":\"https:\/\/spinbetter.space\/tr\/download\/\",\"name\":\"SpinBetter T\u00fcrkiye Nas\u0131l \u0130ndirilir? K\u0131lavuz ve \u0130pu\u00e7lar\u0131\",\"isPartOf\":{\"@id\":\"https:\/\/spinbetter.space\/tr\/#website\"},\"datePublished\":\"2024-09-25T14:32:23+00:00\",\"dateModified\":\"2025-01-14T23:33:48+00:00\",\"description\":\"SpinBetter T\u00fcrkiye uygulamas\u0131n\u0131n detayl\u0131 bir incelemesi. SpinBetter'\u0131 nas\u0131l indirece\u011finizi ve ondan en iyi \u015fekilde nas\u0131l yararlanaca\u011f\u0131n\u0131z\u0131 \u00f6\u011frenin: oyunlar, bahisler ve \u00f6zel bonuslar!\",\"breadcrumb\":{\"@id\":\"https:\/\/spinbetter.space\/tr\/download\/#breadcrumb\"},\"inLanguage\":\"tr\",\"potentialAction\":[{\"@type\":\"ReadAction\",\"target\":[\"https:\/\/spinbetter.space\/tr\/download\/\"]}]},{\"@type\":\"BreadcrumbList\",\"@id\":\"https:\/\/spinbetter.space\/tr\/download\/#breadcrumb\",\"itemListElement\":[{\"@type\":\"ListItem\",\"position\":1,\"name\":\"\u0413\u043b\u0430\u0432\u043d\u0430\u044f \u0441\u0442\u0440\u0430\u043d\u0438\u0446\u0430\",\"item\":\"https:\/\/spinbetter.space\/tr\/\"},{\"@type\":\"ListItem\",\"position\":2,\"name\":\"\u0130ndir\"}]},{\"@type\":\"WebSite\",\"@id\":\"https:\/\/spinbetter.space\/tr\/#website\",\"url\":\"https:\/\/spinbetter.space\/tr\/\",\"name\":\"spinbetter team tr\",\"description\":\"My WordPress Blog\",\"potentialAction\":[{\"@type\":\"SearchAction\",\"target\":{\"@type\":\"EntryPoint\",\"urlTemplate\":\"https:\/\/spinbetter.space\/tr\/?s={search_term_string}\"},\"query-input\":{\"@type\":\"PropertyValueSpecification\",\"valueRequired\":true,\"valueName\":\"search_term_string\"}}],\"inLanguage\":\"tr\"}]}<\/script>\n<!-- \/ Yoast SEO plugin. -->","yoast_head_json":{"title":"SpinBetter T\u00fcrkiye Nas\u0131l \u0130ndirilir? K\u0131lavuz ve \u0130pu\u00e7lar\u0131","description":"SpinBetter T\u00fcrkiye uygulamas\u0131n\u0131n detayl\u0131 bir incelemesi. SpinBetter'\u0131 nas\u0131l indirece\u011finizi ve ondan en iyi \u015fekilde nas\u0131l yararlanaca\u011f\u0131n\u0131z\u0131 \u00f6\u011frenin: oyunlar, bahisler ve \u00f6zel bonuslar!","robots":{"index":"index","follow":"follow","max-snippet":"max-snippet:-1","max-image-preview":"max-image-preview:large","max-video-preview":"max-video-preview:-1"},"og_locale":"tr_TR","og_type":"article","og_title":"SpinBetter T\u00fcrkiye Nas\u0131l \u0130ndirilir? K\u0131lavuz ve \u0130pu\u00e7lar\u0131","og_description":"SpinBetter T\u00fcrkiye uygulamas\u0131n\u0131n detayl\u0131 bir incelemesi. SpinBetter'\u0131 nas\u0131l indirece\u011finizi ve ondan en iyi \u015fekilde nas\u0131l yararlanaca\u011f\u0131n\u0131z\u0131 \u00f6\u011frenin: oyunlar, bahisler ve \u00f6zel bonuslar!","og_url":"https:\/\/spinbetter.space\/tr\/download\/","og_site_name":"spinbetter team tr","article_modified_time":"2025-01-14T23:33:48+00:00","twitter_card":"summary_large_image","schema":{"@context":"https:\/\/schema.org","@graph":[{"@type":"WebPage","@id":"https:\/\/spinbetter.space\/tr\/download\/","url":"https:\/\/spinbetter.space\/tr\/download\/","name":"SpinBetter T\u00fcrkiye Nas\u0131l \u0130ndirilir? K\u0131lavuz ve \u0130pu\u00e7lar\u0131","isPartOf":{"@id":"https:\/\/spinbetter.space\/tr\/#website"},"datePublished":"2024-09-25T14:32:23+00:00","dateModified":"2025-01-14T23:33:48+00:00","description":"SpinBetter T\u00fcrkiye uygulamas\u0131n\u0131n detayl\u0131 bir incelemesi. SpinBetter'\u0131 nas\u0131l indirece\u011finizi ve ondan en iyi \u015fekilde nas\u0131l yararlanaca\u011f\u0131n\u0131z\u0131 \u00f6\u011frenin: oyunlar, bahisler ve \u00f6zel bonuslar!","breadcrumb":{"@id":"https:\/\/spinbetter.space\/tr\/download\/#breadcrumb"},"inLanguage":"tr","potentialAction":[{"@type":"ReadAction","target":["https:\/\/spinbetter.space\/tr\/download\/"]}]},{"@type":"BreadcrumbList","@id":"https:\/\/spinbetter.space\/tr\/download\/#breadcrumb","itemListElement":[{"@type":"ListItem","position":1,"name":"\u0413\u043b\u0430\u0432\u043d\u0430\u044f \u0441\u0442\u0440\u0430\u043d\u0438\u0446\u0430","item":"https:\/\/spinbetter.space\/tr\/"},{"@type":"ListItem","position":2,"name":"\u0130ndir"}]},{"@type":"WebSite","@id":"https:\/\/spinbetter.space\/tr\/#website","url":"https:\/\/spinbetter.space\/tr\/","name":"spinbetter team tr","description":"My WordPress Blog","potentialAction":[{"@type":"SearchAction","target":{"@type":"EntryPoint","urlTemplate":"https:\/\/spinbetter.space\/tr\/?s={search_term_string}"},"query-input":{"@type":"PropertyValueSpecification","valueRequired":true,"valueName":"search_term_string"}}],"inLanguage":"tr"}]}},"_links":{"self":[{"href":"https:\/\/spinbetter.space\/tr\/wp-json\/wp\/v2\/pages\/334","targetHints":{"allow":["GET"]}}],"collection":[{"href":"https:\/\/spinbetter.space\/tr\/wp-json\/wp\/v2\/pages"}],"about":[{"href":"https:\/\/spinbetter.space\/tr\/wp-json\/wp\/v2\/types\/page"}],"author":[{"embeddable":true,"href":"https:\/\/spinbetter.space\/tr\/wp-json\/wp\/v2\/users\/1"}],"replies":[{"embeddable":true,"href":"https:\/\/spinbetter.space\/tr\/wp-json\/wp\/v2\/comments?post=334"}],"version-history":[{"count":22,"href":"https:\/\/spinbetter.space\/tr\/wp-json\/wp\/v2\/pages\/334\/revisions"}],"predecessor-version":[{"id":539,"href":"https:\/\/spinbetter.space\/tr\/wp-json\/wp\/v2\/pages\/334\/revisions\/539"}],"wp:attachment":[{"href":"https:\/\/spinbetter.space\/tr\/wp-json\/wp\/v2\/media?parent=334"}],"curies":[{"name":"wp","href":"https:\/\/api.w.org\/{rel}","templated":true}]}}