{"id":214,"date":"2024-09-19T08:40:42","date_gmt":"2024-09-19T08:40:42","guid":{"rendered":"https:\/\/spinbetter.team\/tr\/?page_id=214"},"modified":"2025-06-19T09:50:22","modified_gmt":"2025-06-19T09:50:22","slug":"login","status":"publish","type":"page","link":"https:\/\/spinbetter.space\/tr\/login\/","title":{"rendered":"Giri\u015f"},"content":{"rendered":"","protected":false},"excerpt":{"rendered":"","protected":false},"author":1,"featured_media":0,"parent":0,"menu_order":0,"comment_status":"closed","ping_status":"closed","template":"","meta":{"footnotes":""},"class_list":["post-214","page","type-page","status-publish","hentry"],"yoast_head":"<!-- This site is optimized with the Yoast SEO plugin v23.5 - https:\/\/yoast.com\/wordpress\/plugins\/seo\/ -->\n<title>SpinBetter T\u00fcrkiye Giri\u015f &gt; Giri\u015f Y\u00f6ntemlerine Genel Bak\u0131\u015f<\/title>\n<meta name=\"description\" content=\"SpinBetter T\u00fcrkiye giri\u015f s\u00fcrecine genel bak\u0131\u015f\u0131n tamam\u0131n\u0131 okuyun: t\u00fcm SpinBetter giri\u015f y\u00f6ntemleri, ipu\u00e7lar\u0131 ve hesap kurtarma!\" \/>\n<meta name=\"robots\" content=\"index, follow, max-snippet:-1, max-image-preview:large, max-video-preview:-1\" \/>\n<meta property=\"og:locale\" content=\"tr_TR\" \/>\n<meta property=\"og:type\" content=\"article\" \/>\n<meta property=\"og:title\" content=\"SpinBetter T\u00fcrkiye Giri\u015f &gt; Giri\u015f Y\u00f6ntemlerine Genel Bak\u0131\u015f\" \/>\n<meta property=\"og:description\" content=\"SpinBetter T\u00fcrkiye giri\u015f s\u00fcrecine genel bak\u0131\u015f\u0131n tamam\u0131n\u0131 okuyun: t\u00fcm SpinBetter giri\u015f y\u00f6ntemleri, ipu\u00e7lar\u0131 ve hesap kurtarma!\" \/>\n<meta property=\"og:url\" content=\"https:\/\/spinbetter.space\/tr\/login\/\" \/>\n<meta property=\"og:site_name\" content=\"spinbetter team tr\" \/>\n<meta property=\"article:modified_time\" content=\"2025-06-19T09:50:22+00:00\" \/>\n<meta name=\"twitter:card\" content=\"summary_large_image\" \/>\n<script type=\"application\/ld+json\" class=\"yoast-schema-graph\">{\"@context\":\"https:\/\/schema.org\",\"@graph\":[{\"@type\":\"WebPage\",\"@id\":\"https:\/\/spinbetter.space\/tr\/login\/\",\"url\":\"https:\/\/spinbetter.space\/tr\/login\/\",\"name\":\"SpinBetter T\u00fcrkiye Giri\u015f > Giri\u015f Y\u00f6ntemlerine Genel Bak\u0131\u015f\",\"isPartOf\":{\"@id\":\"https:\/\/spinbetter.space\/tr\/#website\"},\"datePublished\":\"2024-09-19T08:40:42+00:00\",\"dateModified\":\"2025-06-19T09:50:22+00:00\",\"description\":\"SpinBetter T\u00fcrkiye giri\u015f s\u00fcrecine genel bak\u0131\u015f\u0131n tamam\u0131n\u0131 okuyun: t\u00fcm SpinBetter giri\u015f y\u00f6ntemleri, ipu\u00e7lar\u0131 ve hesap kurtarma!\",\"breadcrumb\":{\"@id\":\"https:\/\/spinbetter.space\/tr\/login\/#breadcrumb\"},\"inLanguage\":\"tr\",\"potentialAction\":[{\"@type\":\"ReadAction\",\"target\":[\"https:\/\/spinbetter.space\/tr\/login\/\"]}]},{\"@type\":\"BreadcrumbList\",\"@id\":\"https:\/\/spinbetter.space\/tr\/login\/#breadcrumb\",\"itemListElement\":[{\"@type\":\"ListItem\",\"position\":1,\"name\":\"\u0413\u043b\u0430\u0432\u043d\u0430\u044f \u0441\u0442\u0440\u0430\u043d\u0438\u0446\u0430\",\"item\":\"https:\/\/spinbetter.space\/tr\/\"},{\"@type\":\"ListItem\",\"position\":2,\"name\":\"Giri\u015f\"}]},{\"@type\":\"WebSite\",\"@id\":\"https:\/\/spinbetter.space\/tr\/#website\",\"url\":\"https:\/\/spinbetter.space\/tr\/\",\"name\":\"spinbetter team tr\",\"description\":\"My WordPress Blog\",\"potentialAction\":[{\"@type\":\"SearchAction\",\"target\":{\"@type\":\"EntryPoint\",\"urlTemplate\":\"https:\/\/spinbetter.space\/tr\/?s={search_term_string}\"},\"query-input\":{\"@type\":\"PropertyValueSpecification\",\"valueRequired\":true,\"valueName\":\"search_term_string\"}}],\"inLanguage\":\"tr\"}]}<\/script>\n<!-- \/ Yoast SEO plugin. -->","yoast_head_json":{"title":"SpinBetter T\u00fcrkiye Giri\u015f > Giri\u015f Y\u00f6ntemlerine Genel Bak\u0131\u015f","description":"SpinBetter T\u00fcrkiye giri\u015f s\u00fcrecine genel bak\u0131\u015f\u0131n tamam\u0131n\u0131 okuyun: t\u00fcm SpinBetter giri\u015f y\u00f6ntemleri, ipu\u00e7lar\u0131 ve hesap kurtarma!","robots":{"index":"index","follow":"follow","max-snippet":"max-snippet:-1","max-image-preview":"max-image-preview:large","max-video-preview":"max-video-preview:-1"},"og_locale":"tr_TR","og_type":"article","og_title":"SpinBetter T\u00fcrkiye Giri\u015f > Giri\u015f Y\u00f6ntemlerine Genel Bak\u0131\u015f","og_description":"SpinBetter T\u00fcrkiye giri\u015f s\u00fcrecine genel bak\u0131\u015f\u0131n tamam\u0131n\u0131 okuyun: t\u00fcm SpinBetter giri\u015f y\u00f6ntemleri, ipu\u00e7lar\u0131 ve hesap kurtarma!","og_url":"https:\/\/spinbetter.space\/tr\/login\/","og_site_name":"spinbetter team tr","article_modified_time":"2025-06-19T09:50:22+00:00","twitter_card":"summary_large_image","schema":{"@context":"https:\/\/schema.org","@graph":[{"@type":"WebPage","@id":"https:\/\/spinbetter.space\/tr\/login\/","url":"https:\/\/spinbetter.space\/tr\/login\/","name":"SpinBetter T\u00fcrkiye Giri\u015f > Giri\u015f Y\u00f6ntemlerine Genel Bak\u0131\u015f","isPartOf":{"@id":"https:\/\/spinbetter.space\/tr\/#website"},"datePublished":"2024-09-19T08:40:42+00:00","dateModified":"2025-06-19T09:50:22+00:00","description":"SpinBetter T\u00fcrkiye giri\u015f s\u00fcrecine genel bak\u0131\u015f\u0131n tamam\u0131n\u0131 okuyun: t\u00fcm SpinBetter giri\u015f y\u00f6ntemleri, ipu\u00e7lar\u0131 ve hesap kurtarma!","breadcrumb":{"@id":"https:\/\/spinbetter.space\/tr\/login\/#breadcrumb"},"inLanguage":"tr","potentialAction":[{"@type":"ReadAction","target":["https:\/\/spinbetter.space\/tr\/login\/"]}]},{"@type":"BreadcrumbList","@id":"https:\/\/spinbetter.space\/tr\/login\/#breadcrumb","itemListElement":[{"@type":"ListItem","position":1,"name":"\u0413\u043b\u0430\u0432\u043d\u0430\u044f \u0441\u0442\u0440\u0430\u043d\u0438\u0446\u0430","item":"https:\/\/spinbetter.space\/tr\/"},{"@type":"ListItem","position":2,"name":"Giri\u015f"}]},{"@type":"WebSite","@id":"https:\/\/spinbetter.space\/tr\/#website","url":"https:\/\/spinbetter.space\/tr\/","name":"spinbetter team tr","description":"My WordPress Blog","potentialAction":[{"@type":"SearchAction","target":{"@type":"EntryPoint","urlTemplate":"https:\/\/spinbetter.space\/tr\/?s={search_term_string}"},"query-input":{"@type":"PropertyValueSpecification","valueRequired":true,"valueName":"search_term_string"}}],"inLanguage":"tr"}]}},"_links":{"self":[{"href":"https:\/\/spinbetter.space\/tr\/wp-json\/wp\/v2\/pages\/214","targetHints":{"allow":["GET"]}}],"collection":[{"href":"https:\/\/spinbetter.space\/tr\/wp-json\/wp\/v2\/pages"}],"about":[{"href":"https:\/\/spinbetter.space\/tr\/wp-json\/wp\/v2\/types\/page"}],"author":[{"embeddable":true,"href":"https:\/\/spinbetter.space\/tr\/wp-json\/wp\/v2\/users\/1"}],"replies":[{"embeddable":true,"href":"https:\/\/spinbetter.space\/tr\/wp-json\/wp\/v2\/comments?post=214"}],"version-history":[{"count":15,"href":"https:\/\/spinbetter.space\/tr\/wp-json\/wp\/v2\/pages\/214\/revisions"}],"predecessor-version":[{"id":546,"href":"https:\/\/spinbetter.space\/tr\/wp-json\/wp\/v2\/pages\/214\/revisions\/546"}],"wp:attachment":[{"href":"https:\/\/spinbetter.space\/tr\/wp-json\/wp\/v2\/media?parent=214"}],"curies":[{"name":"wp","href":"https:\/\/api.w.org\/{rel}","templated":true}]}}