{"id":2,"date":"2023-05-18T17:18:34","date_gmt":"2023-05-18T17:18:34","guid":{"rendered":"https:\/\/spinbetter.team\/tr\/?page_id=2"},"modified":"2025-08-13T12:15:19","modified_gmt":"2025-08-13T12:15:19","slug":"home","status":"publish","type":"page","link":"https:\/\/spinbetter.space\/tr\/","title":{"rendered":"Ana Sayfa"},"content":{"rendered":"","protected":false},"excerpt":{"rendered":"","protected":false},"author":1,"featured_media":0,"parent":0,"menu_order":0,"comment_status":"closed","ping_status":"open","template":"","meta":{"footnotes":""},"class_list":["post-2","page","type-page","status-publish","hentry"],"yoast_head":"<!-- This site is optimized with the Yoast SEO plugin v23.5 - https:\/\/yoast.com\/wordpress\/plugins\/seo\/ -->\n<title>SpinBetter T\u00fcrkiye &gt; \u00c7evrimi\u00e7i Kumar ve Bahis<\/title>\n<meta name=\"description\" content=\"SpinBetter hakk\u0131ndaki tam incelememizi okuyun. SpinBetter&#039;\u0131n T\u00fcrkiye spor bahisleri, casino, bonuslar, destek ve uygun \u00f6deme y\u00f6ntemlerini nas\u0131l sundu\u011funu \u00f6\u011frenin\" \/>\n<meta name=\"robots\" content=\"index, follow, max-snippet:-1, max-image-preview:large, max-video-preview:-1\" \/>\n<meta property=\"og:locale\" content=\"tr_TR\" \/>\n<meta property=\"og:type\" content=\"article\" \/>\n<meta property=\"og:title\" content=\"SpinBetter T\u00fcrkiye &gt; \u00c7evrimi\u00e7i Kumar ve Bahis\" \/>\n<meta property=\"og:description\" content=\"SpinBetter hakk\u0131ndaki tam incelememizi okuyun. SpinBetter&#039;\u0131n T\u00fcrkiye spor bahisleri, casino, bonuslar, destek ve uygun \u00f6deme y\u00f6ntemlerini nas\u0131l sundu\u011funu \u00f6\u011frenin\" \/>\n<meta property=\"og:url\" content=\"https:\/\/spinbetter.space\/tr\/\" \/>\n<meta property=\"og:site_name\" content=\"spinbetter team tr\" \/>\n<meta property=\"article:modified_time\" content=\"2025-08-13T12:15:19+00:00\" \/>\n<meta name=\"twitter:card\" content=\"summary_large_image\" \/>\n<script type=\"application\/ld+json\" class=\"yoast-schema-graph\">{\"@context\":\"https:\/\/schema.org\",\"@graph\":[{\"@type\":\"WebPage\",\"@id\":\"https:\/\/spinbetter.space\/tr\/\",\"url\":\"https:\/\/spinbetter.space\/tr\/\",\"name\":\"SpinBetter T\u00fcrkiye > \u00c7evrimi\u00e7i Kumar ve Bahis\",\"isPartOf\":{\"@id\":\"https:\/\/spinbetter.space\/tr\/#website\"},\"datePublished\":\"2023-05-18T17:18:34+00:00\",\"dateModified\":\"2025-08-13T12:15:19+00:00\",\"description\":\"SpinBetter hakk\u0131ndaki tam incelememizi okuyun. SpinBetter'\u0131n T\u00fcrkiye spor bahisleri, casino, bonuslar, destek ve uygun \u00f6deme y\u00f6ntemlerini nas\u0131l sundu\u011funu \u00f6\u011frenin\",\"breadcrumb\":{\"@id\":\"https:\/\/spinbetter.space\/tr\/#breadcrumb\"},\"inLanguage\":\"tr\",\"potentialAction\":[{\"@type\":\"ReadAction\",\"target\":[\"https:\/\/spinbetter.space\/tr\/\"]}]},{\"@type\":\"BreadcrumbList\",\"@id\":\"https:\/\/spinbetter.space\/tr\/#breadcrumb\",\"itemListElement\":[{\"@type\":\"ListItem\",\"position\":1,\"name\":\"\u0413\u043b\u0430\u0432\u043d\u0430\u044f \u0441\u0442\u0440\u0430\u043d\u0438\u0446\u0430\",\"item\":\"https:\/\/spinbetter.space\/tr\/\"},{\"@type\":\"ListItem\",\"position\":2,\"name\":\"Ana Sayfa\"}]},{\"@type\":\"WebSite\",\"@id\":\"https:\/\/spinbetter.space\/tr\/#website\",\"url\":\"https:\/\/spinbetter.space\/tr\/\",\"name\":\"spinbetter team tr\",\"description\":\"My WordPress Blog\",\"potentialAction\":[{\"@type\":\"SearchAction\",\"target\":{\"@type\":\"EntryPoint\",\"urlTemplate\":\"https:\/\/spinbetter.space\/tr\/?s={search_term_string}\"},\"query-input\":{\"@type\":\"PropertyValueSpecification\",\"valueRequired\":true,\"valueName\":\"search_term_string\"}}],\"inLanguage\":\"tr\"}]}<\/script>\n<!-- \/ Yoast SEO plugin. -->","yoast_head_json":{"title":"SpinBetter T\u00fcrkiye > \u00c7evrimi\u00e7i Kumar ve Bahis","description":"SpinBetter hakk\u0131ndaki tam incelememizi okuyun. SpinBetter'\u0131n T\u00fcrkiye spor bahisleri, casino, bonuslar, destek ve uygun \u00f6deme y\u00f6ntemlerini nas\u0131l sundu\u011funu \u00f6\u011frenin","robots":{"index":"index","follow":"follow","max-snippet":"max-snippet:-1","max-image-preview":"max-image-preview:large","max-video-preview":"max-video-preview:-1"},"og_locale":"tr_TR","og_type":"article","og_title":"SpinBetter T\u00fcrkiye > \u00c7evrimi\u00e7i Kumar ve Bahis","og_description":"SpinBetter hakk\u0131ndaki tam incelememizi okuyun. SpinBetter'\u0131n T\u00fcrkiye spor bahisleri, casino, bonuslar, destek ve uygun \u00f6deme y\u00f6ntemlerini nas\u0131l sundu\u011funu \u00f6\u011frenin","og_url":"https:\/\/spinbetter.space\/tr\/","og_site_name":"spinbetter team tr","article_modified_time":"2025-08-13T12:15:19+00:00","twitter_card":"summary_large_image","schema":{"@context":"https:\/\/schema.org","@graph":[{"@type":"WebPage","@id":"https:\/\/spinbetter.space\/tr\/","url":"https:\/\/spinbetter.space\/tr\/","name":"SpinBetter T\u00fcrkiye > \u00c7evrimi\u00e7i Kumar ve Bahis","isPartOf":{"@id":"https:\/\/spinbetter.space\/tr\/#website"},"datePublished":"2023-05-18T17:18:34+00:00","dateModified":"2025-08-13T12:15:19+00:00","description":"SpinBetter hakk\u0131ndaki tam incelememizi okuyun. SpinBetter'\u0131n T\u00fcrkiye spor bahisleri, casino, bonuslar, destek ve uygun \u00f6deme y\u00f6ntemlerini nas\u0131l sundu\u011funu \u00f6\u011frenin","breadcrumb":{"@id":"https:\/\/spinbetter.space\/tr\/#breadcrumb"},"inLanguage":"tr","potentialAction":[{"@type":"ReadAction","target":["https:\/\/spinbetter.space\/tr\/"]}]},{"@type":"BreadcrumbList","@id":"https:\/\/spinbetter.space\/tr\/#breadcrumb","itemListElement":[{"@type":"ListItem","position":1,"name":"\u0413\u043b\u0430\u0432\u043d\u0430\u044f \u0441\u0442\u0440\u0430\u043d\u0438\u0446\u0430","item":"https:\/\/spinbetter.space\/tr\/"},{"@type":"ListItem","position":2,"name":"Ana Sayfa"}]},{"@type":"WebSite","@id":"https:\/\/spinbetter.space\/tr\/#website","url":"https:\/\/spinbetter.space\/tr\/","name":"spinbetter team tr","description":"My WordPress Blog","potentialAction":[{"@type":"SearchAction","target":{"@type":"EntryPoint","urlTemplate":"https:\/\/spinbetter.space\/tr\/?s={search_term_string}"},"query-input":{"@type":"PropertyValueSpecification","valueRequired":true,"valueName":"search_term_string"}}],"inLanguage":"tr"}]}},"_links":{"self":[{"href":"https:\/\/spinbetter.space\/tr\/wp-json\/wp\/v2\/pages\/2","targetHints":{"allow":["GET"]}}],"collection":[{"href":"https:\/\/spinbetter.space\/tr\/wp-json\/wp\/v2\/pages"}],"about":[{"href":"https:\/\/spinbetter.space\/tr\/wp-json\/wp\/v2\/types\/page"}],"author":[{"embeddable":true,"href":"https:\/\/spinbetter.space\/tr\/wp-json\/wp\/v2\/users\/1"}],"replies":[{"embeddable":true,"href":"https:\/\/spinbetter.space\/tr\/wp-json\/wp\/v2\/comments?post=2"}],"version-history":[{"count":106,"href":"https:\/\/spinbetter.space\/tr\/wp-json\/wp\/v2\/pages\/2\/revisions"}],"predecessor-version":[{"id":590,"href":"https:\/\/spinbetter.space\/tr\/wp-json\/wp\/v2\/pages\/2\/revisions\/590"}],"wp:attachment":[{"href":"https:\/\/spinbetter.space\/tr\/wp-json\/wp\/v2\/media?parent=2"}],"curies":[{"name":"wp","href":"https:\/\/api.w.org\/{rel}","templated":true}]}}