{"id":214,"date":"2024-09-19T08:40:42","date_gmt":"2024-09-19T08:40:42","guid":{"rendered":"https:\/\/spinbetter.space\/sl\/?page_id=214"},"modified":"2025-08-26T09:33:10","modified_gmt":"2025-08-26T09:33:10","slug":"login","status":"publish","type":"page","link":"https:\/\/spinbetter.space\/sl\/login\/","title":{"rendered":"Prijava"},"content":{"rendered":"","protected":false},"excerpt":{"rendered":"","protected":false},"author":1,"featured_media":0,"parent":0,"menu_order":0,"comment_status":"closed","ping_status":"closed","template":"","meta":{"footnotes":""},"class_list":["post-214","page","type-page","status-publish","hentry"],"yoast_head":"<!-- This site is optimized with the Yoast SEO plugin v23.5 - https:\/\/yoast.com\/wordpress\/plugins\/seo\/ -->\n<title>Prijava v SpinBetter &gt; Va\u0161 vodnik za enostaven dostop<\/title>\n<meta name=\"description\" content=\"Dostopajte do SpinBetterja enostavno in varno z razli\u010dnimi na\u010dini prijave. Pridobite preproste nasvete za za\u0161\u010dito svojega ra\u010duna.\" \/>\n<meta name=\"robots\" content=\"index, follow, max-snippet:-1, max-image-preview:large, max-video-preview:-1\" \/>\n<meta property=\"og:locale\" content=\"sl_SI\" \/>\n<meta property=\"og:type\" content=\"article\" \/>\n<meta property=\"og:title\" content=\"Prijava v SpinBetter &gt; Va\u0161 vodnik za enostaven dostop\" \/>\n<meta property=\"og:description\" content=\"Dostopajte do SpinBetterja enostavno in varno z razli\u010dnimi na\u010dini prijave. Pridobite preproste nasvete za za\u0161\u010dito svojega ra\u010duna.\" \/>\n<meta property=\"og:url\" content=\"https:\/\/spinbetter.space\/sl\/login\/\" \/>\n<meta property=\"og:site_name\" content=\"Spinbetter Space SL\" \/>\n<meta property=\"article:modified_time\" content=\"2025-08-26T09:33:10+00:00\" \/>\n<meta name=\"twitter:card\" content=\"summary_large_image\" \/>\n<script type=\"application\/ld+json\" class=\"yoast-schema-graph\">{\"@context\":\"https:\/\/schema.org\",\"@graph\":[{\"@type\":\"WebPage\",\"@id\":\"https:\/\/spinbetter.space\/sl\/login\/\",\"url\":\"https:\/\/spinbetter.space\/sl\/login\/\",\"name\":\"Prijava v SpinBetter > Va\u0161 vodnik za enostaven dostop\",\"isPartOf\":{\"@id\":\"https:\/\/spinbetter.space\/sl\/#website\"},\"datePublished\":\"2024-09-19T08:40:42+00:00\",\"dateModified\":\"2025-08-26T09:33:10+00:00\",\"description\":\"Dostopajte do SpinBetterja enostavno in varno z razli\u010dnimi na\u010dini prijave. Pridobite preproste nasvete za za\u0161\u010dito svojega ra\u010duna.\",\"breadcrumb\":{\"@id\":\"https:\/\/spinbetter.space\/sl\/login\/#breadcrumb\"},\"inLanguage\":\"sl-SI\",\"potentialAction\":[{\"@type\":\"ReadAction\",\"target\":[\"https:\/\/spinbetter.space\/sl\/login\/\"]}]},{\"@type\":\"BreadcrumbList\",\"@id\":\"https:\/\/spinbetter.space\/sl\/login\/#breadcrumb\",\"itemListElement\":[{\"@type\":\"ListItem\",\"position\":1,\"name\":\"\u0413\u043b\u0430\u0432\u043d\u0430\u044f \u0441\u0442\u0440\u0430\u043d\u0438\u0446\u0430\",\"item\":\"https:\/\/spinbetter.space\/sl\/\"},{\"@type\":\"ListItem\",\"position\":2,\"name\":\"Prijava\"}]},{\"@type\":\"WebSite\",\"@id\":\"https:\/\/spinbetter.space\/sl\/#website\",\"url\":\"https:\/\/spinbetter.space\/sl\/\",\"name\":\"Spinbetter Space SL\",\"description\":\"My WordPress Blog\",\"potentialAction\":[{\"@type\":\"SearchAction\",\"target\":{\"@type\":\"EntryPoint\",\"urlTemplate\":\"https:\/\/spinbetter.space\/sl\/?s={search_term_string}\"},\"query-input\":{\"@type\":\"PropertyValueSpecification\",\"valueRequired\":true,\"valueName\":\"search_term_string\"}}],\"inLanguage\":\"sl-SI\"}]}<\/script>\n<!-- \/ Yoast SEO plugin. -->","yoast_head_json":{"title":"Prijava v SpinBetter > Va\u0161 vodnik za enostaven dostop","description":"Dostopajte do SpinBetterja enostavno in varno z razli\u010dnimi na\u010dini prijave. Pridobite preproste nasvete za za\u0161\u010dito svojega ra\u010duna.","robots":{"index":"index","follow":"follow","max-snippet":"max-snippet:-1","max-image-preview":"max-image-preview:large","max-video-preview":"max-video-preview:-1"},"og_locale":"sl_SI","og_type":"article","og_title":"Prijava v SpinBetter > Va\u0161 vodnik za enostaven dostop","og_description":"Dostopajte do SpinBetterja enostavno in varno z razli\u010dnimi na\u010dini prijave. Pridobite preproste nasvete za za\u0161\u010dito svojega ra\u010duna.","og_url":"https:\/\/spinbetter.space\/sl\/login\/","og_site_name":"Spinbetter Space SL","article_modified_time":"2025-08-26T09:33:10+00:00","twitter_card":"summary_large_image","schema":{"@context":"https:\/\/schema.org","@graph":[{"@type":"WebPage","@id":"https:\/\/spinbetter.space\/sl\/login\/","url":"https:\/\/spinbetter.space\/sl\/login\/","name":"Prijava v SpinBetter > Va\u0161 vodnik za enostaven dostop","isPartOf":{"@id":"https:\/\/spinbetter.space\/sl\/#website"},"datePublished":"2024-09-19T08:40:42+00:00","dateModified":"2025-08-26T09:33:10+00:00","description":"Dostopajte do SpinBetterja enostavno in varno z razli\u010dnimi na\u010dini prijave. Pridobite preproste nasvete za za\u0161\u010dito svojega ra\u010duna.","breadcrumb":{"@id":"https:\/\/spinbetter.space\/sl\/login\/#breadcrumb"},"inLanguage":"sl-SI","potentialAction":[{"@type":"ReadAction","target":["https:\/\/spinbetter.space\/sl\/login\/"]}]},{"@type":"BreadcrumbList","@id":"https:\/\/spinbetter.space\/sl\/login\/#breadcrumb","itemListElement":[{"@type":"ListItem","position":1,"name":"\u0413\u043b\u0430\u0432\u043d\u0430\u044f \u0441\u0442\u0440\u0430\u043d\u0438\u0446\u0430","item":"https:\/\/spinbetter.space\/sl\/"},{"@type":"ListItem","position":2,"name":"Prijava"}]},{"@type":"WebSite","@id":"https:\/\/spinbetter.space\/sl\/#website","url":"https:\/\/spinbetter.space\/sl\/","name":"Spinbetter Space SL","description":"My WordPress Blog","potentialAction":[{"@type":"SearchAction","target":{"@type":"EntryPoint","urlTemplate":"https:\/\/spinbetter.space\/sl\/?s={search_term_string}"},"query-input":{"@type":"PropertyValueSpecification","valueRequired":true,"valueName":"search_term_string"}}],"inLanguage":"sl-SI"}]}},"_links":{"self":[{"href":"https:\/\/spinbetter.space\/sl\/wp-json\/wp\/v2\/pages\/214","targetHints":{"allow":["GET"]}}],"collection":[{"href":"https:\/\/spinbetter.space\/sl\/wp-json\/wp\/v2\/pages"}],"about":[{"href":"https:\/\/spinbetter.space\/sl\/wp-json\/wp\/v2\/types\/page"}],"author":[{"embeddable":true,"href":"https:\/\/spinbetter.space\/sl\/wp-json\/wp\/v2\/users\/1"}],"replies":[{"embeddable":true,"href":"https:\/\/spinbetter.space\/sl\/wp-json\/wp\/v2\/comments?post=214"}],"version-history":[{"count":16,"href":"https:\/\/spinbetter.space\/sl\/wp-json\/wp\/v2\/pages\/214\/revisions"}],"predecessor-version":[{"id":670,"href":"https:\/\/spinbetter.space\/sl\/wp-json\/wp\/v2\/pages\/214\/revisions\/670"}],"wp:attachment":[{"href":"https:\/\/spinbetter.space\/sl\/wp-json\/wp\/v2\/media?parent=214"}],"curies":[{"name":"wp","href":"https:\/\/api.w.org\/{rel}","templated":true}]}}