{"id":152,"date":"2023-05-18T17:39:43","date_gmt":"2023-05-18T17:39:43","guid":{"rendered":"https:\/\/spinbetter.space\/sl\/?page_id=152"},"modified":"2025-08-26T19:16:50","modified_gmt":"2025-08-26T19:16:50","slug":"bonuses","status":"publish","type":"page","link":"https:\/\/spinbetter.space\/sl\/bonuses\/","title":{"rendered":"Bonusi"},"content":{"rendered":"","protected":false},"excerpt":{"rendered":"","protected":false},"author":1,"featured_media":0,"parent":0,"menu_order":0,"comment_status":"closed","ping_status":"closed","template":"","meta":{"footnotes":""},"class_list":["post-152","page","type-page","status-publish","hentry"],"yoast_head":"<!-- This site is optimized with the Yoast SEO plugin v23.5 - https:\/\/yoast.com\/wordpress\/plugins\/seo\/ -->\n<title>SpinBetter bonusi &gt; Vrste in nasveti za maksimiranje nagrad<\/title>\n<meta name=\"description\" content=\"Bonusi SpinBetter ponujajo odli\u010dne prilo\u017enosti za izbolj\u0161anje va\u0161ega igranja. Spoznajte najbolj\u0161e bonuse, pogoje in zahteve glede stav.\" \/>\n<meta name=\"robots\" content=\"index, follow, max-snippet:-1, max-image-preview:large, max-video-preview:-1\" \/>\n<meta property=\"og:locale\" content=\"sl_SI\" \/>\n<meta property=\"og:type\" content=\"article\" \/>\n<meta property=\"og:title\" content=\"SpinBetter bonusi &gt; Vrste in nasveti za maksimiranje nagrad\" \/>\n<meta property=\"og:description\" content=\"Bonusi SpinBetter ponujajo odli\u010dne prilo\u017enosti za izbolj\u0161anje va\u0161ega igranja. Spoznajte najbolj\u0161e bonuse, pogoje in zahteve glede stav.\" \/>\n<meta property=\"og:url\" content=\"https:\/\/spinbetter.space\/sl\/bonuses\/\" \/>\n<meta property=\"og:site_name\" content=\"Spinbetter Space SL\" \/>\n<meta property=\"article:modified_time\" content=\"2025-08-26T19:16:50+00:00\" \/>\n<meta name=\"twitter:card\" content=\"summary_large_image\" \/>\n<script type=\"application\/ld+json\" class=\"yoast-schema-graph\">{\"@context\":\"https:\/\/schema.org\",\"@graph\":[{\"@type\":\"WebPage\",\"@id\":\"https:\/\/spinbetter.space\/sl\/bonuses\/\",\"url\":\"https:\/\/spinbetter.space\/sl\/bonuses\/\",\"name\":\"SpinBetter bonusi > Vrste in nasveti za maksimiranje nagrad\",\"isPartOf\":{\"@id\":\"https:\/\/spinbetter.space\/sl\/#website\"},\"datePublished\":\"2023-05-18T17:39:43+00:00\",\"dateModified\":\"2025-08-26T19:16:50+00:00\",\"description\":\"Bonusi SpinBetter ponujajo odli\u010dne prilo\u017enosti za izbolj\u0161anje va\u0161ega igranja. Spoznajte najbolj\u0161e bonuse, pogoje in zahteve glede stav.\",\"breadcrumb\":{\"@id\":\"https:\/\/spinbetter.space\/sl\/bonuses\/#breadcrumb\"},\"inLanguage\":\"sl-SI\",\"potentialAction\":[{\"@type\":\"ReadAction\",\"target\":[\"https:\/\/spinbetter.space\/sl\/bonuses\/\"]}]},{\"@type\":\"BreadcrumbList\",\"@id\":\"https:\/\/spinbetter.space\/sl\/bonuses\/#breadcrumb\",\"itemListElement\":[{\"@type\":\"ListItem\",\"position\":1,\"name\":\"\u0413\u043b\u0430\u0432\u043d\u0430\u044f \u0441\u0442\u0440\u0430\u043d\u0438\u0446\u0430\",\"item\":\"https:\/\/spinbetter.space\/sl\/\"},{\"@type\":\"ListItem\",\"position\":2,\"name\":\"Bonusi\"}]},{\"@type\":\"WebSite\",\"@id\":\"https:\/\/spinbetter.space\/sl\/#website\",\"url\":\"https:\/\/spinbetter.space\/sl\/\",\"name\":\"Spinbetter Space SL\",\"description\":\"My WordPress Blog\",\"potentialAction\":[{\"@type\":\"SearchAction\",\"target\":{\"@type\":\"EntryPoint\",\"urlTemplate\":\"https:\/\/spinbetter.space\/sl\/?s={search_term_string}\"},\"query-input\":{\"@type\":\"PropertyValueSpecification\",\"valueRequired\":true,\"valueName\":\"search_term_string\"}}],\"inLanguage\":\"sl-SI\"}]}<\/script>\n<!-- \/ Yoast SEO plugin. -->","yoast_head_json":{"title":"SpinBetter bonusi > Vrste in nasveti za maksimiranje nagrad","description":"Bonusi SpinBetter ponujajo odli\u010dne prilo\u017enosti za izbolj\u0161anje va\u0161ega igranja. Spoznajte najbolj\u0161e bonuse, pogoje in zahteve glede stav.","robots":{"index":"index","follow":"follow","max-snippet":"max-snippet:-1","max-image-preview":"max-image-preview:large","max-video-preview":"max-video-preview:-1"},"og_locale":"sl_SI","og_type":"article","og_title":"SpinBetter bonusi > Vrste in nasveti za maksimiranje nagrad","og_description":"Bonusi SpinBetter ponujajo odli\u010dne prilo\u017enosti za izbolj\u0161anje va\u0161ega igranja. Spoznajte najbolj\u0161e bonuse, pogoje in zahteve glede stav.","og_url":"https:\/\/spinbetter.space\/sl\/bonuses\/","og_site_name":"Spinbetter Space SL","article_modified_time":"2025-08-26T19:16:50+00:00","twitter_card":"summary_large_image","schema":{"@context":"https:\/\/schema.org","@graph":[{"@type":"WebPage","@id":"https:\/\/spinbetter.space\/sl\/bonuses\/","url":"https:\/\/spinbetter.space\/sl\/bonuses\/","name":"SpinBetter bonusi > Vrste in nasveti za maksimiranje nagrad","isPartOf":{"@id":"https:\/\/spinbetter.space\/sl\/#website"},"datePublished":"2023-05-18T17:39:43+00:00","dateModified":"2025-08-26T19:16:50+00:00","description":"Bonusi SpinBetter ponujajo odli\u010dne prilo\u017enosti za izbolj\u0161anje va\u0161ega igranja. Spoznajte najbolj\u0161e bonuse, pogoje in zahteve glede stav.","breadcrumb":{"@id":"https:\/\/spinbetter.space\/sl\/bonuses\/#breadcrumb"},"inLanguage":"sl-SI","potentialAction":[{"@type":"ReadAction","target":["https:\/\/spinbetter.space\/sl\/bonuses\/"]}]},{"@type":"BreadcrumbList","@id":"https:\/\/spinbetter.space\/sl\/bonuses\/#breadcrumb","itemListElement":[{"@type":"ListItem","position":1,"name":"\u0413\u043b\u0430\u0432\u043d\u0430\u044f \u0441\u0442\u0440\u0430\u043d\u0438\u0446\u0430","item":"https:\/\/spinbetter.space\/sl\/"},{"@type":"ListItem","position":2,"name":"Bonusi"}]},{"@type":"WebSite","@id":"https:\/\/spinbetter.space\/sl\/#website","url":"https:\/\/spinbetter.space\/sl\/","name":"Spinbetter Space SL","description":"My WordPress Blog","potentialAction":[{"@type":"SearchAction","target":{"@type":"EntryPoint","urlTemplate":"https:\/\/spinbetter.space\/sl\/?s={search_term_string}"},"query-input":{"@type":"PropertyValueSpecification","valueRequired":true,"valueName":"search_term_string"}}],"inLanguage":"sl-SI"}]}},"_links":{"self":[{"href":"https:\/\/spinbetter.space\/sl\/wp-json\/wp\/v2\/pages\/152","targetHints":{"allow":["GET"]}}],"collection":[{"href":"https:\/\/spinbetter.space\/sl\/wp-json\/wp\/v2\/pages"}],"about":[{"href":"https:\/\/spinbetter.space\/sl\/wp-json\/wp\/v2\/types\/page"}],"author":[{"embeddable":true,"href":"https:\/\/spinbetter.space\/sl\/wp-json\/wp\/v2\/users\/1"}],"replies":[{"embeddable":true,"href":"https:\/\/spinbetter.space\/sl\/wp-json\/wp\/v2\/comments?post=152"}],"version-history":[{"count":28,"href":"https:\/\/spinbetter.space\/sl\/wp-json\/wp\/v2\/pages\/152\/revisions"}],"predecessor-version":[{"id":703,"href":"https:\/\/spinbetter.space\/sl\/wp-json\/wp\/v2\/pages\/152\/revisions\/703"}],"wp:attachment":[{"href":"https:\/\/spinbetter.space\/sl\/wp-json\/wp\/v2\/media?parent=152"}],"curies":[{"name":"wp","href":"https:\/\/api.w.org\/{rel}","templated":true}]}}