{"id":583,"date":"2025-08-12T14:29:08","date_gmt":"2025-08-12T14:29:08","guid":{"rendered":"https:\/\/spinbetter.space\/sk\/?page_id=583"},"modified":"2025-08-12T14:29:14","modified_gmt":"2025-08-12T14:29:14","slug":"freebet-international","status":"publish","type":"page","link":"https:\/\/spinbetter.space\/sk\/bonuses\/freebet-international\/","title":{"rendered":"St\u00e1vka zadarmo na The International"},"content":{"rendered":"","protected":false},"excerpt":{"rendered":"","protected":false},"author":1,"featured_media":0,"parent":152,"menu_order":0,"comment_status":"closed","ping_status":"closed","template":"","meta":{"footnotes":""},"class_list":["post-583","page","type-page","status-publish","hentry"],"yoast_head":"<!-- This site is optimized with the Yoast SEO plugin v23.5 - https:\/\/yoast.com\/wordpress\/plugins\/seo\/ -->\n<title>SpinBetter st\u00e1vka zadarmo a\u017e do v\u00fd\u0161ky 200 EUR pre st\u00e1vky na TI<\/title>\n<meta name=\"description\" content=\"Tipujete na The International? Uzatv\u00e1rajte v\u00fdhern\u00e9 st\u00e1vky od 10 EUR - a z\u00edskajte st\u00e1vku zadarmo a\u017e do v\u00fd\u0161ky 200 EUR. Popon\u00e1h\u013eajte sa do 16. septembra!\" \/>\n<meta name=\"robots\" content=\"index, follow, max-snippet:-1, max-image-preview:large, max-video-preview:-1\" \/>\n<meta property=\"og:locale\" content=\"sk_SK\" \/>\n<meta property=\"og:type\" content=\"article\" \/>\n<meta property=\"og:title\" content=\"SpinBetter st\u00e1vka zadarmo a\u017e do v\u00fd\u0161ky 200 EUR pre st\u00e1vky na TI\" \/>\n<meta property=\"og:description\" content=\"Tipujete na The International? Uzatv\u00e1rajte v\u00fdhern\u00e9 st\u00e1vky od 10 EUR - a z\u00edskajte st\u00e1vku zadarmo a\u017e do v\u00fd\u0161ky 200 EUR. Popon\u00e1h\u013eajte sa do 16. septembra!\" \/>\n<meta property=\"og:url\" content=\"https:\/\/spinbetter.space\/sk\/bonuses\/freebet-international\/\" \/>\n<meta property=\"og:site_name\" content=\"spinbetter team sk\" \/>\n<meta property=\"article:modified_time\" content=\"2025-08-12T14:29:14+00:00\" \/>\n<meta name=\"twitter:card\" content=\"summary_large_image\" \/>\n<script type=\"application\/ld+json\" class=\"yoast-schema-graph\">{\"@context\":\"https:\/\/schema.org\",\"@graph\":[{\"@type\":\"WebPage\",\"@id\":\"https:\/\/spinbetter.space\/sk\/bonuses\/freebet-international\/\",\"url\":\"https:\/\/spinbetter.space\/sk\/bonuses\/freebet-international\/\",\"name\":\"SpinBetter st\u00e1vka zadarmo a\u017e do v\u00fd\u0161ky 200 EUR pre st\u00e1vky na TI\",\"isPartOf\":{\"@id\":\"https:\/\/spinbetter.space\/sk\/#website\"},\"datePublished\":\"2025-08-12T14:29:08+00:00\",\"dateModified\":\"2025-08-12T14:29:14+00:00\",\"description\":\"Tipujete na The International? Uzatv\u00e1rajte v\u00fdhern\u00e9 st\u00e1vky od 10 EUR - a z\u00edskajte st\u00e1vku zadarmo a\u017e do v\u00fd\u0161ky 200 EUR. Popon\u00e1h\u013eajte sa do 16. septembra!\",\"breadcrumb\":{\"@id\":\"https:\/\/spinbetter.space\/sk\/bonuses\/freebet-international\/#breadcrumb\"},\"inLanguage\":\"sk-SK\",\"potentialAction\":[{\"@type\":\"ReadAction\",\"target\":[\"https:\/\/spinbetter.space\/sk\/bonuses\/freebet-international\/\"]}]},{\"@type\":\"BreadcrumbList\",\"@id\":\"https:\/\/spinbetter.space\/sk\/bonuses\/freebet-international\/#breadcrumb\",\"itemListElement\":[{\"@type\":\"ListItem\",\"position\":1,\"name\":\"\u0413\u043b\u0430\u0432\u043d\u0430\u044f \u0441\u0442\u0440\u0430\u043d\u0438\u0446\u0430\",\"item\":\"https:\/\/spinbetter.space\/sk\/\"},{\"@type\":\"ListItem\",\"position\":2,\"name\":\"Bonusy\",\"item\":\"https:\/\/spinbetter.space\/sk\/bonuses\/\"},{\"@type\":\"ListItem\",\"position\":3,\"name\":\"St\u00e1vka zadarmo na The International\"}]},{\"@type\":\"WebSite\",\"@id\":\"https:\/\/spinbetter.space\/sk\/#website\",\"url\":\"https:\/\/spinbetter.space\/sk\/\",\"name\":\"spinbetter team sk\",\"description\":\"My WordPress Blog\",\"potentialAction\":[{\"@type\":\"SearchAction\",\"target\":{\"@type\":\"EntryPoint\",\"urlTemplate\":\"https:\/\/spinbetter.space\/sk\/?s={search_term_string}\"},\"query-input\":{\"@type\":\"PropertyValueSpecification\",\"valueRequired\":true,\"valueName\":\"search_term_string\"}}],\"inLanguage\":\"sk-SK\"}]}<\/script>\n<!-- \/ Yoast SEO plugin. -->","yoast_head_json":{"title":"SpinBetter st\u00e1vka zadarmo a\u017e do v\u00fd\u0161ky 200 EUR pre st\u00e1vky na TI","description":"Tipujete na The International? Uzatv\u00e1rajte v\u00fdhern\u00e9 st\u00e1vky od 10 EUR - a z\u00edskajte st\u00e1vku zadarmo a\u017e do v\u00fd\u0161ky 200 EUR. Popon\u00e1h\u013eajte sa do 16. septembra!","robots":{"index":"index","follow":"follow","max-snippet":"max-snippet:-1","max-image-preview":"max-image-preview:large","max-video-preview":"max-video-preview:-1"},"og_locale":"sk_SK","og_type":"article","og_title":"SpinBetter st\u00e1vka zadarmo a\u017e do v\u00fd\u0161ky 200 EUR pre st\u00e1vky na TI","og_description":"Tipujete na The International? Uzatv\u00e1rajte v\u00fdhern\u00e9 st\u00e1vky od 10 EUR - a z\u00edskajte st\u00e1vku zadarmo a\u017e do v\u00fd\u0161ky 200 EUR. Popon\u00e1h\u013eajte sa do 16. septembra!","og_url":"https:\/\/spinbetter.space\/sk\/bonuses\/freebet-international\/","og_site_name":"spinbetter team sk","article_modified_time":"2025-08-12T14:29:14+00:00","twitter_card":"summary_large_image","schema":{"@context":"https:\/\/schema.org","@graph":[{"@type":"WebPage","@id":"https:\/\/spinbetter.space\/sk\/bonuses\/freebet-international\/","url":"https:\/\/spinbetter.space\/sk\/bonuses\/freebet-international\/","name":"SpinBetter st\u00e1vka zadarmo a\u017e do v\u00fd\u0161ky 200 EUR pre st\u00e1vky na TI","isPartOf":{"@id":"https:\/\/spinbetter.space\/sk\/#website"},"datePublished":"2025-08-12T14:29:08+00:00","dateModified":"2025-08-12T14:29:14+00:00","description":"Tipujete na The International? Uzatv\u00e1rajte v\u00fdhern\u00e9 st\u00e1vky od 10 EUR - a z\u00edskajte st\u00e1vku zadarmo a\u017e do v\u00fd\u0161ky 200 EUR. Popon\u00e1h\u013eajte sa do 16. septembra!","breadcrumb":{"@id":"https:\/\/spinbetter.space\/sk\/bonuses\/freebet-international\/#breadcrumb"},"inLanguage":"sk-SK","potentialAction":[{"@type":"ReadAction","target":["https:\/\/spinbetter.space\/sk\/bonuses\/freebet-international\/"]}]},{"@type":"BreadcrumbList","@id":"https:\/\/spinbetter.space\/sk\/bonuses\/freebet-international\/#breadcrumb","itemListElement":[{"@type":"ListItem","position":1,"name":"\u0413\u043b\u0430\u0432\u043d\u0430\u044f \u0441\u0442\u0440\u0430\u043d\u0438\u0446\u0430","item":"https:\/\/spinbetter.space\/sk\/"},{"@type":"ListItem","position":2,"name":"Bonusy","item":"https:\/\/spinbetter.space\/sk\/bonuses\/"},{"@type":"ListItem","position":3,"name":"St\u00e1vka zadarmo na The International"}]},{"@type":"WebSite","@id":"https:\/\/spinbetter.space\/sk\/#website","url":"https:\/\/spinbetter.space\/sk\/","name":"spinbetter team sk","description":"My WordPress Blog","potentialAction":[{"@type":"SearchAction","target":{"@type":"EntryPoint","urlTemplate":"https:\/\/spinbetter.space\/sk\/?s={search_term_string}"},"query-input":{"@type":"PropertyValueSpecification","valueRequired":true,"valueName":"search_term_string"}}],"inLanguage":"sk-SK"}]}},"_links":{"self":[{"href":"https:\/\/spinbetter.space\/sk\/wp-json\/wp\/v2\/pages\/583","targetHints":{"allow":["GET"]}}],"collection":[{"href":"https:\/\/spinbetter.space\/sk\/wp-json\/wp\/v2\/pages"}],"about":[{"href":"https:\/\/spinbetter.space\/sk\/wp-json\/wp\/v2\/types\/page"}],"author":[{"embeddable":true,"href":"https:\/\/spinbetter.space\/sk\/wp-json\/wp\/v2\/users\/1"}],"replies":[{"embeddable":true,"href":"https:\/\/spinbetter.space\/sk\/wp-json\/wp\/v2\/comments?post=583"}],"version-history":[{"count":1,"href":"https:\/\/spinbetter.space\/sk\/wp-json\/wp\/v2\/pages\/583\/revisions"}],"predecessor-version":[{"id":584,"href":"https:\/\/spinbetter.space\/sk\/wp-json\/wp\/v2\/pages\/583\/revisions\/584"}],"up":[{"embeddable":true,"href":"https:\/\/spinbetter.space\/sk\/wp-json\/wp\/v2\/pages\/152"}],"wp:attachment":[{"href":"https:\/\/spinbetter.space\/sk\/wp-json\/wp\/v2\/media?parent=583"}],"curies":[{"name":"wp","href":"https:\/\/api.w.org\/{rel}","templated":true}]}}