{"id":581,"date":"2025-08-12T11:29:53","date_gmt":"2025-08-12T11:29:53","guid":{"rendered":"https:\/\/spinbetter.space\/sk\/?page_id=581"},"modified":"2025-08-12T11:30:00","modified_gmt":"2025-08-12T11:30:00","slug":"20-cashback","status":"publish","type":"page","link":"https:\/\/spinbetter.space\/sk\/bonuses\/20-cashback\/","title":{"rendered":"Z\u00edskajte a\u017e 20% cashback"},"content":{"rendered":"","protected":false},"excerpt":{"rendered":"","protected":false},"author":1,"featured_media":0,"parent":152,"menu_order":0,"comment_status":"closed","ping_status":"closed","template":"","meta":{"footnotes":""},"class_list":["post-581","page","type-page","status-publish","hentry"],"yoast_head":"<!-- This site is optimized with the Yoast SEO plugin v23.5 - https:\/\/yoast.com\/wordpress\/plugins\/seo\/ -->\n<title>SpinBetter &gt; A\u017e 20% cashback na futbalov\u00e9 st\u00e1vky<\/title>\n<meta name=\"description\" content=\"Zapojte sa do akcie SpinBetter: z\u00edskajte ka\u017ed\u00fd t\u00fd\u017ede\u0148 sp\u00e4\u0165 a\u017e 20 % zo sumy st\u00e1vok na futbal. Od 4. augusta do 5. okt\u00f3bra 2025. Dostupn\u00e9 na v\u0161etk\u00fdch zariadeniach.\" \/>\n<meta name=\"robots\" content=\"index, follow, max-snippet:-1, max-image-preview:large, max-video-preview:-1\" \/>\n<meta property=\"og:locale\" content=\"sk_SK\" \/>\n<meta property=\"og:type\" content=\"article\" \/>\n<meta property=\"og:title\" content=\"SpinBetter &gt; A\u017e 20% cashback na futbalov\u00e9 st\u00e1vky\" \/>\n<meta property=\"og:description\" content=\"Zapojte sa do akcie SpinBetter: z\u00edskajte ka\u017ed\u00fd t\u00fd\u017ede\u0148 sp\u00e4\u0165 a\u017e 20 % zo sumy st\u00e1vok na futbal. Od 4. augusta do 5. okt\u00f3bra 2025. Dostupn\u00e9 na v\u0161etk\u00fdch zariadeniach.\" \/>\n<meta property=\"og:url\" content=\"https:\/\/spinbetter.space\/sk\/bonuses\/20-cashback\/\" \/>\n<meta property=\"og:site_name\" content=\"spinbetter team sk\" \/>\n<meta property=\"article:modified_time\" content=\"2025-08-12T11:30:00+00:00\" \/>\n<meta name=\"twitter:card\" content=\"summary_large_image\" \/>\n<script type=\"application\/ld+json\" class=\"yoast-schema-graph\">{\"@context\":\"https:\/\/schema.org\",\"@graph\":[{\"@type\":\"WebPage\",\"@id\":\"https:\/\/spinbetter.space\/sk\/bonuses\/20-cashback\/\",\"url\":\"https:\/\/spinbetter.space\/sk\/bonuses\/20-cashback\/\",\"name\":\"SpinBetter > A\u017e 20% cashback na futbalov\u00e9 st\u00e1vky\",\"isPartOf\":{\"@id\":\"https:\/\/spinbetter.space\/sk\/#website\"},\"datePublished\":\"2025-08-12T11:29:53+00:00\",\"dateModified\":\"2025-08-12T11:30:00+00:00\",\"description\":\"Zapojte sa do akcie SpinBetter: z\u00edskajte ka\u017ed\u00fd t\u00fd\u017ede\u0148 sp\u00e4\u0165 a\u017e 20 % zo sumy st\u00e1vok na futbal. Od 4. augusta do 5. okt\u00f3bra 2025. Dostupn\u00e9 na v\u0161etk\u00fdch zariadeniach.\",\"breadcrumb\":{\"@id\":\"https:\/\/spinbetter.space\/sk\/bonuses\/20-cashback\/#breadcrumb\"},\"inLanguage\":\"sk-SK\",\"potentialAction\":[{\"@type\":\"ReadAction\",\"target\":[\"https:\/\/spinbetter.space\/sk\/bonuses\/20-cashback\/\"]}]},{\"@type\":\"BreadcrumbList\",\"@id\":\"https:\/\/spinbetter.space\/sk\/bonuses\/20-cashback\/#breadcrumb\",\"itemListElement\":[{\"@type\":\"ListItem\",\"position\":1,\"name\":\"\u0413\u043b\u0430\u0432\u043d\u0430\u044f \u0441\u0442\u0440\u0430\u043d\u0438\u0446\u0430\",\"item\":\"https:\/\/spinbetter.space\/sk\/\"},{\"@type\":\"ListItem\",\"position\":2,\"name\":\"Bonusy\",\"item\":\"https:\/\/spinbetter.space\/sk\/bonuses\/\"},{\"@type\":\"ListItem\",\"position\":3,\"name\":\"Z\u00edskajte a\u017e 20% cashback\"}]},{\"@type\":\"WebSite\",\"@id\":\"https:\/\/spinbetter.space\/sk\/#website\",\"url\":\"https:\/\/spinbetter.space\/sk\/\",\"name\":\"spinbetter team sk\",\"description\":\"My WordPress Blog\",\"potentialAction\":[{\"@type\":\"SearchAction\",\"target\":{\"@type\":\"EntryPoint\",\"urlTemplate\":\"https:\/\/spinbetter.space\/sk\/?s={search_term_string}\"},\"query-input\":{\"@type\":\"PropertyValueSpecification\",\"valueRequired\":true,\"valueName\":\"search_term_string\"}}],\"inLanguage\":\"sk-SK\"}]}<\/script>\n<!-- \/ Yoast SEO plugin. -->","yoast_head_json":{"title":"SpinBetter > A\u017e 20% cashback na futbalov\u00e9 st\u00e1vky","description":"Zapojte sa do akcie SpinBetter: z\u00edskajte ka\u017ed\u00fd t\u00fd\u017ede\u0148 sp\u00e4\u0165 a\u017e 20 % zo sumy st\u00e1vok na futbal. Od 4. augusta do 5. okt\u00f3bra 2025. Dostupn\u00e9 na v\u0161etk\u00fdch zariadeniach.","robots":{"index":"index","follow":"follow","max-snippet":"max-snippet:-1","max-image-preview":"max-image-preview:large","max-video-preview":"max-video-preview:-1"},"og_locale":"sk_SK","og_type":"article","og_title":"SpinBetter > A\u017e 20% cashback na futbalov\u00e9 st\u00e1vky","og_description":"Zapojte sa do akcie SpinBetter: z\u00edskajte ka\u017ed\u00fd t\u00fd\u017ede\u0148 sp\u00e4\u0165 a\u017e 20 % zo sumy st\u00e1vok na futbal. Od 4. augusta do 5. okt\u00f3bra 2025. Dostupn\u00e9 na v\u0161etk\u00fdch zariadeniach.","og_url":"https:\/\/spinbetter.space\/sk\/bonuses\/20-cashback\/","og_site_name":"spinbetter team sk","article_modified_time":"2025-08-12T11:30:00+00:00","twitter_card":"summary_large_image","schema":{"@context":"https:\/\/schema.org","@graph":[{"@type":"WebPage","@id":"https:\/\/spinbetter.space\/sk\/bonuses\/20-cashback\/","url":"https:\/\/spinbetter.space\/sk\/bonuses\/20-cashback\/","name":"SpinBetter > A\u017e 20% cashback na futbalov\u00e9 st\u00e1vky","isPartOf":{"@id":"https:\/\/spinbetter.space\/sk\/#website"},"datePublished":"2025-08-12T11:29:53+00:00","dateModified":"2025-08-12T11:30:00+00:00","description":"Zapojte sa do akcie SpinBetter: z\u00edskajte ka\u017ed\u00fd t\u00fd\u017ede\u0148 sp\u00e4\u0165 a\u017e 20 % zo sumy st\u00e1vok na futbal. Od 4. augusta do 5. okt\u00f3bra 2025. Dostupn\u00e9 na v\u0161etk\u00fdch zariadeniach.","breadcrumb":{"@id":"https:\/\/spinbetter.space\/sk\/bonuses\/20-cashback\/#breadcrumb"},"inLanguage":"sk-SK","potentialAction":[{"@type":"ReadAction","target":["https:\/\/spinbetter.space\/sk\/bonuses\/20-cashback\/"]}]},{"@type":"BreadcrumbList","@id":"https:\/\/spinbetter.space\/sk\/bonuses\/20-cashback\/#breadcrumb","itemListElement":[{"@type":"ListItem","position":1,"name":"\u0413\u043b\u0430\u0432\u043d\u0430\u044f \u0441\u0442\u0440\u0430\u043d\u0438\u0446\u0430","item":"https:\/\/spinbetter.space\/sk\/"},{"@type":"ListItem","position":2,"name":"Bonusy","item":"https:\/\/spinbetter.space\/sk\/bonuses\/"},{"@type":"ListItem","position":3,"name":"Z\u00edskajte a\u017e 20% cashback"}]},{"@type":"WebSite","@id":"https:\/\/spinbetter.space\/sk\/#website","url":"https:\/\/spinbetter.space\/sk\/","name":"spinbetter team sk","description":"My WordPress Blog","potentialAction":[{"@type":"SearchAction","target":{"@type":"EntryPoint","urlTemplate":"https:\/\/spinbetter.space\/sk\/?s={search_term_string}"},"query-input":{"@type":"PropertyValueSpecification","valueRequired":true,"valueName":"search_term_string"}}],"inLanguage":"sk-SK"}]}},"_links":{"self":[{"href":"https:\/\/spinbetter.space\/sk\/wp-json\/wp\/v2\/pages\/581","targetHints":{"allow":["GET"]}}],"collection":[{"href":"https:\/\/spinbetter.space\/sk\/wp-json\/wp\/v2\/pages"}],"about":[{"href":"https:\/\/spinbetter.space\/sk\/wp-json\/wp\/v2\/types\/page"}],"author":[{"embeddable":true,"href":"https:\/\/spinbetter.space\/sk\/wp-json\/wp\/v2\/users\/1"}],"replies":[{"embeddable":true,"href":"https:\/\/spinbetter.space\/sk\/wp-json\/wp\/v2\/comments?post=581"}],"version-history":[{"count":1,"href":"https:\/\/spinbetter.space\/sk\/wp-json\/wp\/v2\/pages\/581\/revisions"}],"predecessor-version":[{"id":582,"href":"https:\/\/spinbetter.space\/sk\/wp-json\/wp\/v2\/pages\/581\/revisions\/582"}],"up":[{"embeddable":true,"href":"https:\/\/spinbetter.space\/sk\/wp-json\/wp\/v2\/pages\/152"}],"wp:attachment":[{"href":"https:\/\/spinbetter.space\/sk\/wp-json\/wp\/v2\/media?parent=581"}],"curies":[{"name":"wp","href":"https:\/\/api.w.org\/{rel}","templated":true}]}}