{"id":579,"date":"2025-07-11T12:47:08","date_gmt":"2025-07-11T12:47:08","guid":{"rendered":"https:\/\/spinbetter.space\/sk\/?page_id=579"},"modified":"2025-07-11T12:47:15","modified_gmt":"2025-07-11T12:47:15","slug":"spinbetter-vip-program","status":"publish","type":"page","link":"https:\/\/spinbetter.space\/sk\/bonuses\/spinbetter-vip-program\/","title":{"rendered":"VIP program SpinBetter"},"content":{"rendered":"","protected":false},"excerpt":{"rendered":"","protected":false},"author":1,"featured_media":0,"parent":152,"menu_order":0,"comment_status":"closed","ping_status":"closed","template":"","meta":{"footnotes":""},"class_list":["post-579","page","type-page","status-publish","hentry"],"yoast_head":"<!-- This site is optimized with the Yoast SEO plugin v23.5 - https:\/\/yoast.com\/wordpress\/plugins\/seo\/ -->\n<title>VIP program SpinBetter \u1405 Pridajte sa a z\u00edskajte viac<\/title>\n<meta name=\"description\" content=\"Pridajte sa k vernostn\u00e9mu programu SpinBetter. Zv\u00fd\u0161te si \u00farove\u0148, z\u00edskajte viac cashbacku a otvorte si pr\u00edstup k exkluz\u00edvnym akci\u00e1m a VIP bonusom!\" \/>\n<meta name=\"robots\" content=\"index, follow, max-snippet:-1, max-image-preview:large, max-video-preview:-1\" \/>\n<meta property=\"og:locale\" content=\"sk_SK\" \/>\n<meta property=\"og:type\" content=\"article\" \/>\n<meta property=\"og:title\" content=\"VIP program SpinBetter \u1405 Pridajte sa a z\u00edskajte viac\" \/>\n<meta property=\"og:description\" content=\"Pridajte sa k vernostn\u00e9mu programu SpinBetter. Zv\u00fd\u0161te si \u00farove\u0148, z\u00edskajte viac cashbacku a otvorte si pr\u00edstup k exkluz\u00edvnym akci\u00e1m a VIP bonusom!\" \/>\n<meta property=\"og:url\" content=\"https:\/\/spinbetter.space\/sk\/bonuses\/spinbetter-vip-program\/\" \/>\n<meta property=\"og:site_name\" content=\"spinbetter team sk\" \/>\n<meta property=\"article:modified_time\" content=\"2025-07-11T12:47:15+00:00\" \/>\n<meta name=\"twitter:card\" content=\"summary_large_image\" \/>\n<script type=\"application\/ld+json\" class=\"yoast-schema-graph\">{\"@context\":\"https:\/\/schema.org\",\"@graph\":[{\"@type\":\"WebPage\",\"@id\":\"https:\/\/spinbetter.space\/sk\/bonuses\/spinbetter-vip-program\/\",\"url\":\"https:\/\/spinbetter.space\/sk\/bonuses\/spinbetter-vip-program\/\",\"name\":\"VIP program SpinBetter \u1405 Pridajte sa a z\u00edskajte viac\",\"isPartOf\":{\"@id\":\"https:\/\/spinbetter.space\/sk\/#website\"},\"datePublished\":\"2025-07-11T12:47:08+00:00\",\"dateModified\":\"2025-07-11T12:47:15+00:00\",\"description\":\"Pridajte sa k vernostn\u00e9mu programu SpinBetter. Zv\u00fd\u0161te si \u00farove\u0148, z\u00edskajte viac cashbacku a otvorte si pr\u00edstup k exkluz\u00edvnym akci\u00e1m a VIP bonusom!\",\"breadcrumb\":{\"@id\":\"https:\/\/spinbetter.space\/sk\/bonuses\/spinbetter-vip-program\/#breadcrumb\"},\"inLanguage\":\"sk-SK\",\"potentialAction\":[{\"@type\":\"ReadAction\",\"target\":[\"https:\/\/spinbetter.space\/sk\/bonuses\/spinbetter-vip-program\/\"]}]},{\"@type\":\"BreadcrumbList\",\"@id\":\"https:\/\/spinbetter.space\/sk\/bonuses\/spinbetter-vip-program\/#breadcrumb\",\"itemListElement\":[{\"@type\":\"ListItem\",\"position\":1,\"name\":\"\u0413\u043b\u0430\u0432\u043d\u0430\u044f \u0441\u0442\u0440\u0430\u043d\u0438\u0446\u0430\",\"item\":\"https:\/\/spinbetter.space\/sk\/\"},{\"@type\":\"ListItem\",\"position\":2,\"name\":\"Bonusy\",\"item\":\"https:\/\/spinbetter.space\/sk\/bonuses\/\"},{\"@type\":\"ListItem\",\"position\":3,\"name\":\"VIP program SpinBetter\"}]},{\"@type\":\"WebSite\",\"@id\":\"https:\/\/spinbetter.space\/sk\/#website\",\"url\":\"https:\/\/spinbetter.space\/sk\/\",\"name\":\"spinbetter team sk\",\"description\":\"My WordPress Blog\",\"potentialAction\":[{\"@type\":\"SearchAction\",\"target\":{\"@type\":\"EntryPoint\",\"urlTemplate\":\"https:\/\/spinbetter.space\/sk\/?s={search_term_string}\"},\"query-input\":{\"@type\":\"PropertyValueSpecification\",\"valueRequired\":true,\"valueName\":\"search_term_string\"}}],\"inLanguage\":\"sk-SK\"}]}<\/script>\n<!-- \/ Yoast SEO plugin. -->","yoast_head_json":{"title":"VIP program SpinBetter \u1405 Pridajte sa a z\u00edskajte viac","description":"Pridajte sa k vernostn\u00e9mu programu SpinBetter. Zv\u00fd\u0161te si \u00farove\u0148, z\u00edskajte viac cashbacku a otvorte si pr\u00edstup k exkluz\u00edvnym akci\u00e1m a VIP bonusom!","robots":{"index":"index","follow":"follow","max-snippet":"max-snippet:-1","max-image-preview":"max-image-preview:large","max-video-preview":"max-video-preview:-1"},"og_locale":"sk_SK","og_type":"article","og_title":"VIP program SpinBetter \u1405 Pridajte sa a z\u00edskajte viac","og_description":"Pridajte sa k vernostn\u00e9mu programu SpinBetter. Zv\u00fd\u0161te si \u00farove\u0148, z\u00edskajte viac cashbacku a otvorte si pr\u00edstup k exkluz\u00edvnym akci\u00e1m a VIP bonusom!","og_url":"https:\/\/spinbetter.space\/sk\/bonuses\/spinbetter-vip-program\/","og_site_name":"spinbetter team sk","article_modified_time":"2025-07-11T12:47:15+00:00","twitter_card":"summary_large_image","schema":{"@context":"https:\/\/schema.org","@graph":[{"@type":"WebPage","@id":"https:\/\/spinbetter.space\/sk\/bonuses\/spinbetter-vip-program\/","url":"https:\/\/spinbetter.space\/sk\/bonuses\/spinbetter-vip-program\/","name":"VIP program SpinBetter \u1405 Pridajte sa a z\u00edskajte viac","isPartOf":{"@id":"https:\/\/spinbetter.space\/sk\/#website"},"datePublished":"2025-07-11T12:47:08+00:00","dateModified":"2025-07-11T12:47:15+00:00","description":"Pridajte sa k vernostn\u00e9mu programu SpinBetter. Zv\u00fd\u0161te si \u00farove\u0148, z\u00edskajte viac cashbacku a otvorte si pr\u00edstup k exkluz\u00edvnym akci\u00e1m a VIP bonusom!","breadcrumb":{"@id":"https:\/\/spinbetter.space\/sk\/bonuses\/spinbetter-vip-program\/#breadcrumb"},"inLanguage":"sk-SK","potentialAction":[{"@type":"ReadAction","target":["https:\/\/spinbetter.space\/sk\/bonuses\/spinbetter-vip-program\/"]}]},{"@type":"BreadcrumbList","@id":"https:\/\/spinbetter.space\/sk\/bonuses\/spinbetter-vip-program\/#breadcrumb","itemListElement":[{"@type":"ListItem","position":1,"name":"\u0413\u043b\u0430\u0432\u043d\u0430\u044f \u0441\u0442\u0440\u0430\u043d\u0438\u0446\u0430","item":"https:\/\/spinbetter.space\/sk\/"},{"@type":"ListItem","position":2,"name":"Bonusy","item":"https:\/\/spinbetter.space\/sk\/bonuses\/"},{"@type":"ListItem","position":3,"name":"VIP program SpinBetter"}]},{"@type":"WebSite","@id":"https:\/\/spinbetter.space\/sk\/#website","url":"https:\/\/spinbetter.space\/sk\/","name":"spinbetter team sk","description":"My WordPress Blog","potentialAction":[{"@type":"SearchAction","target":{"@type":"EntryPoint","urlTemplate":"https:\/\/spinbetter.space\/sk\/?s={search_term_string}"},"query-input":{"@type":"PropertyValueSpecification","valueRequired":true,"valueName":"search_term_string"}}],"inLanguage":"sk-SK"}]}},"_links":{"self":[{"href":"https:\/\/spinbetter.space\/sk\/wp-json\/wp\/v2\/pages\/579","targetHints":{"allow":["GET"]}}],"collection":[{"href":"https:\/\/spinbetter.space\/sk\/wp-json\/wp\/v2\/pages"}],"about":[{"href":"https:\/\/spinbetter.space\/sk\/wp-json\/wp\/v2\/types\/page"}],"author":[{"embeddable":true,"href":"https:\/\/spinbetter.space\/sk\/wp-json\/wp\/v2\/users\/1"}],"replies":[{"embeddable":true,"href":"https:\/\/spinbetter.space\/sk\/wp-json\/wp\/v2\/comments?post=579"}],"version-history":[{"count":1,"href":"https:\/\/spinbetter.space\/sk\/wp-json\/wp\/v2\/pages\/579\/revisions"}],"predecessor-version":[{"id":580,"href":"https:\/\/spinbetter.space\/sk\/wp-json\/wp\/v2\/pages\/579\/revisions\/580"}],"up":[{"embeddable":true,"href":"https:\/\/spinbetter.space\/sk\/wp-json\/wp\/v2\/pages\/152"}],"wp:attachment":[{"href":"https:\/\/spinbetter.space\/sk\/wp-json\/wp\/v2\/media?parent=579"}],"curies":[{"name":"wp","href":"https:\/\/api.w.org\/{rel}","templated":true}]}}