{"id":569,"date":"2025-06-26T13:07:30","date_gmt":"2025-06-26T13:07:30","guid":{"rendered":"https:\/\/spinbetter.space\/sk\/?page_id=569"},"modified":"2025-06-26T13:07:36","modified_gmt":"2025-06-26T13:07:36","slug":"ice-hockey-freebet","status":"publish","type":"page","link":"https:\/\/spinbetter.space\/sk\/bonuses\/ice-hockey-freebet\/","title":{"rendered":"ST\u00c1VKA NA \u013dADOV\u00dd HOKEJ ZADARMO"},"content":{"rendered":"","protected":false},"excerpt":{"rendered":"","protected":false},"author":1,"featured_media":0,"parent":152,"menu_order":0,"comment_status":"closed","ping_status":"closed","template":"","meta":{"footnotes":""},"class_list":["post-569","page","type-page","status-publish","hentry"],"yoast_head":"<!-- This site is optimized with the Yoast SEO plugin v23.5 - https:\/\/yoast.com\/wordpress\/plugins\/seo\/ -->\n<title>ST\u00c1VKA NA \u013dADOV\u00dd HOKEJ ZADARMO od SpinBetter<\/title>\n<meta name=\"description\" content=\"Zapojte sa do ICE HOCKEY FREEBET od kas\u00edna SpinBetter a z\u00edskajte l\u00edstky a super ceny - 7777 USD a podp\u00edsan\u00e9 dresy hokejov\u00fdch legiend!\" \/>\n<meta name=\"robots\" content=\"index, follow, max-snippet:-1, max-image-preview:large, max-video-preview:-1\" \/>\n<meta property=\"og:locale\" content=\"sk_SK\" \/>\n<meta property=\"og:type\" content=\"article\" \/>\n<meta property=\"og:title\" content=\"ST\u00c1VKA NA \u013dADOV\u00dd HOKEJ ZADARMO od SpinBetter\" \/>\n<meta property=\"og:description\" content=\"Zapojte sa do ICE HOCKEY FREEBET od kas\u00edna SpinBetter a z\u00edskajte l\u00edstky a super ceny - 7777 USD a podp\u00edsan\u00e9 dresy hokejov\u00fdch legiend!\" \/>\n<meta property=\"og:url\" content=\"https:\/\/spinbetter.space\/sk\/bonuses\/ice-hockey-freebet\/\" \/>\n<meta property=\"og:site_name\" content=\"spinbetter team sk\" \/>\n<meta property=\"article:modified_time\" content=\"2025-06-26T13:07:36+00:00\" \/>\n<meta name=\"twitter:card\" content=\"summary_large_image\" \/>\n<script type=\"application\/ld+json\" class=\"yoast-schema-graph\">{\"@context\":\"https:\/\/schema.org\",\"@graph\":[{\"@type\":\"WebPage\",\"@id\":\"https:\/\/spinbetter.space\/sk\/bonuses\/ice-hockey-freebet\/\",\"url\":\"https:\/\/spinbetter.space\/sk\/bonuses\/ice-hockey-freebet\/\",\"name\":\"ST\u00c1VKA NA \u013dADOV\u00dd HOKEJ ZADARMO od SpinBetter\",\"isPartOf\":{\"@id\":\"https:\/\/spinbetter.space\/sk\/#website\"},\"datePublished\":\"2025-06-26T13:07:30+00:00\",\"dateModified\":\"2025-06-26T13:07:36+00:00\",\"description\":\"Zapojte sa do ICE HOCKEY FREEBET od kas\u00edna SpinBetter a z\u00edskajte l\u00edstky a super ceny - 7777 USD a podp\u00edsan\u00e9 dresy hokejov\u00fdch legiend!\",\"breadcrumb\":{\"@id\":\"https:\/\/spinbetter.space\/sk\/bonuses\/ice-hockey-freebet\/#breadcrumb\"},\"inLanguage\":\"sk-SK\",\"potentialAction\":[{\"@type\":\"ReadAction\",\"target\":[\"https:\/\/spinbetter.space\/sk\/bonuses\/ice-hockey-freebet\/\"]}]},{\"@type\":\"BreadcrumbList\",\"@id\":\"https:\/\/spinbetter.space\/sk\/bonuses\/ice-hockey-freebet\/#breadcrumb\",\"itemListElement\":[{\"@type\":\"ListItem\",\"position\":1,\"name\":\"\u0413\u043b\u0430\u0432\u043d\u0430\u044f \u0441\u0442\u0440\u0430\u043d\u0438\u0446\u0430\",\"item\":\"https:\/\/spinbetter.space\/sk\/\"},{\"@type\":\"ListItem\",\"position\":2,\"name\":\"Bonusy\",\"item\":\"https:\/\/spinbetter.space\/sk\/bonuses\/\"},{\"@type\":\"ListItem\",\"position\":3,\"name\":\"ST\u00c1VKA NA \u013dADOV\u00dd HOKEJ ZADARMO\"}]},{\"@type\":\"WebSite\",\"@id\":\"https:\/\/spinbetter.space\/sk\/#website\",\"url\":\"https:\/\/spinbetter.space\/sk\/\",\"name\":\"spinbetter team sk\",\"description\":\"My WordPress Blog\",\"potentialAction\":[{\"@type\":\"SearchAction\",\"target\":{\"@type\":\"EntryPoint\",\"urlTemplate\":\"https:\/\/spinbetter.space\/sk\/?s={search_term_string}\"},\"query-input\":{\"@type\":\"PropertyValueSpecification\",\"valueRequired\":true,\"valueName\":\"search_term_string\"}}],\"inLanguage\":\"sk-SK\"}]}<\/script>\n<!-- \/ Yoast SEO plugin. -->","yoast_head_json":{"title":"ST\u00c1VKA NA \u013dADOV\u00dd HOKEJ ZADARMO od SpinBetter","description":"Zapojte sa do ICE HOCKEY FREEBET od kas\u00edna SpinBetter a z\u00edskajte l\u00edstky a super ceny - 7777 USD a podp\u00edsan\u00e9 dresy hokejov\u00fdch legiend!","robots":{"index":"index","follow":"follow","max-snippet":"max-snippet:-1","max-image-preview":"max-image-preview:large","max-video-preview":"max-video-preview:-1"},"og_locale":"sk_SK","og_type":"article","og_title":"ST\u00c1VKA NA \u013dADOV\u00dd HOKEJ ZADARMO od SpinBetter","og_description":"Zapojte sa do ICE HOCKEY FREEBET od kas\u00edna SpinBetter a z\u00edskajte l\u00edstky a super ceny - 7777 USD a podp\u00edsan\u00e9 dresy hokejov\u00fdch legiend!","og_url":"https:\/\/spinbetter.space\/sk\/bonuses\/ice-hockey-freebet\/","og_site_name":"spinbetter team sk","article_modified_time":"2025-06-26T13:07:36+00:00","twitter_card":"summary_large_image","schema":{"@context":"https:\/\/schema.org","@graph":[{"@type":"WebPage","@id":"https:\/\/spinbetter.space\/sk\/bonuses\/ice-hockey-freebet\/","url":"https:\/\/spinbetter.space\/sk\/bonuses\/ice-hockey-freebet\/","name":"ST\u00c1VKA NA \u013dADOV\u00dd HOKEJ ZADARMO od SpinBetter","isPartOf":{"@id":"https:\/\/spinbetter.space\/sk\/#website"},"datePublished":"2025-06-26T13:07:30+00:00","dateModified":"2025-06-26T13:07:36+00:00","description":"Zapojte sa do ICE HOCKEY FREEBET od kas\u00edna SpinBetter a z\u00edskajte l\u00edstky a super ceny - 7777 USD a podp\u00edsan\u00e9 dresy hokejov\u00fdch legiend!","breadcrumb":{"@id":"https:\/\/spinbetter.space\/sk\/bonuses\/ice-hockey-freebet\/#breadcrumb"},"inLanguage":"sk-SK","potentialAction":[{"@type":"ReadAction","target":["https:\/\/spinbetter.space\/sk\/bonuses\/ice-hockey-freebet\/"]}]},{"@type":"BreadcrumbList","@id":"https:\/\/spinbetter.space\/sk\/bonuses\/ice-hockey-freebet\/#breadcrumb","itemListElement":[{"@type":"ListItem","position":1,"name":"\u0413\u043b\u0430\u0432\u043d\u0430\u044f \u0441\u0442\u0440\u0430\u043d\u0438\u0446\u0430","item":"https:\/\/spinbetter.space\/sk\/"},{"@type":"ListItem","position":2,"name":"Bonusy","item":"https:\/\/spinbetter.space\/sk\/bonuses\/"},{"@type":"ListItem","position":3,"name":"ST\u00c1VKA NA \u013dADOV\u00dd HOKEJ ZADARMO"}]},{"@type":"WebSite","@id":"https:\/\/spinbetter.space\/sk\/#website","url":"https:\/\/spinbetter.space\/sk\/","name":"spinbetter team sk","description":"My WordPress Blog","potentialAction":[{"@type":"SearchAction","target":{"@type":"EntryPoint","urlTemplate":"https:\/\/spinbetter.space\/sk\/?s={search_term_string}"},"query-input":{"@type":"PropertyValueSpecification","valueRequired":true,"valueName":"search_term_string"}}],"inLanguage":"sk-SK"}]}},"_links":{"self":[{"href":"https:\/\/spinbetter.space\/sk\/wp-json\/wp\/v2\/pages\/569","targetHints":{"allow":["GET"]}}],"collection":[{"href":"https:\/\/spinbetter.space\/sk\/wp-json\/wp\/v2\/pages"}],"about":[{"href":"https:\/\/spinbetter.space\/sk\/wp-json\/wp\/v2\/types\/page"}],"author":[{"embeddable":true,"href":"https:\/\/spinbetter.space\/sk\/wp-json\/wp\/v2\/users\/1"}],"replies":[{"embeddable":true,"href":"https:\/\/spinbetter.space\/sk\/wp-json\/wp\/v2\/comments?post=569"}],"version-history":[{"count":1,"href":"https:\/\/spinbetter.space\/sk\/wp-json\/wp\/v2\/pages\/569\/revisions"}],"predecessor-version":[{"id":570,"href":"https:\/\/spinbetter.space\/sk\/wp-json\/wp\/v2\/pages\/569\/revisions\/570"}],"up":[{"embeddable":true,"href":"https:\/\/spinbetter.space\/sk\/wp-json\/wp\/v2\/pages\/152"}],"wp:attachment":[{"href":"https:\/\/spinbetter.space\/sk\/wp-json\/wp\/v2\/media?parent=569"}],"curies":[{"name":"wp","href":"https:\/\/api.w.org\/{rel}","templated":true}]}}