{"id":353,"date":"2024-09-26T07:44:31","date_gmt":"2024-09-26T07:44:31","guid":{"rendered":"https:\/\/spinbetter.team\/sk\/?page_id=353"},"modified":"2025-06-19T09:09:56","modified_gmt":"2025-06-19T09:09:56","slug":"feedback","status":"publish","type":"page","link":"https:\/\/spinbetter.space\/sk\/feedback\/","title":{"rendered":"Sp\u00e4tn\u00e1 v\u00e4zba"},"content":{"rendered":"","protected":false},"excerpt":{"rendered":"","protected":false},"author":1,"featured_media":0,"parent":0,"menu_order":0,"comment_status":"closed","ping_status":"closed","template":"","meta":{"footnotes":""},"class_list":["post-353","page","type-page","status-publish","hentry"],"yoast_head":"<!-- This site is optimized with the Yoast SEO plugin v23.5 - https:\/\/yoast.com\/wordpress\/plugins\/seo\/ -->\n<title>Recenzie hr\u00e1\u010dov SpinBetter Slovakia<\/title>\n<meta name=\"description\" content=\"Zistite, \u010do hovoria hr\u00e1\u010di v SpinBetter Slovensko Feedback. Porovnajte sa s konkurenciou, z\u00edskajte tipy a n\u00e1jdite odpovede na \u010dasto kladen\u00e9 ot\u00e1zky. V\u0161etko, \u010do potrebujete vedie\u0165 o SpinBetter!\" \/>\n<meta name=\"robots\" content=\"index, follow, max-snippet:-1, max-image-preview:large, max-video-preview:-1\" \/>\n<meta property=\"og:locale\" content=\"sk_SK\" \/>\n<meta property=\"og:type\" content=\"article\" \/>\n<meta property=\"og:title\" content=\"Recenzie hr\u00e1\u010dov SpinBetter Slovakia\" \/>\n<meta property=\"og:description\" content=\"Zistite, \u010do hovoria hr\u00e1\u010di v SpinBetter Slovensko Feedback. Porovnajte sa s konkurenciou, z\u00edskajte tipy a n\u00e1jdite odpovede na \u010dasto kladen\u00e9 ot\u00e1zky. V\u0161etko, \u010do potrebujete vedie\u0165 o SpinBetter!\" \/>\n<meta property=\"og:url\" content=\"https:\/\/spinbetter.space\/sk\/feedback\/\" \/>\n<meta property=\"og:site_name\" content=\"spinbetter team sk\" \/>\n<meta property=\"article:modified_time\" content=\"2025-06-19T09:09:56+00:00\" \/>\n<meta name=\"twitter:card\" content=\"summary_large_image\" \/>\n<script type=\"application\/ld+json\" class=\"yoast-schema-graph\">{\"@context\":\"https:\/\/schema.org\",\"@graph\":[{\"@type\":\"WebPage\",\"@id\":\"https:\/\/spinbetter.space\/sk\/feedback\/\",\"url\":\"https:\/\/spinbetter.space\/sk\/feedback\/\",\"name\":\"Recenzie hr\u00e1\u010dov SpinBetter Slovakia\",\"isPartOf\":{\"@id\":\"https:\/\/spinbetter.space\/sk\/#website\"},\"datePublished\":\"2024-09-26T07:44:31+00:00\",\"dateModified\":\"2025-06-19T09:09:56+00:00\",\"description\":\"Zistite, \u010do hovoria hr\u00e1\u010di v SpinBetter Slovensko Feedback. Porovnajte sa s konkurenciou, z\u00edskajte tipy a n\u00e1jdite odpovede na \u010dasto kladen\u00e9 ot\u00e1zky. V\u0161etko, \u010do potrebujete vedie\u0165 o SpinBetter!\",\"breadcrumb\":{\"@id\":\"https:\/\/spinbetter.space\/sk\/feedback\/#breadcrumb\"},\"inLanguage\":\"sk-SK\",\"potentialAction\":[{\"@type\":\"ReadAction\",\"target\":[\"https:\/\/spinbetter.space\/sk\/feedback\/\"]}]},{\"@type\":\"BreadcrumbList\",\"@id\":\"https:\/\/spinbetter.space\/sk\/feedback\/#breadcrumb\",\"itemListElement\":[{\"@type\":\"ListItem\",\"position\":1,\"name\":\"\u0413\u043b\u0430\u0432\u043d\u0430\u044f \u0441\u0442\u0440\u0430\u043d\u0438\u0446\u0430\",\"item\":\"https:\/\/spinbetter.space\/sk\/\"},{\"@type\":\"ListItem\",\"position\":2,\"name\":\"Sp\u00e4tn\u00e1 v\u00e4zba\"}]},{\"@type\":\"WebSite\",\"@id\":\"https:\/\/spinbetter.space\/sk\/#website\",\"url\":\"https:\/\/spinbetter.space\/sk\/\",\"name\":\"spinbetter team sk\",\"description\":\"My WordPress Blog\",\"potentialAction\":[{\"@type\":\"SearchAction\",\"target\":{\"@type\":\"EntryPoint\",\"urlTemplate\":\"https:\/\/spinbetter.space\/sk\/?s={search_term_string}\"},\"query-input\":{\"@type\":\"PropertyValueSpecification\",\"valueRequired\":true,\"valueName\":\"search_term_string\"}}],\"inLanguage\":\"sk-SK\"}]}<\/script>\n<!-- \/ Yoast SEO plugin. -->","yoast_head_json":{"title":"Recenzie hr\u00e1\u010dov SpinBetter Slovakia","description":"Zistite, \u010do hovoria hr\u00e1\u010di v SpinBetter Slovensko Feedback. Porovnajte sa s konkurenciou, z\u00edskajte tipy a n\u00e1jdite odpovede na \u010dasto kladen\u00e9 ot\u00e1zky. V\u0161etko, \u010do potrebujete vedie\u0165 o SpinBetter!","robots":{"index":"index","follow":"follow","max-snippet":"max-snippet:-1","max-image-preview":"max-image-preview:large","max-video-preview":"max-video-preview:-1"},"og_locale":"sk_SK","og_type":"article","og_title":"Recenzie hr\u00e1\u010dov SpinBetter Slovakia","og_description":"Zistite, \u010do hovoria hr\u00e1\u010di v SpinBetter Slovensko Feedback. Porovnajte sa s konkurenciou, z\u00edskajte tipy a n\u00e1jdite odpovede na \u010dasto kladen\u00e9 ot\u00e1zky. V\u0161etko, \u010do potrebujete vedie\u0165 o SpinBetter!","og_url":"https:\/\/spinbetter.space\/sk\/feedback\/","og_site_name":"spinbetter team sk","article_modified_time":"2025-06-19T09:09:56+00:00","twitter_card":"summary_large_image","schema":{"@context":"https:\/\/schema.org","@graph":[{"@type":"WebPage","@id":"https:\/\/spinbetter.space\/sk\/feedback\/","url":"https:\/\/spinbetter.space\/sk\/feedback\/","name":"Recenzie hr\u00e1\u010dov SpinBetter Slovakia","isPartOf":{"@id":"https:\/\/spinbetter.space\/sk\/#website"},"datePublished":"2024-09-26T07:44:31+00:00","dateModified":"2025-06-19T09:09:56+00:00","description":"Zistite, \u010do hovoria hr\u00e1\u010di v SpinBetter Slovensko Feedback. Porovnajte sa s konkurenciou, z\u00edskajte tipy a n\u00e1jdite odpovede na \u010dasto kladen\u00e9 ot\u00e1zky. V\u0161etko, \u010do potrebujete vedie\u0165 o SpinBetter!","breadcrumb":{"@id":"https:\/\/spinbetter.space\/sk\/feedback\/#breadcrumb"},"inLanguage":"sk-SK","potentialAction":[{"@type":"ReadAction","target":["https:\/\/spinbetter.space\/sk\/feedback\/"]}]},{"@type":"BreadcrumbList","@id":"https:\/\/spinbetter.space\/sk\/feedback\/#breadcrumb","itemListElement":[{"@type":"ListItem","position":1,"name":"\u0413\u043b\u0430\u0432\u043d\u0430\u044f \u0441\u0442\u0440\u0430\u043d\u0438\u0446\u0430","item":"https:\/\/spinbetter.space\/sk\/"},{"@type":"ListItem","position":2,"name":"Sp\u00e4tn\u00e1 v\u00e4zba"}]},{"@type":"WebSite","@id":"https:\/\/spinbetter.space\/sk\/#website","url":"https:\/\/spinbetter.space\/sk\/","name":"spinbetter team sk","description":"My WordPress Blog","potentialAction":[{"@type":"SearchAction","target":{"@type":"EntryPoint","urlTemplate":"https:\/\/spinbetter.space\/sk\/?s={search_term_string}"},"query-input":{"@type":"PropertyValueSpecification","valueRequired":true,"valueName":"search_term_string"}}],"inLanguage":"sk-SK"}]}},"_links":{"self":[{"href":"https:\/\/spinbetter.space\/sk\/wp-json\/wp\/v2\/pages\/353","targetHints":{"allow":["GET"]}}],"collection":[{"href":"https:\/\/spinbetter.space\/sk\/wp-json\/wp\/v2\/pages"}],"about":[{"href":"https:\/\/spinbetter.space\/sk\/wp-json\/wp\/v2\/types\/page"}],"author":[{"embeddable":true,"href":"https:\/\/spinbetter.space\/sk\/wp-json\/wp\/v2\/users\/1"}],"replies":[{"embeddable":true,"href":"https:\/\/spinbetter.space\/sk\/wp-json\/wp\/v2\/comments?post=353"}],"version-history":[{"count":12,"href":"https:\/\/spinbetter.space\/sk\/wp-json\/wp\/v2\/pages\/353\/revisions"}],"predecessor-version":[{"id":549,"href":"https:\/\/spinbetter.space\/sk\/wp-json\/wp\/v2\/pages\/353\/revisions\/549"}],"wp:attachment":[{"href":"https:\/\/spinbetter.space\/sk\/wp-json\/wp\/v2\/media?parent=353"}],"curies":[{"name":"wp","href":"https:\/\/api.w.org\/{rel}","templated":true}]}}