{"id":334,"date":"2024-09-25T14:32:23","date_gmt":"2024-09-25T14:32:23","guid":{"rendered":"https:\/\/spinbetter.team\/sk\/?page_id=334"},"modified":"2025-06-19T09:06:25","modified_gmt":"2025-06-19T09:06:25","slug":"download","status":"publish","type":"page","link":"https:\/\/spinbetter.space\/sk\/download\/","title":{"rendered":"Stiahnite si"},"content":{"rendered":"","protected":false},"excerpt":{"rendered":"","protected":false},"author":1,"featured_media":0,"parent":0,"menu_order":0,"comment_status":"closed","ping_status":"closed","template":"","meta":{"footnotes":""},"class_list":["post-334","page","type-page","status-publish","hentry"],"yoast_head":"<!-- This site is optimized with the Yoast SEO plugin v23.5 - https:\/\/yoast.com\/wordpress\/plugins\/seo\/ -->\n<title>Ako stiahnu\u0165 SpinBetter Slovensko &gt; Sprievodca a tipy<\/title>\n<meta name=\"description\" content=\"Podrobn\u00e1 recenzia aplik\u00e1cie SpinBetter Slovensko. Pre\u010d\u00edtajte si, ako si stiahnu\u0165 SpinBetter a vyu\u017ei\u0165 ju naplno: hry, st\u00e1vky a exkluz\u00edvne bonusy!\" \/>\n<meta name=\"robots\" content=\"index, follow, max-snippet:-1, max-image-preview:large, max-video-preview:-1\" \/>\n<meta property=\"og:locale\" content=\"sk_SK\" \/>\n<meta property=\"og:type\" content=\"article\" \/>\n<meta property=\"og:title\" content=\"Ako stiahnu\u0165 SpinBetter Slovensko &gt; Sprievodca a tipy\" \/>\n<meta property=\"og:description\" content=\"Podrobn\u00e1 recenzia aplik\u00e1cie SpinBetter Slovensko. Pre\u010d\u00edtajte si, ako si stiahnu\u0165 SpinBetter a vyu\u017ei\u0165 ju naplno: hry, st\u00e1vky a exkluz\u00edvne bonusy!\" \/>\n<meta property=\"og:url\" content=\"https:\/\/spinbetter.space\/sk\/download\/\" \/>\n<meta property=\"og:site_name\" content=\"spinbetter team sk\" \/>\n<meta property=\"article:modified_time\" content=\"2025-06-19T09:06:25+00:00\" \/>\n<meta name=\"twitter:card\" content=\"summary_large_image\" \/>\n<script type=\"application\/ld+json\" class=\"yoast-schema-graph\">{\"@context\":\"https:\/\/schema.org\",\"@graph\":[{\"@type\":\"WebPage\",\"@id\":\"https:\/\/spinbetter.space\/sk\/download\/\",\"url\":\"https:\/\/spinbetter.space\/sk\/download\/\",\"name\":\"Ako stiahnu\u0165 SpinBetter Slovensko > Sprievodca a tipy\",\"isPartOf\":{\"@id\":\"https:\/\/spinbetter.space\/sk\/#website\"},\"datePublished\":\"2024-09-25T14:32:23+00:00\",\"dateModified\":\"2025-06-19T09:06:25+00:00\",\"description\":\"Podrobn\u00e1 recenzia aplik\u00e1cie SpinBetter Slovensko. Pre\u010d\u00edtajte si, ako si stiahnu\u0165 SpinBetter a vyu\u017ei\u0165 ju naplno: hry, st\u00e1vky a exkluz\u00edvne bonusy!\",\"breadcrumb\":{\"@id\":\"https:\/\/spinbetter.space\/sk\/download\/#breadcrumb\"},\"inLanguage\":\"sk-SK\",\"potentialAction\":[{\"@type\":\"ReadAction\",\"target\":[\"https:\/\/spinbetter.space\/sk\/download\/\"]}]},{\"@type\":\"BreadcrumbList\",\"@id\":\"https:\/\/spinbetter.space\/sk\/download\/#breadcrumb\",\"itemListElement\":[{\"@type\":\"ListItem\",\"position\":1,\"name\":\"\u0413\u043b\u0430\u0432\u043d\u0430\u044f \u0441\u0442\u0440\u0430\u043d\u0438\u0446\u0430\",\"item\":\"https:\/\/spinbetter.space\/sk\/\"},{\"@type\":\"ListItem\",\"position\":2,\"name\":\"Stiahnite si\"}]},{\"@type\":\"WebSite\",\"@id\":\"https:\/\/spinbetter.space\/sk\/#website\",\"url\":\"https:\/\/spinbetter.space\/sk\/\",\"name\":\"spinbetter team sk\",\"description\":\"My WordPress Blog\",\"potentialAction\":[{\"@type\":\"SearchAction\",\"target\":{\"@type\":\"EntryPoint\",\"urlTemplate\":\"https:\/\/spinbetter.space\/sk\/?s={search_term_string}\"},\"query-input\":{\"@type\":\"PropertyValueSpecification\",\"valueRequired\":true,\"valueName\":\"search_term_string\"}}],\"inLanguage\":\"sk-SK\"}]}<\/script>\n<!-- \/ Yoast SEO plugin. -->","yoast_head_json":{"title":"Ako stiahnu\u0165 SpinBetter Slovensko > Sprievodca a tipy","description":"Podrobn\u00e1 recenzia aplik\u00e1cie SpinBetter Slovensko. Pre\u010d\u00edtajte si, ako si stiahnu\u0165 SpinBetter a vyu\u017ei\u0165 ju naplno: hry, st\u00e1vky a exkluz\u00edvne bonusy!","robots":{"index":"index","follow":"follow","max-snippet":"max-snippet:-1","max-image-preview":"max-image-preview:large","max-video-preview":"max-video-preview:-1"},"og_locale":"sk_SK","og_type":"article","og_title":"Ako stiahnu\u0165 SpinBetter Slovensko > Sprievodca a tipy","og_description":"Podrobn\u00e1 recenzia aplik\u00e1cie SpinBetter Slovensko. Pre\u010d\u00edtajte si, ako si stiahnu\u0165 SpinBetter a vyu\u017ei\u0165 ju naplno: hry, st\u00e1vky a exkluz\u00edvne bonusy!","og_url":"https:\/\/spinbetter.space\/sk\/download\/","og_site_name":"spinbetter team sk","article_modified_time":"2025-06-19T09:06:25+00:00","twitter_card":"summary_large_image","schema":{"@context":"https:\/\/schema.org","@graph":[{"@type":"WebPage","@id":"https:\/\/spinbetter.space\/sk\/download\/","url":"https:\/\/spinbetter.space\/sk\/download\/","name":"Ako stiahnu\u0165 SpinBetter Slovensko > Sprievodca a tipy","isPartOf":{"@id":"https:\/\/spinbetter.space\/sk\/#website"},"datePublished":"2024-09-25T14:32:23+00:00","dateModified":"2025-06-19T09:06:25+00:00","description":"Podrobn\u00e1 recenzia aplik\u00e1cie SpinBetter Slovensko. Pre\u010d\u00edtajte si, ako si stiahnu\u0165 SpinBetter a vyu\u017ei\u0165 ju naplno: hry, st\u00e1vky a exkluz\u00edvne bonusy!","breadcrumb":{"@id":"https:\/\/spinbetter.space\/sk\/download\/#breadcrumb"},"inLanguage":"sk-SK","potentialAction":[{"@type":"ReadAction","target":["https:\/\/spinbetter.space\/sk\/download\/"]}]},{"@type":"BreadcrumbList","@id":"https:\/\/spinbetter.space\/sk\/download\/#breadcrumb","itemListElement":[{"@type":"ListItem","position":1,"name":"\u0413\u043b\u0430\u0432\u043d\u0430\u044f \u0441\u0442\u0440\u0430\u043d\u0438\u0446\u0430","item":"https:\/\/spinbetter.space\/sk\/"},{"@type":"ListItem","position":2,"name":"Stiahnite si"}]},{"@type":"WebSite","@id":"https:\/\/spinbetter.space\/sk\/#website","url":"https:\/\/spinbetter.space\/sk\/","name":"spinbetter team sk","description":"My WordPress Blog","potentialAction":[{"@type":"SearchAction","target":{"@type":"EntryPoint","urlTemplate":"https:\/\/spinbetter.space\/sk\/?s={search_term_string}"},"query-input":{"@type":"PropertyValueSpecification","valueRequired":true,"valueName":"search_term_string"}}],"inLanguage":"sk-SK"}]}},"_links":{"self":[{"href":"https:\/\/spinbetter.space\/sk\/wp-json\/wp\/v2\/pages\/334","targetHints":{"allow":["GET"]}}],"collection":[{"href":"https:\/\/spinbetter.space\/sk\/wp-json\/wp\/v2\/pages"}],"about":[{"href":"https:\/\/spinbetter.space\/sk\/wp-json\/wp\/v2\/types\/page"}],"author":[{"embeddable":true,"href":"https:\/\/spinbetter.space\/sk\/wp-json\/wp\/v2\/users\/1"}],"replies":[{"embeddable":true,"href":"https:\/\/spinbetter.space\/sk\/wp-json\/wp\/v2\/comments?post=334"}],"version-history":[{"count":22,"href":"https:\/\/spinbetter.space\/sk\/wp-json\/wp\/v2\/pages\/334\/revisions"}],"predecessor-version":[{"id":541,"href":"https:\/\/spinbetter.space\/sk\/wp-json\/wp\/v2\/pages\/334\/revisions\/541"}],"wp:attachment":[{"href":"https:\/\/spinbetter.space\/sk\/wp-json\/wp\/v2\/media?parent=334"}],"curies":[{"name":"wp","href":"https:\/\/api.w.org\/{rel}","templated":true}]}}