{"id":238,"date":"2024-09-20T08:33:08","date_gmt":"2024-09-20T08:33:08","guid":{"rendered":"https:\/\/spinbetter.team\/sk\/?page_id=238"},"modified":"2025-06-19T09:06:42","modified_gmt":"2025-06-19T09:06:42","slug":"promo-code","status":"publish","type":"page","link":"https:\/\/spinbetter.space\/sk\/promo-code\/","title":{"rendered":"Propaga\u010dn\u00fd k\u00f3d"},"content":{"rendered":"","protected":false},"excerpt":{"rendered":"","protected":false},"author":1,"featured_media":0,"parent":0,"menu_order":0,"comment_status":"closed","ping_status":"closed","template":"","meta":{"footnotes":""},"class_list":["post-238","page","type-page","status-publish","hentry"],"yoast_head":"<!-- This site is optimized with the Yoast SEO plugin v23.5 - https:\/\/yoast.com\/wordpress\/plugins\/seo\/ -->\n<title>Propaga\u010dn\u00e9 k\u00f3dy SpinBetter Slovensko &gt; Tipy, bonusy a v\u00fdhody<\/title>\n<meta name=\"description\" content=\"Nau\u010dte sa efekt\u00edvne pou\u017e\u00edva\u0165 propaga\u010dn\u00e9 k\u00f3dy SpinBetter Slovensko. Jednoduch\u00e9 tipy, jedine\u010dn\u00e9 bonusy a mo\u017enosti, ako zv\u00fd\u0161i\u0165 svoje v\u00fdhry pomocou promo k\u00f3dov SpinBetter!\" \/>\n<meta name=\"robots\" content=\"index, follow, max-snippet:-1, max-image-preview:large, max-video-preview:-1\" \/>\n<meta property=\"og:locale\" content=\"sk_SK\" \/>\n<meta property=\"og:type\" content=\"article\" \/>\n<meta property=\"og:title\" content=\"Propaga\u010dn\u00e9 k\u00f3dy SpinBetter Slovensko &gt; Tipy, bonusy a v\u00fdhody\" \/>\n<meta property=\"og:description\" content=\"Nau\u010dte sa efekt\u00edvne pou\u017e\u00edva\u0165 propaga\u010dn\u00e9 k\u00f3dy SpinBetter Slovensko. Jednoduch\u00e9 tipy, jedine\u010dn\u00e9 bonusy a mo\u017enosti, ako zv\u00fd\u0161i\u0165 svoje v\u00fdhry pomocou promo k\u00f3dov SpinBetter!\" \/>\n<meta property=\"og:url\" content=\"https:\/\/spinbetter.space\/sk\/promo-code\/\" \/>\n<meta property=\"og:site_name\" content=\"spinbetter team sk\" \/>\n<meta property=\"article:modified_time\" content=\"2025-06-19T09:06:42+00:00\" \/>\n<meta name=\"twitter:card\" content=\"summary_large_image\" \/>\n<script type=\"application\/ld+json\" class=\"yoast-schema-graph\">{\"@context\":\"https:\/\/schema.org\",\"@graph\":[{\"@type\":\"WebPage\",\"@id\":\"https:\/\/spinbetter.space\/sk\/promo-code\/\",\"url\":\"https:\/\/spinbetter.space\/sk\/promo-code\/\",\"name\":\"Propaga\u010dn\u00e9 k\u00f3dy SpinBetter Slovensko > Tipy, bonusy a v\u00fdhody\",\"isPartOf\":{\"@id\":\"https:\/\/spinbetter.space\/sk\/#website\"},\"datePublished\":\"2024-09-20T08:33:08+00:00\",\"dateModified\":\"2025-06-19T09:06:42+00:00\",\"description\":\"Nau\u010dte sa efekt\u00edvne pou\u017e\u00edva\u0165 propaga\u010dn\u00e9 k\u00f3dy SpinBetter Slovensko. Jednoduch\u00e9 tipy, jedine\u010dn\u00e9 bonusy a mo\u017enosti, ako zv\u00fd\u0161i\u0165 svoje v\u00fdhry pomocou promo k\u00f3dov SpinBetter!\",\"breadcrumb\":{\"@id\":\"https:\/\/spinbetter.space\/sk\/promo-code\/#breadcrumb\"},\"inLanguage\":\"sk-SK\",\"potentialAction\":[{\"@type\":\"ReadAction\",\"target\":[\"https:\/\/spinbetter.space\/sk\/promo-code\/\"]}]},{\"@type\":\"BreadcrumbList\",\"@id\":\"https:\/\/spinbetter.space\/sk\/promo-code\/#breadcrumb\",\"itemListElement\":[{\"@type\":\"ListItem\",\"position\":1,\"name\":\"\u0413\u043b\u0430\u0432\u043d\u0430\u044f \u0441\u0442\u0440\u0430\u043d\u0438\u0446\u0430\",\"item\":\"https:\/\/spinbetter.space\/sk\/\"},{\"@type\":\"ListItem\",\"position\":2,\"name\":\"Propaga\u010dn\u00fd k\u00f3d\"}]},{\"@type\":\"WebSite\",\"@id\":\"https:\/\/spinbetter.space\/sk\/#website\",\"url\":\"https:\/\/spinbetter.space\/sk\/\",\"name\":\"spinbetter team sk\",\"description\":\"My WordPress Blog\",\"potentialAction\":[{\"@type\":\"SearchAction\",\"target\":{\"@type\":\"EntryPoint\",\"urlTemplate\":\"https:\/\/spinbetter.space\/sk\/?s={search_term_string}\"},\"query-input\":{\"@type\":\"PropertyValueSpecification\",\"valueRequired\":true,\"valueName\":\"search_term_string\"}}],\"inLanguage\":\"sk-SK\"}]}<\/script>\n<!-- \/ Yoast SEO plugin. -->","yoast_head_json":{"title":"Propaga\u010dn\u00e9 k\u00f3dy SpinBetter Slovensko > Tipy, bonusy a v\u00fdhody","description":"Nau\u010dte sa efekt\u00edvne pou\u017e\u00edva\u0165 propaga\u010dn\u00e9 k\u00f3dy SpinBetter Slovensko. Jednoduch\u00e9 tipy, jedine\u010dn\u00e9 bonusy a mo\u017enosti, ako zv\u00fd\u0161i\u0165 svoje v\u00fdhry pomocou promo k\u00f3dov SpinBetter!","robots":{"index":"index","follow":"follow","max-snippet":"max-snippet:-1","max-image-preview":"max-image-preview:large","max-video-preview":"max-video-preview:-1"},"og_locale":"sk_SK","og_type":"article","og_title":"Propaga\u010dn\u00e9 k\u00f3dy SpinBetter Slovensko > Tipy, bonusy a v\u00fdhody","og_description":"Nau\u010dte sa efekt\u00edvne pou\u017e\u00edva\u0165 propaga\u010dn\u00e9 k\u00f3dy SpinBetter Slovensko. Jednoduch\u00e9 tipy, jedine\u010dn\u00e9 bonusy a mo\u017enosti, ako zv\u00fd\u0161i\u0165 svoje v\u00fdhry pomocou promo k\u00f3dov SpinBetter!","og_url":"https:\/\/spinbetter.space\/sk\/promo-code\/","og_site_name":"spinbetter team sk","article_modified_time":"2025-06-19T09:06:42+00:00","twitter_card":"summary_large_image","schema":{"@context":"https:\/\/schema.org","@graph":[{"@type":"WebPage","@id":"https:\/\/spinbetter.space\/sk\/promo-code\/","url":"https:\/\/spinbetter.space\/sk\/promo-code\/","name":"Propaga\u010dn\u00e9 k\u00f3dy SpinBetter Slovensko > Tipy, bonusy a v\u00fdhody","isPartOf":{"@id":"https:\/\/spinbetter.space\/sk\/#website"},"datePublished":"2024-09-20T08:33:08+00:00","dateModified":"2025-06-19T09:06:42+00:00","description":"Nau\u010dte sa efekt\u00edvne pou\u017e\u00edva\u0165 propaga\u010dn\u00e9 k\u00f3dy SpinBetter Slovensko. Jednoduch\u00e9 tipy, jedine\u010dn\u00e9 bonusy a mo\u017enosti, ako zv\u00fd\u0161i\u0165 svoje v\u00fdhry pomocou promo k\u00f3dov SpinBetter!","breadcrumb":{"@id":"https:\/\/spinbetter.space\/sk\/promo-code\/#breadcrumb"},"inLanguage":"sk-SK","potentialAction":[{"@type":"ReadAction","target":["https:\/\/spinbetter.space\/sk\/promo-code\/"]}]},{"@type":"BreadcrumbList","@id":"https:\/\/spinbetter.space\/sk\/promo-code\/#breadcrumb","itemListElement":[{"@type":"ListItem","position":1,"name":"\u0413\u043b\u0430\u0432\u043d\u0430\u044f \u0441\u0442\u0440\u0430\u043d\u0438\u0446\u0430","item":"https:\/\/spinbetter.space\/sk\/"},{"@type":"ListItem","position":2,"name":"Propaga\u010dn\u00fd k\u00f3d"}]},{"@type":"WebSite","@id":"https:\/\/spinbetter.space\/sk\/#website","url":"https:\/\/spinbetter.space\/sk\/","name":"spinbetter team sk","description":"My WordPress Blog","potentialAction":[{"@type":"SearchAction","target":{"@type":"EntryPoint","urlTemplate":"https:\/\/spinbetter.space\/sk\/?s={search_term_string}"},"query-input":{"@type":"PropertyValueSpecification","valueRequired":true,"valueName":"search_term_string"}}],"inLanguage":"sk-SK"}]}},"_links":{"self":[{"href":"https:\/\/spinbetter.space\/sk\/wp-json\/wp\/v2\/pages\/238","targetHints":{"allow":["GET"]}}],"collection":[{"href":"https:\/\/spinbetter.space\/sk\/wp-json\/wp\/v2\/pages"}],"about":[{"href":"https:\/\/spinbetter.space\/sk\/wp-json\/wp\/v2\/types\/page"}],"author":[{"embeddable":true,"href":"https:\/\/spinbetter.space\/sk\/wp-json\/wp\/v2\/users\/1"}],"replies":[{"embeddable":true,"href":"https:\/\/spinbetter.space\/sk\/wp-json\/wp\/v2\/comments?post=238"}],"version-history":[{"count":20,"href":"https:\/\/spinbetter.space\/sk\/wp-json\/wp\/v2\/pages\/238\/revisions"}],"predecessor-version":[{"id":542,"href":"https:\/\/spinbetter.space\/sk\/wp-json\/wp\/v2\/pages\/238\/revisions\/542"}],"wp:attachment":[{"href":"https:\/\/spinbetter.space\/sk\/wp-json\/wp\/v2\/media?parent=238"}],"curies":[{"name":"wp","href":"https:\/\/api.w.org\/{rel}","templated":true}]}}