{"id":152,"date":"2023-05-18T17:39:43","date_gmt":"2023-05-18T17:39:43","guid":{"rendered":"https:\/\/spinbetter.team\/sk\/?page_id=152"},"modified":"2025-08-13T08:54:32","modified_gmt":"2025-08-13T08:54:32","slug":"bonuses","status":"publish","type":"page","link":"https:\/\/spinbetter.space\/sk\/bonuses\/","title":{"rendered":"Bonusy"},"content":{"rendered":"","protected":false},"excerpt":{"rendered":"","protected":false},"author":1,"featured_media":0,"parent":0,"menu_order":0,"comment_status":"closed","ping_status":"closed","template":"","meta":{"footnotes":""},"class_list":["post-152","page","type-page","status-publish","hentry"],"yoast_head":"<!-- This site is optimized with the Yoast SEO plugin v23.5 - https:\/\/yoast.com\/wordpress\/plugins\/seo\/ -->\n<title>Bonusy SpinBetter Slovensko &gt; varianty, podmienky a tipy<\/title>\n<meta name=\"description\" content=\"Zistite, ako z\u00edska\u0165 a vyu\u017e\u00edva\u0165 bonusy SpinBetter Slovensko s maxim\u00e1lnym pr\u00ednosom. V\u0161etko o najlep\u0161\u00edch bonusoch SpinBetter, podmienkach, po\u017eiadavk\u00e1ch na st\u00e1vkovanie a v\u00fdplat\u00e1ch bonusov!\" \/>\n<meta name=\"robots\" content=\"index, follow, max-snippet:-1, max-image-preview:large, max-video-preview:-1\" \/>\n<meta property=\"og:locale\" content=\"sk_SK\" \/>\n<meta property=\"og:type\" content=\"article\" \/>\n<meta property=\"og:title\" content=\"Bonusy SpinBetter Slovensko &gt; varianty, podmienky a tipy\" \/>\n<meta property=\"og:description\" content=\"Zistite, ako z\u00edska\u0165 a vyu\u017e\u00edva\u0165 bonusy SpinBetter Slovensko s maxim\u00e1lnym pr\u00ednosom. V\u0161etko o najlep\u0161\u00edch bonusoch SpinBetter, podmienkach, po\u017eiadavk\u00e1ch na st\u00e1vkovanie a v\u00fdplat\u00e1ch bonusov!\" \/>\n<meta property=\"og:url\" content=\"https:\/\/spinbetter.space\/sk\/bonuses\/\" \/>\n<meta property=\"og:site_name\" content=\"spinbetter team sk\" \/>\n<meta property=\"article:modified_time\" content=\"2025-08-13T08:54:32+00:00\" \/>\n<meta name=\"twitter:card\" content=\"summary_large_image\" \/>\n<script type=\"application\/ld+json\" class=\"yoast-schema-graph\">{\"@context\":\"https:\/\/schema.org\",\"@graph\":[{\"@type\":\"WebPage\",\"@id\":\"https:\/\/spinbetter.space\/sk\/bonuses\/\",\"url\":\"https:\/\/spinbetter.space\/sk\/bonuses\/\",\"name\":\"Bonusy SpinBetter Slovensko > varianty, podmienky a tipy\",\"isPartOf\":{\"@id\":\"https:\/\/spinbetter.space\/sk\/#website\"},\"datePublished\":\"2023-05-18T17:39:43+00:00\",\"dateModified\":\"2025-08-13T08:54:32+00:00\",\"description\":\"Zistite, ako z\u00edska\u0165 a vyu\u017e\u00edva\u0165 bonusy SpinBetter Slovensko s maxim\u00e1lnym pr\u00ednosom. V\u0161etko o najlep\u0161\u00edch bonusoch SpinBetter, podmienkach, po\u017eiadavk\u00e1ch na st\u00e1vkovanie a v\u00fdplat\u00e1ch bonusov!\",\"breadcrumb\":{\"@id\":\"https:\/\/spinbetter.space\/sk\/bonuses\/#breadcrumb\"},\"inLanguage\":\"sk-SK\",\"potentialAction\":[{\"@type\":\"ReadAction\",\"target\":[\"https:\/\/spinbetter.space\/sk\/bonuses\/\"]}]},{\"@type\":\"BreadcrumbList\",\"@id\":\"https:\/\/spinbetter.space\/sk\/bonuses\/#breadcrumb\",\"itemListElement\":[{\"@type\":\"ListItem\",\"position\":1,\"name\":\"\u0413\u043b\u0430\u0432\u043d\u0430\u044f \u0441\u0442\u0440\u0430\u043d\u0438\u0446\u0430\",\"item\":\"https:\/\/spinbetter.space\/sk\/\"},{\"@type\":\"ListItem\",\"position\":2,\"name\":\"Bonusy\"}]},{\"@type\":\"WebSite\",\"@id\":\"https:\/\/spinbetter.space\/sk\/#website\",\"url\":\"https:\/\/spinbetter.space\/sk\/\",\"name\":\"spinbetter team sk\",\"description\":\"My WordPress Blog\",\"potentialAction\":[{\"@type\":\"SearchAction\",\"target\":{\"@type\":\"EntryPoint\",\"urlTemplate\":\"https:\/\/spinbetter.space\/sk\/?s={search_term_string}\"},\"query-input\":{\"@type\":\"PropertyValueSpecification\",\"valueRequired\":true,\"valueName\":\"search_term_string\"}}],\"inLanguage\":\"sk-SK\"}]}<\/script>\n<!-- \/ Yoast SEO plugin. -->","yoast_head_json":{"title":"Bonusy SpinBetter Slovensko > varianty, podmienky a tipy","description":"Zistite, ako z\u00edska\u0165 a vyu\u017e\u00edva\u0165 bonusy SpinBetter Slovensko s maxim\u00e1lnym pr\u00ednosom. V\u0161etko o najlep\u0161\u00edch bonusoch SpinBetter, podmienkach, po\u017eiadavk\u00e1ch na st\u00e1vkovanie a v\u00fdplat\u00e1ch bonusov!","robots":{"index":"index","follow":"follow","max-snippet":"max-snippet:-1","max-image-preview":"max-image-preview:large","max-video-preview":"max-video-preview:-1"},"og_locale":"sk_SK","og_type":"article","og_title":"Bonusy SpinBetter Slovensko > varianty, podmienky a tipy","og_description":"Zistite, ako z\u00edska\u0165 a vyu\u017e\u00edva\u0165 bonusy SpinBetter Slovensko s maxim\u00e1lnym pr\u00ednosom. V\u0161etko o najlep\u0161\u00edch bonusoch SpinBetter, podmienkach, po\u017eiadavk\u00e1ch na st\u00e1vkovanie a v\u00fdplat\u00e1ch bonusov!","og_url":"https:\/\/spinbetter.space\/sk\/bonuses\/","og_site_name":"spinbetter team sk","article_modified_time":"2025-08-13T08:54:32+00:00","twitter_card":"summary_large_image","schema":{"@context":"https:\/\/schema.org","@graph":[{"@type":"WebPage","@id":"https:\/\/spinbetter.space\/sk\/bonuses\/","url":"https:\/\/spinbetter.space\/sk\/bonuses\/","name":"Bonusy SpinBetter Slovensko > varianty, podmienky a tipy","isPartOf":{"@id":"https:\/\/spinbetter.space\/sk\/#website"},"datePublished":"2023-05-18T17:39:43+00:00","dateModified":"2025-08-13T08:54:32+00:00","description":"Zistite, ako z\u00edska\u0165 a vyu\u017e\u00edva\u0165 bonusy SpinBetter Slovensko s maxim\u00e1lnym pr\u00ednosom. V\u0161etko o najlep\u0161\u00edch bonusoch SpinBetter, podmienkach, po\u017eiadavk\u00e1ch na st\u00e1vkovanie a v\u00fdplat\u00e1ch bonusov!","breadcrumb":{"@id":"https:\/\/spinbetter.space\/sk\/bonuses\/#breadcrumb"},"inLanguage":"sk-SK","potentialAction":[{"@type":"ReadAction","target":["https:\/\/spinbetter.space\/sk\/bonuses\/"]}]},{"@type":"BreadcrumbList","@id":"https:\/\/spinbetter.space\/sk\/bonuses\/#breadcrumb","itemListElement":[{"@type":"ListItem","position":1,"name":"\u0413\u043b\u0430\u0432\u043d\u0430\u044f \u0441\u0442\u0440\u0430\u043d\u0438\u0446\u0430","item":"https:\/\/spinbetter.space\/sk\/"},{"@type":"ListItem","position":2,"name":"Bonusy"}]},{"@type":"WebSite","@id":"https:\/\/spinbetter.space\/sk\/#website","url":"https:\/\/spinbetter.space\/sk\/","name":"spinbetter team sk","description":"My WordPress Blog","potentialAction":[{"@type":"SearchAction","target":{"@type":"EntryPoint","urlTemplate":"https:\/\/spinbetter.space\/sk\/?s={search_term_string}"},"query-input":{"@type":"PropertyValueSpecification","valueRequired":true,"valueName":"search_term_string"}}],"inLanguage":"sk-SK"}]}},"_links":{"self":[{"href":"https:\/\/spinbetter.space\/sk\/wp-json\/wp\/v2\/pages\/152","targetHints":{"allow":["GET"]}}],"collection":[{"href":"https:\/\/spinbetter.space\/sk\/wp-json\/wp\/v2\/pages"}],"about":[{"href":"https:\/\/spinbetter.space\/sk\/wp-json\/wp\/v2\/types\/page"}],"author":[{"embeddable":true,"href":"https:\/\/spinbetter.space\/sk\/wp-json\/wp\/v2\/users\/1"}],"replies":[{"embeddable":true,"href":"https:\/\/spinbetter.space\/sk\/wp-json\/wp\/v2\/comments?post=152"}],"version-history":[{"count":23,"href":"https:\/\/spinbetter.space\/sk\/wp-json\/wp\/v2\/pages\/152\/revisions"}],"predecessor-version":[{"id":586,"href":"https:\/\/spinbetter.space\/sk\/wp-json\/wp\/v2\/pages\/152\/revisions\/586"}],"wp:attachment":[{"href":"https:\/\/spinbetter.space\/sk\/wp-json\/wp\/v2\/media?parent=152"}],"curies":[{"name":"wp","href":"https:\/\/api.w.org\/{rel}","templated":true}]}}