{"id":615,"date":"2025-07-11T12:57:38","date_gmt":"2025-07-11T12:57:38","guid":{"rendered":"https:\/\/spinbetter.space\/se\/?page_id=615"},"modified":"2025-07-11T12:57:44","modified_gmt":"2025-07-11T12:57:44","slug":"spinbetter-vip-program","status":"publish","type":"page","link":"https:\/\/spinbetter.space\/se\/bonuses\/spinbetter-vip-program\/","title":{"rendered":"SpinBetter VIP-program"},"content":{"rendered":"","protected":false},"excerpt":{"rendered":"","protected":false},"author":1,"featured_media":0,"parent":152,"menu_order":0,"comment_status":"closed","ping_status":"closed","template":"","meta":{"footnotes":""},"class_list":["post-615","page","type-page","status-publish","hentry"],"yoast_head":"<!-- This site is optimized with the Yoast SEO plugin v23.5 - https:\/\/yoast.com\/wordpress\/plugins\/seo\/ -->\n<title>SpinBetter VIP-program \u1405 G\u00e5 med och f\u00e5 mer<\/title>\n<meta name=\"description\" content=\"G\u00e5 med i SpinBetters lojalitetsprogram. H\u00f6j din niv\u00e5, f\u00e5 mer cashback och fri tillg\u00e5ng till exklusiva kampanjer och VIP-bonusar!\" \/>\n<meta name=\"robots\" content=\"index, follow, max-snippet:-1, max-image-preview:large, max-video-preview:-1\" \/>\n<meta property=\"og:locale\" content=\"sv_SE\" \/>\n<meta property=\"og:type\" content=\"article\" \/>\n<meta property=\"og:title\" content=\"SpinBetter VIP-program \u1405 G\u00e5 med och f\u00e5 mer\" \/>\n<meta property=\"og:description\" content=\"G\u00e5 med i SpinBetters lojalitetsprogram. H\u00f6j din niv\u00e5, f\u00e5 mer cashback och fri tillg\u00e5ng till exklusiva kampanjer och VIP-bonusar!\" \/>\n<meta property=\"og:url\" content=\"https:\/\/spinbetter.space\/se\/bonuses\/spinbetter-vip-program\/\" \/>\n<meta property=\"og:site_name\" content=\"Spinbetter team SE\" \/>\n<meta property=\"article:modified_time\" content=\"2025-07-11T12:57:44+00:00\" \/>\n<meta name=\"twitter:card\" content=\"summary_large_image\" \/>\n<script type=\"application\/ld+json\" class=\"yoast-schema-graph\">{\"@context\":\"https:\/\/schema.org\",\"@graph\":[{\"@type\":\"WebPage\",\"@id\":\"https:\/\/spinbetter.space\/se\/bonuses\/spinbetter-vip-program\/\",\"url\":\"https:\/\/spinbetter.space\/se\/bonuses\/spinbetter-vip-program\/\",\"name\":\"SpinBetter VIP-program \u1405 G\u00e5 med och f\u00e5 mer\",\"isPartOf\":{\"@id\":\"https:\/\/spinbetter.space\/se\/#website\"},\"datePublished\":\"2025-07-11T12:57:38+00:00\",\"dateModified\":\"2025-07-11T12:57:44+00:00\",\"description\":\"G\u00e5 med i SpinBetters lojalitetsprogram. H\u00f6j din niv\u00e5, f\u00e5 mer cashback och fri tillg\u00e5ng till exklusiva kampanjer och VIP-bonusar!\",\"breadcrumb\":{\"@id\":\"https:\/\/spinbetter.space\/se\/bonuses\/spinbetter-vip-program\/#breadcrumb\"},\"inLanguage\":\"sv-SE\",\"potentialAction\":[{\"@type\":\"ReadAction\",\"target\":[\"https:\/\/spinbetter.space\/se\/bonuses\/spinbetter-vip-program\/\"]}]},{\"@type\":\"BreadcrumbList\",\"@id\":\"https:\/\/spinbetter.space\/se\/bonuses\/spinbetter-vip-program\/#breadcrumb\",\"itemListElement\":[{\"@type\":\"ListItem\",\"position\":1,\"name\":\"\u0413\u043b\u0430\u0432\u043d\u0430\u044f \u0441\u0442\u0440\u0430\u043d\u0438\u0446\u0430\",\"item\":\"https:\/\/spinbetter.space\/se\/\"},{\"@type\":\"ListItem\",\"position\":2,\"name\":\"Bonusar\",\"item\":\"https:\/\/spinbetter.space\/se\/bonuses\/\"},{\"@type\":\"ListItem\",\"position\":3,\"name\":\"SpinBetter VIP-program\"}]},{\"@type\":\"WebSite\",\"@id\":\"https:\/\/spinbetter.space\/se\/#website\",\"url\":\"https:\/\/spinbetter.space\/se\/\",\"name\":\"Spinbetter team SE\",\"description\":\"My WordPress Blog\",\"potentialAction\":[{\"@type\":\"SearchAction\",\"target\":{\"@type\":\"EntryPoint\",\"urlTemplate\":\"https:\/\/spinbetter.space\/se\/?s={search_term_string}\"},\"query-input\":{\"@type\":\"PropertyValueSpecification\",\"valueRequired\":true,\"valueName\":\"search_term_string\"}}],\"inLanguage\":\"sv-SE\"}]}<\/script>\n<!-- \/ Yoast SEO plugin. -->","yoast_head_json":{"title":"SpinBetter VIP-program \u1405 G\u00e5 med och f\u00e5 mer","description":"G\u00e5 med i SpinBetters lojalitetsprogram. H\u00f6j din niv\u00e5, f\u00e5 mer cashback och fri tillg\u00e5ng till exklusiva kampanjer och VIP-bonusar!","robots":{"index":"index","follow":"follow","max-snippet":"max-snippet:-1","max-image-preview":"max-image-preview:large","max-video-preview":"max-video-preview:-1"},"og_locale":"sv_SE","og_type":"article","og_title":"SpinBetter VIP-program \u1405 G\u00e5 med och f\u00e5 mer","og_description":"G\u00e5 med i SpinBetters lojalitetsprogram. H\u00f6j din niv\u00e5, f\u00e5 mer cashback och fri tillg\u00e5ng till exklusiva kampanjer och VIP-bonusar!","og_url":"https:\/\/spinbetter.space\/se\/bonuses\/spinbetter-vip-program\/","og_site_name":"Spinbetter team SE","article_modified_time":"2025-07-11T12:57:44+00:00","twitter_card":"summary_large_image","schema":{"@context":"https:\/\/schema.org","@graph":[{"@type":"WebPage","@id":"https:\/\/spinbetter.space\/se\/bonuses\/spinbetter-vip-program\/","url":"https:\/\/spinbetter.space\/se\/bonuses\/spinbetter-vip-program\/","name":"SpinBetter VIP-program \u1405 G\u00e5 med och f\u00e5 mer","isPartOf":{"@id":"https:\/\/spinbetter.space\/se\/#website"},"datePublished":"2025-07-11T12:57:38+00:00","dateModified":"2025-07-11T12:57:44+00:00","description":"G\u00e5 med i SpinBetters lojalitetsprogram. H\u00f6j din niv\u00e5, f\u00e5 mer cashback och fri tillg\u00e5ng till exklusiva kampanjer och VIP-bonusar!","breadcrumb":{"@id":"https:\/\/spinbetter.space\/se\/bonuses\/spinbetter-vip-program\/#breadcrumb"},"inLanguage":"sv-SE","potentialAction":[{"@type":"ReadAction","target":["https:\/\/spinbetter.space\/se\/bonuses\/spinbetter-vip-program\/"]}]},{"@type":"BreadcrumbList","@id":"https:\/\/spinbetter.space\/se\/bonuses\/spinbetter-vip-program\/#breadcrumb","itemListElement":[{"@type":"ListItem","position":1,"name":"\u0413\u043b\u0430\u0432\u043d\u0430\u044f \u0441\u0442\u0440\u0430\u043d\u0438\u0446\u0430","item":"https:\/\/spinbetter.space\/se\/"},{"@type":"ListItem","position":2,"name":"Bonusar","item":"https:\/\/spinbetter.space\/se\/bonuses\/"},{"@type":"ListItem","position":3,"name":"SpinBetter VIP-program"}]},{"@type":"WebSite","@id":"https:\/\/spinbetter.space\/se\/#website","url":"https:\/\/spinbetter.space\/se\/","name":"Spinbetter team SE","description":"My WordPress Blog","potentialAction":[{"@type":"SearchAction","target":{"@type":"EntryPoint","urlTemplate":"https:\/\/spinbetter.space\/se\/?s={search_term_string}"},"query-input":{"@type":"PropertyValueSpecification","valueRequired":true,"valueName":"search_term_string"}}],"inLanguage":"sv-SE"}]}},"_links":{"self":[{"href":"https:\/\/spinbetter.space\/se\/wp-json\/wp\/v2\/pages\/615","targetHints":{"allow":["GET"]}}],"collection":[{"href":"https:\/\/spinbetter.space\/se\/wp-json\/wp\/v2\/pages"}],"about":[{"href":"https:\/\/spinbetter.space\/se\/wp-json\/wp\/v2\/types\/page"}],"author":[{"embeddable":true,"href":"https:\/\/spinbetter.space\/se\/wp-json\/wp\/v2\/users\/1"}],"replies":[{"embeddable":true,"href":"https:\/\/spinbetter.space\/se\/wp-json\/wp\/v2\/comments?post=615"}],"version-history":[{"count":1,"href":"https:\/\/spinbetter.space\/se\/wp-json\/wp\/v2\/pages\/615\/revisions"}],"predecessor-version":[{"id":616,"href":"https:\/\/spinbetter.space\/se\/wp-json\/wp\/v2\/pages\/615\/revisions\/616"}],"up":[{"embeddable":true,"href":"https:\/\/spinbetter.space\/se\/wp-json\/wp\/v2\/pages\/152"}],"wp:attachment":[{"href":"https:\/\/spinbetter.space\/se\/wp-json\/wp\/v2\/media?parent=615"}],"curies":[{"name":"wp","href":"https:\/\/api.w.org\/{rel}","templated":true}]}}