{"id":609,"date":"2025-06-26T14:30:09","date_gmt":"2025-06-26T14:30:09","guid":{"rendered":"https:\/\/spinbetter.space\/se\/?page_id=609"},"modified":"2025-06-26T14:30:15","modified_gmt":"2025-06-26T14:30:15","slug":"first-deposit","status":"publish","type":"page","link":"https:\/\/spinbetter.space\/se\/bonuses\/first-deposit\/","title":{"rendered":"F\u00f6rsta ins\u00e4ttningen"},"content":{"rendered":"","protected":false},"excerpt":{"rendered":"","protected":false},"author":1,"featured_media":0,"parent":152,"menu_order":0,"comment_status":"closed","ping_status":"closed","template":"","meta":{"footnotes":""},"class_list":["post-609","page","type-page","status-publish","hentry"],"yoast_head":"<!-- This site is optimized with the Yoast SEO plugin v23.5 - https:\/\/yoast.com\/wordpress\/plugins\/seo\/ -->\n<title>SpinBetter 100% bonus p\u00e5 f\u00f6rsta ins\u00e4ttningen &gt; f\u00e5 upp till 100 EUR<\/title>\n<meta name=\"description\" content=\"Registrera dig p\u00e5 SpinBetter casino och f\u00e5 100% bonus upp till 100 EUR p\u00e5 din f\u00f6rsta ins\u00e4ttning. Spelet b\u00f6rjar med dubbel kraft!\" \/>\n<meta name=\"robots\" content=\"index, follow, max-snippet:-1, max-image-preview:large, max-video-preview:-1\" \/>\n<meta property=\"og:locale\" content=\"sv_SE\" \/>\n<meta property=\"og:type\" content=\"article\" \/>\n<meta property=\"og:title\" content=\"SpinBetter 100% bonus p\u00e5 f\u00f6rsta ins\u00e4ttningen &gt; f\u00e5 upp till 100 EUR\" \/>\n<meta property=\"og:description\" content=\"Registrera dig p\u00e5 SpinBetter casino och f\u00e5 100% bonus upp till 100 EUR p\u00e5 din f\u00f6rsta ins\u00e4ttning. Spelet b\u00f6rjar med dubbel kraft!\" \/>\n<meta property=\"og:url\" content=\"https:\/\/spinbetter.space\/se\/bonuses\/first-deposit\/\" \/>\n<meta property=\"og:site_name\" content=\"Spinbetter team SE\" \/>\n<meta property=\"article:modified_time\" content=\"2025-06-26T14:30:15+00:00\" \/>\n<meta name=\"twitter:card\" content=\"summary_large_image\" \/>\n<script type=\"application\/ld+json\" class=\"yoast-schema-graph\">{\"@context\":\"https:\/\/schema.org\",\"@graph\":[{\"@type\":\"WebPage\",\"@id\":\"https:\/\/spinbetter.space\/se\/bonuses\/first-deposit\/\",\"url\":\"https:\/\/spinbetter.space\/se\/bonuses\/first-deposit\/\",\"name\":\"SpinBetter 100% bonus p\u00e5 f\u00f6rsta ins\u00e4ttningen > f\u00e5 upp till 100 EUR\",\"isPartOf\":{\"@id\":\"https:\/\/spinbetter.space\/se\/#website\"},\"datePublished\":\"2025-06-26T14:30:09+00:00\",\"dateModified\":\"2025-06-26T14:30:15+00:00\",\"description\":\"Registrera dig p\u00e5 SpinBetter casino och f\u00e5 100% bonus upp till 100 EUR p\u00e5 din f\u00f6rsta ins\u00e4ttning. Spelet b\u00f6rjar med dubbel kraft!\",\"breadcrumb\":{\"@id\":\"https:\/\/spinbetter.space\/se\/bonuses\/first-deposit\/#breadcrumb\"},\"inLanguage\":\"sv-SE\",\"potentialAction\":[{\"@type\":\"ReadAction\",\"target\":[\"https:\/\/spinbetter.space\/se\/bonuses\/first-deposit\/\"]}]},{\"@type\":\"BreadcrumbList\",\"@id\":\"https:\/\/spinbetter.space\/se\/bonuses\/first-deposit\/#breadcrumb\",\"itemListElement\":[{\"@type\":\"ListItem\",\"position\":1,\"name\":\"\u0413\u043b\u0430\u0432\u043d\u0430\u044f \u0441\u0442\u0440\u0430\u043d\u0438\u0446\u0430\",\"item\":\"https:\/\/spinbetter.space\/se\/\"},{\"@type\":\"ListItem\",\"position\":2,\"name\":\"Bonusar\",\"item\":\"https:\/\/spinbetter.space\/se\/bonuses\/\"},{\"@type\":\"ListItem\",\"position\":3,\"name\":\"F\u00f6rsta ins\u00e4ttningen\"}]},{\"@type\":\"WebSite\",\"@id\":\"https:\/\/spinbetter.space\/se\/#website\",\"url\":\"https:\/\/spinbetter.space\/se\/\",\"name\":\"Spinbetter team SE\",\"description\":\"My WordPress Blog\",\"potentialAction\":[{\"@type\":\"SearchAction\",\"target\":{\"@type\":\"EntryPoint\",\"urlTemplate\":\"https:\/\/spinbetter.space\/se\/?s={search_term_string}\"},\"query-input\":{\"@type\":\"PropertyValueSpecification\",\"valueRequired\":true,\"valueName\":\"search_term_string\"}}],\"inLanguage\":\"sv-SE\"}]}<\/script>\n<!-- \/ Yoast SEO plugin. -->","yoast_head_json":{"title":"SpinBetter 100% bonus p\u00e5 f\u00f6rsta ins\u00e4ttningen > f\u00e5 upp till 100 EUR","description":"Registrera dig p\u00e5 SpinBetter casino och f\u00e5 100% bonus upp till 100 EUR p\u00e5 din f\u00f6rsta ins\u00e4ttning. Spelet b\u00f6rjar med dubbel kraft!","robots":{"index":"index","follow":"follow","max-snippet":"max-snippet:-1","max-image-preview":"max-image-preview:large","max-video-preview":"max-video-preview:-1"},"og_locale":"sv_SE","og_type":"article","og_title":"SpinBetter 100% bonus p\u00e5 f\u00f6rsta ins\u00e4ttningen > f\u00e5 upp till 100 EUR","og_description":"Registrera dig p\u00e5 SpinBetter casino och f\u00e5 100% bonus upp till 100 EUR p\u00e5 din f\u00f6rsta ins\u00e4ttning. Spelet b\u00f6rjar med dubbel kraft!","og_url":"https:\/\/spinbetter.space\/se\/bonuses\/first-deposit\/","og_site_name":"Spinbetter team SE","article_modified_time":"2025-06-26T14:30:15+00:00","twitter_card":"summary_large_image","schema":{"@context":"https:\/\/schema.org","@graph":[{"@type":"WebPage","@id":"https:\/\/spinbetter.space\/se\/bonuses\/first-deposit\/","url":"https:\/\/spinbetter.space\/se\/bonuses\/first-deposit\/","name":"SpinBetter 100% bonus p\u00e5 f\u00f6rsta ins\u00e4ttningen > f\u00e5 upp till 100 EUR","isPartOf":{"@id":"https:\/\/spinbetter.space\/se\/#website"},"datePublished":"2025-06-26T14:30:09+00:00","dateModified":"2025-06-26T14:30:15+00:00","description":"Registrera dig p\u00e5 SpinBetter casino och f\u00e5 100% bonus upp till 100 EUR p\u00e5 din f\u00f6rsta ins\u00e4ttning. Spelet b\u00f6rjar med dubbel kraft!","breadcrumb":{"@id":"https:\/\/spinbetter.space\/se\/bonuses\/first-deposit\/#breadcrumb"},"inLanguage":"sv-SE","potentialAction":[{"@type":"ReadAction","target":["https:\/\/spinbetter.space\/se\/bonuses\/first-deposit\/"]}]},{"@type":"BreadcrumbList","@id":"https:\/\/spinbetter.space\/se\/bonuses\/first-deposit\/#breadcrumb","itemListElement":[{"@type":"ListItem","position":1,"name":"\u0413\u043b\u0430\u0432\u043d\u0430\u044f \u0441\u0442\u0440\u0430\u043d\u0438\u0446\u0430","item":"https:\/\/spinbetter.space\/se\/"},{"@type":"ListItem","position":2,"name":"Bonusar","item":"https:\/\/spinbetter.space\/se\/bonuses\/"},{"@type":"ListItem","position":3,"name":"F\u00f6rsta ins\u00e4ttningen"}]},{"@type":"WebSite","@id":"https:\/\/spinbetter.space\/se\/#website","url":"https:\/\/spinbetter.space\/se\/","name":"Spinbetter team SE","description":"My WordPress Blog","potentialAction":[{"@type":"SearchAction","target":{"@type":"EntryPoint","urlTemplate":"https:\/\/spinbetter.space\/se\/?s={search_term_string}"},"query-input":{"@type":"PropertyValueSpecification","valueRequired":true,"valueName":"search_term_string"}}],"inLanguage":"sv-SE"}]}},"_links":{"self":[{"href":"https:\/\/spinbetter.space\/se\/wp-json\/wp\/v2\/pages\/609","targetHints":{"allow":["GET"]}}],"collection":[{"href":"https:\/\/spinbetter.space\/se\/wp-json\/wp\/v2\/pages"}],"about":[{"href":"https:\/\/spinbetter.space\/se\/wp-json\/wp\/v2\/types\/page"}],"author":[{"embeddable":true,"href":"https:\/\/spinbetter.space\/se\/wp-json\/wp\/v2\/users\/1"}],"replies":[{"embeddable":true,"href":"https:\/\/spinbetter.space\/se\/wp-json\/wp\/v2\/comments?post=609"}],"version-history":[{"count":1,"href":"https:\/\/spinbetter.space\/se\/wp-json\/wp\/v2\/pages\/609\/revisions"}],"predecessor-version":[{"id":610,"href":"https:\/\/spinbetter.space\/se\/wp-json\/wp\/v2\/pages\/609\/revisions\/610"}],"up":[{"embeddable":true,"href":"https:\/\/spinbetter.space\/se\/wp-json\/wp\/v2\/pages\/152"}],"wp:attachment":[{"href":"https:\/\/spinbetter.space\/se\/wp-json\/wp\/v2\/media?parent=609"}],"curies":[{"name":"wp","href":"https:\/\/api.w.org\/{rel}","templated":true}]}}