{"id":601,"date":"2025-06-26T14:21:04","date_gmt":"2025-06-26T14:21:04","guid":{"rendered":"https:\/\/spinbetter.space\/se\/?page_id=601"},"modified":"2025-06-26T14:21:11","modified_gmt":"2025-06-26T14:21:11","slug":"vote-freebet","status":"publish","type":"page","link":"https:\/\/spinbetter.space\/se\/bonuses\/vote-freebet\/","title":{"rendered":"Gratisspel"},"content":{"rendered":"","protected":false},"excerpt":{"rendered":"","protected":false},"author":1,"featured_media":0,"parent":152,"menu_order":0,"comment_status":"closed","ping_status":"closed","template":"","meta":{"footnotes":""},"class_list":["post-601","page","type-page","status-publish","hentry"],"yoast_head":"<!-- This site is optimized with the Yoast SEO plugin v23.5 - https:\/\/yoast.com\/wordpress\/plugins\/seo\/ -->\n<title>SpinBetter casino-kampanj &gt; R\u00f6sta p\u00e5 din sport<\/title>\n<meta name=\"description\" content=\"V\u00e4lj din sport, slutf\u00f6r enkla uppgifter och f\u00e5 ett gratisspel p\u00e5 upp till 200 EUR. R\u00f6sta, spela och vinn p\u00e5 SpinBetter - delta fram till 27 juli 2025!\" \/>\n<meta name=\"robots\" content=\"index, follow, max-snippet:-1, max-image-preview:large, max-video-preview:-1\" \/>\n<meta property=\"og:locale\" content=\"sv_SE\" \/>\n<meta property=\"og:type\" content=\"article\" \/>\n<meta property=\"og:title\" content=\"SpinBetter casino-kampanj &gt; R\u00f6sta p\u00e5 din sport\" \/>\n<meta property=\"og:description\" content=\"V\u00e4lj din sport, slutf\u00f6r enkla uppgifter och f\u00e5 ett gratisspel p\u00e5 upp till 200 EUR. R\u00f6sta, spela och vinn p\u00e5 SpinBetter - delta fram till 27 juli 2025!\" \/>\n<meta property=\"og:url\" content=\"https:\/\/spinbetter.space\/se\/bonuses\/vote-freebet\/\" \/>\n<meta property=\"og:site_name\" content=\"Spinbetter team SE\" \/>\n<meta property=\"article:modified_time\" content=\"2025-06-26T14:21:11+00:00\" \/>\n<meta name=\"twitter:card\" content=\"summary_large_image\" \/>\n<script type=\"application\/ld+json\" class=\"yoast-schema-graph\">{\"@context\":\"https:\/\/schema.org\",\"@graph\":[{\"@type\":\"WebPage\",\"@id\":\"https:\/\/spinbetter.space\/se\/bonuses\/vote-freebet\/\",\"url\":\"https:\/\/spinbetter.space\/se\/bonuses\/vote-freebet\/\",\"name\":\"SpinBetter casino-kampanj > R\u00f6sta p\u00e5 din sport\",\"isPartOf\":{\"@id\":\"https:\/\/spinbetter.space\/se\/#website\"},\"datePublished\":\"2025-06-26T14:21:04+00:00\",\"dateModified\":\"2025-06-26T14:21:11+00:00\",\"description\":\"V\u00e4lj din sport, slutf\u00f6r enkla uppgifter och f\u00e5 ett gratisspel p\u00e5 upp till 200 EUR. R\u00f6sta, spela och vinn p\u00e5 SpinBetter - delta fram till 27 juli 2025!\",\"breadcrumb\":{\"@id\":\"https:\/\/spinbetter.space\/se\/bonuses\/vote-freebet\/#breadcrumb\"},\"inLanguage\":\"sv-SE\",\"potentialAction\":[{\"@type\":\"ReadAction\",\"target\":[\"https:\/\/spinbetter.space\/se\/bonuses\/vote-freebet\/\"]}]},{\"@type\":\"BreadcrumbList\",\"@id\":\"https:\/\/spinbetter.space\/se\/bonuses\/vote-freebet\/#breadcrumb\",\"itemListElement\":[{\"@type\":\"ListItem\",\"position\":1,\"name\":\"\u0413\u043b\u0430\u0432\u043d\u0430\u044f \u0441\u0442\u0440\u0430\u043d\u0438\u0446\u0430\",\"item\":\"https:\/\/spinbetter.space\/se\/\"},{\"@type\":\"ListItem\",\"position\":2,\"name\":\"Bonusar\",\"item\":\"https:\/\/spinbetter.space\/se\/bonuses\/\"},{\"@type\":\"ListItem\",\"position\":3,\"name\":\"Gratisspel\"}]},{\"@type\":\"WebSite\",\"@id\":\"https:\/\/spinbetter.space\/se\/#website\",\"url\":\"https:\/\/spinbetter.space\/se\/\",\"name\":\"Spinbetter team SE\",\"description\":\"My WordPress Blog\",\"potentialAction\":[{\"@type\":\"SearchAction\",\"target\":{\"@type\":\"EntryPoint\",\"urlTemplate\":\"https:\/\/spinbetter.space\/se\/?s={search_term_string}\"},\"query-input\":{\"@type\":\"PropertyValueSpecification\",\"valueRequired\":true,\"valueName\":\"search_term_string\"}}],\"inLanguage\":\"sv-SE\"}]}<\/script>\n<!-- \/ Yoast SEO plugin. -->","yoast_head_json":{"title":"SpinBetter casino-kampanj > R\u00f6sta p\u00e5 din sport","description":"V\u00e4lj din sport, slutf\u00f6r enkla uppgifter och f\u00e5 ett gratisspel p\u00e5 upp till 200 EUR. R\u00f6sta, spela och vinn p\u00e5 SpinBetter - delta fram till 27 juli 2025!","robots":{"index":"index","follow":"follow","max-snippet":"max-snippet:-1","max-image-preview":"max-image-preview:large","max-video-preview":"max-video-preview:-1"},"og_locale":"sv_SE","og_type":"article","og_title":"SpinBetter casino-kampanj > R\u00f6sta p\u00e5 din sport","og_description":"V\u00e4lj din sport, slutf\u00f6r enkla uppgifter och f\u00e5 ett gratisspel p\u00e5 upp till 200 EUR. R\u00f6sta, spela och vinn p\u00e5 SpinBetter - delta fram till 27 juli 2025!","og_url":"https:\/\/spinbetter.space\/se\/bonuses\/vote-freebet\/","og_site_name":"Spinbetter team SE","article_modified_time":"2025-06-26T14:21:11+00:00","twitter_card":"summary_large_image","schema":{"@context":"https:\/\/schema.org","@graph":[{"@type":"WebPage","@id":"https:\/\/spinbetter.space\/se\/bonuses\/vote-freebet\/","url":"https:\/\/spinbetter.space\/se\/bonuses\/vote-freebet\/","name":"SpinBetter casino-kampanj > R\u00f6sta p\u00e5 din sport","isPartOf":{"@id":"https:\/\/spinbetter.space\/se\/#website"},"datePublished":"2025-06-26T14:21:04+00:00","dateModified":"2025-06-26T14:21:11+00:00","description":"V\u00e4lj din sport, slutf\u00f6r enkla uppgifter och f\u00e5 ett gratisspel p\u00e5 upp till 200 EUR. R\u00f6sta, spela och vinn p\u00e5 SpinBetter - delta fram till 27 juli 2025!","breadcrumb":{"@id":"https:\/\/spinbetter.space\/se\/bonuses\/vote-freebet\/#breadcrumb"},"inLanguage":"sv-SE","potentialAction":[{"@type":"ReadAction","target":["https:\/\/spinbetter.space\/se\/bonuses\/vote-freebet\/"]}]},{"@type":"BreadcrumbList","@id":"https:\/\/spinbetter.space\/se\/bonuses\/vote-freebet\/#breadcrumb","itemListElement":[{"@type":"ListItem","position":1,"name":"\u0413\u043b\u0430\u0432\u043d\u0430\u044f \u0441\u0442\u0440\u0430\u043d\u0438\u0446\u0430","item":"https:\/\/spinbetter.space\/se\/"},{"@type":"ListItem","position":2,"name":"Bonusar","item":"https:\/\/spinbetter.space\/se\/bonuses\/"},{"@type":"ListItem","position":3,"name":"Gratisspel"}]},{"@type":"WebSite","@id":"https:\/\/spinbetter.space\/se\/#website","url":"https:\/\/spinbetter.space\/se\/","name":"Spinbetter team SE","description":"My WordPress Blog","potentialAction":[{"@type":"SearchAction","target":{"@type":"EntryPoint","urlTemplate":"https:\/\/spinbetter.space\/se\/?s={search_term_string}"},"query-input":{"@type":"PropertyValueSpecification","valueRequired":true,"valueName":"search_term_string"}}],"inLanguage":"sv-SE"}]}},"_links":{"self":[{"href":"https:\/\/spinbetter.space\/se\/wp-json\/wp\/v2\/pages\/601","targetHints":{"allow":["GET"]}}],"collection":[{"href":"https:\/\/spinbetter.space\/se\/wp-json\/wp\/v2\/pages"}],"about":[{"href":"https:\/\/spinbetter.space\/se\/wp-json\/wp\/v2\/types\/page"}],"author":[{"embeddable":true,"href":"https:\/\/spinbetter.space\/se\/wp-json\/wp\/v2\/users\/1"}],"replies":[{"embeddable":true,"href":"https:\/\/spinbetter.space\/se\/wp-json\/wp\/v2\/comments?post=601"}],"version-history":[{"count":1,"href":"https:\/\/spinbetter.space\/se\/wp-json\/wp\/v2\/pages\/601\/revisions"}],"predecessor-version":[{"id":602,"href":"https:\/\/spinbetter.space\/se\/wp-json\/wp\/v2\/pages\/601\/revisions\/602"}],"up":[{"embeddable":true,"href":"https:\/\/spinbetter.space\/se\/wp-json\/wp\/v2\/pages\/152"}],"wp:attachment":[{"href":"https:\/\/spinbetter.space\/se\/wp-json\/wp\/v2\/media?parent=601"}],"curies":[{"name":"wp","href":"https:\/\/api.w.org\/{rel}","templated":true}]}}