{"id":363,"date":"2024-09-26T08:40:59","date_gmt":"2024-09-26T08:40:59","guid":{"rendered":"https:\/\/spinbetter.space\/se\/?page_id=363"},"modified":"2025-06-19T09:33:50","modified_gmt":"2025-06-19T09:33:50","slug":"mirror","status":"publish","type":"page","link":"https:\/\/spinbetter.space\/se\/mirror\/","title":{"rendered":"Spegel"},"content":{"rendered":"","protected":false},"excerpt":{"rendered":"","protected":false},"author":1,"featured_media":0,"parent":0,"menu_order":0,"comment_status":"closed","ping_status":"closed","template":"","meta":{"footnotes":""},"class_list":["post-363","page","type-page","status-publish","hentry"],"yoast_head":"<!-- This site is optimized with the Yoast SEO plugin v23.5 - https:\/\/yoast.com\/wordpress\/plugins\/seo\/ -->\n<title>L\u00e5sa upp SpinBetter Sweden-speglar &gt; alternativ<\/title>\n<meta name=\"description\" content=\"L\u00e5s upp v\u00e4rlden av Sverige SpinBetter-speglar: ta reda p\u00e5 hur de fungerar, f\u00e5 tillg\u00e5ng till de senaste l\u00e4nkarna och f\u00f6rvara dina data enkelt.\" \/>\n<meta name=\"robots\" content=\"index, follow, max-snippet:-1, max-image-preview:large, max-video-preview:-1\" \/>\n<meta property=\"og:locale\" content=\"sv_SE\" \/>\n<meta property=\"og:type\" content=\"article\" \/>\n<meta property=\"og:title\" content=\"L\u00e5sa upp SpinBetter Sweden-speglar &gt; alternativ\" \/>\n<meta property=\"og:description\" content=\"L\u00e5s upp v\u00e4rlden av Sverige SpinBetter-speglar: ta reda p\u00e5 hur de fungerar, f\u00e5 tillg\u00e5ng till de senaste l\u00e4nkarna och f\u00f6rvara dina data enkelt.\" \/>\n<meta property=\"og:url\" content=\"https:\/\/spinbetter.space\/se\/mirror\/\" \/>\n<meta property=\"og:site_name\" content=\"Spinbetter team SE\" \/>\n<meta property=\"article:modified_time\" content=\"2025-06-19T09:33:50+00:00\" \/>\n<meta name=\"twitter:card\" content=\"summary_large_image\" \/>\n<script type=\"application\/ld+json\" class=\"yoast-schema-graph\">{\"@context\":\"https:\/\/schema.org\",\"@graph\":[{\"@type\":\"WebPage\",\"@id\":\"https:\/\/spinbetter.space\/se\/mirror\/\",\"url\":\"https:\/\/spinbetter.space\/se\/mirror\/\",\"name\":\"L\u00e5sa upp SpinBetter Sweden-speglar > alternativ\",\"isPartOf\":{\"@id\":\"https:\/\/spinbetter.space\/se\/#website\"},\"datePublished\":\"2024-09-26T08:40:59+00:00\",\"dateModified\":\"2025-06-19T09:33:50+00:00\",\"description\":\"L\u00e5s upp v\u00e4rlden av Sverige SpinBetter-speglar: ta reda p\u00e5 hur de fungerar, f\u00e5 tillg\u00e5ng till de senaste l\u00e4nkarna och f\u00f6rvara dina data enkelt.\",\"breadcrumb\":{\"@id\":\"https:\/\/spinbetter.space\/se\/mirror\/#breadcrumb\"},\"inLanguage\":\"sv-SE\",\"potentialAction\":[{\"@type\":\"ReadAction\",\"target\":[\"https:\/\/spinbetter.space\/se\/mirror\/\"]}]},{\"@type\":\"BreadcrumbList\",\"@id\":\"https:\/\/spinbetter.space\/se\/mirror\/#breadcrumb\",\"itemListElement\":[{\"@type\":\"ListItem\",\"position\":1,\"name\":\"\u0413\u043b\u0430\u0432\u043d\u0430\u044f \u0441\u0442\u0440\u0430\u043d\u0438\u0446\u0430\",\"item\":\"https:\/\/spinbetter.space\/se\/\"},{\"@type\":\"ListItem\",\"position\":2,\"name\":\"Spegel\"}]},{\"@type\":\"WebSite\",\"@id\":\"https:\/\/spinbetter.space\/se\/#website\",\"url\":\"https:\/\/spinbetter.space\/se\/\",\"name\":\"Spinbetter team SE\",\"description\":\"My WordPress Blog\",\"potentialAction\":[{\"@type\":\"SearchAction\",\"target\":{\"@type\":\"EntryPoint\",\"urlTemplate\":\"https:\/\/spinbetter.space\/se\/?s={search_term_string}\"},\"query-input\":{\"@type\":\"PropertyValueSpecification\",\"valueRequired\":true,\"valueName\":\"search_term_string\"}}],\"inLanguage\":\"sv-SE\"}]}<\/script>\n<!-- \/ Yoast SEO plugin. -->","yoast_head_json":{"title":"L\u00e5sa upp SpinBetter Sweden-speglar > alternativ","description":"L\u00e5s upp v\u00e4rlden av Sverige SpinBetter-speglar: ta reda p\u00e5 hur de fungerar, f\u00e5 tillg\u00e5ng till de senaste l\u00e4nkarna och f\u00f6rvara dina data enkelt.","robots":{"index":"index","follow":"follow","max-snippet":"max-snippet:-1","max-image-preview":"max-image-preview:large","max-video-preview":"max-video-preview:-1"},"og_locale":"sv_SE","og_type":"article","og_title":"L\u00e5sa upp SpinBetter Sweden-speglar > alternativ","og_description":"L\u00e5s upp v\u00e4rlden av Sverige SpinBetter-speglar: ta reda p\u00e5 hur de fungerar, f\u00e5 tillg\u00e5ng till de senaste l\u00e4nkarna och f\u00f6rvara dina data enkelt.","og_url":"https:\/\/spinbetter.space\/se\/mirror\/","og_site_name":"Spinbetter team SE","article_modified_time":"2025-06-19T09:33:50+00:00","twitter_card":"summary_large_image","schema":{"@context":"https:\/\/schema.org","@graph":[{"@type":"WebPage","@id":"https:\/\/spinbetter.space\/se\/mirror\/","url":"https:\/\/spinbetter.space\/se\/mirror\/","name":"L\u00e5sa upp SpinBetter Sweden-speglar > alternativ","isPartOf":{"@id":"https:\/\/spinbetter.space\/se\/#website"},"datePublished":"2024-09-26T08:40:59+00:00","dateModified":"2025-06-19T09:33:50+00:00","description":"L\u00e5s upp v\u00e4rlden av Sverige SpinBetter-speglar: ta reda p\u00e5 hur de fungerar, f\u00e5 tillg\u00e5ng till de senaste l\u00e4nkarna och f\u00f6rvara dina data enkelt.","breadcrumb":{"@id":"https:\/\/spinbetter.space\/se\/mirror\/#breadcrumb"},"inLanguage":"sv-SE","potentialAction":[{"@type":"ReadAction","target":["https:\/\/spinbetter.space\/se\/mirror\/"]}]},{"@type":"BreadcrumbList","@id":"https:\/\/spinbetter.space\/se\/mirror\/#breadcrumb","itemListElement":[{"@type":"ListItem","position":1,"name":"\u0413\u043b\u0430\u0432\u043d\u0430\u044f \u0441\u0442\u0440\u0430\u043d\u0438\u0446\u0430","item":"https:\/\/spinbetter.space\/se\/"},{"@type":"ListItem","position":2,"name":"Spegel"}]},{"@type":"WebSite","@id":"https:\/\/spinbetter.space\/se\/#website","url":"https:\/\/spinbetter.space\/se\/","name":"Spinbetter team SE","description":"My WordPress Blog","potentialAction":[{"@type":"SearchAction","target":{"@type":"EntryPoint","urlTemplate":"https:\/\/spinbetter.space\/se\/?s={search_term_string}"},"query-input":{"@type":"PropertyValueSpecification","valueRequired":true,"valueName":"search_term_string"}}],"inLanguage":"sv-SE"}]}},"_links":{"self":[{"href":"https:\/\/spinbetter.space\/se\/wp-json\/wp\/v2\/pages\/363","targetHints":{"allow":["GET"]}}],"collection":[{"href":"https:\/\/spinbetter.space\/se\/wp-json\/wp\/v2\/pages"}],"about":[{"href":"https:\/\/spinbetter.space\/se\/wp-json\/wp\/v2\/types\/page"}],"author":[{"embeddable":true,"href":"https:\/\/spinbetter.space\/se\/wp-json\/wp\/v2\/users\/1"}],"replies":[{"embeddable":true,"href":"https:\/\/spinbetter.space\/se\/wp-json\/wp\/v2\/comments?post=363"}],"version-history":[{"count":12,"href":"https:\/\/spinbetter.space\/se\/wp-json\/wp\/v2\/pages\/363\/revisions"}],"predecessor-version":[{"id":560,"href":"https:\/\/spinbetter.space\/se\/wp-json\/wp\/v2\/pages\/363\/revisions\/560"}],"wp:attachment":[{"href":"https:\/\/spinbetter.space\/se\/wp-json\/wp\/v2\/media?parent=363"}],"curies":[{"name":"wp","href":"https:\/\/api.w.org\/{rel}","templated":true}]}}