{"id":214,"date":"2024-09-19T08:40:42","date_gmt":"2024-09-19T08:40:42","guid":{"rendered":"https:\/\/spinbetter.space\/se\/?page_id=214"},"modified":"2025-06-19T09:31:41","modified_gmt":"2025-06-19T09:31:41","slug":"login","status":"publish","type":"page","link":"https:\/\/spinbetter.space\/se\/login\/","title":{"rendered":"Inloggning"},"content":{"rendered":"","protected":false},"excerpt":{"rendered":"","protected":false},"author":1,"featured_media":0,"parent":0,"menu_order":0,"comment_status":"closed","ping_status":"closed","template":"","meta":{"footnotes":""},"class_list":["post-214","page","type-page","status-publish","hentry"],"yoast_head":"<!-- This site is optimized with the Yoast SEO plugin v23.5 - https:\/\/yoast.com\/wordpress\/plugins\/seo\/ -->\n<title>SpinBetter Sverige-inloggning | Din guide till enkel \u00e5tkomst<\/title>\n<meta name=\"description\" content=\"F\u00e5 tillg\u00e5ng till SpinBetter Sverige enkelt och s\u00e4kert med olika inloggningsmetoder. F\u00e5 enkla tips f\u00f6r att skydda ditt konto.\" \/>\n<meta name=\"robots\" content=\"index, follow, max-snippet:-1, max-image-preview:large, max-video-preview:-1\" \/>\n<meta property=\"og:locale\" content=\"sv_SE\" \/>\n<meta property=\"og:type\" content=\"article\" \/>\n<meta property=\"og:title\" content=\"SpinBetter Sverige-inloggning | Din guide till enkel \u00e5tkomst\" \/>\n<meta property=\"og:description\" content=\"F\u00e5 tillg\u00e5ng till SpinBetter Sverige enkelt och s\u00e4kert med olika inloggningsmetoder. F\u00e5 enkla tips f\u00f6r att skydda ditt konto.\" \/>\n<meta property=\"og:url\" content=\"https:\/\/spinbetter.space\/se\/login\/\" \/>\n<meta property=\"og:site_name\" content=\"Spinbetter team SE\" \/>\n<meta property=\"article:modified_time\" content=\"2025-06-19T09:31:41+00:00\" \/>\n<meta name=\"twitter:card\" content=\"summary_large_image\" \/>\n<script type=\"application\/ld+json\" class=\"yoast-schema-graph\">{\"@context\":\"https:\/\/schema.org\",\"@graph\":[{\"@type\":\"WebPage\",\"@id\":\"https:\/\/spinbetter.space\/se\/login\/\",\"url\":\"https:\/\/spinbetter.space\/se\/login\/\",\"name\":\"SpinBetter Sverige-inloggning | Din guide till enkel \u00e5tkomst\",\"isPartOf\":{\"@id\":\"https:\/\/spinbetter.space\/se\/#website\"},\"datePublished\":\"2024-09-19T08:40:42+00:00\",\"dateModified\":\"2025-06-19T09:31:41+00:00\",\"description\":\"F\u00e5 tillg\u00e5ng till SpinBetter Sverige enkelt och s\u00e4kert med olika inloggningsmetoder. F\u00e5 enkla tips f\u00f6r att skydda ditt konto.\",\"breadcrumb\":{\"@id\":\"https:\/\/spinbetter.space\/se\/login\/#breadcrumb\"},\"inLanguage\":\"sv-SE\",\"potentialAction\":[{\"@type\":\"ReadAction\",\"target\":[\"https:\/\/spinbetter.space\/se\/login\/\"]}]},{\"@type\":\"BreadcrumbList\",\"@id\":\"https:\/\/spinbetter.space\/se\/login\/#breadcrumb\",\"itemListElement\":[{\"@type\":\"ListItem\",\"position\":1,\"name\":\"\u0413\u043b\u0430\u0432\u043d\u0430\u044f \u0441\u0442\u0440\u0430\u043d\u0438\u0446\u0430\",\"item\":\"https:\/\/spinbetter.space\/se\/\"},{\"@type\":\"ListItem\",\"position\":2,\"name\":\"Inloggning\"}]},{\"@type\":\"WebSite\",\"@id\":\"https:\/\/spinbetter.space\/se\/#website\",\"url\":\"https:\/\/spinbetter.space\/se\/\",\"name\":\"Spinbetter team SE\",\"description\":\"My WordPress Blog\",\"potentialAction\":[{\"@type\":\"SearchAction\",\"target\":{\"@type\":\"EntryPoint\",\"urlTemplate\":\"https:\/\/spinbetter.space\/se\/?s={search_term_string}\"},\"query-input\":{\"@type\":\"PropertyValueSpecification\",\"valueRequired\":true,\"valueName\":\"search_term_string\"}}],\"inLanguage\":\"sv-SE\"}]}<\/script>\n<!-- \/ Yoast SEO plugin. -->","yoast_head_json":{"title":"SpinBetter Sverige-inloggning | Din guide till enkel \u00e5tkomst","description":"F\u00e5 tillg\u00e5ng till SpinBetter Sverige enkelt och s\u00e4kert med olika inloggningsmetoder. F\u00e5 enkla tips f\u00f6r att skydda ditt konto.","robots":{"index":"index","follow":"follow","max-snippet":"max-snippet:-1","max-image-preview":"max-image-preview:large","max-video-preview":"max-video-preview:-1"},"og_locale":"sv_SE","og_type":"article","og_title":"SpinBetter Sverige-inloggning | Din guide till enkel \u00e5tkomst","og_description":"F\u00e5 tillg\u00e5ng till SpinBetter Sverige enkelt och s\u00e4kert med olika inloggningsmetoder. F\u00e5 enkla tips f\u00f6r att skydda ditt konto.","og_url":"https:\/\/spinbetter.space\/se\/login\/","og_site_name":"Spinbetter team SE","article_modified_time":"2025-06-19T09:31:41+00:00","twitter_card":"summary_large_image","schema":{"@context":"https:\/\/schema.org","@graph":[{"@type":"WebPage","@id":"https:\/\/spinbetter.space\/se\/login\/","url":"https:\/\/spinbetter.space\/se\/login\/","name":"SpinBetter Sverige-inloggning | Din guide till enkel \u00e5tkomst","isPartOf":{"@id":"https:\/\/spinbetter.space\/se\/#website"},"datePublished":"2024-09-19T08:40:42+00:00","dateModified":"2025-06-19T09:31:41+00:00","description":"F\u00e5 tillg\u00e5ng till SpinBetter Sverige enkelt och s\u00e4kert med olika inloggningsmetoder. F\u00e5 enkla tips f\u00f6r att skydda ditt konto.","breadcrumb":{"@id":"https:\/\/spinbetter.space\/se\/login\/#breadcrumb"},"inLanguage":"sv-SE","potentialAction":[{"@type":"ReadAction","target":["https:\/\/spinbetter.space\/se\/login\/"]}]},{"@type":"BreadcrumbList","@id":"https:\/\/spinbetter.space\/se\/login\/#breadcrumb","itemListElement":[{"@type":"ListItem","position":1,"name":"\u0413\u043b\u0430\u0432\u043d\u0430\u044f \u0441\u0442\u0440\u0430\u043d\u0438\u0446\u0430","item":"https:\/\/spinbetter.space\/se\/"},{"@type":"ListItem","position":2,"name":"Inloggning"}]},{"@type":"WebSite","@id":"https:\/\/spinbetter.space\/se\/#website","url":"https:\/\/spinbetter.space\/se\/","name":"Spinbetter team SE","description":"My WordPress Blog","potentialAction":[{"@type":"SearchAction","target":{"@type":"EntryPoint","urlTemplate":"https:\/\/spinbetter.space\/se\/?s={search_term_string}"},"query-input":{"@type":"PropertyValueSpecification","valueRequired":true,"valueName":"search_term_string"}}],"inLanguage":"sv-SE"}]}},"_links":{"self":[{"href":"https:\/\/spinbetter.space\/se\/wp-json\/wp\/v2\/pages\/214","targetHints":{"allow":["GET"]}}],"collection":[{"href":"https:\/\/spinbetter.space\/se\/wp-json\/wp\/v2\/pages"}],"about":[{"href":"https:\/\/spinbetter.space\/se\/wp-json\/wp\/v2\/types\/page"}],"author":[{"embeddable":true,"href":"https:\/\/spinbetter.space\/se\/wp-json\/wp\/v2\/users\/1"}],"replies":[{"embeddable":true,"href":"https:\/\/spinbetter.space\/se\/wp-json\/wp\/v2\/comments?post=214"}],"version-history":[{"count":15,"href":"https:\/\/spinbetter.space\/se\/wp-json\/wp\/v2\/pages\/214\/revisions"}],"predecessor-version":[{"id":569,"href":"https:\/\/spinbetter.space\/se\/wp-json\/wp\/v2\/pages\/214\/revisions\/569"}],"wp:attachment":[{"href":"https:\/\/spinbetter.space\/se\/wp-json\/wp\/v2\/media?parent=214"}],"curies":[{"name":"wp","href":"https:\/\/api.w.org\/{rel}","templated":true}]}}