{"id":172,"date":"2024-09-18T11:04:01","date_gmt":"2024-09-18T11:04:01","guid":{"rendered":"https:\/\/spinbetter.space\/se\/?page_id=172"},"modified":"2025-06-19T09:30:54","modified_gmt":"2025-06-19T09:30:54","slug":"casino","status":"publish","type":"page","link":"https:\/\/spinbetter.space\/se\/casino\/","title":{"rendered":"Kasino"},"content":{"rendered":"","protected":false},"excerpt":{"rendered":"","protected":false},"author":1,"featured_media":0,"parent":0,"menu_order":0,"comment_status":"closed","ping_status":"closed","template":"","meta":{"footnotes":""},"class_list":["post-172","page","type-page","status-publish","hentry"],"yoast_head":"<!-- This site is optimized with the Yoast SEO plugin v23.5 - https:\/\/yoast.com\/wordpress\/plugins\/seo\/ -->\n<title>SpinBetter Sverige Casino &gt; En v\u00e4rld av spel, bonusar och l\u00e4tt kul<\/title>\n<meta name=\"description\" content=\"Utforska SpinBetter Sverige Casino med ett stort urval av spel, bonusar och vadslagningstips. B\u00f6rja din spelupplevelse med SpinBetter nu!\" \/>\n<meta name=\"robots\" content=\"index, follow, max-snippet:-1, max-image-preview:large, max-video-preview:-1\" \/>\n<meta property=\"og:locale\" content=\"sv_SE\" \/>\n<meta property=\"og:type\" content=\"article\" \/>\n<meta property=\"og:title\" content=\"SpinBetter Sverige Casino &gt; En v\u00e4rld av spel, bonusar och l\u00e4tt kul\" \/>\n<meta property=\"og:description\" content=\"Utforska SpinBetter Sverige Casino med ett stort urval av spel, bonusar och vadslagningstips. B\u00f6rja din spelupplevelse med SpinBetter nu!\" \/>\n<meta property=\"og:url\" content=\"https:\/\/spinbetter.space\/se\/casino\/\" \/>\n<meta property=\"og:site_name\" content=\"Spinbetter team SE\" \/>\n<meta property=\"article:modified_time\" content=\"2025-06-19T09:30:54+00:00\" \/>\n<meta name=\"twitter:card\" content=\"summary_large_image\" \/>\n<script type=\"application\/ld+json\" class=\"yoast-schema-graph\">{\"@context\":\"https:\/\/schema.org\",\"@graph\":[{\"@type\":\"WebPage\",\"@id\":\"https:\/\/spinbetter.space\/se\/casino\/\",\"url\":\"https:\/\/spinbetter.space\/se\/casino\/\",\"name\":\"SpinBetter Sverige Casino > En v\u00e4rld av spel, bonusar och l\u00e4tt kul\",\"isPartOf\":{\"@id\":\"https:\/\/spinbetter.space\/se\/#website\"},\"datePublished\":\"2024-09-18T11:04:01+00:00\",\"dateModified\":\"2025-06-19T09:30:54+00:00\",\"description\":\"Utforska SpinBetter Sverige Casino med ett stort urval av spel, bonusar och vadslagningstips. B\u00f6rja din spelupplevelse med SpinBetter nu!\",\"breadcrumb\":{\"@id\":\"https:\/\/spinbetter.space\/se\/casino\/#breadcrumb\"},\"inLanguage\":\"sv-SE\",\"potentialAction\":[{\"@type\":\"ReadAction\",\"target\":[\"https:\/\/spinbetter.space\/se\/casino\/\"]}]},{\"@type\":\"BreadcrumbList\",\"@id\":\"https:\/\/spinbetter.space\/se\/casino\/#breadcrumb\",\"itemListElement\":[{\"@type\":\"ListItem\",\"position\":1,\"name\":\"\u0413\u043b\u0430\u0432\u043d\u0430\u044f \u0441\u0442\u0440\u0430\u043d\u0438\u0446\u0430\",\"item\":\"https:\/\/spinbetter.space\/se\/\"},{\"@type\":\"ListItem\",\"position\":2,\"name\":\"Kasino\"}]},{\"@type\":\"WebSite\",\"@id\":\"https:\/\/spinbetter.space\/se\/#website\",\"url\":\"https:\/\/spinbetter.space\/se\/\",\"name\":\"Spinbetter team SE\",\"description\":\"My WordPress Blog\",\"potentialAction\":[{\"@type\":\"SearchAction\",\"target\":{\"@type\":\"EntryPoint\",\"urlTemplate\":\"https:\/\/spinbetter.space\/se\/?s={search_term_string}\"},\"query-input\":{\"@type\":\"PropertyValueSpecification\",\"valueRequired\":true,\"valueName\":\"search_term_string\"}}],\"inLanguage\":\"sv-SE\"}]}<\/script>\n<!-- \/ Yoast SEO plugin. -->","yoast_head_json":{"title":"SpinBetter Sverige Casino > En v\u00e4rld av spel, bonusar och l\u00e4tt kul","description":"Utforska SpinBetter Sverige Casino med ett stort urval av spel, bonusar och vadslagningstips. B\u00f6rja din spelupplevelse med SpinBetter nu!","robots":{"index":"index","follow":"follow","max-snippet":"max-snippet:-1","max-image-preview":"max-image-preview:large","max-video-preview":"max-video-preview:-1"},"og_locale":"sv_SE","og_type":"article","og_title":"SpinBetter Sverige Casino > En v\u00e4rld av spel, bonusar och l\u00e4tt kul","og_description":"Utforska SpinBetter Sverige Casino med ett stort urval av spel, bonusar och vadslagningstips. B\u00f6rja din spelupplevelse med SpinBetter nu!","og_url":"https:\/\/spinbetter.space\/se\/casino\/","og_site_name":"Spinbetter team SE","article_modified_time":"2025-06-19T09:30:54+00:00","twitter_card":"summary_large_image","schema":{"@context":"https:\/\/schema.org","@graph":[{"@type":"WebPage","@id":"https:\/\/spinbetter.space\/se\/casino\/","url":"https:\/\/spinbetter.space\/se\/casino\/","name":"SpinBetter Sverige Casino > En v\u00e4rld av spel, bonusar och l\u00e4tt kul","isPartOf":{"@id":"https:\/\/spinbetter.space\/se\/#website"},"datePublished":"2024-09-18T11:04:01+00:00","dateModified":"2025-06-19T09:30:54+00:00","description":"Utforska SpinBetter Sverige Casino med ett stort urval av spel, bonusar och vadslagningstips. B\u00f6rja din spelupplevelse med SpinBetter nu!","breadcrumb":{"@id":"https:\/\/spinbetter.space\/se\/casino\/#breadcrumb"},"inLanguage":"sv-SE","potentialAction":[{"@type":"ReadAction","target":["https:\/\/spinbetter.space\/se\/casino\/"]}]},{"@type":"BreadcrumbList","@id":"https:\/\/spinbetter.space\/se\/casino\/#breadcrumb","itemListElement":[{"@type":"ListItem","position":1,"name":"\u0413\u043b\u0430\u0432\u043d\u0430\u044f \u0441\u0442\u0440\u0430\u043d\u0438\u0446\u0430","item":"https:\/\/spinbetter.space\/se\/"},{"@type":"ListItem","position":2,"name":"Kasino"}]},{"@type":"WebSite","@id":"https:\/\/spinbetter.space\/se\/#website","url":"https:\/\/spinbetter.space\/se\/","name":"Spinbetter team SE","description":"My WordPress Blog","potentialAction":[{"@type":"SearchAction","target":{"@type":"EntryPoint","urlTemplate":"https:\/\/spinbetter.space\/se\/?s={search_term_string}"},"query-input":{"@type":"PropertyValueSpecification","valueRequired":true,"valueName":"search_term_string"}}],"inLanguage":"sv-SE"}]}},"_links":{"self":[{"href":"https:\/\/spinbetter.space\/se\/wp-json\/wp\/v2\/pages\/172","targetHints":{"allow":["GET"]}}],"collection":[{"href":"https:\/\/spinbetter.space\/se\/wp-json\/wp\/v2\/pages"}],"about":[{"href":"https:\/\/spinbetter.space\/se\/wp-json\/wp\/v2\/types\/page"}],"author":[{"embeddable":true,"href":"https:\/\/spinbetter.space\/se\/wp-json\/wp\/v2\/users\/1"}],"replies":[{"embeddable":true,"href":"https:\/\/spinbetter.space\/se\/wp-json\/wp\/v2\/comments?post=172"}],"version-history":[{"count":26,"href":"https:\/\/spinbetter.space\/se\/wp-json\/wp\/v2\/pages\/172\/revisions"}],"predecessor-version":[{"id":579,"href":"https:\/\/spinbetter.space\/se\/wp-json\/wp\/v2\/pages\/172\/revisions\/579"}],"wp:attachment":[{"href":"https:\/\/spinbetter.space\/se\/wp-json\/wp\/v2\/media?parent=172"}],"curies":[{"name":"wp","href":"https:\/\/api.w.org\/{rel}","templated":true}]}}