{"id":575,"date":"2025-06-26T11:54:55","date_gmt":"2025-06-26T11:54:55","guid":{"rendered":"https:\/\/spinbetter.space\/ro\/?page_id=575"},"modified":"2025-06-26T11:55:04","modified_gmt":"2025-06-26T11:55:04","slug":"first-deposit","status":"publish","type":"page","link":"https:\/\/spinbetter.space\/ro\/bonuses\/first-deposit\/","title":{"rendered":"Prima depunere"},"content":{"rendered":"","protected":false},"excerpt":{"rendered":"","protected":false},"author":1,"featured_media":0,"parent":152,"menu_order":0,"comment_status":"closed","ping_status":"closed","template":"","meta":{"footnotes":""},"class_list":["post-575","page","type-page","status-publish","hentry"],"yoast_head":"<!-- This site is optimized with the Yoast SEO plugin v23.5 - https:\/\/yoast.com\/wordpress\/plugins\/seo\/ -->\n<title>Bonus SpinBetter 100% la prima depunere &gt; p\u00e2n\u0103 la 100 EUR<\/title>\n<meta name=\"description\" content=\"\u00cenregistreaz\u0103-te la cazinoul SpinBetter \u0219i prime\u0219ti un bonus de 100% p\u00e2n\u0103 la 100 EUR la prima depunere. Jocul \u00eencepe cu dubl\u0103 putere!\" \/>\n<meta name=\"robots\" content=\"index, follow, max-snippet:-1, max-image-preview:large, max-video-preview:-1\" \/>\n<meta property=\"og:locale\" content=\"ro_RO\" \/>\n<meta property=\"og:type\" content=\"article\" \/>\n<meta property=\"og:title\" content=\"Bonus SpinBetter 100% la prima depunere &gt; p\u00e2n\u0103 la 100 EUR\" \/>\n<meta property=\"og:description\" content=\"\u00cenregistreaz\u0103-te la cazinoul SpinBetter \u0219i prime\u0219ti un bonus de 100% p\u00e2n\u0103 la 100 EUR la prima depunere. Jocul \u00eencepe cu dubl\u0103 putere!\" \/>\n<meta property=\"og:url\" content=\"https:\/\/spinbetter.space\/ro\/bonuses\/first-deposit\/\" \/>\n<meta property=\"og:site_name\" content=\"spinbetter team ro\" \/>\n<meta property=\"article:modified_time\" content=\"2025-06-26T11:55:04+00:00\" \/>\n<meta name=\"twitter:card\" content=\"summary_large_image\" \/>\n<script type=\"application\/ld+json\" class=\"yoast-schema-graph\">{\"@context\":\"https:\/\/schema.org\",\"@graph\":[{\"@type\":\"WebPage\",\"@id\":\"https:\/\/spinbetter.space\/ro\/bonuses\/first-deposit\/\",\"url\":\"https:\/\/spinbetter.space\/ro\/bonuses\/first-deposit\/\",\"name\":\"Bonus SpinBetter 100% la prima depunere > p\u00e2n\u0103 la 100 EUR\",\"isPartOf\":{\"@id\":\"https:\/\/spinbetter.space\/ro\/#website\"},\"datePublished\":\"2025-06-26T11:54:55+00:00\",\"dateModified\":\"2025-06-26T11:55:04+00:00\",\"description\":\"\u00cenregistreaz\u0103-te la cazinoul SpinBetter \u0219i prime\u0219ti un bonus de 100% p\u00e2n\u0103 la 100 EUR la prima depunere. Jocul \u00eencepe cu dubl\u0103 putere!\",\"breadcrumb\":{\"@id\":\"https:\/\/spinbetter.space\/ro\/bonuses\/first-deposit\/#breadcrumb\"},\"inLanguage\":\"ro-RO\",\"potentialAction\":[{\"@type\":\"ReadAction\",\"target\":[\"https:\/\/spinbetter.space\/ro\/bonuses\/first-deposit\/\"]}]},{\"@type\":\"BreadcrumbList\",\"@id\":\"https:\/\/spinbetter.space\/ro\/bonuses\/first-deposit\/#breadcrumb\",\"itemListElement\":[{\"@type\":\"ListItem\",\"position\":1,\"name\":\"\u0413\u043b\u0430\u0432\u043d\u0430\u044f \u0441\u0442\u0440\u0430\u043d\u0438\u0446\u0430\",\"item\":\"https:\/\/spinbetter.space\/ro\/\"},{\"@type\":\"ListItem\",\"position\":2,\"name\":\"Bonusuri\",\"item\":\"https:\/\/spinbetter.space\/ro\/bonuses\/\"},{\"@type\":\"ListItem\",\"position\":3,\"name\":\"Prima depunere\"}]},{\"@type\":\"WebSite\",\"@id\":\"https:\/\/spinbetter.space\/ro\/#website\",\"url\":\"https:\/\/spinbetter.space\/ro\/\",\"name\":\"spinbetter team ro\",\"description\":\"My WordPress Blog\",\"potentialAction\":[{\"@type\":\"SearchAction\",\"target\":{\"@type\":\"EntryPoint\",\"urlTemplate\":\"https:\/\/spinbetter.space\/ro\/?s={search_term_string}\"},\"query-input\":{\"@type\":\"PropertyValueSpecification\",\"valueRequired\":true,\"valueName\":\"search_term_string\"}}],\"inLanguage\":\"ro-RO\"}]}<\/script>\n<!-- \/ Yoast SEO plugin. -->","yoast_head_json":{"title":"Bonus SpinBetter 100% la prima depunere > p\u00e2n\u0103 la 100 EUR","description":"\u00cenregistreaz\u0103-te la cazinoul SpinBetter \u0219i prime\u0219ti un bonus de 100% p\u00e2n\u0103 la 100 EUR la prima depunere. Jocul \u00eencepe cu dubl\u0103 putere!","robots":{"index":"index","follow":"follow","max-snippet":"max-snippet:-1","max-image-preview":"max-image-preview:large","max-video-preview":"max-video-preview:-1"},"og_locale":"ro_RO","og_type":"article","og_title":"Bonus SpinBetter 100% la prima depunere > p\u00e2n\u0103 la 100 EUR","og_description":"\u00cenregistreaz\u0103-te la cazinoul SpinBetter \u0219i prime\u0219ti un bonus de 100% p\u00e2n\u0103 la 100 EUR la prima depunere. Jocul \u00eencepe cu dubl\u0103 putere!","og_url":"https:\/\/spinbetter.space\/ro\/bonuses\/first-deposit\/","og_site_name":"spinbetter team ro","article_modified_time":"2025-06-26T11:55:04+00:00","twitter_card":"summary_large_image","schema":{"@context":"https:\/\/schema.org","@graph":[{"@type":"WebPage","@id":"https:\/\/spinbetter.space\/ro\/bonuses\/first-deposit\/","url":"https:\/\/spinbetter.space\/ro\/bonuses\/first-deposit\/","name":"Bonus SpinBetter 100% la prima depunere > p\u00e2n\u0103 la 100 EUR","isPartOf":{"@id":"https:\/\/spinbetter.space\/ro\/#website"},"datePublished":"2025-06-26T11:54:55+00:00","dateModified":"2025-06-26T11:55:04+00:00","description":"\u00cenregistreaz\u0103-te la cazinoul SpinBetter \u0219i prime\u0219ti un bonus de 100% p\u00e2n\u0103 la 100 EUR la prima depunere. Jocul \u00eencepe cu dubl\u0103 putere!","breadcrumb":{"@id":"https:\/\/spinbetter.space\/ro\/bonuses\/first-deposit\/#breadcrumb"},"inLanguage":"ro-RO","potentialAction":[{"@type":"ReadAction","target":["https:\/\/spinbetter.space\/ro\/bonuses\/first-deposit\/"]}]},{"@type":"BreadcrumbList","@id":"https:\/\/spinbetter.space\/ro\/bonuses\/first-deposit\/#breadcrumb","itemListElement":[{"@type":"ListItem","position":1,"name":"\u0413\u043b\u0430\u0432\u043d\u0430\u044f \u0441\u0442\u0440\u0430\u043d\u0438\u0446\u0430","item":"https:\/\/spinbetter.space\/ro\/"},{"@type":"ListItem","position":2,"name":"Bonusuri","item":"https:\/\/spinbetter.space\/ro\/bonuses\/"},{"@type":"ListItem","position":3,"name":"Prima depunere"}]},{"@type":"WebSite","@id":"https:\/\/spinbetter.space\/ro\/#website","url":"https:\/\/spinbetter.space\/ro\/","name":"spinbetter team ro","description":"My WordPress Blog","potentialAction":[{"@type":"SearchAction","target":{"@type":"EntryPoint","urlTemplate":"https:\/\/spinbetter.space\/ro\/?s={search_term_string}"},"query-input":{"@type":"PropertyValueSpecification","valueRequired":true,"valueName":"search_term_string"}}],"inLanguage":"ro-RO"}]}},"_links":{"self":[{"href":"https:\/\/spinbetter.space\/ro\/wp-json\/wp\/v2\/pages\/575","targetHints":{"allow":["GET"]}}],"collection":[{"href":"https:\/\/spinbetter.space\/ro\/wp-json\/wp\/v2\/pages"}],"about":[{"href":"https:\/\/spinbetter.space\/ro\/wp-json\/wp\/v2\/types\/page"}],"author":[{"embeddable":true,"href":"https:\/\/spinbetter.space\/ro\/wp-json\/wp\/v2\/users\/1"}],"replies":[{"embeddable":true,"href":"https:\/\/spinbetter.space\/ro\/wp-json\/wp\/v2\/comments?post=575"}],"version-history":[{"count":1,"href":"https:\/\/spinbetter.space\/ro\/wp-json\/wp\/v2\/pages\/575\/revisions"}],"predecessor-version":[{"id":576,"href":"https:\/\/spinbetter.space\/ro\/wp-json\/wp\/v2\/pages\/575\/revisions\/576"}],"up":[{"embeddable":true,"href":"https:\/\/spinbetter.space\/ro\/wp-json\/wp\/v2\/pages\/152"}],"wp:attachment":[{"href":"https:\/\/spinbetter.space\/ro\/wp-json\/wp\/v2\/media?parent=575"}],"curies":[{"name":"wp","href":"https:\/\/api.w.org\/{rel}","templated":true}]}}