{"id":388,"date":"2024-09-26T11:52:57","date_gmt":"2024-09-26T11:52:57","guid":{"rendered":"https:\/\/spinbetter.team\/ro\/?page_id=388"},"modified":"2025-06-19T09:03:59","modified_gmt":"2025-06-19T09:03:59","slug":"partners","status":"publish","type":"page","link":"https:\/\/spinbetter.space\/ro\/partners\/","title":{"rendered":"Parteneri"},"content":{"rendered":"","protected":false},"excerpt":{"rendered":"","protected":false},"author":1,"featured_media":0,"parent":0,"menu_order":0,"comment_status":"closed","ping_status":"closed","template":"","meta":{"footnotes":""},"class_list":["post-388","page","type-page","status-publish","hentry"],"yoast_head":"<!-- This site is optimized with the Yoast SEO plugin v23.5 - https:\/\/yoast.com\/wordpress\/plugins\/seo\/ -->\n<title>Parteneri SpinBetter Rom\u00e2nia &gt; Al\u0103tur\u0103-te programului<\/title>\n<meta name=\"description\" content=\"Afla\u021bi cum s\u0103 v\u0103 al\u0103tura\u021bi programului de afiliere SpinBetter Rom\u00e2nia \u0219i s\u0103 \u00eencepe\u021bi s\u0103 c\u00e2\u0219tiga\u021bi. Descoperi\u021bi cele mai bune strategii, instrumente \u0219i resurse!\" \/>\n<meta name=\"robots\" content=\"index, follow, max-snippet:-1, max-image-preview:large, max-video-preview:-1\" \/>\n<meta property=\"og:locale\" content=\"ro_RO\" \/>\n<meta property=\"og:type\" content=\"article\" \/>\n<meta property=\"og:title\" content=\"Parteneri SpinBetter Rom\u00e2nia &gt; Al\u0103tur\u0103-te programului\" \/>\n<meta property=\"og:description\" content=\"Afla\u021bi cum s\u0103 v\u0103 al\u0103tura\u021bi programului de afiliere SpinBetter Rom\u00e2nia \u0219i s\u0103 \u00eencepe\u021bi s\u0103 c\u00e2\u0219tiga\u021bi. Descoperi\u021bi cele mai bune strategii, instrumente \u0219i resurse!\" \/>\n<meta property=\"og:url\" content=\"https:\/\/spinbetter.space\/ro\/partners\/\" \/>\n<meta property=\"og:site_name\" content=\"spinbetter team ro\" \/>\n<meta property=\"article:modified_time\" content=\"2025-06-19T09:03:59+00:00\" \/>\n<meta name=\"twitter:card\" content=\"summary_large_image\" \/>\n<script type=\"application\/ld+json\" class=\"yoast-schema-graph\">{\"@context\":\"https:\/\/schema.org\",\"@graph\":[{\"@type\":\"WebPage\",\"@id\":\"https:\/\/spinbetter.space\/ro\/partners\/\",\"url\":\"https:\/\/spinbetter.space\/ro\/partners\/\",\"name\":\"Parteneri SpinBetter Rom\u00e2nia > Al\u0103tur\u0103-te programului\",\"isPartOf\":{\"@id\":\"https:\/\/spinbetter.space\/ro\/#website\"},\"datePublished\":\"2024-09-26T11:52:57+00:00\",\"dateModified\":\"2025-06-19T09:03:59+00:00\",\"description\":\"Afla\u021bi cum s\u0103 v\u0103 al\u0103tura\u021bi programului de afiliere SpinBetter Rom\u00e2nia \u0219i s\u0103 \u00eencepe\u021bi s\u0103 c\u00e2\u0219tiga\u021bi. Descoperi\u021bi cele mai bune strategii, instrumente \u0219i resurse!\",\"breadcrumb\":{\"@id\":\"https:\/\/spinbetter.space\/ro\/partners\/#breadcrumb\"},\"inLanguage\":\"ro-RO\",\"potentialAction\":[{\"@type\":\"ReadAction\",\"target\":[\"https:\/\/spinbetter.space\/ro\/partners\/\"]}]},{\"@type\":\"BreadcrumbList\",\"@id\":\"https:\/\/spinbetter.space\/ro\/partners\/#breadcrumb\",\"itemListElement\":[{\"@type\":\"ListItem\",\"position\":1,\"name\":\"\u0413\u043b\u0430\u0432\u043d\u0430\u044f \u0441\u0442\u0440\u0430\u043d\u0438\u0446\u0430\",\"item\":\"https:\/\/spinbetter.space\/ro\/\"},{\"@type\":\"ListItem\",\"position\":2,\"name\":\"Parteneri\"}]},{\"@type\":\"WebSite\",\"@id\":\"https:\/\/spinbetter.space\/ro\/#website\",\"url\":\"https:\/\/spinbetter.space\/ro\/\",\"name\":\"spinbetter team ro\",\"description\":\"My WordPress Blog\",\"potentialAction\":[{\"@type\":\"SearchAction\",\"target\":{\"@type\":\"EntryPoint\",\"urlTemplate\":\"https:\/\/spinbetter.space\/ro\/?s={search_term_string}\"},\"query-input\":{\"@type\":\"PropertyValueSpecification\",\"valueRequired\":true,\"valueName\":\"search_term_string\"}}],\"inLanguage\":\"ro-RO\"}]}<\/script>\n<!-- \/ Yoast SEO plugin. -->","yoast_head_json":{"title":"Parteneri SpinBetter Rom\u00e2nia > Al\u0103tur\u0103-te programului","description":"Afla\u021bi cum s\u0103 v\u0103 al\u0103tura\u021bi programului de afiliere SpinBetter Rom\u00e2nia \u0219i s\u0103 \u00eencepe\u021bi s\u0103 c\u00e2\u0219tiga\u021bi. Descoperi\u021bi cele mai bune strategii, instrumente \u0219i resurse!","robots":{"index":"index","follow":"follow","max-snippet":"max-snippet:-1","max-image-preview":"max-image-preview:large","max-video-preview":"max-video-preview:-1"},"og_locale":"ro_RO","og_type":"article","og_title":"Parteneri SpinBetter Rom\u00e2nia > Al\u0103tur\u0103-te programului","og_description":"Afla\u021bi cum s\u0103 v\u0103 al\u0103tura\u021bi programului de afiliere SpinBetter Rom\u00e2nia \u0219i s\u0103 \u00eencepe\u021bi s\u0103 c\u00e2\u0219tiga\u021bi. Descoperi\u021bi cele mai bune strategii, instrumente \u0219i resurse!","og_url":"https:\/\/spinbetter.space\/ro\/partners\/","og_site_name":"spinbetter team ro","article_modified_time":"2025-06-19T09:03:59+00:00","twitter_card":"summary_large_image","schema":{"@context":"https:\/\/schema.org","@graph":[{"@type":"WebPage","@id":"https:\/\/spinbetter.space\/ro\/partners\/","url":"https:\/\/spinbetter.space\/ro\/partners\/","name":"Parteneri SpinBetter Rom\u00e2nia > Al\u0103tur\u0103-te programului","isPartOf":{"@id":"https:\/\/spinbetter.space\/ro\/#website"},"datePublished":"2024-09-26T11:52:57+00:00","dateModified":"2025-06-19T09:03:59+00:00","description":"Afla\u021bi cum s\u0103 v\u0103 al\u0103tura\u021bi programului de afiliere SpinBetter Rom\u00e2nia \u0219i s\u0103 \u00eencepe\u021bi s\u0103 c\u00e2\u0219tiga\u021bi. Descoperi\u021bi cele mai bune strategii, instrumente \u0219i resurse!","breadcrumb":{"@id":"https:\/\/spinbetter.space\/ro\/partners\/#breadcrumb"},"inLanguage":"ro-RO","potentialAction":[{"@type":"ReadAction","target":["https:\/\/spinbetter.space\/ro\/partners\/"]}]},{"@type":"BreadcrumbList","@id":"https:\/\/spinbetter.space\/ro\/partners\/#breadcrumb","itemListElement":[{"@type":"ListItem","position":1,"name":"\u0413\u043b\u0430\u0432\u043d\u0430\u044f \u0441\u0442\u0440\u0430\u043d\u0438\u0446\u0430","item":"https:\/\/spinbetter.space\/ro\/"},{"@type":"ListItem","position":2,"name":"Parteneri"}]},{"@type":"WebSite","@id":"https:\/\/spinbetter.space\/ro\/#website","url":"https:\/\/spinbetter.space\/ro\/","name":"spinbetter team ro","description":"My WordPress Blog","potentialAction":[{"@type":"SearchAction","target":{"@type":"EntryPoint","urlTemplate":"https:\/\/spinbetter.space\/ro\/?s={search_term_string}"},"query-input":{"@type":"PropertyValueSpecification","valueRequired":true,"valueName":"search_term_string"}}],"inLanguage":"ro-RO"}]}},"_links":{"self":[{"href":"https:\/\/spinbetter.space\/ro\/wp-json\/wp\/v2\/pages\/388","targetHints":{"allow":["GET"]}}],"collection":[{"href":"https:\/\/spinbetter.space\/ro\/wp-json\/wp\/v2\/pages"}],"about":[{"href":"https:\/\/spinbetter.space\/ro\/wp-json\/wp\/v2\/types\/page"}],"author":[{"embeddable":true,"href":"https:\/\/spinbetter.space\/ro\/wp-json\/wp\/v2\/users\/1"}],"replies":[{"embeddable":true,"href":"https:\/\/spinbetter.space\/ro\/wp-json\/wp\/v2\/comments?post=388"}],"version-history":[{"count":10,"href":"https:\/\/spinbetter.space\/ro\/wp-json\/wp\/v2\/pages\/388\/revisions"}],"predecessor-version":[{"id":556,"href":"https:\/\/spinbetter.space\/ro\/wp-json\/wp\/v2\/pages\/388\/revisions\/556"}],"wp:attachment":[{"href":"https:\/\/spinbetter.space\/ro\/wp-json\/wp\/v2\/media?parent=388"}],"curies":[{"name":"wp","href":"https:\/\/api.w.org\/{rel}","templated":true}]}}