{"id":353,"date":"2024-09-26T07:44:31","date_gmt":"2024-09-26T07:44:31","guid":{"rendered":"https:\/\/spinbetter.team\/ro\/?page_id=353"},"modified":"2025-06-19T09:04:14","modified_gmt":"2025-06-19T09:04:14","slug":"feedback","status":"publish","type":"page","link":"https:\/\/spinbetter.space\/ro\/feedback\/","title":{"rendered":"Feedback"},"content":{"rendered":"","protected":false},"excerpt":{"rendered":"","protected":false},"author":1,"featured_media":0,"parent":0,"menu_order":0,"comment_status":"closed","ping_status":"closed","template":"","meta":{"footnotes":""},"class_list":["post-353","page","type-page","status-publish","hentry"],"yoast_head":"<!-- This site is optimized with the Yoast SEO plugin v23.5 - https:\/\/yoast.com\/wordpress\/plugins\/seo\/ -->\n<title>Feedback-ul juc\u0103torilor SpinBetter Rom\u00e2nia &gt; Tot ce trebuie s\u0103 \u0219ti\u021bi<\/title>\n<meta name=\"description\" content=\"Descoperi\u021bi ce spun juc\u0103torii \u00een SpinBetter Rom\u00e2nia Feedback. Compara\u021bi cu concuren\u021bii, ob\u021bine\u021bi sfaturi \u0219i g\u0103si\u021bi r\u0103spunsuri la \u00eentreb\u0103rile frecvente. Tot ce trebuie s\u0103 \u0219ti\u021bi despre SpinBetter!\" \/>\n<meta name=\"robots\" content=\"index, follow, max-snippet:-1, max-image-preview:large, max-video-preview:-1\" \/>\n<meta property=\"og:locale\" content=\"ro_RO\" \/>\n<meta property=\"og:type\" content=\"article\" \/>\n<meta property=\"og:title\" content=\"Feedback-ul juc\u0103torilor SpinBetter Rom\u00e2nia &gt; Tot ce trebuie s\u0103 \u0219ti\u021bi\" \/>\n<meta property=\"og:description\" content=\"Descoperi\u021bi ce spun juc\u0103torii \u00een SpinBetter Rom\u00e2nia Feedback. Compara\u021bi cu concuren\u021bii, ob\u021bine\u021bi sfaturi \u0219i g\u0103si\u021bi r\u0103spunsuri la \u00eentreb\u0103rile frecvente. Tot ce trebuie s\u0103 \u0219ti\u021bi despre SpinBetter!\" \/>\n<meta property=\"og:url\" content=\"https:\/\/spinbetter.space\/ro\/feedback\/\" \/>\n<meta property=\"og:site_name\" content=\"spinbetter team ro\" \/>\n<meta property=\"article:modified_time\" content=\"2025-06-19T09:04:14+00:00\" \/>\n<meta name=\"twitter:card\" content=\"summary_large_image\" \/>\n<script type=\"application\/ld+json\" class=\"yoast-schema-graph\">{\"@context\":\"https:\/\/schema.org\",\"@graph\":[{\"@type\":\"WebPage\",\"@id\":\"https:\/\/spinbetter.space\/ro\/feedback\/\",\"url\":\"https:\/\/spinbetter.space\/ro\/feedback\/\",\"name\":\"Feedback-ul juc\u0103torilor SpinBetter Rom\u00e2nia > Tot ce trebuie s\u0103 \u0219ti\u021bi\",\"isPartOf\":{\"@id\":\"https:\/\/spinbetter.space\/ro\/#website\"},\"datePublished\":\"2024-09-26T07:44:31+00:00\",\"dateModified\":\"2025-06-19T09:04:14+00:00\",\"description\":\"Descoperi\u021bi ce spun juc\u0103torii \u00een SpinBetter Rom\u00e2nia Feedback. Compara\u021bi cu concuren\u021bii, ob\u021bine\u021bi sfaturi \u0219i g\u0103si\u021bi r\u0103spunsuri la \u00eentreb\u0103rile frecvente. Tot ce trebuie s\u0103 \u0219ti\u021bi despre SpinBetter!\",\"breadcrumb\":{\"@id\":\"https:\/\/spinbetter.space\/ro\/feedback\/#breadcrumb\"},\"inLanguage\":\"ro-RO\",\"potentialAction\":[{\"@type\":\"ReadAction\",\"target\":[\"https:\/\/spinbetter.space\/ro\/feedback\/\"]}]},{\"@type\":\"BreadcrumbList\",\"@id\":\"https:\/\/spinbetter.space\/ro\/feedback\/#breadcrumb\",\"itemListElement\":[{\"@type\":\"ListItem\",\"position\":1,\"name\":\"\u0413\u043b\u0430\u0432\u043d\u0430\u044f \u0441\u0442\u0440\u0430\u043d\u0438\u0446\u0430\",\"item\":\"https:\/\/spinbetter.space\/ro\/\"},{\"@type\":\"ListItem\",\"position\":2,\"name\":\"Feedback\"}]},{\"@type\":\"WebSite\",\"@id\":\"https:\/\/spinbetter.space\/ro\/#website\",\"url\":\"https:\/\/spinbetter.space\/ro\/\",\"name\":\"spinbetter team ro\",\"description\":\"My WordPress Blog\",\"potentialAction\":[{\"@type\":\"SearchAction\",\"target\":{\"@type\":\"EntryPoint\",\"urlTemplate\":\"https:\/\/spinbetter.space\/ro\/?s={search_term_string}\"},\"query-input\":{\"@type\":\"PropertyValueSpecification\",\"valueRequired\":true,\"valueName\":\"search_term_string\"}}],\"inLanguage\":\"ro-RO\"}]}<\/script>\n<!-- \/ Yoast SEO plugin. -->","yoast_head_json":{"title":"Feedback-ul juc\u0103torilor SpinBetter Rom\u00e2nia > Tot ce trebuie s\u0103 \u0219ti\u021bi","description":"Descoperi\u021bi ce spun juc\u0103torii \u00een SpinBetter Rom\u00e2nia Feedback. Compara\u021bi cu concuren\u021bii, ob\u021bine\u021bi sfaturi \u0219i g\u0103si\u021bi r\u0103spunsuri la \u00eentreb\u0103rile frecvente. Tot ce trebuie s\u0103 \u0219ti\u021bi despre SpinBetter!","robots":{"index":"index","follow":"follow","max-snippet":"max-snippet:-1","max-image-preview":"max-image-preview:large","max-video-preview":"max-video-preview:-1"},"og_locale":"ro_RO","og_type":"article","og_title":"Feedback-ul juc\u0103torilor SpinBetter Rom\u00e2nia > Tot ce trebuie s\u0103 \u0219ti\u021bi","og_description":"Descoperi\u021bi ce spun juc\u0103torii \u00een SpinBetter Rom\u00e2nia Feedback. Compara\u021bi cu concuren\u021bii, ob\u021bine\u021bi sfaturi \u0219i g\u0103si\u021bi r\u0103spunsuri la \u00eentreb\u0103rile frecvente. Tot ce trebuie s\u0103 \u0219ti\u021bi despre SpinBetter!","og_url":"https:\/\/spinbetter.space\/ro\/feedback\/","og_site_name":"spinbetter team ro","article_modified_time":"2025-06-19T09:04:14+00:00","twitter_card":"summary_large_image","schema":{"@context":"https:\/\/schema.org","@graph":[{"@type":"WebPage","@id":"https:\/\/spinbetter.space\/ro\/feedback\/","url":"https:\/\/spinbetter.space\/ro\/feedback\/","name":"Feedback-ul juc\u0103torilor SpinBetter Rom\u00e2nia > Tot ce trebuie s\u0103 \u0219ti\u021bi","isPartOf":{"@id":"https:\/\/spinbetter.space\/ro\/#website"},"datePublished":"2024-09-26T07:44:31+00:00","dateModified":"2025-06-19T09:04:14+00:00","description":"Descoperi\u021bi ce spun juc\u0103torii \u00een SpinBetter Rom\u00e2nia Feedback. Compara\u021bi cu concuren\u021bii, ob\u021bine\u021bi sfaturi \u0219i g\u0103si\u021bi r\u0103spunsuri la \u00eentreb\u0103rile frecvente. Tot ce trebuie s\u0103 \u0219ti\u021bi despre SpinBetter!","breadcrumb":{"@id":"https:\/\/spinbetter.space\/ro\/feedback\/#breadcrumb"},"inLanguage":"ro-RO","potentialAction":[{"@type":"ReadAction","target":["https:\/\/spinbetter.space\/ro\/feedback\/"]}]},{"@type":"BreadcrumbList","@id":"https:\/\/spinbetter.space\/ro\/feedback\/#breadcrumb","itemListElement":[{"@type":"ListItem","position":1,"name":"\u0413\u043b\u0430\u0432\u043d\u0430\u044f \u0441\u0442\u0440\u0430\u043d\u0438\u0446\u0430","item":"https:\/\/spinbetter.space\/ro\/"},{"@type":"ListItem","position":2,"name":"Feedback"}]},{"@type":"WebSite","@id":"https:\/\/spinbetter.space\/ro\/#website","url":"https:\/\/spinbetter.space\/ro\/","name":"spinbetter team ro","description":"My WordPress Blog","potentialAction":[{"@type":"SearchAction","target":{"@type":"EntryPoint","urlTemplate":"https:\/\/spinbetter.space\/ro\/?s={search_term_string}"},"query-input":{"@type":"PropertyValueSpecification","valueRequired":true,"valueName":"search_term_string"}}],"inLanguage":"ro-RO"}]}},"_links":{"self":[{"href":"https:\/\/spinbetter.space\/ro\/wp-json\/wp\/v2\/pages\/353","targetHints":{"allow":["GET"]}}],"collection":[{"href":"https:\/\/spinbetter.space\/ro\/wp-json\/wp\/v2\/pages"}],"about":[{"href":"https:\/\/spinbetter.space\/ro\/wp-json\/wp\/v2\/types\/page"}],"author":[{"embeddable":true,"href":"https:\/\/spinbetter.space\/ro\/wp-json\/wp\/v2\/users\/1"}],"replies":[{"embeddable":true,"href":"https:\/\/spinbetter.space\/ro\/wp-json\/wp\/v2\/comments?post=353"}],"version-history":[{"count":11,"href":"https:\/\/spinbetter.space\/ro\/wp-json\/wp\/v2\/pages\/353\/revisions"}],"predecessor-version":[{"id":549,"href":"https:\/\/spinbetter.space\/ro\/wp-json\/wp\/v2\/pages\/353\/revisions\/549"}],"wp:attachment":[{"href":"https:\/\/spinbetter.space\/ro\/wp-json\/wp\/v2\/media?parent=353"}],"curies":[{"name":"wp","href":"https:\/\/api.w.org\/{rel}","templated":true}]}}