{"id":310,"date":"2024-09-24T14:15:24","date_gmt":"2024-09-24T14:15:24","guid":{"rendered":"https:\/\/spinbetter.team\/ro\/?page_id=310"},"modified":"2025-06-19T09:01:13","modified_gmt":"2025-06-19T09:01:13","slug":"freespins","status":"publish","type":"page","link":"https:\/\/spinbetter.space\/ro\/freespins\/","title":{"rendered":"Freespins"},"content":{"rendered":"<ul>\n<li><\/li>\n<\/ul>\n","protected":false},"excerpt":{"rendered":"","protected":false},"author":1,"featured_media":0,"parent":0,"menu_order":0,"comment_status":"closed","ping_status":"closed","template":"","meta":{"footnotes":""},"class_list":["post-310","page","type-page","status-publish","hentry"],"yoast_head":"<!-- This site is optimized with the Yoast SEO plugin v23.5 - https:\/\/yoast.com\/wordpress\/plugins\/seo\/ -->\n<title>Rotiri gratuite SpinBetter Rom\u00e2nia &gt; distrac\u021bie maxim\u0103 \u0219i c\u00e2\u0219tiguri<\/title>\n<meta name=\"description\" content=\"Afla\u021bi cum s\u0103 utiliza\u021bi \u00een mod eficient rotirile gratuite SpinBetter Rom\u00e2nia, s\u0103 profita\u021bi la maximum de promo\u021bii, s\u0103 evita\u021bi gre\u0219elile frecvente \u0219i s\u0103 juca\u021bi responsabil!\" \/>\n<meta name=\"robots\" content=\"index, follow, max-snippet:-1, max-image-preview:large, max-video-preview:-1\" \/>\n<meta property=\"og:locale\" content=\"ro_RO\" \/>\n<meta property=\"og:type\" content=\"article\" \/>\n<meta property=\"og:title\" content=\"Rotiri gratuite SpinBetter Rom\u00e2nia &gt; distrac\u021bie maxim\u0103 \u0219i c\u00e2\u0219tiguri\" \/>\n<meta property=\"og:description\" content=\"Afla\u021bi cum s\u0103 utiliza\u021bi \u00een mod eficient rotirile gratuite SpinBetter Rom\u00e2nia, s\u0103 profita\u021bi la maximum de promo\u021bii, s\u0103 evita\u021bi gre\u0219elile frecvente \u0219i s\u0103 juca\u021bi responsabil!\" \/>\n<meta property=\"og:url\" content=\"https:\/\/spinbetter.space\/ro\/freespins\/\" \/>\n<meta property=\"og:site_name\" content=\"spinbetter team ro\" \/>\n<meta property=\"article:modified_time\" content=\"2025-06-19T09:01:13+00:00\" \/>\n<meta name=\"twitter:card\" content=\"summary_large_image\" \/>\n<script type=\"application\/ld+json\" class=\"yoast-schema-graph\">{\"@context\":\"https:\/\/schema.org\",\"@graph\":[{\"@type\":\"WebPage\",\"@id\":\"https:\/\/spinbetter.space\/ro\/freespins\/\",\"url\":\"https:\/\/spinbetter.space\/ro\/freespins\/\",\"name\":\"Rotiri gratuite SpinBetter Rom\u00e2nia > distrac\u021bie maxim\u0103 \u0219i c\u00e2\u0219tiguri\",\"isPartOf\":{\"@id\":\"https:\/\/spinbetter.space\/ro\/#website\"},\"datePublished\":\"2024-09-24T14:15:24+00:00\",\"dateModified\":\"2025-06-19T09:01:13+00:00\",\"description\":\"Afla\u021bi cum s\u0103 utiliza\u021bi \u00een mod eficient rotirile gratuite SpinBetter Rom\u00e2nia, s\u0103 profita\u021bi la maximum de promo\u021bii, s\u0103 evita\u021bi gre\u0219elile frecvente \u0219i s\u0103 juca\u021bi responsabil!\",\"breadcrumb\":{\"@id\":\"https:\/\/spinbetter.space\/ro\/freespins\/#breadcrumb\"},\"inLanguage\":\"ro-RO\",\"potentialAction\":[{\"@type\":\"ReadAction\",\"target\":[\"https:\/\/spinbetter.space\/ro\/freespins\/\"]}]},{\"@type\":\"BreadcrumbList\",\"@id\":\"https:\/\/spinbetter.space\/ro\/freespins\/#breadcrumb\",\"itemListElement\":[{\"@type\":\"ListItem\",\"position\":1,\"name\":\"\u0413\u043b\u0430\u0432\u043d\u0430\u044f \u0441\u0442\u0440\u0430\u043d\u0438\u0446\u0430\",\"item\":\"https:\/\/spinbetter.space\/ro\/\"},{\"@type\":\"ListItem\",\"position\":2,\"name\":\"Freespins\"}]},{\"@type\":\"WebSite\",\"@id\":\"https:\/\/spinbetter.space\/ro\/#website\",\"url\":\"https:\/\/spinbetter.space\/ro\/\",\"name\":\"spinbetter team ro\",\"description\":\"My WordPress Blog\",\"potentialAction\":[{\"@type\":\"SearchAction\",\"target\":{\"@type\":\"EntryPoint\",\"urlTemplate\":\"https:\/\/spinbetter.space\/ro\/?s={search_term_string}\"},\"query-input\":{\"@type\":\"PropertyValueSpecification\",\"valueRequired\":true,\"valueName\":\"search_term_string\"}}],\"inLanguage\":\"ro-RO\"}]}<\/script>\n<!-- \/ Yoast SEO plugin. -->","yoast_head_json":{"title":"Rotiri gratuite SpinBetter Rom\u00e2nia > distrac\u021bie maxim\u0103 \u0219i c\u00e2\u0219tiguri","description":"Afla\u021bi cum s\u0103 utiliza\u021bi \u00een mod eficient rotirile gratuite SpinBetter Rom\u00e2nia, s\u0103 profita\u021bi la maximum de promo\u021bii, s\u0103 evita\u021bi gre\u0219elile frecvente \u0219i s\u0103 juca\u021bi responsabil!","robots":{"index":"index","follow":"follow","max-snippet":"max-snippet:-1","max-image-preview":"max-image-preview:large","max-video-preview":"max-video-preview:-1"},"og_locale":"ro_RO","og_type":"article","og_title":"Rotiri gratuite SpinBetter Rom\u00e2nia > distrac\u021bie maxim\u0103 \u0219i c\u00e2\u0219tiguri","og_description":"Afla\u021bi cum s\u0103 utiliza\u021bi \u00een mod eficient rotirile gratuite SpinBetter Rom\u00e2nia, s\u0103 profita\u021bi la maximum de promo\u021bii, s\u0103 evita\u021bi gre\u0219elile frecvente \u0219i s\u0103 juca\u021bi responsabil!","og_url":"https:\/\/spinbetter.space\/ro\/freespins\/","og_site_name":"spinbetter team ro","article_modified_time":"2025-06-19T09:01:13+00:00","twitter_card":"summary_large_image","schema":{"@context":"https:\/\/schema.org","@graph":[{"@type":"WebPage","@id":"https:\/\/spinbetter.space\/ro\/freespins\/","url":"https:\/\/spinbetter.space\/ro\/freespins\/","name":"Rotiri gratuite SpinBetter Rom\u00e2nia > distrac\u021bie maxim\u0103 \u0219i c\u00e2\u0219tiguri","isPartOf":{"@id":"https:\/\/spinbetter.space\/ro\/#website"},"datePublished":"2024-09-24T14:15:24+00:00","dateModified":"2025-06-19T09:01:13+00:00","description":"Afla\u021bi cum s\u0103 utiliza\u021bi \u00een mod eficient rotirile gratuite SpinBetter Rom\u00e2nia, s\u0103 profita\u021bi la maximum de promo\u021bii, s\u0103 evita\u021bi gre\u0219elile frecvente \u0219i s\u0103 juca\u021bi responsabil!","breadcrumb":{"@id":"https:\/\/spinbetter.space\/ro\/freespins\/#breadcrumb"},"inLanguage":"ro-RO","potentialAction":[{"@type":"ReadAction","target":["https:\/\/spinbetter.space\/ro\/freespins\/"]}]},{"@type":"BreadcrumbList","@id":"https:\/\/spinbetter.space\/ro\/freespins\/#breadcrumb","itemListElement":[{"@type":"ListItem","position":1,"name":"\u0413\u043b\u0430\u0432\u043d\u0430\u044f \u0441\u0442\u0440\u0430\u043d\u0438\u0446\u0430","item":"https:\/\/spinbetter.space\/ro\/"},{"@type":"ListItem","position":2,"name":"Freespins"}]},{"@type":"WebSite","@id":"https:\/\/spinbetter.space\/ro\/#website","url":"https:\/\/spinbetter.space\/ro\/","name":"spinbetter team ro","description":"My WordPress Blog","potentialAction":[{"@type":"SearchAction","target":{"@type":"EntryPoint","urlTemplate":"https:\/\/spinbetter.space\/ro\/?s={search_term_string}"},"query-input":{"@type":"PropertyValueSpecification","valueRequired":true,"valueName":"search_term_string"}}],"inLanguage":"ro-RO"}]}},"_links":{"self":[{"href":"https:\/\/spinbetter.space\/ro\/wp-json\/wp\/v2\/pages\/310","targetHints":{"allow":["GET"]}}],"collection":[{"href":"https:\/\/spinbetter.space\/ro\/wp-json\/wp\/v2\/pages"}],"about":[{"href":"https:\/\/spinbetter.space\/ro\/wp-json\/wp\/v2\/types\/page"}],"author":[{"embeddable":true,"href":"https:\/\/spinbetter.space\/ro\/wp-json\/wp\/v2\/users\/1"}],"replies":[{"embeddable":true,"href":"https:\/\/spinbetter.space\/ro\/wp-json\/wp\/v2\/comments?post=310"}],"version-history":[{"count":20,"href":"https:\/\/spinbetter.space\/ro\/wp-json\/wp\/v2\/pages\/310\/revisions"}],"predecessor-version":[{"id":544,"href":"https:\/\/spinbetter.space\/ro\/wp-json\/wp\/v2\/pages\/310\/revisions\/544"}],"wp:attachment":[{"href":"https:\/\/spinbetter.space\/ro\/wp-json\/wp\/v2\/media?parent=310"}],"curies":[{"name":"wp","href":"https:\/\/api.w.org\/{rel}","templated":true}]}}