{"id":590,"date":"2025-08-12T11:19:56","date_gmt":"2025-08-12T11:19:56","guid":{"rendered":"https:\/\/spinbetter.space\/pt\/?page_id=590"},"modified":"2025-08-12T11:20:02","modified_gmt":"2025-08-12T11:20:02","slug":"20-cashback","status":"publish","type":"page","link":"https:\/\/spinbetter.space\/pt\/bonuses\/20-cashback\/","title":{"rendered":"Ganhe at\u00e9 20% de cashback"},"content":{"rendered":"","protected":false},"excerpt":{"rendered":"","protected":false},"author":1,"featured_media":0,"parent":152,"menu_order":0,"comment_status":"closed","ping_status":"closed","template":"","meta":{"footnotes":""},"class_list":["post-590","page","type-page","status-publish","hentry"],"yoast_head":"<!-- This site is optimized with the Yoast SEO plugin v23.5 - https:\/\/yoast.com\/wordpress\/plugins\/seo\/ -->\n<title>SpinBetter &gt; At\u00e9 20% de cashback em apostas de futebol<\/title>\n<meta name=\"description\" content=\"Participe na promo\u00e7\u00e3o SpinBetter: receba de volta at\u00e9 20% do valor das suas apostas de futebol todas as semanas. De 4 de agosto a 5 de outubro de 2025. Dispon\u00edvel em todos os dispositivos.\" \/>\n<meta name=\"robots\" content=\"index, follow, max-snippet:-1, max-image-preview:large, max-video-preview:-1\" \/>\n<meta property=\"og:locale\" content=\"pt_PT\" \/>\n<meta property=\"og:type\" content=\"article\" \/>\n<meta property=\"og:title\" content=\"SpinBetter &gt; At\u00e9 20% de cashback em apostas de futebol\" \/>\n<meta property=\"og:description\" content=\"Participe na promo\u00e7\u00e3o SpinBetter: receba de volta at\u00e9 20% do valor das suas apostas de futebol todas as semanas. De 4 de agosto a 5 de outubro de 2025. Dispon\u00edvel em todos os dispositivos.\" \/>\n<meta property=\"og:url\" content=\"https:\/\/spinbetter.space\/pt\/bonuses\/20-cashback\/\" \/>\n<meta property=\"og:site_name\" content=\"spinbetter team pt\" \/>\n<meta property=\"article:modified_time\" content=\"2025-08-12T11:20:02+00:00\" \/>\n<meta name=\"twitter:card\" content=\"summary_large_image\" \/>\n<script type=\"application\/ld+json\" class=\"yoast-schema-graph\">{\"@context\":\"https:\/\/schema.org\",\"@graph\":[{\"@type\":\"WebPage\",\"@id\":\"https:\/\/spinbetter.space\/pt\/bonuses\/20-cashback\/\",\"url\":\"https:\/\/spinbetter.space\/pt\/bonuses\/20-cashback\/\",\"name\":\"SpinBetter > At\u00e9 20% de cashback em apostas de futebol\",\"isPartOf\":{\"@id\":\"https:\/\/spinbetter.space\/pt\/#website\"},\"datePublished\":\"2025-08-12T11:19:56+00:00\",\"dateModified\":\"2025-08-12T11:20:02+00:00\",\"description\":\"Participe na promo\u00e7\u00e3o SpinBetter: receba de volta at\u00e9 20% do valor das suas apostas de futebol todas as semanas. De 4 de agosto a 5 de outubro de 2025. Dispon\u00edvel em todos os dispositivos.\",\"breadcrumb\":{\"@id\":\"https:\/\/spinbetter.space\/pt\/bonuses\/20-cashback\/#breadcrumb\"},\"inLanguage\":\"pt-PT\",\"potentialAction\":[{\"@type\":\"ReadAction\",\"target\":[\"https:\/\/spinbetter.space\/pt\/bonuses\/20-cashback\/\"]}]},{\"@type\":\"BreadcrumbList\",\"@id\":\"https:\/\/spinbetter.space\/pt\/bonuses\/20-cashback\/#breadcrumb\",\"itemListElement\":[{\"@type\":\"ListItem\",\"position\":1,\"name\":\"\u0413\u043b\u0430\u0432\u043d\u0430\u044f \u0441\u0442\u0440\u0430\u043d\u0438\u0446\u0430\",\"item\":\"https:\/\/spinbetter.space\/pt\/\"},{\"@type\":\"ListItem\",\"position\":2,\"name\":\"B\u00f3nus\",\"item\":\"https:\/\/spinbetter.space\/pt\/bonuses\/\"},{\"@type\":\"ListItem\",\"position\":3,\"name\":\"Ganhe at\u00e9 20% de cashback\"}]},{\"@type\":\"WebSite\",\"@id\":\"https:\/\/spinbetter.space\/pt\/#website\",\"url\":\"https:\/\/spinbetter.space\/pt\/\",\"name\":\"spinbetter team pt\",\"description\":\"My WordPress Blog\",\"potentialAction\":[{\"@type\":\"SearchAction\",\"target\":{\"@type\":\"EntryPoint\",\"urlTemplate\":\"https:\/\/spinbetter.space\/pt\/?s={search_term_string}\"},\"query-input\":{\"@type\":\"PropertyValueSpecification\",\"valueRequired\":true,\"valueName\":\"search_term_string\"}}],\"inLanguage\":\"pt-PT\"}]}<\/script>\n<!-- \/ Yoast SEO plugin. -->","yoast_head_json":{"title":"SpinBetter > At\u00e9 20% de cashback em apostas de futebol","description":"Participe na promo\u00e7\u00e3o SpinBetter: receba de volta at\u00e9 20% do valor das suas apostas de futebol todas as semanas. De 4 de agosto a 5 de outubro de 2025. Dispon\u00edvel em todos os dispositivos.","robots":{"index":"index","follow":"follow","max-snippet":"max-snippet:-1","max-image-preview":"max-image-preview:large","max-video-preview":"max-video-preview:-1"},"og_locale":"pt_PT","og_type":"article","og_title":"SpinBetter > At\u00e9 20% de cashback em apostas de futebol","og_description":"Participe na promo\u00e7\u00e3o SpinBetter: receba de volta at\u00e9 20% do valor das suas apostas de futebol todas as semanas. De 4 de agosto a 5 de outubro de 2025. Dispon\u00edvel em todos os dispositivos.","og_url":"https:\/\/spinbetter.space\/pt\/bonuses\/20-cashback\/","og_site_name":"spinbetter team pt","article_modified_time":"2025-08-12T11:20:02+00:00","twitter_card":"summary_large_image","schema":{"@context":"https:\/\/schema.org","@graph":[{"@type":"WebPage","@id":"https:\/\/spinbetter.space\/pt\/bonuses\/20-cashback\/","url":"https:\/\/spinbetter.space\/pt\/bonuses\/20-cashback\/","name":"SpinBetter > At\u00e9 20% de cashback em apostas de futebol","isPartOf":{"@id":"https:\/\/spinbetter.space\/pt\/#website"},"datePublished":"2025-08-12T11:19:56+00:00","dateModified":"2025-08-12T11:20:02+00:00","description":"Participe na promo\u00e7\u00e3o SpinBetter: receba de volta at\u00e9 20% do valor das suas apostas de futebol todas as semanas. De 4 de agosto a 5 de outubro de 2025. Dispon\u00edvel em todos os dispositivos.","breadcrumb":{"@id":"https:\/\/spinbetter.space\/pt\/bonuses\/20-cashback\/#breadcrumb"},"inLanguage":"pt-PT","potentialAction":[{"@type":"ReadAction","target":["https:\/\/spinbetter.space\/pt\/bonuses\/20-cashback\/"]}]},{"@type":"BreadcrumbList","@id":"https:\/\/spinbetter.space\/pt\/bonuses\/20-cashback\/#breadcrumb","itemListElement":[{"@type":"ListItem","position":1,"name":"\u0413\u043b\u0430\u0432\u043d\u0430\u044f \u0441\u0442\u0440\u0430\u043d\u0438\u0446\u0430","item":"https:\/\/spinbetter.space\/pt\/"},{"@type":"ListItem","position":2,"name":"B\u00f3nus","item":"https:\/\/spinbetter.space\/pt\/bonuses\/"},{"@type":"ListItem","position":3,"name":"Ganhe at\u00e9 20% de cashback"}]},{"@type":"WebSite","@id":"https:\/\/spinbetter.space\/pt\/#website","url":"https:\/\/spinbetter.space\/pt\/","name":"spinbetter team pt","description":"My WordPress Blog","potentialAction":[{"@type":"SearchAction","target":{"@type":"EntryPoint","urlTemplate":"https:\/\/spinbetter.space\/pt\/?s={search_term_string}"},"query-input":{"@type":"PropertyValueSpecification","valueRequired":true,"valueName":"search_term_string"}}],"inLanguage":"pt-PT"}]}},"_links":{"self":[{"href":"https:\/\/spinbetter.space\/pt\/wp-json\/wp\/v2\/pages\/590","targetHints":{"allow":["GET"]}}],"collection":[{"href":"https:\/\/spinbetter.space\/pt\/wp-json\/wp\/v2\/pages"}],"about":[{"href":"https:\/\/spinbetter.space\/pt\/wp-json\/wp\/v2\/types\/page"}],"author":[{"embeddable":true,"href":"https:\/\/spinbetter.space\/pt\/wp-json\/wp\/v2\/users\/1"}],"replies":[{"embeddable":true,"href":"https:\/\/spinbetter.space\/pt\/wp-json\/wp\/v2\/comments?post=590"}],"version-history":[{"count":1,"href":"https:\/\/spinbetter.space\/pt\/wp-json\/wp\/v2\/pages\/590\/revisions"}],"predecessor-version":[{"id":591,"href":"https:\/\/spinbetter.space\/pt\/wp-json\/wp\/v2\/pages\/590\/revisions\/591"}],"up":[{"embeddable":true,"href":"https:\/\/spinbetter.space\/pt\/wp-json\/wp\/v2\/pages\/152"}],"wp:attachment":[{"href":"https:\/\/spinbetter.space\/pt\/wp-json\/wp\/v2\/media?parent=590"}],"curies":[{"name":"wp","href":"https:\/\/api.w.org\/{rel}","templated":true}]}}