{"id":216,"date":"2024-09-19T14:36:55","date_gmt":"2024-09-19T14:36:55","guid":{"rendered":"https:\/\/spinbetter.team\/pt\/?page_id=216"},"modified":"2025-06-19T08:56:50","modified_gmt":"2025-06-19T08:56:50","slug":"registration","status":"publish","type":"page","link":"https:\/\/spinbetter.space\/pt\/registration\/","title":{"rendered":"Registo"},"content":{"rendered":"","protected":false},"excerpt":{"rendered":"","protected":false},"author":1,"featured_media":0,"parent":0,"menu_order":0,"comment_status":"closed","ping_status":"closed","template":"","meta":{"footnotes":""},"class_list":["post-216","page","type-page","status-publish","hentry"],"yoast_head":"<!-- This site is optimized with the Yoast SEO plugin v23.5 - https:\/\/yoast.com\/wordpress\/plugins\/seo\/ -->\n<title>Registo no SpinBetter Portugal &gt; passos, dicas<\/title>\n<meta name=\"description\" content=\"Saiba como efetuar o registo no SpinBetter Portugal rapidamente e com pouco esfor\u00e7o! B\u00f3nus, muitos jogos e apostas desportivas - \u00e9 isso que o espera ap\u00f3s o registo no SpinBetter.\" \/>\n<meta name=\"robots\" content=\"index, follow, max-snippet:-1, max-image-preview:large, max-video-preview:-1\" \/>\n<meta property=\"og:locale\" content=\"pt_PT\" \/>\n<meta property=\"og:type\" content=\"article\" \/>\n<meta property=\"og:title\" content=\"Registo no SpinBetter Portugal &gt; passos, dicas\" \/>\n<meta property=\"og:description\" content=\"Saiba como efetuar o registo no SpinBetter Portugal rapidamente e com pouco esfor\u00e7o! B\u00f3nus, muitos jogos e apostas desportivas - \u00e9 isso que o espera ap\u00f3s o registo no SpinBetter.\" \/>\n<meta property=\"og:url\" content=\"https:\/\/spinbetter.space\/pt\/registration\/\" \/>\n<meta property=\"og:site_name\" content=\"spinbetter team pt\" \/>\n<meta property=\"article:modified_time\" content=\"2025-06-19T08:56:50+00:00\" \/>\n<meta name=\"twitter:card\" content=\"summary_large_image\" \/>\n<script type=\"application\/ld+json\" class=\"yoast-schema-graph\">{\"@context\":\"https:\/\/schema.org\",\"@graph\":[{\"@type\":\"WebPage\",\"@id\":\"https:\/\/spinbetter.space\/pt\/registration\/\",\"url\":\"https:\/\/spinbetter.space\/pt\/registration\/\",\"name\":\"Registo no SpinBetter Portugal > passos, dicas\",\"isPartOf\":{\"@id\":\"https:\/\/spinbetter.space\/pt\/#website\"},\"datePublished\":\"2024-09-19T14:36:55+00:00\",\"dateModified\":\"2025-06-19T08:56:50+00:00\",\"description\":\"Saiba como efetuar o registo no SpinBetter Portugal rapidamente e com pouco esfor\u00e7o! B\u00f3nus, muitos jogos e apostas desportivas - \u00e9 isso que o espera ap\u00f3s o registo no SpinBetter.\",\"breadcrumb\":{\"@id\":\"https:\/\/spinbetter.space\/pt\/registration\/#breadcrumb\"},\"inLanguage\":\"pt-PT\",\"potentialAction\":[{\"@type\":\"ReadAction\",\"target\":[\"https:\/\/spinbetter.space\/pt\/registration\/\"]}]},{\"@type\":\"BreadcrumbList\",\"@id\":\"https:\/\/spinbetter.space\/pt\/registration\/#breadcrumb\",\"itemListElement\":[{\"@type\":\"ListItem\",\"position\":1,\"name\":\"\u0413\u043b\u0430\u0432\u043d\u0430\u044f \u0441\u0442\u0440\u0430\u043d\u0438\u0446\u0430\",\"item\":\"https:\/\/spinbetter.space\/pt\/\"},{\"@type\":\"ListItem\",\"position\":2,\"name\":\"Registo\"}]},{\"@type\":\"WebSite\",\"@id\":\"https:\/\/spinbetter.space\/pt\/#website\",\"url\":\"https:\/\/spinbetter.space\/pt\/\",\"name\":\"spinbetter team pt\",\"description\":\"My WordPress Blog\",\"potentialAction\":[{\"@type\":\"SearchAction\",\"target\":{\"@type\":\"EntryPoint\",\"urlTemplate\":\"https:\/\/spinbetter.space\/pt\/?s={search_term_string}\"},\"query-input\":{\"@type\":\"PropertyValueSpecification\",\"valueRequired\":true,\"valueName\":\"search_term_string\"}}],\"inLanguage\":\"pt-PT\"}]}<\/script>\n<!-- \/ Yoast SEO plugin. -->","yoast_head_json":{"title":"Registo no SpinBetter Portugal > passos, dicas","description":"Saiba como efetuar o registo no SpinBetter Portugal rapidamente e com pouco esfor\u00e7o! B\u00f3nus, muitos jogos e apostas desportivas - \u00e9 isso que o espera ap\u00f3s o registo no SpinBetter.","robots":{"index":"index","follow":"follow","max-snippet":"max-snippet:-1","max-image-preview":"max-image-preview:large","max-video-preview":"max-video-preview:-1"},"og_locale":"pt_PT","og_type":"article","og_title":"Registo no SpinBetter Portugal > passos, dicas","og_description":"Saiba como efetuar o registo no SpinBetter Portugal rapidamente e com pouco esfor\u00e7o! B\u00f3nus, muitos jogos e apostas desportivas - \u00e9 isso que o espera ap\u00f3s o registo no SpinBetter.","og_url":"https:\/\/spinbetter.space\/pt\/registration\/","og_site_name":"spinbetter team pt","article_modified_time":"2025-06-19T08:56:50+00:00","twitter_card":"summary_large_image","schema":{"@context":"https:\/\/schema.org","@graph":[{"@type":"WebPage","@id":"https:\/\/spinbetter.space\/pt\/registration\/","url":"https:\/\/spinbetter.space\/pt\/registration\/","name":"Registo no SpinBetter Portugal > passos, dicas","isPartOf":{"@id":"https:\/\/spinbetter.space\/pt\/#website"},"datePublished":"2024-09-19T14:36:55+00:00","dateModified":"2025-06-19T08:56:50+00:00","description":"Saiba como efetuar o registo no SpinBetter Portugal rapidamente e com pouco esfor\u00e7o! B\u00f3nus, muitos jogos e apostas desportivas - \u00e9 isso que o espera ap\u00f3s o registo no SpinBetter.","breadcrumb":{"@id":"https:\/\/spinbetter.space\/pt\/registration\/#breadcrumb"},"inLanguage":"pt-PT","potentialAction":[{"@type":"ReadAction","target":["https:\/\/spinbetter.space\/pt\/registration\/"]}]},{"@type":"BreadcrumbList","@id":"https:\/\/spinbetter.space\/pt\/registration\/#breadcrumb","itemListElement":[{"@type":"ListItem","position":1,"name":"\u0413\u043b\u0430\u0432\u043d\u0430\u044f \u0441\u0442\u0440\u0430\u043d\u0438\u0446\u0430","item":"https:\/\/spinbetter.space\/pt\/"},{"@type":"ListItem","position":2,"name":"Registo"}]},{"@type":"WebSite","@id":"https:\/\/spinbetter.space\/pt\/#website","url":"https:\/\/spinbetter.space\/pt\/","name":"spinbetter team pt","description":"My WordPress Blog","potentialAction":[{"@type":"SearchAction","target":{"@type":"EntryPoint","urlTemplate":"https:\/\/spinbetter.space\/pt\/?s={search_term_string}"},"query-input":{"@type":"PropertyValueSpecification","valueRequired":true,"valueName":"search_term_string"}}],"inLanguage":"pt-PT"}]}},"_links":{"self":[{"href":"https:\/\/spinbetter.space\/pt\/wp-json\/wp\/v2\/pages\/216","targetHints":{"allow":["GET"]}}],"collection":[{"href":"https:\/\/spinbetter.space\/pt\/wp-json\/wp\/v2\/pages"}],"about":[{"href":"https:\/\/spinbetter.space\/pt\/wp-json\/wp\/v2\/types\/page"}],"author":[{"embeddable":true,"href":"https:\/\/spinbetter.space\/pt\/wp-json\/wp\/v2\/users\/1"}],"replies":[{"embeddable":true,"href":"https:\/\/spinbetter.space\/pt\/wp-json\/wp\/v2\/comments?post=216"}],"version-history":[{"count":20,"href":"https:\/\/spinbetter.space\/pt\/wp-json\/wp\/v2\/pages\/216\/revisions"}],"predecessor-version":[{"id":555,"href":"https:\/\/spinbetter.space\/pt\/wp-json\/wp\/v2\/pages\/216\/revisions\/555"}],"wp:attachment":[{"href":"https:\/\/spinbetter.space\/pt\/wp-json\/wp\/v2\/media?parent=216"}],"curies":[{"name":"wp","href":"https:\/\/api.w.org\/{rel}","templated":true}]}}