{"id":214,"date":"2024-09-19T08:40:42","date_gmt":"2024-09-19T08:40:42","guid":{"rendered":"https:\/\/spinbetter.team\/pt\/?page_id=214"},"modified":"2025-06-19T08:57:19","modified_gmt":"2025-06-19T08:57:19","slug":"login","status":"publish","type":"page","link":"https:\/\/spinbetter.space\/pt\/login\/","title":{"rendered":"Aceder"},"content":{"rendered":"","protected":false},"excerpt":{"rendered":"","protected":false},"author":1,"featured_media":0,"parent":0,"menu_order":0,"comment_status":"closed","ping_status":"closed","template":"","meta":{"footnotes":""},"class_list":["post-214","page","type-page","status-publish","hentry"],"yoast_head":"<!-- This site is optimized with the Yoast SEO plugin v23.5 - https:\/\/yoast.com\/wordpress\/plugins\/seo\/ -->\n<title>SpinBetter Portugal Login &gt; Vis\u00e3o geral dos m\u00e9todos de login<\/title>\n<meta name=\"description\" content=\"Leia a vis\u00e3o geral completa do processo de login do SpinBetter Portugal: todos os m\u00e9todos de login do SpinBetter, dicas e recupera\u00e7\u00e3o de conta!\" \/>\n<meta name=\"robots\" content=\"index, follow, max-snippet:-1, max-image-preview:large, max-video-preview:-1\" \/>\n<meta property=\"og:locale\" content=\"pt_PT\" \/>\n<meta property=\"og:type\" content=\"article\" \/>\n<meta property=\"og:title\" content=\"SpinBetter Portugal Login &gt; Vis\u00e3o geral dos m\u00e9todos de login\" \/>\n<meta property=\"og:description\" content=\"Leia a vis\u00e3o geral completa do processo de login do SpinBetter Portugal: todos os m\u00e9todos de login do SpinBetter, dicas e recupera\u00e7\u00e3o de conta!\" \/>\n<meta property=\"og:url\" content=\"https:\/\/spinbetter.space\/pt\/login\/\" \/>\n<meta property=\"og:site_name\" content=\"spinbetter team pt\" \/>\n<meta property=\"article:modified_time\" content=\"2025-06-19T08:57:19+00:00\" \/>\n<meta name=\"twitter:card\" content=\"summary_large_image\" \/>\n<script type=\"application\/ld+json\" class=\"yoast-schema-graph\">{\"@context\":\"https:\/\/schema.org\",\"@graph\":[{\"@type\":\"WebPage\",\"@id\":\"https:\/\/spinbetter.space\/pt\/login\/\",\"url\":\"https:\/\/spinbetter.space\/pt\/login\/\",\"name\":\"SpinBetter Portugal Login > Vis\u00e3o geral dos m\u00e9todos de login\",\"isPartOf\":{\"@id\":\"https:\/\/spinbetter.space\/pt\/#website\"},\"datePublished\":\"2024-09-19T08:40:42+00:00\",\"dateModified\":\"2025-06-19T08:57:19+00:00\",\"description\":\"Leia a vis\u00e3o geral completa do processo de login do SpinBetter Portugal: todos os m\u00e9todos de login do SpinBetter, dicas e recupera\u00e7\u00e3o de conta!\",\"breadcrumb\":{\"@id\":\"https:\/\/spinbetter.space\/pt\/login\/#breadcrumb\"},\"inLanguage\":\"pt-PT\",\"potentialAction\":[{\"@type\":\"ReadAction\",\"target\":[\"https:\/\/spinbetter.space\/pt\/login\/\"]}]},{\"@type\":\"BreadcrumbList\",\"@id\":\"https:\/\/spinbetter.space\/pt\/login\/#breadcrumb\",\"itemListElement\":[{\"@type\":\"ListItem\",\"position\":1,\"name\":\"\u0413\u043b\u0430\u0432\u043d\u0430\u044f \u0441\u0442\u0440\u0430\u043d\u0438\u0446\u0430\",\"item\":\"https:\/\/spinbetter.space\/pt\/\"},{\"@type\":\"ListItem\",\"position\":2,\"name\":\"Aceder\"}]},{\"@type\":\"WebSite\",\"@id\":\"https:\/\/spinbetter.space\/pt\/#website\",\"url\":\"https:\/\/spinbetter.space\/pt\/\",\"name\":\"spinbetter team pt\",\"description\":\"My WordPress Blog\",\"potentialAction\":[{\"@type\":\"SearchAction\",\"target\":{\"@type\":\"EntryPoint\",\"urlTemplate\":\"https:\/\/spinbetter.space\/pt\/?s={search_term_string}\"},\"query-input\":{\"@type\":\"PropertyValueSpecification\",\"valueRequired\":true,\"valueName\":\"search_term_string\"}}],\"inLanguage\":\"pt-PT\"}]}<\/script>\n<!-- \/ Yoast SEO plugin. -->","yoast_head_json":{"title":"SpinBetter Portugal Login > Vis\u00e3o geral dos m\u00e9todos de login","description":"Leia a vis\u00e3o geral completa do processo de login do SpinBetter Portugal: todos os m\u00e9todos de login do SpinBetter, dicas e recupera\u00e7\u00e3o de conta!","robots":{"index":"index","follow":"follow","max-snippet":"max-snippet:-1","max-image-preview":"max-image-preview:large","max-video-preview":"max-video-preview:-1"},"og_locale":"pt_PT","og_type":"article","og_title":"SpinBetter Portugal Login > Vis\u00e3o geral dos m\u00e9todos de login","og_description":"Leia a vis\u00e3o geral completa do processo de login do SpinBetter Portugal: todos os m\u00e9todos de login do SpinBetter, dicas e recupera\u00e7\u00e3o de conta!","og_url":"https:\/\/spinbetter.space\/pt\/login\/","og_site_name":"spinbetter team pt","article_modified_time":"2025-06-19T08:57:19+00:00","twitter_card":"summary_large_image","schema":{"@context":"https:\/\/schema.org","@graph":[{"@type":"WebPage","@id":"https:\/\/spinbetter.space\/pt\/login\/","url":"https:\/\/spinbetter.space\/pt\/login\/","name":"SpinBetter Portugal Login > Vis\u00e3o geral dos m\u00e9todos de login","isPartOf":{"@id":"https:\/\/spinbetter.space\/pt\/#website"},"datePublished":"2024-09-19T08:40:42+00:00","dateModified":"2025-06-19T08:57:19+00:00","description":"Leia a vis\u00e3o geral completa do processo de login do SpinBetter Portugal: todos os m\u00e9todos de login do SpinBetter, dicas e recupera\u00e7\u00e3o de conta!","breadcrumb":{"@id":"https:\/\/spinbetter.space\/pt\/login\/#breadcrumb"},"inLanguage":"pt-PT","potentialAction":[{"@type":"ReadAction","target":["https:\/\/spinbetter.space\/pt\/login\/"]}]},{"@type":"BreadcrumbList","@id":"https:\/\/spinbetter.space\/pt\/login\/#breadcrumb","itemListElement":[{"@type":"ListItem","position":1,"name":"\u0413\u043b\u0430\u0432\u043d\u0430\u044f \u0441\u0442\u0440\u0430\u043d\u0438\u0446\u0430","item":"https:\/\/spinbetter.space\/pt\/"},{"@type":"ListItem","position":2,"name":"Aceder"}]},{"@type":"WebSite","@id":"https:\/\/spinbetter.space\/pt\/#website","url":"https:\/\/spinbetter.space\/pt\/","name":"spinbetter team pt","description":"My WordPress Blog","potentialAction":[{"@type":"SearchAction","target":{"@type":"EntryPoint","urlTemplate":"https:\/\/spinbetter.space\/pt\/?s={search_term_string}"},"query-input":{"@type":"PropertyValueSpecification","valueRequired":true,"valueName":"search_term_string"}}],"inLanguage":"pt-PT"}]}},"_links":{"self":[{"href":"https:\/\/spinbetter.space\/pt\/wp-json\/wp\/v2\/pages\/214","targetHints":{"allow":["GET"]}}],"collection":[{"href":"https:\/\/spinbetter.space\/pt\/wp-json\/wp\/v2\/pages"}],"about":[{"href":"https:\/\/spinbetter.space\/pt\/wp-json\/wp\/v2\/types\/page"}],"author":[{"embeddable":true,"href":"https:\/\/spinbetter.space\/pt\/wp-json\/wp\/v2\/users\/1"}],"replies":[{"embeddable":true,"href":"https:\/\/spinbetter.space\/pt\/wp-json\/wp\/v2\/comments?post=214"}],"version-history":[{"count":15,"href":"https:\/\/spinbetter.space\/pt\/wp-json\/wp\/v2\/pages\/214\/revisions"}],"predecessor-version":[{"id":549,"href":"https:\/\/spinbetter.space\/pt\/wp-json\/wp\/v2\/pages\/214\/revisions\/549"}],"wp:attachment":[{"href":"https:\/\/spinbetter.space\/pt\/wp-json\/wp\/v2\/media?parent=214"}],"curies":[{"name":"wp","href":"https:\/\/api.w.org\/{rel}","templated":true}]}}