{"id":566,"date":"2025-06-03T12:22:17","date_gmt":"2025-06-03T12:22:17","guid":{"rendered":"https:\/\/spinbetter.space\/pl\/?page_id=566"},"modified":"2025-06-03T12:24:24","modified_gmt":"2025-06-03T12:24:24","slug":"ice-hockey-freebet","status":"publish","type":"page","link":"https:\/\/spinbetter.space\/pl\/bonuses\/ice-hockey-freebet\/","title":{"rendered":"DARMOWY ZAK\u0141AD NA HOKEJ NA LODZIE"},"content":{"rendered":"","protected":false},"excerpt":{"rendered":"","protected":false},"author":1,"featured_media":0,"parent":152,"menu_order":0,"comment_status":"closed","ping_status":"closed","template":"","meta":{"footnotes":""},"class_list":["post-566","page","type-page","status-publish","hentry"],"yoast_head":"<!-- This site is optimized with the Yoast SEO plugin v23.5 - https:\/\/yoast.com\/wordpress\/plugins\/seo\/ -->\n<title>DARMOWY ZAK\u0141AD NA HOKEJA od SpinBetter &gt; Wygrywaj<\/title>\n<meta name=\"description\" content=\"We\u017a udzia\u0142 w zak\u0142adzie ICE HOCKEY FREEBET w SpinBetter i zdob\u0105d\u017a bilety i super nagrody \u2013 7777 USD oraz koszulki z autografami legend hokeja!\" \/>\n<meta name=\"robots\" content=\"index, follow, max-snippet:-1, max-image-preview:large, max-video-preview:-1\" \/>\n<meta property=\"og:locale\" content=\"pl_PL\" \/>\n<meta property=\"og:type\" content=\"article\" \/>\n<meta property=\"og:title\" content=\"DARMOWY ZAK\u0141AD NA HOKEJA od SpinBetter &gt; Wygrywaj\" \/>\n<meta property=\"og:description\" content=\"We\u017a udzia\u0142 w zak\u0142adzie ICE HOCKEY FREEBET w SpinBetter i zdob\u0105d\u017a bilety i super nagrody \u2013 7777 USD oraz koszulki z autografami legend hokeja!\" \/>\n<meta property=\"og:url\" content=\"https:\/\/spinbetter.space\/pl\/bonuses\/ice-hockey-freebet\/\" \/>\n<meta property=\"og:site_name\" content=\"spinbetter team pl\" \/>\n<meta property=\"article:modified_time\" content=\"2025-06-03T12:24:24+00:00\" \/>\n<meta name=\"twitter:card\" content=\"summary_large_image\" \/>\n<script type=\"application\/ld+json\" class=\"yoast-schema-graph\">{\"@context\":\"https:\/\/schema.org\",\"@graph\":[{\"@type\":\"WebPage\",\"@id\":\"https:\/\/spinbetter.space\/pl\/bonuses\/ice-hockey-freebet\/\",\"url\":\"https:\/\/spinbetter.space\/pl\/bonuses\/ice-hockey-freebet\/\",\"name\":\"DARMOWY ZAK\u0141AD NA HOKEJA od SpinBetter > Wygrywaj\",\"isPartOf\":{\"@id\":\"https:\/\/spinbetter.space\/pl\/#website\"},\"datePublished\":\"2025-06-03T12:22:17+00:00\",\"dateModified\":\"2025-06-03T12:24:24+00:00\",\"description\":\"We\u017a udzia\u0142 w zak\u0142adzie ICE HOCKEY FREEBET w SpinBetter i zdob\u0105d\u017a bilety i super nagrody \u2013 7777 USD oraz koszulki z autografami legend hokeja!\",\"breadcrumb\":{\"@id\":\"https:\/\/spinbetter.space\/pl\/bonuses\/ice-hockey-freebet\/#breadcrumb\"},\"inLanguage\":\"pl-PL\",\"potentialAction\":[{\"@type\":\"ReadAction\",\"target\":[\"https:\/\/spinbetter.space\/pl\/bonuses\/ice-hockey-freebet\/\"]}]},{\"@type\":\"BreadcrumbList\",\"@id\":\"https:\/\/spinbetter.space\/pl\/bonuses\/ice-hockey-freebet\/#breadcrumb\",\"itemListElement\":[{\"@type\":\"ListItem\",\"position\":1,\"name\":\"\u0413\u043b\u0430\u0432\u043d\u0430\u044f \u0441\u0442\u0440\u0430\u043d\u0438\u0446\u0430\",\"item\":\"https:\/\/spinbetter.space\/pl\/\"},{\"@type\":\"ListItem\",\"position\":2,\"name\":\"Bonusy\",\"item\":\"https:\/\/spinbetter.space\/pl\/bonuses\/\"},{\"@type\":\"ListItem\",\"position\":3,\"name\":\"DARMOWY ZAK\u0141AD NA HOKEJ NA LODZIE\"}]},{\"@type\":\"WebSite\",\"@id\":\"https:\/\/spinbetter.space\/pl\/#website\",\"url\":\"https:\/\/spinbetter.space\/pl\/\",\"name\":\"spinbetter team pl\",\"description\":\"My WordPress Blog\",\"potentialAction\":[{\"@type\":\"SearchAction\",\"target\":{\"@type\":\"EntryPoint\",\"urlTemplate\":\"https:\/\/spinbetter.space\/pl\/?s={search_term_string}\"},\"query-input\":{\"@type\":\"PropertyValueSpecification\",\"valueRequired\":true,\"valueName\":\"search_term_string\"}}],\"inLanguage\":\"pl-PL\"}]}<\/script>\n<!-- \/ Yoast SEO plugin. -->","yoast_head_json":{"title":"DARMOWY ZAK\u0141AD NA HOKEJA od SpinBetter > Wygrywaj","description":"We\u017a udzia\u0142 w zak\u0142adzie ICE HOCKEY FREEBET w SpinBetter i zdob\u0105d\u017a bilety i super nagrody \u2013 7777 USD oraz koszulki z autografami legend hokeja!","robots":{"index":"index","follow":"follow","max-snippet":"max-snippet:-1","max-image-preview":"max-image-preview:large","max-video-preview":"max-video-preview:-1"},"og_locale":"pl_PL","og_type":"article","og_title":"DARMOWY ZAK\u0141AD NA HOKEJA od SpinBetter > Wygrywaj","og_description":"We\u017a udzia\u0142 w zak\u0142adzie ICE HOCKEY FREEBET w SpinBetter i zdob\u0105d\u017a bilety i super nagrody \u2013 7777 USD oraz koszulki z autografami legend hokeja!","og_url":"https:\/\/spinbetter.space\/pl\/bonuses\/ice-hockey-freebet\/","og_site_name":"spinbetter team pl","article_modified_time":"2025-06-03T12:24:24+00:00","twitter_card":"summary_large_image","schema":{"@context":"https:\/\/schema.org","@graph":[{"@type":"WebPage","@id":"https:\/\/spinbetter.space\/pl\/bonuses\/ice-hockey-freebet\/","url":"https:\/\/spinbetter.space\/pl\/bonuses\/ice-hockey-freebet\/","name":"DARMOWY ZAK\u0141AD NA HOKEJA od SpinBetter > Wygrywaj","isPartOf":{"@id":"https:\/\/spinbetter.space\/pl\/#website"},"datePublished":"2025-06-03T12:22:17+00:00","dateModified":"2025-06-03T12:24:24+00:00","description":"We\u017a udzia\u0142 w zak\u0142adzie ICE HOCKEY FREEBET w SpinBetter i zdob\u0105d\u017a bilety i super nagrody \u2013 7777 USD oraz koszulki z autografami legend hokeja!","breadcrumb":{"@id":"https:\/\/spinbetter.space\/pl\/bonuses\/ice-hockey-freebet\/#breadcrumb"},"inLanguage":"pl-PL","potentialAction":[{"@type":"ReadAction","target":["https:\/\/spinbetter.space\/pl\/bonuses\/ice-hockey-freebet\/"]}]},{"@type":"BreadcrumbList","@id":"https:\/\/spinbetter.space\/pl\/bonuses\/ice-hockey-freebet\/#breadcrumb","itemListElement":[{"@type":"ListItem","position":1,"name":"\u0413\u043b\u0430\u0432\u043d\u0430\u044f \u0441\u0442\u0440\u0430\u043d\u0438\u0446\u0430","item":"https:\/\/spinbetter.space\/pl\/"},{"@type":"ListItem","position":2,"name":"Bonusy","item":"https:\/\/spinbetter.space\/pl\/bonuses\/"},{"@type":"ListItem","position":3,"name":"DARMOWY ZAK\u0141AD NA HOKEJ NA LODZIE"}]},{"@type":"WebSite","@id":"https:\/\/spinbetter.space\/pl\/#website","url":"https:\/\/spinbetter.space\/pl\/","name":"spinbetter team pl","description":"My WordPress Blog","potentialAction":[{"@type":"SearchAction","target":{"@type":"EntryPoint","urlTemplate":"https:\/\/spinbetter.space\/pl\/?s={search_term_string}"},"query-input":{"@type":"PropertyValueSpecification","valueRequired":true,"valueName":"search_term_string"}}],"inLanguage":"pl-PL"}]}},"_links":{"self":[{"href":"https:\/\/spinbetter.space\/pl\/wp-json\/wp\/v2\/pages\/566","targetHints":{"allow":["GET"]}}],"collection":[{"href":"https:\/\/spinbetter.space\/pl\/wp-json\/wp\/v2\/pages"}],"about":[{"href":"https:\/\/spinbetter.space\/pl\/wp-json\/wp\/v2\/types\/page"}],"author":[{"embeddable":true,"href":"https:\/\/spinbetter.space\/pl\/wp-json\/wp\/v2\/users\/1"}],"replies":[{"embeddable":true,"href":"https:\/\/spinbetter.space\/pl\/wp-json\/wp\/v2\/comments?post=566"}],"version-history":[{"count":4,"href":"https:\/\/spinbetter.space\/pl\/wp-json\/wp\/v2\/pages\/566\/revisions"}],"predecessor-version":[{"id":570,"href":"https:\/\/spinbetter.space\/pl\/wp-json\/wp\/v2\/pages\/566\/revisions\/570"}],"up":[{"embeddable":true,"href":"https:\/\/spinbetter.space\/pl\/wp-json\/wp\/v2\/pages\/152"}],"wp:attachment":[{"href":"https:\/\/spinbetter.space\/pl\/wp-json\/wp\/v2\/media?parent=566"}],"curies":[{"name":"wp","href":"https:\/\/api.w.org\/{rel}","templated":true}]}}