{"id":563,"date":"2025-06-03T12:18:57","date_gmt":"2025-06-03T12:18:57","guid":{"rendered":"https:\/\/spinbetter.space\/pl\/?page_id=563"},"modified":"2025-06-03T12:20:02","modified_gmt":"2025-06-03T12:20:02","slug":"vote-freebet","status":"publish","type":"page","link":"https:\/\/spinbetter.space\/pl\/bonuses\/vote-freebet\/","title":{"rendered":"G\u0142osuj na Freebet"},"content":{"rendered":"","protected":false},"excerpt":{"rendered":"","protected":false},"author":1,"featured_media":0,"parent":152,"menu_order":0,"comment_status":"closed","ping_status":"closed","template":"","meta":{"footnotes":""},"class_list":["post-563","page","type-page","status-publish","hentry"],"yoast_head":"<!-- This site is optimized with the Yoast SEO plugin v23.5 - https:\/\/yoast.com\/wordpress\/plugins\/seo\/ -->\n<title>Promocja SpinBetter &gt; G\u0142osuj na sport i otrzymaj darmowy zak\u0142ad<\/title>\n<meta name=\"description\" content=\"Wybierz sw\u00f3j sport, wykonaj zadania i zdob\u0105d\u017a zak\u0142ad do 800 PLN. G\u0142osuj, obstawiaj i wygrywaj w SpinBetter - we\u017a udzia\u0142 do 27 lipca 2025!\" \/>\n<meta name=\"robots\" content=\"index, follow, max-snippet:-1, max-image-preview:large, max-video-preview:-1\" \/>\n<meta property=\"og:locale\" content=\"pl_PL\" \/>\n<meta property=\"og:type\" content=\"article\" \/>\n<meta property=\"og:title\" content=\"Promocja SpinBetter &gt; G\u0142osuj na sport i otrzymaj darmowy zak\u0142ad\" \/>\n<meta property=\"og:description\" content=\"Wybierz sw\u00f3j sport, wykonaj zadania i zdob\u0105d\u017a zak\u0142ad do 800 PLN. G\u0142osuj, obstawiaj i wygrywaj w SpinBetter - we\u017a udzia\u0142 do 27 lipca 2025!\" \/>\n<meta property=\"og:url\" content=\"https:\/\/spinbetter.space\/pl\/bonuses\/vote-freebet\/\" \/>\n<meta property=\"og:site_name\" content=\"spinbetter team pl\" \/>\n<meta property=\"article:modified_time\" content=\"2025-06-03T12:20:02+00:00\" \/>\n<meta name=\"twitter:card\" content=\"summary_large_image\" \/>\n<script type=\"application\/ld+json\" class=\"yoast-schema-graph\">{\"@context\":\"https:\/\/schema.org\",\"@graph\":[{\"@type\":\"WebPage\",\"@id\":\"https:\/\/spinbetter.space\/pl\/bonuses\/vote-freebet\/\",\"url\":\"https:\/\/spinbetter.space\/pl\/bonuses\/vote-freebet\/\",\"name\":\"Promocja SpinBetter > G\u0142osuj na sport i otrzymaj darmowy zak\u0142ad\",\"isPartOf\":{\"@id\":\"https:\/\/spinbetter.space\/pl\/#website\"},\"datePublished\":\"2025-06-03T12:18:57+00:00\",\"dateModified\":\"2025-06-03T12:20:02+00:00\",\"description\":\"Wybierz sw\u00f3j sport, wykonaj zadania i zdob\u0105d\u017a zak\u0142ad do 800 PLN. G\u0142osuj, obstawiaj i wygrywaj w SpinBetter - we\u017a udzia\u0142 do 27 lipca 2025!\",\"breadcrumb\":{\"@id\":\"https:\/\/spinbetter.space\/pl\/bonuses\/vote-freebet\/#breadcrumb\"},\"inLanguage\":\"pl-PL\",\"potentialAction\":[{\"@type\":\"ReadAction\",\"target\":[\"https:\/\/spinbetter.space\/pl\/bonuses\/vote-freebet\/\"]}]},{\"@type\":\"BreadcrumbList\",\"@id\":\"https:\/\/spinbetter.space\/pl\/bonuses\/vote-freebet\/#breadcrumb\",\"itemListElement\":[{\"@type\":\"ListItem\",\"position\":1,\"name\":\"\u0413\u043b\u0430\u0432\u043d\u0430\u044f \u0441\u0442\u0440\u0430\u043d\u0438\u0446\u0430\",\"item\":\"https:\/\/spinbetter.space\/pl\/\"},{\"@type\":\"ListItem\",\"position\":2,\"name\":\"Bonusy\",\"item\":\"https:\/\/spinbetter.space\/pl\/bonuses\/\"},{\"@type\":\"ListItem\",\"position\":3,\"name\":\"G\u0142osuj na Freebet\"}]},{\"@type\":\"WebSite\",\"@id\":\"https:\/\/spinbetter.space\/pl\/#website\",\"url\":\"https:\/\/spinbetter.space\/pl\/\",\"name\":\"spinbetter team pl\",\"description\":\"My WordPress Blog\",\"potentialAction\":[{\"@type\":\"SearchAction\",\"target\":{\"@type\":\"EntryPoint\",\"urlTemplate\":\"https:\/\/spinbetter.space\/pl\/?s={search_term_string}\"},\"query-input\":{\"@type\":\"PropertyValueSpecification\",\"valueRequired\":true,\"valueName\":\"search_term_string\"}}],\"inLanguage\":\"pl-PL\"}]}<\/script>\n<!-- \/ Yoast SEO plugin. -->","yoast_head_json":{"title":"Promocja SpinBetter > G\u0142osuj na sport i otrzymaj darmowy zak\u0142ad","description":"Wybierz sw\u00f3j sport, wykonaj zadania i zdob\u0105d\u017a zak\u0142ad do 800 PLN. G\u0142osuj, obstawiaj i wygrywaj w SpinBetter - we\u017a udzia\u0142 do 27 lipca 2025!","robots":{"index":"index","follow":"follow","max-snippet":"max-snippet:-1","max-image-preview":"max-image-preview:large","max-video-preview":"max-video-preview:-1"},"og_locale":"pl_PL","og_type":"article","og_title":"Promocja SpinBetter > G\u0142osuj na sport i otrzymaj darmowy zak\u0142ad","og_description":"Wybierz sw\u00f3j sport, wykonaj zadania i zdob\u0105d\u017a zak\u0142ad do 800 PLN. G\u0142osuj, obstawiaj i wygrywaj w SpinBetter - we\u017a udzia\u0142 do 27 lipca 2025!","og_url":"https:\/\/spinbetter.space\/pl\/bonuses\/vote-freebet\/","og_site_name":"spinbetter team pl","article_modified_time":"2025-06-03T12:20:02+00:00","twitter_card":"summary_large_image","schema":{"@context":"https:\/\/schema.org","@graph":[{"@type":"WebPage","@id":"https:\/\/spinbetter.space\/pl\/bonuses\/vote-freebet\/","url":"https:\/\/spinbetter.space\/pl\/bonuses\/vote-freebet\/","name":"Promocja SpinBetter > G\u0142osuj na sport i otrzymaj darmowy zak\u0142ad","isPartOf":{"@id":"https:\/\/spinbetter.space\/pl\/#website"},"datePublished":"2025-06-03T12:18:57+00:00","dateModified":"2025-06-03T12:20:02+00:00","description":"Wybierz sw\u00f3j sport, wykonaj zadania i zdob\u0105d\u017a zak\u0142ad do 800 PLN. G\u0142osuj, obstawiaj i wygrywaj w SpinBetter - we\u017a udzia\u0142 do 27 lipca 2025!","breadcrumb":{"@id":"https:\/\/spinbetter.space\/pl\/bonuses\/vote-freebet\/#breadcrumb"},"inLanguage":"pl-PL","potentialAction":[{"@type":"ReadAction","target":["https:\/\/spinbetter.space\/pl\/bonuses\/vote-freebet\/"]}]},{"@type":"BreadcrumbList","@id":"https:\/\/spinbetter.space\/pl\/bonuses\/vote-freebet\/#breadcrumb","itemListElement":[{"@type":"ListItem","position":1,"name":"\u0413\u043b\u0430\u0432\u043d\u0430\u044f \u0441\u0442\u0440\u0430\u043d\u0438\u0446\u0430","item":"https:\/\/spinbetter.space\/pl\/"},{"@type":"ListItem","position":2,"name":"Bonusy","item":"https:\/\/spinbetter.space\/pl\/bonuses\/"},{"@type":"ListItem","position":3,"name":"G\u0142osuj na Freebet"}]},{"@type":"WebSite","@id":"https:\/\/spinbetter.space\/pl\/#website","url":"https:\/\/spinbetter.space\/pl\/","name":"spinbetter team pl","description":"My WordPress Blog","potentialAction":[{"@type":"SearchAction","target":{"@type":"EntryPoint","urlTemplate":"https:\/\/spinbetter.space\/pl\/?s={search_term_string}"},"query-input":{"@type":"PropertyValueSpecification","valueRequired":true,"valueName":"search_term_string"}}],"inLanguage":"pl-PL"}]}},"_links":{"self":[{"href":"https:\/\/spinbetter.space\/pl\/wp-json\/wp\/v2\/pages\/563","targetHints":{"allow":["GET"]}}],"collection":[{"href":"https:\/\/spinbetter.space\/pl\/wp-json\/wp\/v2\/pages"}],"about":[{"href":"https:\/\/spinbetter.space\/pl\/wp-json\/wp\/v2\/types\/page"}],"author":[{"embeddable":true,"href":"https:\/\/spinbetter.space\/pl\/wp-json\/wp\/v2\/users\/1"}],"replies":[{"embeddable":true,"href":"https:\/\/spinbetter.space\/pl\/wp-json\/wp\/v2\/comments?post=563"}],"version-history":[{"count":2,"href":"https:\/\/spinbetter.space\/pl\/wp-json\/wp\/v2\/pages\/563\/revisions"}],"predecessor-version":[{"id":565,"href":"https:\/\/spinbetter.space\/pl\/wp-json\/wp\/v2\/pages\/563\/revisions\/565"}],"up":[{"embeddable":true,"href":"https:\/\/spinbetter.space\/pl\/wp-json\/wp\/v2\/pages\/152"}],"wp:attachment":[{"href":"https:\/\/spinbetter.space\/pl\/wp-json\/wp\/v2\/media?parent=563"}],"curies":[{"name":"wp","href":"https:\/\/api.w.org\/{rel}","templated":true}]}}