{"id":559,"date":"2025-06-03T12:11:55","date_gmt":"2025-06-03T12:11:55","guid":{"rendered":"https:\/\/spinbetter.space\/pl\/?page_id=559"},"modified":"2025-06-03T12:17:05","modified_gmt":"2025-06-03T12:17:05","slug":"first-deposit","status":"publish","type":"page","link":"https:\/\/spinbetter.space\/pl\/bonuses\/first-deposit\/","title":{"rendered":"Pierwsza wp\u0142ata"},"content":{"rendered":"","protected":false},"excerpt":{"rendered":"","protected":false},"author":1,"featured_media":0,"parent":152,"menu_order":0,"comment_status":"closed","ping_status":"closed","template":"","meta":{"footnotes":""},"class_list":["post-559","page","type-page","status-publish","hentry"],"yoast_head":"<!-- This site is optimized with the Yoast SEO plugin v23.5 - https:\/\/yoast.com\/wordpress\/plugins\/seo\/ -->\n<title>SpinBetter 100% bonusu na pierwsz\u0105 wp\u0142at\u0119 &gt; dograj do 100 z\u0142<\/title>\n<meta name=\"description\" content=\"Zarejestruj si\u0119 w kasynie SpinBetter i otrzymaj 100% bonusu do 400 PLN za pierwszy depozyt. Gra zaczyna si\u0119 z podw\u00f3jn\u0105 moc\u0105!\" \/>\n<meta name=\"robots\" content=\"index, follow, max-snippet:-1, max-image-preview:large, max-video-preview:-1\" \/>\n<meta property=\"og:locale\" content=\"pl_PL\" \/>\n<meta property=\"og:type\" content=\"article\" \/>\n<meta property=\"og:title\" content=\"SpinBetter 100% bonusu na pierwsz\u0105 wp\u0142at\u0119 &gt; dograj do 100 z\u0142\" \/>\n<meta property=\"og:description\" content=\"Zarejestruj si\u0119 w kasynie SpinBetter i otrzymaj 100% bonusu do 400 PLN za pierwszy depozyt. Gra zaczyna si\u0119 z podw\u00f3jn\u0105 moc\u0105!\" \/>\n<meta property=\"og:url\" content=\"https:\/\/spinbetter.space\/pl\/bonuses\/first-deposit\/\" \/>\n<meta property=\"og:site_name\" content=\"spinbetter team pl\" \/>\n<meta property=\"article:modified_time\" content=\"2025-06-03T12:17:05+00:00\" \/>\n<meta name=\"twitter:card\" content=\"summary_large_image\" \/>\n<script type=\"application\/ld+json\" class=\"yoast-schema-graph\">{\"@context\":\"https:\/\/schema.org\",\"@graph\":[{\"@type\":\"WebPage\",\"@id\":\"https:\/\/spinbetter.space\/pl\/bonuses\/first-deposit\/\",\"url\":\"https:\/\/spinbetter.space\/pl\/bonuses\/first-deposit\/\",\"name\":\"SpinBetter 100% bonusu na pierwsz\u0105 wp\u0142at\u0119 > dograj do 100 z\u0142\",\"isPartOf\":{\"@id\":\"https:\/\/spinbetter.space\/pl\/#website\"},\"datePublished\":\"2025-06-03T12:11:55+00:00\",\"dateModified\":\"2025-06-03T12:17:05+00:00\",\"description\":\"Zarejestruj si\u0119 w kasynie SpinBetter i otrzymaj 100% bonusu do 400 PLN za pierwszy depozyt. Gra zaczyna si\u0119 z podw\u00f3jn\u0105 moc\u0105!\",\"breadcrumb\":{\"@id\":\"https:\/\/spinbetter.space\/pl\/bonuses\/first-deposit\/#breadcrumb\"},\"inLanguage\":\"pl-PL\",\"potentialAction\":[{\"@type\":\"ReadAction\",\"target\":[\"https:\/\/spinbetter.space\/pl\/bonuses\/first-deposit\/\"]}]},{\"@type\":\"BreadcrumbList\",\"@id\":\"https:\/\/spinbetter.space\/pl\/bonuses\/first-deposit\/#breadcrumb\",\"itemListElement\":[{\"@type\":\"ListItem\",\"position\":1,\"name\":\"\u0413\u043b\u0430\u0432\u043d\u0430\u044f \u0441\u0442\u0440\u0430\u043d\u0438\u0446\u0430\",\"item\":\"https:\/\/spinbetter.space\/pl\/\"},{\"@type\":\"ListItem\",\"position\":2,\"name\":\"Bonusy\",\"item\":\"https:\/\/spinbetter.space\/pl\/bonuses\/\"},{\"@type\":\"ListItem\",\"position\":3,\"name\":\"Pierwsza wp\u0142ata\"}]},{\"@type\":\"WebSite\",\"@id\":\"https:\/\/spinbetter.space\/pl\/#website\",\"url\":\"https:\/\/spinbetter.space\/pl\/\",\"name\":\"spinbetter team pl\",\"description\":\"My WordPress Blog\",\"potentialAction\":[{\"@type\":\"SearchAction\",\"target\":{\"@type\":\"EntryPoint\",\"urlTemplate\":\"https:\/\/spinbetter.space\/pl\/?s={search_term_string}\"},\"query-input\":{\"@type\":\"PropertyValueSpecification\",\"valueRequired\":true,\"valueName\":\"search_term_string\"}}],\"inLanguage\":\"pl-PL\"}]}<\/script>\n<!-- \/ Yoast SEO plugin. -->","yoast_head_json":{"title":"SpinBetter 100% bonusu na pierwsz\u0105 wp\u0142at\u0119 > dograj do 100 z\u0142","description":"Zarejestruj si\u0119 w kasynie SpinBetter i otrzymaj 100% bonusu do 400 PLN za pierwszy depozyt. Gra zaczyna si\u0119 z podw\u00f3jn\u0105 moc\u0105!","robots":{"index":"index","follow":"follow","max-snippet":"max-snippet:-1","max-image-preview":"max-image-preview:large","max-video-preview":"max-video-preview:-1"},"og_locale":"pl_PL","og_type":"article","og_title":"SpinBetter 100% bonusu na pierwsz\u0105 wp\u0142at\u0119 > dograj do 100 z\u0142","og_description":"Zarejestruj si\u0119 w kasynie SpinBetter i otrzymaj 100% bonusu do 400 PLN za pierwszy depozyt. Gra zaczyna si\u0119 z podw\u00f3jn\u0105 moc\u0105!","og_url":"https:\/\/spinbetter.space\/pl\/bonuses\/first-deposit\/","og_site_name":"spinbetter team pl","article_modified_time":"2025-06-03T12:17:05+00:00","twitter_card":"summary_large_image","schema":{"@context":"https:\/\/schema.org","@graph":[{"@type":"WebPage","@id":"https:\/\/spinbetter.space\/pl\/bonuses\/first-deposit\/","url":"https:\/\/spinbetter.space\/pl\/bonuses\/first-deposit\/","name":"SpinBetter 100% bonusu na pierwsz\u0105 wp\u0142at\u0119 > dograj do 100 z\u0142","isPartOf":{"@id":"https:\/\/spinbetter.space\/pl\/#website"},"datePublished":"2025-06-03T12:11:55+00:00","dateModified":"2025-06-03T12:17:05+00:00","description":"Zarejestruj si\u0119 w kasynie SpinBetter i otrzymaj 100% bonusu do 400 PLN za pierwszy depozyt. Gra zaczyna si\u0119 z podw\u00f3jn\u0105 moc\u0105!","breadcrumb":{"@id":"https:\/\/spinbetter.space\/pl\/bonuses\/first-deposit\/#breadcrumb"},"inLanguage":"pl-PL","potentialAction":[{"@type":"ReadAction","target":["https:\/\/spinbetter.space\/pl\/bonuses\/first-deposit\/"]}]},{"@type":"BreadcrumbList","@id":"https:\/\/spinbetter.space\/pl\/bonuses\/first-deposit\/#breadcrumb","itemListElement":[{"@type":"ListItem","position":1,"name":"\u0413\u043b\u0430\u0432\u043d\u0430\u044f \u0441\u0442\u0440\u0430\u043d\u0438\u0446\u0430","item":"https:\/\/spinbetter.space\/pl\/"},{"@type":"ListItem","position":2,"name":"Bonusy","item":"https:\/\/spinbetter.space\/pl\/bonuses\/"},{"@type":"ListItem","position":3,"name":"Pierwsza wp\u0142ata"}]},{"@type":"WebSite","@id":"https:\/\/spinbetter.space\/pl\/#website","url":"https:\/\/spinbetter.space\/pl\/","name":"spinbetter team pl","description":"My WordPress Blog","potentialAction":[{"@type":"SearchAction","target":{"@type":"EntryPoint","urlTemplate":"https:\/\/spinbetter.space\/pl\/?s={search_term_string}"},"query-input":{"@type":"PropertyValueSpecification","valueRequired":true,"valueName":"search_term_string"}}],"inLanguage":"pl-PL"}]}},"_links":{"self":[{"href":"https:\/\/spinbetter.space\/pl\/wp-json\/wp\/v2\/pages\/559","targetHints":{"allow":["GET"]}}],"collection":[{"href":"https:\/\/spinbetter.space\/pl\/wp-json\/wp\/v2\/pages"}],"about":[{"href":"https:\/\/spinbetter.space\/pl\/wp-json\/wp\/v2\/types\/page"}],"author":[{"embeddable":true,"href":"https:\/\/spinbetter.space\/pl\/wp-json\/wp\/v2\/users\/1"}],"replies":[{"embeddable":true,"href":"https:\/\/spinbetter.space\/pl\/wp-json\/wp\/v2\/comments?post=559"}],"version-history":[{"count":3,"href":"https:\/\/spinbetter.space\/pl\/wp-json\/wp\/v2\/pages\/559\/revisions"}],"predecessor-version":[{"id":562,"href":"https:\/\/spinbetter.space\/pl\/wp-json\/wp\/v2\/pages\/559\/revisions\/562"}],"up":[{"embeddable":true,"href":"https:\/\/spinbetter.space\/pl\/wp-json\/wp\/v2\/pages\/152"}],"wp:attachment":[{"href":"https:\/\/spinbetter.space\/pl\/wp-json\/wp\/v2\/media?parent=559"}],"curies":[{"name":"wp","href":"https:\/\/api.w.org\/{rel}","templated":true}]}}