{"id":388,"date":"2024-09-26T11:52:57","date_gmt":"2024-09-26T11:52:57","guid":{"rendered":"https:\/\/spinbetter.team\/pl\/?page_id=388"},"modified":"2025-06-19T08:48:28","modified_gmt":"2025-06-19T08:48:28","slug":"partners","status":"publish","type":"page","link":"https:\/\/spinbetter.space\/pl\/partners\/","title":{"rendered":"Partnerzy"},"content":{"rendered":"","protected":false},"excerpt":{"rendered":"","protected":false},"author":1,"featured_media":0,"parent":0,"menu_order":0,"comment_status":"closed","ping_status":"closed","template":"","meta":{"footnotes":""},"class_list":["post-388","page","type-page","status-publish","hentry"],"yoast_head":"<!-- This site is optimized with the Yoast SEO plugin v23.5 - https:\/\/yoast.com\/wordpress\/plugins\/seo\/ -->\n<title>Partnerzy SpinBetter Polska &gt; do\u0142\u0105cz do programu i zarabiaj<\/title>\n<meta name=\"description\" content=\"Dowiedz si\u0119, jak do\u0142\u0105czy\u0107 do programu partnerskiego SpinBetter Polska i zacz\u0105\u0107 zarabia\u0107. Odkryj najlepsze strategie, narz\u0119dzia i zasoby!\" \/>\n<meta name=\"robots\" content=\"index, follow, max-snippet:-1, max-image-preview:large, max-video-preview:-1\" \/>\n<meta property=\"og:locale\" content=\"pl_PL\" \/>\n<meta property=\"og:type\" content=\"article\" \/>\n<meta property=\"og:title\" content=\"Partnerzy SpinBetter Polska &gt; do\u0142\u0105cz do programu i zarabiaj\" \/>\n<meta property=\"og:description\" content=\"Dowiedz si\u0119, jak do\u0142\u0105czy\u0107 do programu partnerskiego SpinBetter Polska i zacz\u0105\u0107 zarabia\u0107. Odkryj najlepsze strategie, narz\u0119dzia i zasoby!\" \/>\n<meta property=\"og:url\" content=\"https:\/\/spinbetter.space\/pl\/partners\/\" \/>\n<meta property=\"og:site_name\" content=\"spinbetter team pl\" \/>\n<meta property=\"article:modified_time\" content=\"2025-06-19T08:48:28+00:00\" \/>\n<meta name=\"twitter:card\" content=\"summary_large_image\" \/>\n<script type=\"application\/ld+json\" class=\"yoast-schema-graph\">{\"@context\":\"https:\/\/schema.org\",\"@graph\":[{\"@type\":\"WebPage\",\"@id\":\"https:\/\/spinbetter.space\/pl\/partners\/\",\"url\":\"https:\/\/spinbetter.space\/pl\/partners\/\",\"name\":\"Partnerzy SpinBetter Polska > do\u0142\u0105cz do programu i zarabiaj\",\"isPartOf\":{\"@id\":\"https:\/\/spinbetter.space\/pl\/#website\"},\"datePublished\":\"2024-09-26T11:52:57+00:00\",\"dateModified\":\"2025-06-19T08:48:28+00:00\",\"description\":\"Dowiedz si\u0119, jak do\u0142\u0105czy\u0107 do programu partnerskiego SpinBetter Polska i zacz\u0105\u0107 zarabia\u0107. Odkryj najlepsze strategie, narz\u0119dzia i zasoby!\",\"breadcrumb\":{\"@id\":\"https:\/\/spinbetter.space\/pl\/partners\/#breadcrumb\"},\"inLanguage\":\"pl-PL\",\"potentialAction\":[{\"@type\":\"ReadAction\",\"target\":[\"https:\/\/spinbetter.space\/pl\/partners\/\"]}]},{\"@type\":\"BreadcrumbList\",\"@id\":\"https:\/\/spinbetter.space\/pl\/partners\/#breadcrumb\",\"itemListElement\":[{\"@type\":\"ListItem\",\"position\":1,\"name\":\"\u0413\u043b\u0430\u0432\u043d\u0430\u044f \u0441\u0442\u0440\u0430\u043d\u0438\u0446\u0430\",\"item\":\"https:\/\/spinbetter.space\/pl\/\"},{\"@type\":\"ListItem\",\"position\":2,\"name\":\"Partnerzy\"}]},{\"@type\":\"WebSite\",\"@id\":\"https:\/\/spinbetter.space\/pl\/#website\",\"url\":\"https:\/\/spinbetter.space\/pl\/\",\"name\":\"spinbetter team pl\",\"description\":\"My WordPress Blog\",\"potentialAction\":[{\"@type\":\"SearchAction\",\"target\":{\"@type\":\"EntryPoint\",\"urlTemplate\":\"https:\/\/spinbetter.space\/pl\/?s={search_term_string}\"},\"query-input\":{\"@type\":\"PropertyValueSpecification\",\"valueRequired\":true,\"valueName\":\"search_term_string\"}}],\"inLanguage\":\"pl-PL\"}]}<\/script>\n<!-- \/ Yoast SEO plugin. -->","yoast_head_json":{"title":"Partnerzy SpinBetter Polska > do\u0142\u0105cz do programu i zarabiaj","description":"Dowiedz si\u0119, jak do\u0142\u0105czy\u0107 do programu partnerskiego SpinBetter Polska i zacz\u0105\u0107 zarabia\u0107. Odkryj najlepsze strategie, narz\u0119dzia i zasoby!","robots":{"index":"index","follow":"follow","max-snippet":"max-snippet:-1","max-image-preview":"max-image-preview:large","max-video-preview":"max-video-preview:-1"},"og_locale":"pl_PL","og_type":"article","og_title":"Partnerzy SpinBetter Polska > do\u0142\u0105cz do programu i zarabiaj","og_description":"Dowiedz si\u0119, jak do\u0142\u0105czy\u0107 do programu partnerskiego SpinBetter Polska i zacz\u0105\u0107 zarabia\u0107. Odkryj najlepsze strategie, narz\u0119dzia i zasoby!","og_url":"https:\/\/spinbetter.space\/pl\/partners\/","og_site_name":"spinbetter team pl","article_modified_time":"2025-06-19T08:48:28+00:00","twitter_card":"summary_large_image","schema":{"@context":"https:\/\/schema.org","@graph":[{"@type":"WebPage","@id":"https:\/\/spinbetter.space\/pl\/partners\/","url":"https:\/\/spinbetter.space\/pl\/partners\/","name":"Partnerzy SpinBetter Polska > do\u0142\u0105cz do programu i zarabiaj","isPartOf":{"@id":"https:\/\/spinbetter.space\/pl\/#website"},"datePublished":"2024-09-26T11:52:57+00:00","dateModified":"2025-06-19T08:48:28+00:00","description":"Dowiedz si\u0119, jak do\u0142\u0105czy\u0107 do programu partnerskiego SpinBetter Polska i zacz\u0105\u0107 zarabia\u0107. Odkryj najlepsze strategie, narz\u0119dzia i zasoby!","breadcrumb":{"@id":"https:\/\/spinbetter.space\/pl\/partners\/#breadcrumb"},"inLanguage":"pl-PL","potentialAction":[{"@type":"ReadAction","target":["https:\/\/spinbetter.space\/pl\/partners\/"]}]},{"@type":"BreadcrumbList","@id":"https:\/\/spinbetter.space\/pl\/partners\/#breadcrumb","itemListElement":[{"@type":"ListItem","position":1,"name":"\u0413\u043b\u0430\u0432\u043d\u0430\u044f \u0441\u0442\u0440\u0430\u043d\u0438\u0446\u0430","item":"https:\/\/spinbetter.space\/pl\/"},{"@type":"ListItem","position":2,"name":"Partnerzy"}]},{"@type":"WebSite","@id":"https:\/\/spinbetter.space\/pl\/#website","url":"https:\/\/spinbetter.space\/pl\/","name":"spinbetter team pl","description":"My WordPress Blog","potentialAction":[{"@type":"SearchAction","target":{"@type":"EntryPoint","urlTemplate":"https:\/\/spinbetter.space\/pl\/?s={search_term_string}"},"query-input":{"@type":"PropertyValueSpecification","valueRequired":true,"valueName":"search_term_string"}}],"inLanguage":"pl-PL"}]}},"_links":{"self":[{"href":"https:\/\/spinbetter.space\/pl\/wp-json\/wp\/v2\/pages\/388","targetHints":{"allow":["GET"]}}],"collection":[{"href":"https:\/\/spinbetter.space\/pl\/wp-json\/wp\/v2\/pages"}],"about":[{"href":"https:\/\/spinbetter.space\/pl\/wp-json\/wp\/v2\/types\/page"}],"author":[{"embeddable":true,"href":"https:\/\/spinbetter.space\/pl\/wp-json\/wp\/v2\/users\/1"}],"replies":[{"embeddable":true,"href":"https:\/\/spinbetter.space\/pl\/wp-json\/wp\/v2\/comments?post=388"}],"version-history":[{"count":10,"href":"https:\/\/spinbetter.space\/pl\/wp-json\/wp\/v2\/pages\/388\/revisions"}],"predecessor-version":[{"id":550,"href":"https:\/\/spinbetter.space\/pl\/wp-json\/wp\/v2\/pages\/388\/revisions\/550"}],"wp:attachment":[{"href":"https:\/\/spinbetter.space\/pl\/wp-json\/wp\/v2\/media?parent=388"}],"curies":[{"name":"wp","href":"https:\/\/api.w.org\/{rel}","templated":true}]}}