{"id":238,"date":"2024-09-20T08:33:08","date_gmt":"2024-09-20T08:33:08","guid":{"rendered":"https:\/\/spinbetter.team\/pl\/?page_id=238"},"modified":"2026-01-13T14:33:29","modified_gmt":"2026-01-13T14:33:29","slug":"promo-code","status":"publish","type":"page","link":"https:\/\/spinbetter.space\/pl\/promo-code\/","title":{"rendered":"Kod promocyjny"},"content":{"rendered":"","protected":false},"excerpt":{"rendered":"","protected":false},"author":1,"featured_media":0,"parent":0,"menu_order":0,"comment_status":"closed","ping_status":"closed","template":"","meta":{"footnotes":""},"class_list":["post-238","page","type-page","status-publish","hentry"],"yoast_head":"<!-- This site is optimized with the Yoast SEO plugin v23.5 - https:\/\/yoast.com\/wordpress\/plugins\/seo\/ -->\n<title>Kody promocyjne SpinBetter Polska | Wskaz\u00f3wki, bonusy i korzy\u015bci<\/title>\n<meta name=\"description\" content=\"Dowiedz si\u0119, jak skutecznie korzysta\u0107 z kod\u00f3w promocyjnych SpinBetter Polska. Proste wskaz\u00f3wki, wyj\u0105tkowe bonusy i mo\u017cliwo\u015bci zwi\u0119kszenia wygranych dzi\u0119ki kodom promocyjnym SpinBetter!\" \/>\n<meta name=\"robots\" content=\"index, follow, max-snippet:-1, max-image-preview:large, max-video-preview:-1\" \/>\n<meta property=\"og:locale\" content=\"pl_PL\" \/>\n<meta property=\"og:type\" content=\"article\" \/>\n<meta property=\"og:title\" content=\"Kody promocyjne SpinBetter Polska | Wskaz\u00f3wki, bonusy i korzy\u015bci\" \/>\n<meta property=\"og:description\" content=\"Dowiedz si\u0119, jak skutecznie korzysta\u0107 z kod\u00f3w promocyjnych SpinBetter Polska. Proste wskaz\u00f3wki, wyj\u0105tkowe bonusy i mo\u017cliwo\u015bci zwi\u0119kszenia wygranych dzi\u0119ki kodom promocyjnym SpinBetter!\" \/>\n<meta property=\"og:url\" content=\"https:\/\/spinbetter.space\/pl\/promo-code\/\" \/>\n<meta property=\"og:site_name\" content=\"spinbetter team pl\" \/>\n<meta property=\"article:modified_time\" content=\"2026-01-13T14:33:29+00:00\" \/>\n<meta name=\"twitter:card\" content=\"summary_large_image\" \/>\n<script type=\"application\/ld+json\" class=\"yoast-schema-graph\">{\"@context\":\"https:\/\/schema.org\",\"@graph\":[{\"@type\":\"WebPage\",\"@id\":\"https:\/\/spinbetter.space\/pl\/promo-code\/\",\"url\":\"https:\/\/spinbetter.space\/pl\/promo-code\/\",\"name\":\"Kody promocyjne SpinBetter Polska | Wskaz\u00f3wki, bonusy i korzy\u015bci\",\"isPartOf\":{\"@id\":\"https:\/\/spinbetter.space\/pl\/#website\"},\"datePublished\":\"2024-09-20T08:33:08+00:00\",\"dateModified\":\"2026-01-13T14:33:29+00:00\",\"description\":\"Dowiedz si\u0119, jak skutecznie korzysta\u0107 z kod\u00f3w promocyjnych SpinBetter Polska. Proste wskaz\u00f3wki, wyj\u0105tkowe bonusy i mo\u017cliwo\u015bci zwi\u0119kszenia wygranych dzi\u0119ki kodom promocyjnym SpinBetter!\",\"breadcrumb\":{\"@id\":\"https:\/\/spinbetter.space\/pl\/promo-code\/#breadcrumb\"},\"inLanguage\":\"pl-PL\",\"potentialAction\":[{\"@type\":\"ReadAction\",\"target\":[\"https:\/\/spinbetter.space\/pl\/promo-code\/\"]}]},{\"@type\":\"BreadcrumbList\",\"@id\":\"https:\/\/spinbetter.space\/pl\/promo-code\/#breadcrumb\",\"itemListElement\":[{\"@type\":\"ListItem\",\"position\":1,\"name\":\"\u0413\u043b\u0430\u0432\u043d\u0430\u044f \u0441\u0442\u0440\u0430\u043d\u0438\u0446\u0430\",\"item\":\"https:\/\/spinbetter.space\/pl\/\"},{\"@type\":\"ListItem\",\"position\":2,\"name\":\"Kod promocyjny\"}]},{\"@type\":\"WebSite\",\"@id\":\"https:\/\/spinbetter.space\/pl\/#website\",\"url\":\"https:\/\/spinbetter.space\/pl\/\",\"name\":\"spinbetter team pl\",\"description\":\"My WordPress Blog\",\"potentialAction\":[{\"@type\":\"SearchAction\",\"target\":{\"@type\":\"EntryPoint\",\"urlTemplate\":\"https:\/\/spinbetter.space\/pl\/?s={search_term_string}\"},\"query-input\":{\"@type\":\"PropertyValueSpecification\",\"valueRequired\":true,\"valueName\":\"search_term_string\"}}],\"inLanguage\":\"pl-PL\"}]}<\/script>\n<!-- \/ Yoast SEO plugin. -->","yoast_head_json":{"title":"Kody promocyjne SpinBetter Polska | Wskaz\u00f3wki, bonusy i korzy\u015bci","description":"Dowiedz si\u0119, jak skutecznie korzysta\u0107 z kod\u00f3w promocyjnych SpinBetter Polska. Proste wskaz\u00f3wki, wyj\u0105tkowe bonusy i mo\u017cliwo\u015bci zwi\u0119kszenia wygranych dzi\u0119ki kodom promocyjnym SpinBetter!","robots":{"index":"index","follow":"follow","max-snippet":"max-snippet:-1","max-image-preview":"max-image-preview:large","max-video-preview":"max-video-preview:-1"},"og_locale":"pl_PL","og_type":"article","og_title":"Kody promocyjne SpinBetter Polska | Wskaz\u00f3wki, bonusy i korzy\u015bci","og_description":"Dowiedz si\u0119, jak skutecznie korzysta\u0107 z kod\u00f3w promocyjnych SpinBetter Polska. Proste wskaz\u00f3wki, wyj\u0105tkowe bonusy i mo\u017cliwo\u015bci zwi\u0119kszenia wygranych dzi\u0119ki kodom promocyjnym SpinBetter!","og_url":"https:\/\/spinbetter.space\/pl\/promo-code\/","og_site_name":"spinbetter team pl","article_modified_time":"2026-01-13T14:33:29+00:00","twitter_card":"summary_large_image","schema":{"@context":"https:\/\/schema.org","@graph":[{"@type":"WebPage","@id":"https:\/\/spinbetter.space\/pl\/promo-code\/","url":"https:\/\/spinbetter.space\/pl\/promo-code\/","name":"Kody promocyjne SpinBetter Polska | Wskaz\u00f3wki, bonusy i korzy\u015bci","isPartOf":{"@id":"https:\/\/spinbetter.space\/pl\/#website"},"datePublished":"2024-09-20T08:33:08+00:00","dateModified":"2026-01-13T14:33:29+00:00","description":"Dowiedz si\u0119, jak skutecznie korzysta\u0107 z kod\u00f3w promocyjnych SpinBetter Polska. Proste wskaz\u00f3wki, wyj\u0105tkowe bonusy i mo\u017cliwo\u015bci zwi\u0119kszenia wygranych dzi\u0119ki kodom promocyjnym SpinBetter!","breadcrumb":{"@id":"https:\/\/spinbetter.space\/pl\/promo-code\/#breadcrumb"},"inLanguage":"pl-PL","potentialAction":[{"@type":"ReadAction","target":["https:\/\/spinbetter.space\/pl\/promo-code\/"]}]},{"@type":"BreadcrumbList","@id":"https:\/\/spinbetter.space\/pl\/promo-code\/#breadcrumb","itemListElement":[{"@type":"ListItem","position":1,"name":"\u0413\u043b\u0430\u0432\u043d\u0430\u044f \u0441\u0442\u0440\u0430\u043d\u0438\u0446\u0430","item":"https:\/\/spinbetter.space\/pl\/"},{"@type":"ListItem","position":2,"name":"Kod promocyjny"}]},{"@type":"WebSite","@id":"https:\/\/spinbetter.space\/pl\/#website","url":"https:\/\/spinbetter.space\/pl\/","name":"spinbetter team pl","description":"My WordPress Blog","potentialAction":[{"@type":"SearchAction","target":{"@type":"EntryPoint","urlTemplate":"https:\/\/spinbetter.space\/pl\/?s={search_term_string}"},"query-input":{"@type":"PropertyValueSpecification","valueRequired":true,"valueName":"search_term_string"}}],"inLanguage":"pl-PL"}]}},"_links":{"self":[{"href":"https:\/\/spinbetter.space\/pl\/wp-json\/wp\/v2\/pages\/238","targetHints":{"allow":["GET"]}}],"collection":[{"href":"https:\/\/spinbetter.space\/pl\/wp-json\/wp\/v2\/pages"}],"about":[{"href":"https:\/\/spinbetter.space\/pl\/wp-json\/wp\/v2\/types\/page"}],"author":[{"embeddable":true,"href":"https:\/\/spinbetter.space\/pl\/wp-json\/wp\/v2\/users\/1"}],"replies":[{"embeddable":true,"href":"https:\/\/spinbetter.space\/pl\/wp-json\/wp\/v2\/comments?post=238"}],"version-history":[{"count":22,"href":"https:\/\/spinbetter.space\/pl\/wp-json\/wp\/v2\/pages\/238\/revisions"}],"predecessor-version":[{"id":594,"href":"https:\/\/spinbetter.space\/pl\/wp-json\/wp\/v2\/pages\/238\/revisions\/594"}],"wp:attachment":[{"href":"https:\/\/spinbetter.space\/pl\/wp-json\/wp\/v2\/media?parent=238"}],"curies":[{"name":"wp","href":"https:\/\/api.w.org\/{rel}","templated":true}]}}