{"id":172,"date":"2024-09-18T11:04:01","date_gmt":"2024-09-18T11:04:01","guid":{"rendered":"https:\/\/spinbetter.team\/pl\/?page_id=172"},"modified":"2025-06-19T08:45:16","modified_gmt":"2025-06-19T08:45:16","slug":"casino","status":"publish","type":"page","link":"https:\/\/spinbetter.space\/pl\/casino\/","title":{"rendered":"Kasyno"},"content":{"rendered":"","protected":false},"excerpt":{"rendered":"","protected":false},"author":1,"featured_media":0,"parent":0,"menu_order":0,"comment_status":"closed","ping_status":"closed","template":"","meta":{"footnotes":""},"class_list":["post-172","page","type-page","status-publish","hentry"],"yoast_head":"<!-- This site is optimized with the Yoast SEO plugin v23.5 - https:\/\/yoast.com\/wordpress\/plugins\/seo\/ -->\n<title>Recenzja kasyna SpinBetter Polska &gt; Gry, bonusy i wygoda<\/title>\n<meta name=\"description\" content=\"Poznaj kasyno SpinBetter: r\u00f3\u017cnorodno\u015b\u0107 gier od slot\u00f3w po bingo. Dowiedz si\u0119, jak zmaksymalizowa\u0107 swoj\u0105 zabaw\u0119 i wygrane w kasynie SpinBetter Polska!\" \/>\n<meta name=\"robots\" content=\"index, follow, max-snippet:-1, max-image-preview:large, max-video-preview:-1\" \/>\n<meta property=\"og:locale\" content=\"pl_PL\" \/>\n<meta property=\"og:type\" content=\"article\" \/>\n<meta property=\"og:title\" content=\"Recenzja kasyna SpinBetter Polska &gt; Gry, bonusy i wygoda\" \/>\n<meta property=\"og:description\" content=\"Poznaj kasyno SpinBetter: r\u00f3\u017cnorodno\u015b\u0107 gier od slot\u00f3w po bingo. Dowiedz si\u0119, jak zmaksymalizowa\u0107 swoj\u0105 zabaw\u0119 i wygrane w kasynie SpinBetter Polska!\" \/>\n<meta property=\"og:url\" content=\"https:\/\/spinbetter.space\/pl\/casino\/\" \/>\n<meta property=\"og:site_name\" content=\"spinbetter team pl\" \/>\n<meta property=\"article:modified_time\" content=\"2025-06-19T08:45:16+00:00\" \/>\n<meta name=\"twitter:card\" content=\"summary_large_image\" \/>\n<script type=\"application\/ld+json\" class=\"yoast-schema-graph\">{\"@context\":\"https:\/\/schema.org\",\"@graph\":[{\"@type\":\"WebPage\",\"@id\":\"https:\/\/spinbetter.space\/pl\/casino\/\",\"url\":\"https:\/\/spinbetter.space\/pl\/casino\/\",\"name\":\"Recenzja kasyna SpinBetter Polska > Gry, bonusy i wygoda\",\"isPartOf\":{\"@id\":\"https:\/\/spinbetter.space\/pl\/#website\"},\"datePublished\":\"2024-09-18T11:04:01+00:00\",\"dateModified\":\"2025-06-19T08:45:16+00:00\",\"description\":\"Poznaj kasyno SpinBetter: r\u00f3\u017cnorodno\u015b\u0107 gier od slot\u00f3w po bingo. Dowiedz si\u0119, jak zmaksymalizowa\u0107 swoj\u0105 zabaw\u0119 i wygrane w kasynie SpinBetter Polska!\",\"breadcrumb\":{\"@id\":\"https:\/\/spinbetter.space\/pl\/casino\/#breadcrumb\"},\"inLanguage\":\"pl-PL\",\"potentialAction\":[{\"@type\":\"ReadAction\",\"target\":[\"https:\/\/spinbetter.space\/pl\/casino\/\"]}]},{\"@type\":\"BreadcrumbList\",\"@id\":\"https:\/\/spinbetter.space\/pl\/casino\/#breadcrumb\",\"itemListElement\":[{\"@type\":\"ListItem\",\"position\":1,\"name\":\"\u0413\u043b\u0430\u0432\u043d\u0430\u044f \u0441\u0442\u0440\u0430\u043d\u0438\u0446\u0430\",\"item\":\"https:\/\/spinbetter.space\/pl\/\"},{\"@type\":\"ListItem\",\"position\":2,\"name\":\"Kasyno\"}]},{\"@type\":\"WebSite\",\"@id\":\"https:\/\/spinbetter.space\/pl\/#website\",\"url\":\"https:\/\/spinbetter.space\/pl\/\",\"name\":\"spinbetter team pl\",\"description\":\"My WordPress Blog\",\"potentialAction\":[{\"@type\":\"SearchAction\",\"target\":{\"@type\":\"EntryPoint\",\"urlTemplate\":\"https:\/\/spinbetter.space\/pl\/?s={search_term_string}\"},\"query-input\":{\"@type\":\"PropertyValueSpecification\",\"valueRequired\":true,\"valueName\":\"search_term_string\"}}],\"inLanguage\":\"pl-PL\"}]}<\/script>\n<!-- \/ Yoast SEO plugin. -->","yoast_head_json":{"title":"Recenzja kasyna SpinBetter Polska > Gry, bonusy i wygoda","description":"Poznaj kasyno SpinBetter: r\u00f3\u017cnorodno\u015b\u0107 gier od slot\u00f3w po bingo. Dowiedz si\u0119, jak zmaksymalizowa\u0107 swoj\u0105 zabaw\u0119 i wygrane w kasynie SpinBetter Polska!","robots":{"index":"index","follow":"follow","max-snippet":"max-snippet:-1","max-image-preview":"max-image-preview:large","max-video-preview":"max-video-preview:-1"},"og_locale":"pl_PL","og_type":"article","og_title":"Recenzja kasyna SpinBetter Polska > Gry, bonusy i wygoda","og_description":"Poznaj kasyno SpinBetter: r\u00f3\u017cnorodno\u015b\u0107 gier od slot\u00f3w po bingo. Dowiedz si\u0119, jak zmaksymalizowa\u0107 swoj\u0105 zabaw\u0119 i wygrane w kasynie SpinBetter Polska!","og_url":"https:\/\/spinbetter.space\/pl\/casino\/","og_site_name":"spinbetter team pl","article_modified_time":"2025-06-19T08:45:16+00:00","twitter_card":"summary_large_image","schema":{"@context":"https:\/\/schema.org","@graph":[{"@type":"WebPage","@id":"https:\/\/spinbetter.space\/pl\/casino\/","url":"https:\/\/spinbetter.space\/pl\/casino\/","name":"Recenzja kasyna SpinBetter Polska > Gry, bonusy i wygoda","isPartOf":{"@id":"https:\/\/spinbetter.space\/pl\/#website"},"datePublished":"2024-09-18T11:04:01+00:00","dateModified":"2025-06-19T08:45:16+00:00","description":"Poznaj kasyno SpinBetter: r\u00f3\u017cnorodno\u015b\u0107 gier od slot\u00f3w po bingo. Dowiedz si\u0119, jak zmaksymalizowa\u0107 swoj\u0105 zabaw\u0119 i wygrane w kasynie SpinBetter Polska!","breadcrumb":{"@id":"https:\/\/spinbetter.space\/pl\/casino\/#breadcrumb"},"inLanguage":"pl-PL","potentialAction":[{"@type":"ReadAction","target":["https:\/\/spinbetter.space\/pl\/casino\/"]}]},{"@type":"BreadcrumbList","@id":"https:\/\/spinbetter.space\/pl\/casino\/#breadcrumb","itemListElement":[{"@type":"ListItem","position":1,"name":"\u0413\u043b\u0430\u0432\u043d\u0430\u044f \u0441\u0442\u0440\u0430\u043d\u0438\u0446\u0430","item":"https:\/\/spinbetter.space\/pl\/"},{"@type":"ListItem","position":2,"name":"Kasyno"}]},{"@type":"WebSite","@id":"https:\/\/spinbetter.space\/pl\/#website","url":"https:\/\/spinbetter.space\/pl\/","name":"spinbetter team pl","description":"My WordPress Blog","potentialAction":[{"@type":"SearchAction","target":{"@type":"EntryPoint","urlTemplate":"https:\/\/spinbetter.space\/pl\/?s={search_term_string}"},"query-input":{"@type":"PropertyValueSpecification","valueRequired":true,"valueName":"search_term_string"}}],"inLanguage":"pl-PL"}]}},"_links":{"self":[{"href":"https:\/\/spinbetter.space\/pl\/wp-json\/wp\/v2\/pages\/172","targetHints":{"allow":["GET"]}}],"collection":[{"href":"https:\/\/spinbetter.space\/pl\/wp-json\/wp\/v2\/pages"}],"about":[{"href":"https:\/\/spinbetter.space\/pl\/wp-json\/wp\/v2\/types\/page"}],"author":[{"embeddable":true,"href":"https:\/\/spinbetter.space\/pl\/wp-json\/wp\/v2\/users\/1"}],"replies":[{"embeddable":true,"href":"https:\/\/spinbetter.space\/pl\/wp-json\/wp\/v2\/comments?post=172"}],"version-history":[{"count":22,"href":"https:\/\/spinbetter.space\/pl\/wp-json\/wp\/v2\/pages\/172\/revisions"}],"predecessor-version":[{"id":541,"href":"https:\/\/spinbetter.space\/pl\/wp-json\/wp\/v2\/pages\/172\/revisions\/541"}],"wp:attachment":[{"href":"https:\/\/spinbetter.space\/pl\/wp-json\/wp\/v2\/media?parent=172"}],"curies":[{"name":"wp","href":"https:\/\/api.w.org\/{rel}","templated":true}]}}