{"id":152,"date":"2023-05-18T17:39:43","date_gmt":"2023-05-18T17:39:43","guid":{"rendered":"https:\/\/spinbetter.team\/pl\/?page_id=152"},"modified":"2025-08-13T08:43:10","modified_gmt":"2025-08-13T08:43:10","slug":"bonuses","status":"publish","type":"page","link":"https:\/\/spinbetter.space\/pl\/bonuses\/","title":{"rendered":"Bonusy"},"content":{"rendered":"","protected":false},"excerpt":{"rendered":"","protected":false},"author":1,"featured_media":0,"parent":0,"menu_order":0,"comment_status":"closed","ping_status":"closed","template":"","meta":{"footnotes":""},"class_list":["post-152","page","type-page","status-publish","hentry"],"yoast_head":"<!-- This site is optimized with the Yoast SEO plugin v23.5 - https:\/\/yoast.com\/wordpress\/plugins\/seo\/ -->\n<title>SpinBetter Polska bonusy &gt; Warianty, warunki i wskaz\u00f3wki<\/title>\n<meta name=\"description\" content=\"Dowiedz si\u0119, jak uzyska\u0107 i wykorzysta\u0107 bonusy SpinBetter Polska z maksymalnymi korzy\u015bciami. Wszystko o najlepszych bonusach SpinBetter, warunkach, wymaganiach dotycz\u0105cych zak\u0142ad\u00f3w i wyp\u0142atach bonus\u00f3w!\" \/>\n<meta name=\"robots\" content=\"index, follow, max-snippet:-1, max-image-preview:large, max-video-preview:-1\" \/>\n<meta property=\"og:locale\" content=\"pl_PL\" \/>\n<meta property=\"og:type\" content=\"article\" \/>\n<meta property=\"og:title\" content=\"SpinBetter Polska bonusy &gt; Warianty, warunki i wskaz\u00f3wki\" \/>\n<meta property=\"og:description\" content=\"Dowiedz si\u0119, jak uzyska\u0107 i wykorzysta\u0107 bonusy SpinBetter Polska z maksymalnymi korzy\u015bciami. Wszystko o najlepszych bonusach SpinBetter, warunkach, wymaganiach dotycz\u0105cych zak\u0142ad\u00f3w i wyp\u0142atach bonus\u00f3w!\" \/>\n<meta property=\"og:url\" content=\"https:\/\/spinbetter.space\/pl\/bonuses\/\" \/>\n<meta property=\"og:site_name\" content=\"spinbetter team pl\" \/>\n<meta property=\"article:modified_time\" content=\"2025-08-13T08:43:10+00:00\" \/>\n<meta name=\"twitter:card\" content=\"summary_large_image\" \/>\n<script type=\"application\/ld+json\" class=\"yoast-schema-graph\">{\"@context\":\"https:\/\/schema.org\",\"@graph\":[{\"@type\":\"WebPage\",\"@id\":\"https:\/\/spinbetter.space\/pl\/bonuses\/\",\"url\":\"https:\/\/spinbetter.space\/pl\/bonuses\/\",\"name\":\"SpinBetter Polska bonusy > Warianty, warunki i wskaz\u00f3wki\",\"isPartOf\":{\"@id\":\"https:\/\/spinbetter.space\/pl\/#website\"},\"datePublished\":\"2023-05-18T17:39:43+00:00\",\"dateModified\":\"2025-08-13T08:43:10+00:00\",\"description\":\"Dowiedz si\u0119, jak uzyska\u0107 i wykorzysta\u0107 bonusy SpinBetter Polska z maksymalnymi korzy\u015bciami. Wszystko o najlepszych bonusach SpinBetter, warunkach, wymaganiach dotycz\u0105cych zak\u0142ad\u00f3w i wyp\u0142atach bonus\u00f3w!\",\"breadcrumb\":{\"@id\":\"https:\/\/spinbetter.space\/pl\/bonuses\/#breadcrumb\"},\"inLanguage\":\"pl-PL\",\"potentialAction\":[{\"@type\":\"ReadAction\",\"target\":[\"https:\/\/spinbetter.space\/pl\/bonuses\/\"]}]},{\"@type\":\"BreadcrumbList\",\"@id\":\"https:\/\/spinbetter.space\/pl\/bonuses\/#breadcrumb\",\"itemListElement\":[{\"@type\":\"ListItem\",\"position\":1,\"name\":\"\u0413\u043b\u0430\u0432\u043d\u0430\u044f \u0441\u0442\u0440\u0430\u043d\u0438\u0446\u0430\",\"item\":\"https:\/\/spinbetter.space\/pl\/\"},{\"@type\":\"ListItem\",\"position\":2,\"name\":\"Bonusy\"}]},{\"@type\":\"WebSite\",\"@id\":\"https:\/\/spinbetter.space\/pl\/#website\",\"url\":\"https:\/\/spinbetter.space\/pl\/\",\"name\":\"spinbetter team pl\",\"description\":\"My WordPress Blog\",\"potentialAction\":[{\"@type\":\"SearchAction\",\"target\":{\"@type\":\"EntryPoint\",\"urlTemplate\":\"https:\/\/spinbetter.space\/pl\/?s={search_term_string}\"},\"query-input\":{\"@type\":\"PropertyValueSpecification\",\"valueRequired\":true,\"valueName\":\"search_term_string\"}}],\"inLanguage\":\"pl-PL\"}]}<\/script>\n<!-- \/ Yoast SEO plugin. -->","yoast_head_json":{"title":"SpinBetter Polska bonusy > Warianty, warunki i wskaz\u00f3wki","description":"Dowiedz si\u0119, jak uzyska\u0107 i wykorzysta\u0107 bonusy SpinBetter Polska z maksymalnymi korzy\u015bciami. Wszystko o najlepszych bonusach SpinBetter, warunkach, wymaganiach dotycz\u0105cych zak\u0142ad\u00f3w i wyp\u0142atach bonus\u00f3w!","robots":{"index":"index","follow":"follow","max-snippet":"max-snippet:-1","max-image-preview":"max-image-preview:large","max-video-preview":"max-video-preview:-1"},"og_locale":"pl_PL","og_type":"article","og_title":"SpinBetter Polska bonusy > Warianty, warunki i wskaz\u00f3wki","og_description":"Dowiedz si\u0119, jak uzyska\u0107 i wykorzysta\u0107 bonusy SpinBetter Polska z maksymalnymi korzy\u015bciami. Wszystko o najlepszych bonusach SpinBetter, warunkach, wymaganiach dotycz\u0105cych zak\u0142ad\u00f3w i wyp\u0142atach bonus\u00f3w!","og_url":"https:\/\/spinbetter.space\/pl\/bonuses\/","og_site_name":"spinbetter team pl","article_modified_time":"2025-08-13T08:43:10+00:00","twitter_card":"summary_large_image","schema":{"@context":"https:\/\/schema.org","@graph":[{"@type":"WebPage","@id":"https:\/\/spinbetter.space\/pl\/bonuses\/","url":"https:\/\/spinbetter.space\/pl\/bonuses\/","name":"SpinBetter Polska bonusy > Warianty, warunki i wskaz\u00f3wki","isPartOf":{"@id":"https:\/\/spinbetter.space\/pl\/#website"},"datePublished":"2023-05-18T17:39:43+00:00","dateModified":"2025-08-13T08:43:10+00:00","description":"Dowiedz si\u0119, jak uzyska\u0107 i wykorzysta\u0107 bonusy SpinBetter Polska z maksymalnymi korzy\u015bciami. Wszystko o najlepszych bonusach SpinBetter, warunkach, wymaganiach dotycz\u0105cych zak\u0142ad\u00f3w i wyp\u0142atach bonus\u00f3w!","breadcrumb":{"@id":"https:\/\/spinbetter.space\/pl\/bonuses\/#breadcrumb"},"inLanguage":"pl-PL","potentialAction":[{"@type":"ReadAction","target":["https:\/\/spinbetter.space\/pl\/bonuses\/"]}]},{"@type":"BreadcrumbList","@id":"https:\/\/spinbetter.space\/pl\/bonuses\/#breadcrumb","itemListElement":[{"@type":"ListItem","position":1,"name":"\u0413\u043b\u0430\u0432\u043d\u0430\u044f \u0441\u0442\u0440\u0430\u043d\u0438\u0446\u0430","item":"https:\/\/spinbetter.space\/pl\/"},{"@type":"ListItem","position":2,"name":"Bonusy"}]},{"@type":"WebSite","@id":"https:\/\/spinbetter.space\/pl\/#website","url":"https:\/\/spinbetter.space\/pl\/","name":"spinbetter team pl","description":"My WordPress Blog","potentialAction":[{"@type":"SearchAction","target":{"@type":"EntryPoint","urlTemplate":"https:\/\/spinbetter.space\/pl\/?s={search_term_string}"},"query-input":{"@type":"PropertyValueSpecification","valueRequired":true,"valueName":"search_term_string"}}],"inLanguage":"pl-PL"}]}},"_links":{"self":[{"href":"https:\/\/spinbetter.space\/pl\/wp-json\/wp\/v2\/pages\/152","targetHints":{"allow":["GET"]}}],"collection":[{"href":"https:\/\/spinbetter.space\/pl\/wp-json\/wp\/v2\/pages"}],"about":[{"href":"https:\/\/spinbetter.space\/pl\/wp-json\/wp\/v2\/types\/page"}],"author":[{"embeddable":true,"href":"https:\/\/spinbetter.space\/pl\/wp-json\/wp\/v2\/users\/1"}],"replies":[{"embeddable":true,"href":"https:\/\/spinbetter.space\/pl\/wp-json\/wp\/v2\/comments?post=152"}],"version-history":[{"count":23,"href":"https:\/\/spinbetter.space\/pl\/wp-json\/wp\/v2\/pages\/152\/revisions"}],"predecessor-version":[{"id":591,"href":"https:\/\/spinbetter.space\/pl\/wp-json\/wp\/v2\/pages\/152\/revisions\/591"}],"wp:attachment":[{"href":"https:\/\/spinbetter.space\/pl\/wp-json\/wp\/v2\/media?parent=152"}],"curies":[{"name":"wp","href":"https:\/\/api.w.org\/{rel}","templated":true}]}}