{"id":635,"date":"2025-07-11T12:16:42","date_gmt":"2025-07-11T12:16:42","guid":{"rendered":"https:\/\/spinbetter.space\/no\/?page_id=635"},"modified":"2025-07-11T12:16:49","modified_gmt":"2025-07-11T12:16:49","slug":"spinbetter-vip-program","status":"publish","type":"page","link":"https:\/\/spinbetter.space\/no\/bonuses\/spinbetter-vip-program\/","title":{"rendered":"SpinBetter VIP-program"},"content":{"rendered":"","protected":false},"excerpt":{"rendered":"","protected":false},"author":1,"featured_media":0,"parent":152,"menu_order":0,"comment_status":"closed","ping_status":"closed","template":"","meta":{"footnotes":""},"class_list":["post-635","page","type-page","status-publish","hentry"],"yoast_head":"<!-- This site is optimized with the Yoast SEO plugin v23.5 - https:\/\/yoast.com\/wordpress\/plugins\/seo\/ -->\n<title>SpinBetter VIP-program \u1405 Bli med og f\u00e5 mer<\/title>\n<meta name=\"description\" content=\"Bli med i SpinBetter-lojalitetsprogrammet. Hev niv\u00e5et ditt, f\u00e5 mer cashback og \u00e5pen tilgang til eksklusive kampanjer og VIP-bonuser!\" \/>\n<meta name=\"robots\" content=\"index, follow, max-snippet:-1, max-image-preview:large, max-video-preview:-1\" \/>\n<meta property=\"og:locale\" content=\"nb_NO\" \/>\n<meta property=\"og:type\" content=\"article\" \/>\n<meta property=\"og:title\" content=\"SpinBetter VIP-program \u1405 Bli med og f\u00e5 mer\" \/>\n<meta property=\"og:description\" content=\"Bli med i SpinBetter-lojalitetsprogrammet. Hev niv\u00e5et ditt, f\u00e5 mer cashback og \u00e5pen tilgang til eksklusive kampanjer og VIP-bonuser!\" \/>\n<meta property=\"og:url\" content=\"https:\/\/spinbetter.space\/no\/bonuses\/spinbetter-vip-program\/\" \/>\n<meta property=\"og:site_name\" content=\"Spinbetter Team NO\" \/>\n<meta property=\"article:modified_time\" content=\"2025-07-11T12:16:49+00:00\" \/>\n<meta name=\"twitter:card\" content=\"summary_large_image\" \/>\n<script type=\"application\/ld+json\" class=\"yoast-schema-graph\">{\"@context\":\"https:\/\/schema.org\",\"@graph\":[{\"@type\":\"WebPage\",\"@id\":\"https:\/\/spinbetter.space\/no\/bonuses\/spinbetter-vip-program\/\",\"url\":\"https:\/\/spinbetter.space\/no\/bonuses\/spinbetter-vip-program\/\",\"name\":\"SpinBetter VIP-program \u1405 Bli med og f\u00e5 mer\",\"isPartOf\":{\"@id\":\"https:\/\/spinbetter.space\/no\/#website\"},\"datePublished\":\"2025-07-11T12:16:42+00:00\",\"dateModified\":\"2025-07-11T12:16:49+00:00\",\"description\":\"Bli med i SpinBetter-lojalitetsprogrammet. Hev niv\u00e5et ditt, f\u00e5 mer cashback og \u00e5pen tilgang til eksklusive kampanjer og VIP-bonuser!\",\"breadcrumb\":{\"@id\":\"https:\/\/spinbetter.space\/no\/bonuses\/spinbetter-vip-program\/#breadcrumb\"},\"inLanguage\":\"nb-NO\",\"potentialAction\":[{\"@type\":\"ReadAction\",\"target\":[\"https:\/\/spinbetter.space\/no\/bonuses\/spinbetter-vip-program\/\"]}]},{\"@type\":\"BreadcrumbList\",\"@id\":\"https:\/\/spinbetter.space\/no\/bonuses\/spinbetter-vip-program\/#breadcrumb\",\"itemListElement\":[{\"@type\":\"ListItem\",\"position\":1,\"name\":\"\u0413\u043b\u0430\u0432\u043d\u0430\u044f \u0441\u0442\u0440\u0430\u043d\u0438\u0446\u0430\",\"item\":\"https:\/\/spinbetter.space\/no\/\"},{\"@type\":\"ListItem\",\"position\":2,\"name\":\"Bonuser\",\"item\":\"https:\/\/spinbetter.space\/no\/bonuses\/\"},{\"@type\":\"ListItem\",\"position\":3,\"name\":\"SpinBetter VIP-program\"}]},{\"@type\":\"WebSite\",\"@id\":\"https:\/\/spinbetter.space\/no\/#website\",\"url\":\"https:\/\/spinbetter.space\/no\/\",\"name\":\"Spinbetter Team NO\",\"description\":\"My WordPress Blog\",\"potentialAction\":[{\"@type\":\"SearchAction\",\"target\":{\"@type\":\"EntryPoint\",\"urlTemplate\":\"https:\/\/spinbetter.space\/no\/?s={search_term_string}\"},\"query-input\":{\"@type\":\"PropertyValueSpecification\",\"valueRequired\":true,\"valueName\":\"search_term_string\"}}],\"inLanguage\":\"nb-NO\"}]}<\/script>\n<!-- \/ Yoast SEO plugin. -->","yoast_head_json":{"title":"SpinBetter VIP-program \u1405 Bli med og f\u00e5 mer","description":"Bli med i SpinBetter-lojalitetsprogrammet. Hev niv\u00e5et ditt, f\u00e5 mer cashback og \u00e5pen tilgang til eksklusive kampanjer og VIP-bonuser!","robots":{"index":"index","follow":"follow","max-snippet":"max-snippet:-1","max-image-preview":"max-image-preview:large","max-video-preview":"max-video-preview:-1"},"og_locale":"nb_NO","og_type":"article","og_title":"SpinBetter VIP-program \u1405 Bli med og f\u00e5 mer","og_description":"Bli med i SpinBetter-lojalitetsprogrammet. Hev niv\u00e5et ditt, f\u00e5 mer cashback og \u00e5pen tilgang til eksklusive kampanjer og VIP-bonuser!","og_url":"https:\/\/spinbetter.space\/no\/bonuses\/spinbetter-vip-program\/","og_site_name":"Spinbetter Team NO","article_modified_time":"2025-07-11T12:16:49+00:00","twitter_card":"summary_large_image","schema":{"@context":"https:\/\/schema.org","@graph":[{"@type":"WebPage","@id":"https:\/\/spinbetter.space\/no\/bonuses\/spinbetter-vip-program\/","url":"https:\/\/spinbetter.space\/no\/bonuses\/spinbetter-vip-program\/","name":"SpinBetter VIP-program \u1405 Bli med og f\u00e5 mer","isPartOf":{"@id":"https:\/\/spinbetter.space\/no\/#website"},"datePublished":"2025-07-11T12:16:42+00:00","dateModified":"2025-07-11T12:16:49+00:00","description":"Bli med i SpinBetter-lojalitetsprogrammet. Hev niv\u00e5et ditt, f\u00e5 mer cashback og \u00e5pen tilgang til eksklusive kampanjer og VIP-bonuser!","breadcrumb":{"@id":"https:\/\/spinbetter.space\/no\/bonuses\/spinbetter-vip-program\/#breadcrumb"},"inLanguage":"nb-NO","potentialAction":[{"@type":"ReadAction","target":["https:\/\/spinbetter.space\/no\/bonuses\/spinbetter-vip-program\/"]}]},{"@type":"BreadcrumbList","@id":"https:\/\/spinbetter.space\/no\/bonuses\/spinbetter-vip-program\/#breadcrumb","itemListElement":[{"@type":"ListItem","position":1,"name":"\u0413\u043b\u0430\u0432\u043d\u0430\u044f \u0441\u0442\u0440\u0430\u043d\u0438\u0446\u0430","item":"https:\/\/spinbetter.space\/no\/"},{"@type":"ListItem","position":2,"name":"Bonuser","item":"https:\/\/spinbetter.space\/no\/bonuses\/"},{"@type":"ListItem","position":3,"name":"SpinBetter VIP-program"}]},{"@type":"WebSite","@id":"https:\/\/spinbetter.space\/no\/#website","url":"https:\/\/spinbetter.space\/no\/","name":"Spinbetter Team NO","description":"My WordPress Blog","potentialAction":[{"@type":"SearchAction","target":{"@type":"EntryPoint","urlTemplate":"https:\/\/spinbetter.space\/no\/?s={search_term_string}"},"query-input":{"@type":"PropertyValueSpecification","valueRequired":true,"valueName":"search_term_string"}}],"inLanguage":"nb-NO"}]}},"_links":{"self":[{"href":"https:\/\/spinbetter.space\/no\/wp-json\/wp\/v2\/pages\/635","targetHints":{"allow":["GET"]}}],"collection":[{"href":"https:\/\/spinbetter.space\/no\/wp-json\/wp\/v2\/pages"}],"about":[{"href":"https:\/\/spinbetter.space\/no\/wp-json\/wp\/v2\/types\/page"}],"author":[{"embeddable":true,"href":"https:\/\/spinbetter.space\/no\/wp-json\/wp\/v2\/users\/1"}],"replies":[{"embeddable":true,"href":"https:\/\/spinbetter.space\/no\/wp-json\/wp\/v2\/comments?post=635"}],"version-history":[{"count":1,"href":"https:\/\/spinbetter.space\/no\/wp-json\/wp\/v2\/pages\/635\/revisions"}],"predecessor-version":[{"id":636,"href":"https:\/\/spinbetter.space\/no\/wp-json\/wp\/v2\/pages\/635\/revisions\/636"}],"up":[{"embeddable":true,"href":"https:\/\/spinbetter.space\/no\/wp-json\/wp\/v2\/pages\/152"}],"wp:attachment":[{"href":"https:\/\/spinbetter.space\/no\/wp-json\/wp\/v2\/media?parent=635"}],"curies":[{"name":"wp","href":"https:\/\/api.w.org\/{rel}","templated":true}]}}