{"id":629,"date":"2025-06-26T09:26:45","date_gmt":"2025-06-26T09:26:45","guid":{"rendered":"https:\/\/spinbetter.space\/no\/?page_id=629"},"modified":"2025-06-26T09:26:52","modified_gmt":"2025-06-26T09:26:52","slug":"first-deposit","status":"publish","type":"page","link":"https:\/\/spinbetter.space\/no\/bonuses\/first-deposit\/","title":{"rendered":"F\u00f8rste innskudd"},"content":{"rendered":"","protected":false},"excerpt":{"rendered":"","protected":false},"author":1,"featured_media":0,"parent":152,"menu_order":0,"comment_status":"closed","ping_status":"closed","template":"","meta":{"footnotes":""},"class_list":["post-629","page","type-page","status-publish","hentry"],"yoast_head":"<!-- This site is optimized with the Yoast SEO plugin v23.5 - https:\/\/yoast.com\/wordpress\/plugins\/seo\/ -->\n<title>SpinBetter 100 % bonus p\u00e5 f\u00f8rste innskudd &gt; f\u00e5 opptil 100 EUR<\/title>\n<meta name=\"description\" content=\"Registrer deg p\u00e5 SpinBetter casino og f\u00e5 100 % bonus opptil 100 EUR p\u00e5 ditt f\u00f8rste innskudd. Spillet starter med dobbel kraft!\" \/>\n<meta name=\"robots\" content=\"index, follow, max-snippet:-1, max-image-preview:large, max-video-preview:-1\" \/>\n<meta property=\"og:locale\" content=\"nb_NO\" \/>\n<meta property=\"og:type\" content=\"article\" \/>\n<meta property=\"og:title\" content=\"SpinBetter 100 % bonus p\u00e5 f\u00f8rste innskudd &gt; f\u00e5 opptil 100 EUR\" \/>\n<meta property=\"og:description\" content=\"Registrer deg p\u00e5 SpinBetter casino og f\u00e5 100 % bonus opptil 100 EUR p\u00e5 ditt f\u00f8rste innskudd. Spillet starter med dobbel kraft!\" \/>\n<meta property=\"og:url\" content=\"https:\/\/spinbetter.space\/no\/bonuses\/first-deposit\/\" \/>\n<meta property=\"og:site_name\" content=\"Spinbetter Team NO\" \/>\n<meta property=\"article:modified_time\" content=\"2025-06-26T09:26:52+00:00\" \/>\n<meta name=\"twitter:card\" content=\"summary_large_image\" \/>\n<script type=\"application\/ld+json\" class=\"yoast-schema-graph\">{\"@context\":\"https:\/\/schema.org\",\"@graph\":[{\"@type\":\"WebPage\",\"@id\":\"https:\/\/spinbetter.space\/no\/bonuses\/first-deposit\/\",\"url\":\"https:\/\/spinbetter.space\/no\/bonuses\/first-deposit\/\",\"name\":\"SpinBetter 100 % bonus p\u00e5 f\u00f8rste innskudd > f\u00e5 opptil 100 EUR\",\"isPartOf\":{\"@id\":\"https:\/\/spinbetter.space\/no\/#website\"},\"datePublished\":\"2025-06-26T09:26:45+00:00\",\"dateModified\":\"2025-06-26T09:26:52+00:00\",\"description\":\"Registrer deg p\u00e5 SpinBetter casino og f\u00e5 100 % bonus opptil 100 EUR p\u00e5 ditt f\u00f8rste innskudd. Spillet starter med dobbel kraft!\",\"breadcrumb\":{\"@id\":\"https:\/\/spinbetter.space\/no\/bonuses\/first-deposit\/#breadcrumb\"},\"inLanguage\":\"nb-NO\",\"potentialAction\":[{\"@type\":\"ReadAction\",\"target\":[\"https:\/\/spinbetter.space\/no\/bonuses\/first-deposit\/\"]}]},{\"@type\":\"BreadcrumbList\",\"@id\":\"https:\/\/spinbetter.space\/no\/bonuses\/first-deposit\/#breadcrumb\",\"itemListElement\":[{\"@type\":\"ListItem\",\"position\":1,\"name\":\"\u0413\u043b\u0430\u0432\u043d\u0430\u044f \u0441\u0442\u0440\u0430\u043d\u0438\u0446\u0430\",\"item\":\"https:\/\/spinbetter.space\/no\/\"},{\"@type\":\"ListItem\",\"position\":2,\"name\":\"Bonuser\",\"item\":\"https:\/\/spinbetter.space\/no\/bonuses\/\"},{\"@type\":\"ListItem\",\"position\":3,\"name\":\"F\u00f8rste innskudd\"}]},{\"@type\":\"WebSite\",\"@id\":\"https:\/\/spinbetter.space\/no\/#website\",\"url\":\"https:\/\/spinbetter.space\/no\/\",\"name\":\"Spinbetter Team NO\",\"description\":\"My WordPress Blog\",\"potentialAction\":[{\"@type\":\"SearchAction\",\"target\":{\"@type\":\"EntryPoint\",\"urlTemplate\":\"https:\/\/spinbetter.space\/no\/?s={search_term_string}\"},\"query-input\":{\"@type\":\"PropertyValueSpecification\",\"valueRequired\":true,\"valueName\":\"search_term_string\"}}],\"inLanguage\":\"nb-NO\"}]}<\/script>\n<!-- \/ Yoast SEO plugin. -->","yoast_head_json":{"title":"SpinBetter 100 % bonus p\u00e5 f\u00f8rste innskudd > f\u00e5 opptil 100 EUR","description":"Registrer deg p\u00e5 SpinBetter casino og f\u00e5 100 % bonus opptil 100 EUR p\u00e5 ditt f\u00f8rste innskudd. Spillet starter med dobbel kraft!","robots":{"index":"index","follow":"follow","max-snippet":"max-snippet:-1","max-image-preview":"max-image-preview:large","max-video-preview":"max-video-preview:-1"},"og_locale":"nb_NO","og_type":"article","og_title":"SpinBetter 100 % bonus p\u00e5 f\u00f8rste innskudd > f\u00e5 opptil 100 EUR","og_description":"Registrer deg p\u00e5 SpinBetter casino og f\u00e5 100 % bonus opptil 100 EUR p\u00e5 ditt f\u00f8rste innskudd. Spillet starter med dobbel kraft!","og_url":"https:\/\/spinbetter.space\/no\/bonuses\/first-deposit\/","og_site_name":"Spinbetter Team NO","article_modified_time":"2025-06-26T09:26:52+00:00","twitter_card":"summary_large_image","schema":{"@context":"https:\/\/schema.org","@graph":[{"@type":"WebPage","@id":"https:\/\/spinbetter.space\/no\/bonuses\/first-deposit\/","url":"https:\/\/spinbetter.space\/no\/bonuses\/first-deposit\/","name":"SpinBetter 100 % bonus p\u00e5 f\u00f8rste innskudd > f\u00e5 opptil 100 EUR","isPartOf":{"@id":"https:\/\/spinbetter.space\/no\/#website"},"datePublished":"2025-06-26T09:26:45+00:00","dateModified":"2025-06-26T09:26:52+00:00","description":"Registrer deg p\u00e5 SpinBetter casino og f\u00e5 100 % bonus opptil 100 EUR p\u00e5 ditt f\u00f8rste innskudd. Spillet starter med dobbel kraft!","breadcrumb":{"@id":"https:\/\/spinbetter.space\/no\/bonuses\/first-deposit\/#breadcrumb"},"inLanguage":"nb-NO","potentialAction":[{"@type":"ReadAction","target":["https:\/\/spinbetter.space\/no\/bonuses\/first-deposit\/"]}]},{"@type":"BreadcrumbList","@id":"https:\/\/spinbetter.space\/no\/bonuses\/first-deposit\/#breadcrumb","itemListElement":[{"@type":"ListItem","position":1,"name":"\u0413\u043b\u0430\u0432\u043d\u0430\u044f \u0441\u0442\u0440\u0430\u043d\u0438\u0446\u0430","item":"https:\/\/spinbetter.space\/no\/"},{"@type":"ListItem","position":2,"name":"Bonuser","item":"https:\/\/spinbetter.space\/no\/bonuses\/"},{"@type":"ListItem","position":3,"name":"F\u00f8rste innskudd"}]},{"@type":"WebSite","@id":"https:\/\/spinbetter.space\/no\/#website","url":"https:\/\/spinbetter.space\/no\/","name":"Spinbetter Team NO","description":"My WordPress Blog","potentialAction":[{"@type":"SearchAction","target":{"@type":"EntryPoint","urlTemplate":"https:\/\/spinbetter.space\/no\/?s={search_term_string}"},"query-input":{"@type":"PropertyValueSpecification","valueRequired":true,"valueName":"search_term_string"}}],"inLanguage":"nb-NO"}]}},"_links":{"self":[{"href":"https:\/\/spinbetter.space\/no\/wp-json\/wp\/v2\/pages\/629","targetHints":{"allow":["GET"]}}],"collection":[{"href":"https:\/\/spinbetter.space\/no\/wp-json\/wp\/v2\/pages"}],"about":[{"href":"https:\/\/spinbetter.space\/no\/wp-json\/wp\/v2\/types\/page"}],"author":[{"embeddable":true,"href":"https:\/\/spinbetter.space\/no\/wp-json\/wp\/v2\/users\/1"}],"replies":[{"embeddable":true,"href":"https:\/\/spinbetter.space\/no\/wp-json\/wp\/v2\/comments?post=629"}],"version-history":[{"count":1,"href":"https:\/\/spinbetter.space\/no\/wp-json\/wp\/v2\/pages\/629\/revisions"}],"predecessor-version":[{"id":630,"href":"https:\/\/spinbetter.space\/no\/wp-json\/wp\/v2\/pages\/629\/revisions\/630"}],"up":[{"embeddable":true,"href":"https:\/\/spinbetter.space\/no\/wp-json\/wp\/v2\/pages\/152"}],"wp:attachment":[{"href":"https:\/\/spinbetter.space\/no\/wp-json\/wp\/v2\/media?parent=629"}],"curies":[{"name":"wp","href":"https:\/\/api.w.org\/{rel}","templated":true}]}}