{"id":627,"date":"2025-06-26T09:24:23","date_gmt":"2025-06-26T09:24:23","guid":{"rendered":"https:\/\/spinbetter.space\/no\/?page_id=627"},"modified":"2025-06-26T09:24:31","modified_gmt":"2025-06-26T09:24:31","slug":"subscribe-telegram","status":"publish","type":"page","link":"https:\/\/spinbetter.space\/no\/bonuses\/subscribe-telegram\/","title":{"rendered":"Telegram"},"content":{"rendered":"","protected":false},"excerpt":{"rendered":"","protected":false},"author":1,"featured_media":0,"parent":152,"menu_order":0,"comment_status":"closed","ping_status":"closed","template":"","meta":{"footnotes":""},"class_list":["post-627","page","type-page","status-publish","hentry"],"yoast_head":"<!-- This site is optimized with the Yoast SEO plugin v23.5 - https:\/\/yoast.com\/wordpress\/plugins\/seo\/ -->\n<title>Telegram SpinBetter &gt; Abonner og f\u00e5 100 FS<\/title>\n<meta name=\"description\" content=\"Vil du holde deg oppdatert p\u00e5 de siste nyhetene og motta eksklusive gaver? Abonner p\u00e5 SpinBetter casino Telegram-kanalen. Bli med!\" \/>\n<meta name=\"robots\" content=\"index, follow, max-snippet:-1, max-image-preview:large, max-video-preview:-1\" \/>\n<meta property=\"og:locale\" content=\"nb_NO\" \/>\n<meta property=\"og:type\" content=\"article\" \/>\n<meta property=\"og:title\" content=\"Telegram SpinBetter &gt; Abonner og f\u00e5 100 FS\" \/>\n<meta property=\"og:description\" content=\"Vil du holde deg oppdatert p\u00e5 de siste nyhetene og motta eksklusive gaver? Abonner p\u00e5 SpinBetter casino Telegram-kanalen. Bli med!\" \/>\n<meta property=\"og:url\" content=\"https:\/\/spinbetter.space\/no\/bonuses\/subscribe-telegram\/\" \/>\n<meta property=\"og:site_name\" content=\"Spinbetter Team NO\" \/>\n<meta property=\"article:modified_time\" content=\"2025-06-26T09:24:31+00:00\" \/>\n<meta name=\"twitter:card\" content=\"summary_large_image\" \/>\n<script type=\"application\/ld+json\" class=\"yoast-schema-graph\">{\"@context\":\"https:\/\/schema.org\",\"@graph\":[{\"@type\":\"WebPage\",\"@id\":\"https:\/\/spinbetter.space\/no\/bonuses\/subscribe-telegram\/\",\"url\":\"https:\/\/spinbetter.space\/no\/bonuses\/subscribe-telegram\/\",\"name\":\"Telegram SpinBetter > Abonner og f\u00e5 100 FS\",\"isPartOf\":{\"@id\":\"https:\/\/spinbetter.space\/no\/#website\"},\"datePublished\":\"2025-06-26T09:24:23+00:00\",\"dateModified\":\"2025-06-26T09:24:31+00:00\",\"description\":\"Vil du holde deg oppdatert p\u00e5 de siste nyhetene og motta eksklusive gaver? Abonner p\u00e5 SpinBetter casino Telegram-kanalen. Bli med!\",\"breadcrumb\":{\"@id\":\"https:\/\/spinbetter.space\/no\/bonuses\/subscribe-telegram\/#breadcrumb\"},\"inLanguage\":\"nb-NO\",\"potentialAction\":[{\"@type\":\"ReadAction\",\"target\":[\"https:\/\/spinbetter.space\/no\/bonuses\/subscribe-telegram\/\"]}]},{\"@type\":\"BreadcrumbList\",\"@id\":\"https:\/\/spinbetter.space\/no\/bonuses\/subscribe-telegram\/#breadcrumb\",\"itemListElement\":[{\"@type\":\"ListItem\",\"position\":1,\"name\":\"\u0413\u043b\u0430\u0432\u043d\u0430\u044f \u0441\u0442\u0440\u0430\u043d\u0438\u0446\u0430\",\"item\":\"https:\/\/spinbetter.space\/no\/\"},{\"@type\":\"ListItem\",\"position\":2,\"name\":\"Bonuser\",\"item\":\"https:\/\/spinbetter.space\/no\/bonuses\/\"},{\"@type\":\"ListItem\",\"position\":3,\"name\":\"Telegram\"}]},{\"@type\":\"WebSite\",\"@id\":\"https:\/\/spinbetter.space\/no\/#website\",\"url\":\"https:\/\/spinbetter.space\/no\/\",\"name\":\"Spinbetter Team NO\",\"description\":\"My WordPress Blog\",\"potentialAction\":[{\"@type\":\"SearchAction\",\"target\":{\"@type\":\"EntryPoint\",\"urlTemplate\":\"https:\/\/spinbetter.space\/no\/?s={search_term_string}\"},\"query-input\":{\"@type\":\"PropertyValueSpecification\",\"valueRequired\":true,\"valueName\":\"search_term_string\"}}],\"inLanguage\":\"nb-NO\"}]}<\/script>\n<!-- \/ Yoast SEO plugin. -->","yoast_head_json":{"title":"Telegram SpinBetter > Abonner og f\u00e5 100 FS","description":"Vil du holde deg oppdatert p\u00e5 de siste nyhetene og motta eksklusive gaver? Abonner p\u00e5 SpinBetter casino Telegram-kanalen. Bli med!","robots":{"index":"index","follow":"follow","max-snippet":"max-snippet:-1","max-image-preview":"max-image-preview:large","max-video-preview":"max-video-preview:-1"},"og_locale":"nb_NO","og_type":"article","og_title":"Telegram SpinBetter > Abonner og f\u00e5 100 FS","og_description":"Vil du holde deg oppdatert p\u00e5 de siste nyhetene og motta eksklusive gaver? Abonner p\u00e5 SpinBetter casino Telegram-kanalen. Bli med!","og_url":"https:\/\/spinbetter.space\/no\/bonuses\/subscribe-telegram\/","og_site_name":"Spinbetter Team NO","article_modified_time":"2025-06-26T09:24:31+00:00","twitter_card":"summary_large_image","schema":{"@context":"https:\/\/schema.org","@graph":[{"@type":"WebPage","@id":"https:\/\/spinbetter.space\/no\/bonuses\/subscribe-telegram\/","url":"https:\/\/spinbetter.space\/no\/bonuses\/subscribe-telegram\/","name":"Telegram SpinBetter > Abonner og f\u00e5 100 FS","isPartOf":{"@id":"https:\/\/spinbetter.space\/no\/#website"},"datePublished":"2025-06-26T09:24:23+00:00","dateModified":"2025-06-26T09:24:31+00:00","description":"Vil du holde deg oppdatert p\u00e5 de siste nyhetene og motta eksklusive gaver? Abonner p\u00e5 SpinBetter casino Telegram-kanalen. Bli med!","breadcrumb":{"@id":"https:\/\/spinbetter.space\/no\/bonuses\/subscribe-telegram\/#breadcrumb"},"inLanguage":"nb-NO","potentialAction":[{"@type":"ReadAction","target":["https:\/\/spinbetter.space\/no\/bonuses\/subscribe-telegram\/"]}]},{"@type":"BreadcrumbList","@id":"https:\/\/spinbetter.space\/no\/bonuses\/subscribe-telegram\/#breadcrumb","itemListElement":[{"@type":"ListItem","position":1,"name":"\u0413\u043b\u0430\u0432\u043d\u0430\u044f \u0441\u0442\u0440\u0430\u043d\u0438\u0446\u0430","item":"https:\/\/spinbetter.space\/no\/"},{"@type":"ListItem","position":2,"name":"Bonuser","item":"https:\/\/spinbetter.space\/no\/bonuses\/"},{"@type":"ListItem","position":3,"name":"Telegram"}]},{"@type":"WebSite","@id":"https:\/\/spinbetter.space\/no\/#website","url":"https:\/\/spinbetter.space\/no\/","name":"Spinbetter Team NO","description":"My WordPress Blog","potentialAction":[{"@type":"SearchAction","target":{"@type":"EntryPoint","urlTemplate":"https:\/\/spinbetter.space\/no\/?s={search_term_string}"},"query-input":{"@type":"PropertyValueSpecification","valueRequired":true,"valueName":"search_term_string"}}],"inLanguage":"nb-NO"}]}},"_links":{"self":[{"href":"https:\/\/spinbetter.space\/no\/wp-json\/wp\/v2\/pages\/627","targetHints":{"allow":["GET"]}}],"collection":[{"href":"https:\/\/spinbetter.space\/no\/wp-json\/wp\/v2\/pages"}],"about":[{"href":"https:\/\/spinbetter.space\/no\/wp-json\/wp\/v2\/types\/page"}],"author":[{"embeddable":true,"href":"https:\/\/spinbetter.space\/no\/wp-json\/wp\/v2\/users\/1"}],"replies":[{"embeddable":true,"href":"https:\/\/spinbetter.space\/no\/wp-json\/wp\/v2\/comments?post=627"}],"version-history":[{"count":1,"href":"https:\/\/spinbetter.space\/no\/wp-json\/wp\/v2\/pages\/627\/revisions"}],"predecessor-version":[{"id":628,"href":"https:\/\/spinbetter.space\/no\/wp-json\/wp\/v2\/pages\/627\/revisions\/628"}],"up":[{"embeddable":true,"href":"https:\/\/spinbetter.space\/no\/wp-json\/wp\/v2\/pages\/152"}],"wp:attachment":[{"href":"https:\/\/spinbetter.space\/no\/wp-json\/wp\/v2\/media?parent=627"}],"curies":[{"name":"wp","href":"https:\/\/api.w.org\/{rel}","templated":true}]}}