{"id":216,"date":"2024-09-19T14:36:55","date_gmt":"2024-09-19T14:36:55","guid":{"rendered":"https:\/\/spinbetter.team\/mz\/?page_id=216"},"modified":"2025-06-18T09:19:30","modified_gmt":"2025-06-18T09:19:30","slug":"registration","status":"publish","type":"page","link":"https:\/\/spinbetter.space\/mz\/registration\/","title":{"rendered":"Registo"},"content":{"rendered":"","protected":false},"excerpt":{"rendered":"","protected":false},"author":1,"featured_media":0,"parent":0,"menu_order":0,"comment_status":"closed","ping_status":"closed","template":"","meta":{"footnotes":""},"class_list":["post-216","page","type-page","status-publish","hentry"],"yoast_head":"<!-- This site is optimized with the Yoast SEO plugin v23.5 - https:\/\/yoast.com\/wordpress\/plugins\/seo\/ -->\n<title>Registro SpinBetter em Mo\u00e7ambique &gt; Passos e Dicas<\/title>\n<meta name=\"description\" content=\"Saiba como efetuar o registo no SpinBetter Mo\u00e7ambique rapidamente e com pouco esfor\u00e7o! B\u00f3nus, muitos jogos e apostas desportivas - \u00e9 isto que o espera ap\u00f3s o registo no SpinBetter.\" \/>\n<meta name=\"robots\" content=\"index, follow, max-snippet:-1, max-image-preview:large, max-video-preview:-1\" \/>\n<meta property=\"og:locale\" content=\"en_US\" \/>\n<meta property=\"og:type\" content=\"article\" \/>\n<meta property=\"og:title\" content=\"Registro SpinBetter em Mo\u00e7ambique &gt; Passos e Dicas\" \/>\n<meta property=\"og:description\" content=\"Saiba como efetuar o registo no SpinBetter Mo\u00e7ambique rapidamente e com pouco esfor\u00e7o! B\u00f3nus, muitos jogos e apostas desportivas - \u00e9 isto que o espera ap\u00f3s o registo no SpinBetter.\" \/>\n<meta property=\"og:url\" content=\"https:\/\/spinbetter.space\/mz\/registration\/\" \/>\n<meta property=\"og:site_name\" content=\"Spinbetter team MZ\" \/>\n<meta property=\"article:modified_time\" content=\"2025-06-18T09:19:30+00:00\" \/>\n<meta name=\"twitter:card\" content=\"summary_large_image\" \/>\n<script type=\"application\/ld+json\" class=\"yoast-schema-graph\">{\"@context\":\"https:\/\/schema.org\",\"@graph\":[{\"@type\":\"WebPage\",\"@id\":\"https:\/\/spinbetter.space\/mz\/registration\/\",\"url\":\"https:\/\/spinbetter.space\/mz\/registration\/\",\"name\":\"Registro SpinBetter em Mo\u00e7ambique > Passos e Dicas\",\"isPartOf\":{\"@id\":\"https:\/\/spinbetter.space\/mz\/#website\"},\"datePublished\":\"2024-09-19T14:36:55+00:00\",\"dateModified\":\"2025-06-18T09:19:30+00:00\",\"description\":\"Saiba como efetuar o registo no SpinBetter Mo\u00e7ambique rapidamente e com pouco esfor\u00e7o! B\u00f3nus, muitos jogos e apostas desportivas - \u00e9 isto que o espera ap\u00f3s o registo no SpinBetter.\",\"breadcrumb\":{\"@id\":\"https:\/\/spinbetter.space\/mz\/registration\/#breadcrumb\"},\"inLanguage\":\"af-ZA\",\"potentialAction\":[{\"@type\":\"ReadAction\",\"target\":[\"https:\/\/spinbetter.space\/mz\/registration\/\"]}]},{\"@type\":\"BreadcrumbList\",\"@id\":\"https:\/\/spinbetter.space\/mz\/registration\/#breadcrumb\",\"itemListElement\":[{\"@type\":\"ListItem\",\"position\":1,\"name\":\"\u0413\u043b\u0430\u0432\u043d\u0430\u044f \u0441\u0442\u0440\u0430\u043d\u0438\u0446\u0430\",\"item\":\"https:\/\/spinbetter.space\/mz\/\"},{\"@type\":\"ListItem\",\"position\":2,\"name\":\"Registo\"}]},{\"@type\":\"WebSite\",\"@id\":\"https:\/\/spinbetter.space\/mz\/#website\",\"url\":\"https:\/\/spinbetter.space\/mz\/\",\"name\":\"Spinbetter team MZ\",\"description\":\"My WordPress Blog\",\"potentialAction\":[{\"@type\":\"SearchAction\",\"target\":{\"@type\":\"EntryPoint\",\"urlTemplate\":\"https:\/\/spinbetter.space\/mz\/?s={search_term_string}\"},\"query-input\":{\"@type\":\"PropertyValueSpecification\",\"valueRequired\":true,\"valueName\":\"search_term_string\"}}],\"inLanguage\":\"af-ZA\"}]}<\/script>\n<!-- \/ Yoast SEO plugin. -->","yoast_head_json":{"title":"Registro SpinBetter em Mo\u00e7ambique > Passos e Dicas","description":"Saiba como efetuar o registo no SpinBetter Mo\u00e7ambique rapidamente e com pouco esfor\u00e7o! B\u00f3nus, muitos jogos e apostas desportivas - \u00e9 isto que o espera ap\u00f3s o registo no SpinBetter.","robots":{"index":"index","follow":"follow","max-snippet":"max-snippet:-1","max-image-preview":"max-image-preview:large","max-video-preview":"max-video-preview:-1"},"og_locale":"en_US","og_type":"article","og_title":"Registro SpinBetter em Mo\u00e7ambique > Passos e Dicas","og_description":"Saiba como efetuar o registo no SpinBetter Mo\u00e7ambique rapidamente e com pouco esfor\u00e7o! B\u00f3nus, muitos jogos e apostas desportivas - \u00e9 isto que o espera ap\u00f3s o registo no SpinBetter.","og_url":"https:\/\/spinbetter.space\/mz\/registration\/","og_site_name":"Spinbetter team MZ","article_modified_time":"2025-06-18T09:19:30+00:00","twitter_card":"summary_large_image","schema":{"@context":"https:\/\/schema.org","@graph":[{"@type":"WebPage","@id":"https:\/\/spinbetter.space\/mz\/registration\/","url":"https:\/\/spinbetter.space\/mz\/registration\/","name":"Registro SpinBetter em Mo\u00e7ambique > Passos e Dicas","isPartOf":{"@id":"https:\/\/spinbetter.space\/mz\/#website"},"datePublished":"2024-09-19T14:36:55+00:00","dateModified":"2025-06-18T09:19:30+00:00","description":"Saiba como efetuar o registo no SpinBetter Mo\u00e7ambique rapidamente e com pouco esfor\u00e7o! B\u00f3nus, muitos jogos e apostas desportivas - \u00e9 isto que o espera ap\u00f3s o registo no SpinBetter.","breadcrumb":{"@id":"https:\/\/spinbetter.space\/mz\/registration\/#breadcrumb"},"inLanguage":"af-ZA","potentialAction":[{"@type":"ReadAction","target":["https:\/\/spinbetter.space\/mz\/registration\/"]}]},{"@type":"BreadcrumbList","@id":"https:\/\/spinbetter.space\/mz\/registration\/#breadcrumb","itemListElement":[{"@type":"ListItem","position":1,"name":"\u0413\u043b\u0430\u0432\u043d\u0430\u044f \u0441\u0442\u0440\u0430\u043d\u0438\u0446\u0430","item":"https:\/\/spinbetter.space\/mz\/"},{"@type":"ListItem","position":2,"name":"Registo"}]},{"@type":"WebSite","@id":"https:\/\/spinbetter.space\/mz\/#website","url":"https:\/\/spinbetter.space\/mz\/","name":"Spinbetter team MZ","description":"My WordPress Blog","potentialAction":[{"@type":"SearchAction","target":{"@type":"EntryPoint","urlTemplate":"https:\/\/spinbetter.space\/mz\/?s={search_term_string}"},"query-input":{"@type":"PropertyValueSpecification","valueRequired":true,"valueName":"search_term_string"}}],"inLanguage":"af-ZA"}]}},"_links":{"self":[{"href":"https:\/\/spinbetter.space\/mz\/wp-json\/wp\/v2\/pages\/216","targetHints":{"allow":["GET"]}}],"collection":[{"href":"https:\/\/spinbetter.space\/mz\/wp-json\/wp\/v2\/pages"}],"about":[{"href":"https:\/\/spinbetter.space\/mz\/wp-json\/wp\/v2\/types\/page"}],"author":[{"embeddable":true,"href":"https:\/\/spinbetter.space\/mz\/wp-json\/wp\/v2\/users\/1"}],"replies":[{"embeddable":true,"href":"https:\/\/spinbetter.space\/mz\/wp-json\/wp\/v2\/comments?post=216"}],"version-history":[{"count":20,"href":"https:\/\/spinbetter.space\/mz\/wp-json\/wp\/v2\/pages\/216\/revisions"}],"predecessor-version":[{"id":559,"href":"https:\/\/spinbetter.space\/mz\/wp-json\/wp\/v2\/pages\/216\/revisions\/559"}],"wp:attachment":[{"href":"https:\/\/spinbetter.space\/mz\/wp-json\/wp\/v2\/media?parent=216"}],"curies":[{"name":"wp","href":"https:\/\/api.w.org\/{rel}","templated":true}]}}