{"id":595,"date":"2025-06-26T08:35:48","date_gmt":"2025-06-26T08:35:48","guid":{"rendered":"https:\/\/spinbetter.space\/lv\/?page_id=595"},"modified":"2025-06-26T08:35:56","modified_gmt":"2025-06-26T08:35:56","slug":"first-deposit","status":"publish","type":"page","link":"https:\/\/spinbetter.space\/lv\/bonuses\/first-deposit\/","title":{"rendered":"Pirmais depoz\u012bts"},"content":{"rendered":"","protected":false},"excerpt":{"rendered":"","protected":false},"author":1,"featured_media":0,"parent":152,"menu_order":0,"comment_status":"closed","ping_status":"closed","template":"","meta":{"footnotes":""},"class_list":["post-595","page","type-page","status-publish","hentry"],"yoast_head":"<!-- This site is optimized with the Yoast SEO plugin v23.5 - https:\/\/yoast.com\/wordpress\/plugins\/seo\/ -->\n<title>SpinBetter 100% bonuss pirmajam depoz\u012btam &gt; l\u012bdz 100 EUR<\/title>\n<meta name=\"description\" content=\"Re\u0123istr\u0113jieties SpinBetter kazino un sa\u0146emiet 100% bonusu l\u012bdz pat 100 EUR par savu pirmo iemaksu. Sp\u0113le s\u0101kas ar dubultu jaudu!\" \/>\n<meta name=\"robots\" content=\"index, follow, max-snippet:-1, max-image-preview:large, max-video-preview:-1\" \/>\n<meta property=\"og:locale\" content=\"lv_LV\" \/>\n<meta property=\"og:type\" content=\"article\" \/>\n<meta property=\"og:title\" content=\"SpinBetter 100% bonuss pirmajam depoz\u012btam &gt; l\u012bdz 100 EUR\" \/>\n<meta property=\"og:description\" content=\"Re\u0123istr\u0113jieties SpinBetter kazino un sa\u0146emiet 100% bonusu l\u012bdz pat 100 EUR par savu pirmo iemaksu. Sp\u0113le s\u0101kas ar dubultu jaudu!\" \/>\n<meta property=\"og:url\" content=\"https:\/\/spinbetter.space\/lv\/bonuses\/first-deposit\/\" \/>\n<meta property=\"og:site_name\" content=\"Spinbetter team LV\" \/>\n<meta property=\"article:modified_time\" content=\"2025-06-26T08:35:56+00:00\" \/>\n<meta name=\"twitter:card\" content=\"summary_large_image\" \/>\n<script type=\"application\/ld+json\" class=\"yoast-schema-graph\">{\"@context\":\"https:\/\/schema.org\",\"@graph\":[{\"@type\":\"WebPage\",\"@id\":\"https:\/\/spinbetter.space\/lv\/bonuses\/first-deposit\/\",\"url\":\"https:\/\/spinbetter.space\/lv\/bonuses\/first-deposit\/\",\"name\":\"SpinBetter 100% bonuss pirmajam depoz\u012btam > l\u012bdz 100 EUR\",\"isPartOf\":{\"@id\":\"https:\/\/spinbetter.space\/lv\/#website\"},\"datePublished\":\"2025-06-26T08:35:48+00:00\",\"dateModified\":\"2025-06-26T08:35:56+00:00\",\"description\":\"Re\u0123istr\u0113jieties SpinBetter kazino un sa\u0146emiet 100% bonusu l\u012bdz pat 100 EUR par savu pirmo iemaksu. Sp\u0113le s\u0101kas ar dubultu jaudu!\",\"breadcrumb\":{\"@id\":\"https:\/\/spinbetter.space\/lv\/bonuses\/first-deposit\/#breadcrumb\"},\"inLanguage\":\"lv-LV\",\"potentialAction\":[{\"@type\":\"ReadAction\",\"target\":[\"https:\/\/spinbetter.space\/lv\/bonuses\/first-deposit\/\"]}]},{\"@type\":\"BreadcrumbList\",\"@id\":\"https:\/\/spinbetter.space\/lv\/bonuses\/first-deposit\/#breadcrumb\",\"itemListElement\":[{\"@type\":\"ListItem\",\"position\":1,\"name\":\"\u0413\u043b\u0430\u0432\u043d\u0430\u044f \u0441\u0442\u0440\u0430\u043d\u0438\u0446\u0430\",\"item\":\"https:\/\/spinbetter.space\/lv\/\"},{\"@type\":\"ListItem\",\"position\":2,\"name\":\"Bonusi\",\"item\":\"https:\/\/spinbetter.space\/lv\/bonuses\/\"},{\"@type\":\"ListItem\",\"position\":3,\"name\":\"Pirmais depoz\u012bts\"}]},{\"@type\":\"WebSite\",\"@id\":\"https:\/\/spinbetter.space\/lv\/#website\",\"url\":\"https:\/\/spinbetter.space\/lv\/\",\"name\":\"Spinbetter team LV\",\"description\":\"My WordPress Blog\",\"potentialAction\":[{\"@type\":\"SearchAction\",\"target\":{\"@type\":\"EntryPoint\",\"urlTemplate\":\"https:\/\/spinbetter.space\/lv\/?s={search_term_string}\"},\"query-input\":{\"@type\":\"PropertyValueSpecification\",\"valueRequired\":true,\"valueName\":\"search_term_string\"}}],\"inLanguage\":\"lv-LV\"}]}<\/script>\n<!-- \/ Yoast SEO plugin. -->","yoast_head_json":{"title":"SpinBetter 100% bonuss pirmajam depoz\u012btam > l\u012bdz 100 EUR","description":"Re\u0123istr\u0113jieties SpinBetter kazino un sa\u0146emiet 100% bonusu l\u012bdz pat 100 EUR par savu pirmo iemaksu. Sp\u0113le s\u0101kas ar dubultu jaudu!","robots":{"index":"index","follow":"follow","max-snippet":"max-snippet:-1","max-image-preview":"max-image-preview:large","max-video-preview":"max-video-preview:-1"},"og_locale":"lv_LV","og_type":"article","og_title":"SpinBetter 100% bonuss pirmajam depoz\u012btam > l\u012bdz 100 EUR","og_description":"Re\u0123istr\u0113jieties SpinBetter kazino un sa\u0146emiet 100% bonusu l\u012bdz pat 100 EUR par savu pirmo iemaksu. Sp\u0113le s\u0101kas ar dubultu jaudu!","og_url":"https:\/\/spinbetter.space\/lv\/bonuses\/first-deposit\/","og_site_name":"Spinbetter team LV","article_modified_time":"2025-06-26T08:35:56+00:00","twitter_card":"summary_large_image","schema":{"@context":"https:\/\/schema.org","@graph":[{"@type":"WebPage","@id":"https:\/\/spinbetter.space\/lv\/bonuses\/first-deposit\/","url":"https:\/\/spinbetter.space\/lv\/bonuses\/first-deposit\/","name":"SpinBetter 100% bonuss pirmajam depoz\u012btam > l\u012bdz 100 EUR","isPartOf":{"@id":"https:\/\/spinbetter.space\/lv\/#website"},"datePublished":"2025-06-26T08:35:48+00:00","dateModified":"2025-06-26T08:35:56+00:00","description":"Re\u0123istr\u0113jieties SpinBetter kazino un sa\u0146emiet 100% bonusu l\u012bdz pat 100 EUR par savu pirmo iemaksu. Sp\u0113le s\u0101kas ar dubultu jaudu!","breadcrumb":{"@id":"https:\/\/spinbetter.space\/lv\/bonuses\/first-deposit\/#breadcrumb"},"inLanguage":"lv-LV","potentialAction":[{"@type":"ReadAction","target":["https:\/\/spinbetter.space\/lv\/bonuses\/first-deposit\/"]}]},{"@type":"BreadcrumbList","@id":"https:\/\/spinbetter.space\/lv\/bonuses\/first-deposit\/#breadcrumb","itemListElement":[{"@type":"ListItem","position":1,"name":"\u0413\u043b\u0430\u0432\u043d\u0430\u044f \u0441\u0442\u0440\u0430\u043d\u0438\u0446\u0430","item":"https:\/\/spinbetter.space\/lv\/"},{"@type":"ListItem","position":2,"name":"Bonusi","item":"https:\/\/spinbetter.space\/lv\/bonuses\/"},{"@type":"ListItem","position":3,"name":"Pirmais depoz\u012bts"}]},{"@type":"WebSite","@id":"https:\/\/spinbetter.space\/lv\/#website","url":"https:\/\/spinbetter.space\/lv\/","name":"Spinbetter team LV","description":"My WordPress Blog","potentialAction":[{"@type":"SearchAction","target":{"@type":"EntryPoint","urlTemplate":"https:\/\/spinbetter.space\/lv\/?s={search_term_string}"},"query-input":{"@type":"PropertyValueSpecification","valueRequired":true,"valueName":"search_term_string"}}],"inLanguage":"lv-LV"}]}},"_links":{"self":[{"href":"https:\/\/spinbetter.space\/lv\/wp-json\/wp\/v2\/pages\/595","targetHints":{"allow":["GET"]}}],"collection":[{"href":"https:\/\/spinbetter.space\/lv\/wp-json\/wp\/v2\/pages"}],"about":[{"href":"https:\/\/spinbetter.space\/lv\/wp-json\/wp\/v2\/types\/page"}],"author":[{"embeddable":true,"href":"https:\/\/spinbetter.space\/lv\/wp-json\/wp\/v2\/users\/1"}],"replies":[{"embeddable":true,"href":"https:\/\/spinbetter.space\/lv\/wp-json\/wp\/v2\/comments?post=595"}],"version-history":[{"count":1,"href":"https:\/\/spinbetter.space\/lv\/wp-json\/wp\/v2\/pages\/595\/revisions"}],"predecessor-version":[{"id":596,"href":"https:\/\/spinbetter.space\/lv\/wp-json\/wp\/v2\/pages\/595\/revisions\/596"}],"up":[{"embeddable":true,"href":"https:\/\/spinbetter.space\/lv\/wp-json\/wp\/v2\/pages\/152"}],"wp:attachment":[{"href":"https:\/\/spinbetter.space\/lv\/wp-json\/wp\/v2\/media?parent=595"}],"curies":[{"name":"wp","href":"https:\/\/api.w.org\/{rel}","templated":true}]}}