{"id":593,"date":"2025-06-26T08:33:09","date_gmt":"2025-06-26T08:33:09","guid":{"rendered":"https:\/\/spinbetter.space\/lv\/?page_id=593"},"modified":"2025-06-26T08:33:19","modified_gmt":"2025-06-26T08:33:19","slug":"subscribe-telegram","status":"publish","type":"page","link":"https:\/\/spinbetter.space\/lv\/bonuses\/subscribe-telegram\/","title":{"rendered":"Telegramma"},"content":{"rendered":"","protected":false},"excerpt":{"rendered":"","protected":false},"author":1,"featured_media":0,"parent":152,"menu_order":0,"comment_status":"closed","ping_status":"closed","template":"","meta":{"footnotes":""},"class_list":["post-593","page","type-page","status-publish","hentry"],"yoast_head":"<!-- This site is optimized with the Yoast SEO plugin v23.5 - https:\/\/yoast.com\/wordpress\/plugins\/seo\/ -->\n<title>Telegram SpinBetter &gt; Abon\u0113jiet un sa\u0146emiet 100 FS<\/title>\n<meta name=\"description\" content=\"Vai v\u0113laties b\u016bt lietas kurs\u0101 par jaun\u0101kaj\u0101m zi\u0146\u0101m un sa\u0146emt ekskluz\u012bvas d\u0101vanas? Abon\u0113jiet SpinBetter kazino Telegram kan\u0101lu. Pievienojieties!\" \/>\n<meta name=\"robots\" content=\"index, follow, max-snippet:-1, max-image-preview:large, max-video-preview:-1\" \/>\n<meta property=\"og:locale\" content=\"lv_LV\" \/>\n<meta property=\"og:type\" content=\"article\" \/>\n<meta property=\"og:title\" content=\"Telegram SpinBetter &gt; Abon\u0113jiet un sa\u0146emiet 100 FS\" \/>\n<meta property=\"og:description\" content=\"Vai v\u0113laties b\u016bt lietas kurs\u0101 par jaun\u0101kaj\u0101m zi\u0146\u0101m un sa\u0146emt ekskluz\u012bvas d\u0101vanas? Abon\u0113jiet SpinBetter kazino Telegram kan\u0101lu. Pievienojieties!\" \/>\n<meta property=\"og:url\" content=\"https:\/\/spinbetter.space\/lv\/bonuses\/subscribe-telegram\/\" \/>\n<meta property=\"og:site_name\" content=\"Spinbetter team LV\" \/>\n<meta property=\"article:modified_time\" content=\"2025-06-26T08:33:19+00:00\" \/>\n<meta name=\"twitter:card\" content=\"summary_large_image\" \/>\n<script type=\"application\/ld+json\" class=\"yoast-schema-graph\">{\"@context\":\"https:\/\/schema.org\",\"@graph\":[{\"@type\":\"WebPage\",\"@id\":\"https:\/\/spinbetter.space\/lv\/bonuses\/subscribe-telegram\/\",\"url\":\"https:\/\/spinbetter.space\/lv\/bonuses\/subscribe-telegram\/\",\"name\":\"Telegram SpinBetter > Abon\u0113jiet un sa\u0146emiet 100 FS\",\"isPartOf\":{\"@id\":\"https:\/\/spinbetter.space\/lv\/#website\"},\"datePublished\":\"2025-06-26T08:33:09+00:00\",\"dateModified\":\"2025-06-26T08:33:19+00:00\",\"description\":\"Vai v\u0113laties b\u016bt lietas kurs\u0101 par jaun\u0101kaj\u0101m zi\u0146\u0101m un sa\u0146emt ekskluz\u012bvas d\u0101vanas? Abon\u0113jiet SpinBetter kazino Telegram kan\u0101lu. Pievienojieties!\",\"breadcrumb\":{\"@id\":\"https:\/\/spinbetter.space\/lv\/bonuses\/subscribe-telegram\/#breadcrumb\"},\"inLanguage\":\"lv-LV\",\"potentialAction\":[{\"@type\":\"ReadAction\",\"target\":[\"https:\/\/spinbetter.space\/lv\/bonuses\/subscribe-telegram\/\"]}]},{\"@type\":\"BreadcrumbList\",\"@id\":\"https:\/\/spinbetter.space\/lv\/bonuses\/subscribe-telegram\/#breadcrumb\",\"itemListElement\":[{\"@type\":\"ListItem\",\"position\":1,\"name\":\"\u0413\u043b\u0430\u0432\u043d\u0430\u044f \u0441\u0442\u0440\u0430\u043d\u0438\u0446\u0430\",\"item\":\"https:\/\/spinbetter.space\/lv\/\"},{\"@type\":\"ListItem\",\"position\":2,\"name\":\"Bonusi\",\"item\":\"https:\/\/spinbetter.space\/lv\/bonuses\/\"},{\"@type\":\"ListItem\",\"position\":3,\"name\":\"Telegramma\"}]},{\"@type\":\"WebSite\",\"@id\":\"https:\/\/spinbetter.space\/lv\/#website\",\"url\":\"https:\/\/spinbetter.space\/lv\/\",\"name\":\"Spinbetter team LV\",\"description\":\"My WordPress Blog\",\"potentialAction\":[{\"@type\":\"SearchAction\",\"target\":{\"@type\":\"EntryPoint\",\"urlTemplate\":\"https:\/\/spinbetter.space\/lv\/?s={search_term_string}\"},\"query-input\":{\"@type\":\"PropertyValueSpecification\",\"valueRequired\":true,\"valueName\":\"search_term_string\"}}],\"inLanguage\":\"lv-LV\"}]}<\/script>\n<!-- \/ Yoast SEO plugin. -->","yoast_head_json":{"title":"Telegram SpinBetter > Abon\u0113jiet un sa\u0146emiet 100 FS","description":"Vai v\u0113laties b\u016bt lietas kurs\u0101 par jaun\u0101kaj\u0101m zi\u0146\u0101m un sa\u0146emt ekskluz\u012bvas d\u0101vanas? Abon\u0113jiet SpinBetter kazino Telegram kan\u0101lu. Pievienojieties!","robots":{"index":"index","follow":"follow","max-snippet":"max-snippet:-1","max-image-preview":"max-image-preview:large","max-video-preview":"max-video-preview:-1"},"og_locale":"lv_LV","og_type":"article","og_title":"Telegram SpinBetter > Abon\u0113jiet un sa\u0146emiet 100 FS","og_description":"Vai v\u0113laties b\u016bt lietas kurs\u0101 par jaun\u0101kaj\u0101m zi\u0146\u0101m un sa\u0146emt ekskluz\u012bvas d\u0101vanas? Abon\u0113jiet SpinBetter kazino Telegram kan\u0101lu. Pievienojieties!","og_url":"https:\/\/spinbetter.space\/lv\/bonuses\/subscribe-telegram\/","og_site_name":"Spinbetter team LV","article_modified_time":"2025-06-26T08:33:19+00:00","twitter_card":"summary_large_image","schema":{"@context":"https:\/\/schema.org","@graph":[{"@type":"WebPage","@id":"https:\/\/spinbetter.space\/lv\/bonuses\/subscribe-telegram\/","url":"https:\/\/spinbetter.space\/lv\/bonuses\/subscribe-telegram\/","name":"Telegram SpinBetter > Abon\u0113jiet un sa\u0146emiet 100 FS","isPartOf":{"@id":"https:\/\/spinbetter.space\/lv\/#website"},"datePublished":"2025-06-26T08:33:09+00:00","dateModified":"2025-06-26T08:33:19+00:00","description":"Vai v\u0113laties b\u016bt lietas kurs\u0101 par jaun\u0101kaj\u0101m zi\u0146\u0101m un sa\u0146emt ekskluz\u012bvas d\u0101vanas? Abon\u0113jiet SpinBetter kazino Telegram kan\u0101lu. Pievienojieties!","breadcrumb":{"@id":"https:\/\/spinbetter.space\/lv\/bonuses\/subscribe-telegram\/#breadcrumb"},"inLanguage":"lv-LV","potentialAction":[{"@type":"ReadAction","target":["https:\/\/spinbetter.space\/lv\/bonuses\/subscribe-telegram\/"]}]},{"@type":"BreadcrumbList","@id":"https:\/\/spinbetter.space\/lv\/bonuses\/subscribe-telegram\/#breadcrumb","itemListElement":[{"@type":"ListItem","position":1,"name":"\u0413\u043b\u0430\u0432\u043d\u0430\u044f \u0441\u0442\u0440\u0430\u043d\u0438\u0446\u0430","item":"https:\/\/spinbetter.space\/lv\/"},{"@type":"ListItem","position":2,"name":"Bonusi","item":"https:\/\/spinbetter.space\/lv\/bonuses\/"},{"@type":"ListItem","position":3,"name":"Telegramma"}]},{"@type":"WebSite","@id":"https:\/\/spinbetter.space\/lv\/#website","url":"https:\/\/spinbetter.space\/lv\/","name":"Spinbetter team LV","description":"My WordPress Blog","potentialAction":[{"@type":"SearchAction","target":{"@type":"EntryPoint","urlTemplate":"https:\/\/spinbetter.space\/lv\/?s={search_term_string}"},"query-input":{"@type":"PropertyValueSpecification","valueRequired":true,"valueName":"search_term_string"}}],"inLanguage":"lv-LV"}]}},"_links":{"self":[{"href":"https:\/\/spinbetter.space\/lv\/wp-json\/wp\/v2\/pages\/593","targetHints":{"allow":["GET"]}}],"collection":[{"href":"https:\/\/spinbetter.space\/lv\/wp-json\/wp\/v2\/pages"}],"about":[{"href":"https:\/\/spinbetter.space\/lv\/wp-json\/wp\/v2\/types\/page"}],"author":[{"embeddable":true,"href":"https:\/\/spinbetter.space\/lv\/wp-json\/wp\/v2\/users\/1"}],"replies":[{"embeddable":true,"href":"https:\/\/spinbetter.space\/lv\/wp-json\/wp\/v2\/comments?post=593"}],"version-history":[{"count":1,"href":"https:\/\/spinbetter.space\/lv\/wp-json\/wp\/v2\/pages\/593\/revisions"}],"predecessor-version":[{"id":594,"href":"https:\/\/spinbetter.space\/lv\/wp-json\/wp\/v2\/pages\/593\/revisions\/594"}],"up":[{"embeddable":true,"href":"https:\/\/spinbetter.space\/lv\/wp-json\/wp\/v2\/pages\/152"}],"wp:attachment":[{"href":"https:\/\/spinbetter.space\/lv\/wp-json\/wp\/v2\/media?parent=593"}],"curies":[{"name":"wp","href":"https:\/\/api.w.org\/{rel}","templated":true}]}}