{"id":589,"date":"2025-06-26T08:27:26","date_gmt":"2025-06-26T08:27:26","guid":{"rendered":"https:\/\/spinbetter.space\/lv\/?page_id=589"},"modified":"2025-06-26T08:27:36","modified_gmt":"2025-06-26T08:27:36","slug":"app-freebet","status":"publish","type":"page","link":"https:\/\/spinbetter.space\/lv\/bonuses\/app-freebet\/","title":{"rendered":"Lietotnes bezmaksas likme"},"content":{"rendered":"","protected":false},"excerpt":{"rendered":"","protected":false},"author":1,"featured_media":0,"parent":152,"menu_order":0,"comment_status":"closed","ping_status":"closed","template":"","meta":{"footnotes":""},"class_list":["post-589","page","type-page","status-publish","hentry"],"yoast_head":"<!-- This site is optimized with the Yoast SEO plugin v23.5 - https:\/\/yoast.com\/wordpress\/plugins\/seo\/ -->\n<title>Likmju veik\u0161ana SpinBetter lietotn\u0113 &gt; Sa\u0146emt bezmaksas likmi<\/title>\n<meta name=\"description\" content=\"Veiciet 10 likmes SpinBetter mobilaj\u0101 lietotn\u0113 un sa\u0146emiet bezmaksas likmi l\u012bdz 10 EUR. Tikai akt\u012bviem Line un Live sp\u0113l\u0113t\u0101jiem - sp\u0113l\u0113jiet un sa\u0146emiet bonusu!\" \/>\n<meta name=\"robots\" content=\"index, follow, max-snippet:-1, max-image-preview:large, max-video-preview:-1\" \/>\n<meta property=\"og:locale\" content=\"lv_LV\" \/>\n<meta property=\"og:type\" content=\"article\" \/>\n<meta property=\"og:title\" content=\"Likmju veik\u0161ana SpinBetter lietotn\u0113 &gt; Sa\u0146emt bezmaksas likmi\" \/>\n<meta property=\"og:description\" content=\"Veiciet 10 likmes SpinBetter mobilaj\u0101 lietotn\u0113 un sa\u0146emiet bezmaksas likmi l\u012bdz 10 EUR. Tikai akt\u012bviem Line un Live sp\u0113l\u0113t\u0101jiem - sp\u0113l\u0113jiet un sa\u0146emiet bonusu!\" \/>\n<meta property=\"og:url\" content=\"https:\/\/spinbetter.space\/lv\/bonuses\/app-freebet\/\" \/>\n<meta property=\"og:site_name\" content=\"Spinbetter team LV\" \/>\n<meta property=\"article:modified_time\" content=\"2025-06-26T08:27:36+00:00\" \/>\n<meta name=\"twitter:card\" content=\"summary_large_image\" \/>\n<script type=\"application\/ld+json\" class=\"yoast-schema-graph\">{\"@context\":\"https:\/\/schema.org\",\"@graph\":[{\"@type\":\"WebPage\",\"@id\":\"https:\/\/spinbetter.space\/lv\/bonuses\/app-freebet\/\",\"url\":\"https:\/\/spinbetter.space\/lv\/bonuses\/app-freebet\/\",\"name\":\"Likmju veik\u0161ana SpinBetter lietotn\u0113 > Sa\u0146emt bezmaksas likmi\",\"isPartOf\":{\"@id\":\"https:\/\/spinbetter.space\/lv\/#website\"},\"datePublished\":\"2025-06-26T08:27:26+00:00\",\"dateModified\":\"2025-06-26T08:27:36+00:00\",\"description\":\"Veiciet 10 likmes SpinBetter mobilaj\u0101 lietotn\u0113 un sa\u0146emiet bezmaksas likmi l\u012bdz 10 EUR. Tikai akt\u012bviem Line un Live sp\u0113l\u0113t\u0101jiem - sp\u0113l\u0113jiet un sa\u0146emiet bonusu!\",\"breadcrumb\":{\"@id\":\"https:\/\/spinbetter.space\/lv\/bonuses\/app-freebet\/#breadcrumb\"},\"inLanguage\":\"lv-LV\",\"potentialAction\":[{\"@type\":\"ReadAction\",\"target\":[\"https:\/\/spinbetter.space\/lv\/bonuses\/app-freebet\/\"]}]},{\"@type\":\"BreadcrumbList\",\"@id\":\"https:\/\/spinbetter.space\/lv\/bonuses\/app-freebet\/#breadcrumb\",\"itemListElement\":[{\"@type\":\"ListItem\",\"position\":1,\"name\":\"\u0413\u043b\u0430\u0432\u043d\u0430\u044f \u0441\u0442\u0440\u0430\u043d\u0438\u0446\u0430\",\"item\":\"https:\/\/spinbetter.space\/lv\/\"},{\"@type\":\"ListItem\",\"position\":2,\"name\":\"Bonusi\",\"item\":\"https:\/\/spinbetter.space\/lv\/bonuses\/\"},{\"@type\":\"ListItem\",\"position\":3,\"name\":\"Lietotnes bezmaksas likme\"}]},{\"@type\":\"WebSite\",\"@id\":\"https:\/\/spinbetter.space\/lv\/#website\",\"url\":\"https:\/\/spinbetter.space\/lv\/\",\"name\":\"Spinbetter team LV\",\"description\":\"My WordPress Blog\",\"potentialAction\":[{\"@type\":\"SearchAction\",\"target\":{\"@type\":\"EntryPoint\",\"urlTemplate\":\"https:\/\/spinbetter.space\/lv\/?s={search_term_string}\"},\"query-input\":{\"@type\":\"PropertyValueSpecification\",\"valueRequired\":true,\"valueName\":\"search_term_string\"}}],\"inLanguage\":\"lv-LV\"}]}<\/script>\n<!-- \/ Yoast SEO plugin. -->","yoast_head_json":{"title":"Likmju veik\u0161ana SpinBetter lietotn\u0113 > Sa\u0146emt bezmaksas likmi","description":"Veiciet 10 likmes SpinBetter mobilaj\u0101 lietotn\u0113 un sa\u0146emiet bezmaksas likmi l\u012bdz 10 EUR. Tikai akt\u012bviem Line un Live sp\u0113l\u0113t\u0101jiem - sp\u0113l\u0113jiet un sa\u0146emiet bonusu!","robots":{"index":"index","follow":"follow","max-snippet":"max-snippet:-1","max-image-preview":"max-image-preview:large","max-video-preview":"max-video-preview:-1"},"og_locale":"lv_LV","og_type":"article","og_title":"Likmju veik\u0161ana SpinBetter lietotn\u0113 > Sa\u0146emt bezmaksas likmi","og_description":"Veiciet 10 likmes SpinBetter mobilaj\u0101 lietotn\u0113 un sa\u0146emiet bezmaksas likmi l\u012bdz 10 EUR. Tikai akt\u012bviem Line un Live sp\u0113l\u0113t\u0101jiem - sp\u0113l\u0113jiet un sa\u0146emiet bonusu!","og_url":"https:\/\/spinbetter.space\/lv\/bonuses\/app-freebet\/","og_site_name":"Spinbetter team LV","article_modified_time":"2025-06-26T08:27:36+00:00","twitter_card":"summary_large_image","schema":{"@context":"https:\/\/schema.org","@graph":[{"@type":"WebPage","@id":"https:\/\/spinbetter.space\/lv\/bonuses\/app-freebet\/","url":"https:\/\/spinbetter.space\/lv\/bonuses\/app-freebet\/","name":"Likmju veik\u0161ana SpinBetter lietotn\u0113 > Sa\u0146emt bezmaksas likmi","isPartOf":{"@id":"https:\/\/spinbetter.space\/lv\/#website"},"datePublished":"2025-06-26T08:27:26+00:00","dateModified":"2025-06-26T08:27:36+00:00","description":"Veiciet 10 likmes SpinBetter mobilaj\u0101 lietotn\u0113 un sa\u0146emiet bezmaksas likmi l\u012bdz 10 EUR. Tikai akt\u012bviem Line un Live sp\u0113l\u0113t\u0101jiem - sp\u0113l\u0113jiet un sa\u0146emiet bonusu!","breadcrumb":{"@id":"https:\/\/spinbetter.space\/lv\/bonuses\/app-freebet\/#breadcrumb"},"inLanguage":"lv-LV","potentialAction":[{"@type":"ReadAction","target":["https:\/\/spinbetter.space\/lv\/bonuses\/app-freebet\/"]}]},{"@type":"BreadcrumbList","@id":"https:\/\/spinbetter.space\/lv\/bonuses\/app-freebet\/#breadcrumb","itemListElement":[{"@type":"ListItem","position":1,"name":"\u0413\u043b\u0430\u0432\u043d\u0430\u044f \u0441\u0442\u0440\u0430\u043d\u0438\u0446\u0430","item":"https:\/\/spinbetter.space\/lv\/"},{"@type":"ListItem","position":2,"name":"Bonusi","item":"https:\/\/spinbetter.space\/lv\/bonuses\/"},{"@type":"ListItem","position":3,"name":"Lietotnes bezmaksas likme"}]},{"@type":"WebSite","@id":"https:\/\/spinbetter.space\/lv\/#website","url":"https:\/\/spinbetter.space\/lv\/","name":"Spinbetter team LV","description":"My WordPress Blog","potentialAction":[{"@type":"SearchAction","target":{"@type":"EntryPoint","urlTemplate":"https:\/\/spinbetter.space\/lv\/?s={search_term_string}"},"query-input":{"@type":"PropertyValueSpecification","valueRequired":true,"valueName":"search_term_string"}}],"inLanguage":"lv-LV"}]}},"_links":{"self":[{"href":"https:\/\/spinbetter.space\/lv\/wp-json\/wp\/v2\/pages\/589","targetHints":{"allow":["GET"]}}],"collection":[{"href":"https:\/\/spinbetter.space\/lv\/wp-json\/wp\/v2\/pages"}],"about":[{"href":"https:\/\/spinbetter.space\/lv\/wp-json\/wp\/v2\/types\/page"}],"author":[{"embeddable":true,"href":"https:\/\/spinbetter.space\/lv\/wp-json\/wp\/v2\/users\/1"}],"replies":[{"embeddable":true,"href":"https:\/\/spinbetter.space\/lv\/wp-json\/wp\/v2\/comments?post=589"}],"version-history":[{"count":1,"href":"https:\/\/spinbetter.space\/lv\/wp-json\/wp\/v2\/pages\/589\/revisions"}],"predecessor-version":[{"id":590,"href":"https:\/\/spinbetter.space\/lv\/wp-json\/wp\/v2\/pages\/589\/revisions\/590"}],"up":[{"embeddable":true,"href":"https:\/\/spinbetter.space\/lv\/wp-json\/wp\/v2\/pages\/152"}],"wp:attachment":[{"href":"https:\/\/spinbetter.space\/lv\/wp-json\/wp\/v2\/media?parent=589"}],"curies":[{"name":"wp","href":"https:\/\/api.w.org\/{rel}","templated":true}]}}