{"id":353,"date":"2024-09-26T07:44:31","date_gmt":"2024-09-26T07:44:31","guid":{"rendered":"https:\/\/spinbetter.team\/lv\/?page_id=353"},"modified":"2025-06-19T07:23:34","modified_gmt":"2025-06-19T07:23:34","slug":"feedback","status":"publish","type":"page","link":"https:\/\/spinbetter.space\/lv\/feedback\/","title":{"rendered":"Atsauksmes"},"content":{"rendered":"","protected":false},"excerpt":{"rendered":"","protected":false},"author":1,"featured_media":0,"parent":0,"menu_order":0,"comment_status":"closed","ping_status":"closed","template":"","meta":{"footnotes":""},"class_list":["post-353","page","type-page","status-publish","hentry"],"yoast_head":"<!-- This site is optimized with the Yoast SEO plugin v23.5 - https:\/\/yoast.com\/wordpress\/plugins\/seo\/ -->\n<title>SpinBetter Latvija sp\u0113l\u0113t\u0101ju atsauksmes &gt; Viss, kas Jums j\u0101zina<\/title>\n<meta name=\"description\" content=\"Uzziniet, ko sp\u0113l\u0113t\u0101ji saka SpinBetter Latvija atsauksm\u0113s. Sal\u012bdziniet ar konkurentiem, sa\u0146emiet padomus un atrodiet atbildes uz bie\u017e\u0101k uzdotajiem jaut\u0101jumiem. Viss, kas Jums j\u0101zina par SpinBetter!\" \/>\n<meta name=\"robots\" content=\"index, follow, max-snippet:-1, max-image-preview:large, max-video-preview:-1\" \/>\n<meta property=\"og:locale\" content=\"lv_LV\" \/>\n<meta property=\"og:type\" content=\"article\" \/>\n<meta property=\"og:title\" content=\"SpinBetter Latvija sp\u0113l\u0113t\u0101ju atsauksmes &gt; Viss, kas Jums j\u0101zina\" \/>\n<meta property=\"og:description\" content=\"Uzziniet, ko sp\u0113l\u0113t\u0101ji saka SpinBetter Latvija atsauksm\u0113s. Sal\u012bdziniet ar konkurentiem, sa\u0146emiet padomus un atrodiet atbildes uz bie\u017e\u0101k uzdotajiem jaut\u0101jumiem. Viss, kas Jums j\u0101zina par SpinBetter!\" \/>\n<meta property=\"og:url\" content=\"https:\/\/spinbetter.space\/lv\/feedback\/\" \/>\n<meta property=\"og:site_name\" content=\"Spinbetter team LV\" \/>\n<meta property=\"article:modified_time\" content=\"2025-06-19T07:23:34+00:00\" \/>\n<meta name=\"twitter:card\" content=\"summary_large_image\" \/>\n<script type=\"application\/ld+json\" class=\"yoast-schema-graph\">{\"@context\":\"https:\/\/schema.org\",\"@graph\":[{\"@type\":\"WebPage\",\"@id\":\"https:\/\/spinbetter.space\/lv\/feedback\/\",\"url\":\"https:\/\/spinbetter.space\/lv\/feedback\/\",\"name\":\"SpinBetter Latvija sp\u0113l\u0113t\u0101ju atsauksmes > Viss, kas Jums j\u0101zina\",\"isPartOf\":{\"@id\":\"https:\/\/spinbetter.space\/lv\/#website\"},\"datePublished\":\"2024-09-26T07:44:31+00:00\",\"dateModified\":\"2025-06-19T07:23:34+00:00\",\"description\":\"Uzziniet, ko sp\u0113l\u0113t\u0101ji saka SpinBetter Latvija atsauksm\u0113s. Sal\u012bdziniet ar konkurentiem, sa\u0146emiet padomus un atrodiet atbildes uz bie\u017e\u0101k uzdotajiem jaut\u0101jumiem. Viss, kas Jums j\u0101zina par SpinBetter!\",\"breadcrumb\":{\"@id\":\"https:\/\/spinbetter.space\/lv\/feedback\/#breadcrumb\"},\"inLanguage\":\"lv-LV\",\"potentialAction\":[{\"@type\":\"ReadAction\",\"target\":[\"https:\/\/spinbetter.space\/lv\/feedback\/\"]}]},{\"@type\":\"BreadcrumbList\",\"@id\":\"https:\/\/spinbetter.space\/lv\/feedback\/#breadcrumb\",\"itemListElement\":[{\"@type\":\"ListItem\",\"position\":1,\"name\":\"\u0413\u043b\u0430\u0432\u043d\u0430\u044f \u0441\u0442\u0440\u0430\u043d\u0438\u0446\u0430\",\"item\":\"https:\/\/spinbetter.space\/lv\/\"},{\"@type\":\"ListItem\",\"position\":2,\"name\":\"Atsauksmes\"}]},{\"@type\":\"WebSite\",\"@id\":\"https:\/\/spinbetter.space\/lv\/#website\",\"url\":\"https:\/\/spinbetter.space\/lv\/\",\"name\":\"Spinbetter team LV\",\"description\":\"My WordPress Blog\",\"potentialAction\":[{\"@type\":\"SearchAction\",\"target\":{\"@type\":\"EntryPoint\",\"urlTemplate\":\"https:\/\/spinbetter.space\/lv\/?s={search_term_string}\"},\"query-input\":{\"@type\":\"PropertyValueSpecification\",\"valueRequired\":true,\"valueName\":\"search_term_string\"}}],\"inLanguage\":\"lv-LV\"}]}<\/script>\n<!-- \/ Yoast SEO plugin. -->","yoast_head_json":{"title":"SpinBetter Latvija sp\u0113l\u0113t\u0101ju atsauksmes > Viss, kas Jums j\u0101zina","description":"Uzziniet, ko sp\u0113l\u0113t\u0101ji saka SpinBetter Latvija atsauksm\u0113s. Sal\u012bdziniet ar konkurentiem, sa\u0146emiet padomus un atrodiet atbildes uz bie\u017e\u0101k uzdotajiem jaut\u0101jumiem. Viss, kas Jums j\u0101zina par SpinBetter!","robots":{"index":"index","follow":"follow","max-snippet":"max-snippet:-1","max-image-preview":"max-image-preview:large","max-video-preview":"max-video-preview:-1"},"og_locale":"lv_LV","og_type":"article","og_title":"SpinBetter Latvija sp\u0113l\u0113t\u0101ju atsauksmes > Viss, kas Jums j\u0101zina","og_description":"Uzziniet, ko sp\u0113l\u0113t\u0101ji saka SpinBetter Latvija atsauksm\u0113s. Sal\u012bdziniet ar konkurentiem, sa\u0146emiet padomus un atrodiet atbildes uz bie\u017e\u0101k uzdotajiem jaut\u0101jumiem. Viss, kas Jums j\u0101zina par SpinBetter!","og_url":"https:\/\/spinbetter.space\/lv\/feedback\/","og_site_name":"Spinbetter team LV","article_modified_time":"2025-06-19T07:23:34+00:00","twitter_card":"summary_large_image","schema":{"@context":"https:\/\/schema.org","@graph":[{"@type":"WebPage","@id":"https:\/\/spinbetter.space\/lv\/feedback\/","url":"https:\/\/spinbetter.space\/lv\/feedback\/","name":"SpinBetter Latvija sp\u0113l\u0113t\u0101ju atsauksmes > Viss, kas Jums j\u0101zina","isPartOf":{"@id":"https:\/\/spinbetter.space\/lv\/#website"},"datePublished":"2024-09-26T07:44:31+00:00","dateModified":"2025-06-19T07:23:34+00:00","description":"Uzziniet, ko sp\u0113l\u0113t\u0101ji saka SpinBetter Latvija atsauksm\u0113s. Sal\u012bdziniet ar konkurentiem, sa\u0146emiet padomus un atrodiet atbildes uz bie\u017e\u0101k uzdotajiem jaut\u0101jumiem. Viss, kas Jums j\u0101zina par SpinBetter!","breadcrumb":{"@id":"https:\/\/spinbetter.space\/lv\/feedback\/#breadcrumb"},"inLanguage":"lv-LV","potentialAction":[{"@type":"ReadAction","target":["https:\/\/spinbetter.space\/lv\/feedback\/"]}]},{"@type":"BreadcrumbList","@id":"https:\/\/spinbetter.space\/lv\/feedback\/#breadcrumb","itemListElement":[{"@type":"ListItem","position":1,"name":"\u0413\u043b\u0430\u0432\u043d\u0430\u044f \u0441\u0442\u0440\u0430\u043d\u0438\u0446\u0430","item":"https:\/\/spinbetter.space\/lv\/"},{"@type":"ListItem","position":2,"name":"Atsauksmes"}]},{"@type":"WebSite","@id":"https:\/\/spinbetter.space\/lv\/#website","url":"https:\/\/spinbetter.space\/lv\/","name":"Spinbetter team LV","description":"My WordPress Blog","potentialAction":[{"@type":"SearchAction","target":{"@type":"EntryPoint","urlTemplate":"https:\/\/spinbetter.space\/lv\/?s={search_term_string}"},"query-input":{"@type":"PropertyValueSpecification","valueRequired":true,"valueName":"search_term_string"}}],"inLanguage":"lv-LV"}]}},"_links":{"self":[{"href":"https:\/\/spinbetter.space\/lv\/wp-json\/wp\/v2\/pages\/353","targetHints":{"allow":["GET"]}}],"collection":[{"href":"https:\/\/spinbetter.space\/lv\/wp-json\/wp\/v2\/pages"}],"about":[{"href":"https:\/\/spinbetter.space\/lv\/wp-json\/wp\/v2\/types\/page"}],"author":[{"embeddable":true,"href":"https:\/\/spinbetter.space\/lv\/wp-json\/wp\/v2\/users\/1"}],"replies":[{"embeddable":true,"href":"https:\/\/spinbetter.space\/lv\/wp-json\/wp\/v2\/comments?post=353"}],"version-history":[{"count":11,"href":"https:\/\/spinbetter.space\/lv\/wp-json\/wp\/v2\/pages\/353\/revisions"}],"predecessor-version":[{"id":567,"href":"https:\/\/spinbetter.space\/lv\/wp-json\/wp\/v2\/pages\/353\/revisions\/567"}],"wp:attachment":[{"href":"https:\/\/spinbetter.space\/lv\/wp-json\/wp\/v2\/media?parent=353"}],"curies":[{"name":"wp","href":"https:\/\/api.w.org\/{rel}","templated":true}]}}