{"id":310,"date":"2024-09-24T14:15:24","date_gmt":"2024-09-24T14:15:24","guid":{"rendered":"https:\/\/spinbetter.team\/lv\/?page_id=310"},"modified":"2025-06-19T07:21:08","modified_gmt":"2025-06-19T07:21:08","slug":"freespins","status":"publish","type":"page","link":"https:\/\/spinbetter.space\/lv\/freespins\/","title":{"rendered":"Bezmaksas vinnesti"},"content":{"rendered":"<ul>\n<li><\/li>\n<\/ul>\n","protected":false},"excerpt":{"rendered":"","protected":false},"author":1,"featured_media":0,"parent":0,"menu_order":0,"comment_status":"closed","ping_status":"closed","template":"","meta":{"footnotes":""},"class_list":["post-310","page","type-page","status-publish","hentry"],"yoast_head":"<!-- This site is optimized with the Yoast SEO plugin v23.5 - https:\/\/yoast.com\/wordpress\/plugins\/seo\/ -->\n<title>SpinBetter bezmaksas griezieni Latvij\u0101<\/title>\n<meta name=\"description\" content=\"Uzziniet, k\u0101 efekt\u012bvi izmantot SpinBetter Latvija bezmaksas griezienus, g\u016bt maksim\u0101lu labumu no akcij\u0101m, izvair\u012bties no bie\u017ei sastopamaj\u0101m k\u013c\u016bd\u0101m un sp\u0113l\u0113t atbild\u012bgi!\" \/>\n<meta name=\"robots\" content=\"index, follow, max-snippet:-1, max-image-preview:large, max-video-preview:-1\" \/>\n<meta property=\"og:locale\" content=\"lv_LV\" \/>\n<meta property=\"og:type\" content=\"article\" \/>\n<meta property=\"og:title\" content=\"SpinBetter bezmaksas griezieni Latvij\u0101\" \/>\n<meta property=\"og:description\" content=\"Uzziniet, k\u0101 efekt\u012bvi izmantot SpinBetter Latvija bezmaksas griezienus, g\u016bt maksim\u0101lu labumu no akcij\u0101m, izvair\u012bties no bie\u017ei sastopamaj\u0101m k\u013c\u016bd\u0101m un sp\u0113l\u0113t atbild\u012bgi!\" \/>\n<meta property=\"og:url\" content=\"https:\/\/spinbetter.space\/lv\/freespins\/\" \/>\n<meta property=\"og:site_name\" content=\"Spinbetter team LV\" \/>\n<meta property=\"article:modified_time\" content=\"2025-06-19T07:21:08+00:00\" \/>\n<meta name=\"twitter:card\" content=\"summary_large_image\" \/>\n<script type=\"application\/ld+json\" class=\"yoast-schema-graph\">{\"@context\":\"https:\/\/schema.org\",\"@graph\":[{\"@type\":\"WebPage\",\"@id\":\"https:\/\/spinbetter.space\/lv\/freespins\/\",\"url\":\"https:\/\/spinbetter.space\/lv\/freespins\/\",\"name\":\"SpinBetter bezmaksas griezieni Latvij\u0101\",\"isPartOf\":{\"@id\":\"https:\/\/spinbetter.space\/lv\/#website\"},\"datePublished\":\"2024-09-24T14:15:24+00:00\",\"dateModified\":\"2025-06-19T07:21:08+00:00\",\"description\":\"Uzziniet, k\u0101 efekt\u012bvi izmantot SpinBetter Latvija bezmaksas griezienus, g\u016bt maksim\u0101lu labumu no akcij\u0101m, izvair\u012bties no bie\u017ei sastopamaj\u0101m k\u013c\u016bd\u0101m un sp\u0113l\u0113t atbild\u012bgi!\",\"breadcrumb\":{\"@id\":\"https:\/\/spinbetter.space\/lv\/freespins\/#breadcrumb\"},\"inLanguage\":\"lv-LV\",\"potentialAction\":[{\"@type\":\"ReadAction\",\"target\":[\"https:\/\/spinbetter.space\/lv\/freespins\/\"]}]},{\"@type\":\"BreadcrumbList\",\"@id\":\"https:\/\/spinbetter.space\/lv\/freespins\/#breadcrumb\",\"itemListElement\":[{\"@type\":\"ListItem\",\"position\":1,\"name\":\"\u0413\u043b\u0430\u0432\u043d\u0430\u044f \u0441\u0442\u0440\u0430\u043d\u0438\u0446\u0430\",\"item\":\"https:\/\/spinbetter.space\/lv\/\"},{\"@type\":\"ListItem\",\"position\":2,\"name\":\"Bezmaksas vinnesti\"}]},{\"@type\":\"WebSite\",\"@id\":\"https:\/\/spinbetter.space\/lv\/#website\",\"url\":\"https:\/\/spinbetter.space\/lv\/\",\"name\":\"Spinbetter team LV\",\"description\":\"My WordPress Blog\",\"potentialAction\":[{\"@type\":\"SearchAction\",\"target\":{\"@type\":\"EntryPoint\",\"urlTemplate\":\"https:\/\/spinbetter.space\/lv\/?s={search_term_string}\"},\"query-input\":{\"@type\":\"PropertyValueSpecification\",\"valueRequired\":true,\"valueName\":\"search_term_string\"}}],\"inLanguage\":\"lv-LV\"}]}<\/script>\n<!-- \/ Yoast SEO plugin. -->","yoast_head_json":{"title":"SpinBetter bezmaksas griezieni Latvij\u0101","description":"Uzziniet, k\u0101 efekt\u012bvi izmantot SpinBetter Latvija bezmaksas griezienus, g\u016bt maksim\u0101lu labumu no akcij\u0101m, izvair\u012bties no bie\u017ei sastopamaj\u0101m k\u013c\u016bd\u0101m un sp\u0113l\u0113t atbild\u012bgi!","robots":{"index":"index","follow":"follow","max-snippet":"max-snippet:-1","max-image-preview":"max-image-preview:large","max-video-preview":"max-video-preview:-1"},"og_locale":"lv_LV","og_type":"article","og_title":"SpinBetter bezmaksas griezieni Latvij\u0101","og_description":"Uzziniet, k\u0101 efekt\u012bvi izmantot SpinBetter Latvija bezmaksas griezienus, g\u016bt maksim\u0101lu labumu no akcij\u0101m, izvair\u012bties no bie\u017ei sastopamaj\u0101m k\u013c\u016bd\u0101m un sp\u0113l\u0113t atbild\u012bgi!","og_url":"https:\/\/spinbetter.space\/lv\/freespins\/","og_site_name":"Spinbetter team LV","article_modified_time":"2025-06-19T07:21:08+00:00","twitter_card":"summary_large_image","schema":{"@context":"https:\/\/schema.org","@graph":[{"@type":"WebPage","@id":"https:\/\/spinbetter.space\/lv\/freespins\/","url":"https:\/\/spinbetter.space\/lv\/freespins\/","name":"SpinBetter bezmaksas griezieni Latvij\u0101","isPartOf":{"@id":"https:\/\/spinbetter.space\/lv\/#website"},"datePublished":"2024-09-24T14:15:24+00:00","dateModified":"2025-06-19T07:21:08+00:00","description":"Uzziniet, k\u0101 efekt\u012bvi izmantot SpinBetter Latvija bezmaksas griezienus, g\u016bt maksim\u0101lu labumu no akcij\u0101m, izvair\u012bties no bie\u017ei sastopamaj\u0101m k\u013c\u016bd\u0101m un sp\u0113l\u0113t atbild\u012bgi!","breadcrumb":{"@id":"https:\/\/spinbetter.space\/lv\/freespins\/#breadcrumb"},"inLanguage":"lv-LV","potentialAction":[{"@type":"ReadAction","target":["https:\/\/spinbetter.space\/lv\/freespins\/"]}]},{"@type":"BreadcrumbList","@id":"https:\/\/spinbetter.space\/lv\/freespins\/#breadcrumb","itemListElement":[{"@type":"ListItem","position":1,"name":"\u0413\u043b\u0430\u0432\u043d\u0430\u044f \u0441\u0442\u0440\u0430\u043d\u0438\u0446\u0430","item":"https:\/\/spinbetter.space\/lv\/"},{"@type":"ListItem","position":2,"name":"Bezmaksas vinnesti"}]},{"@type":"WebSite","@id":"https:\/\/spinbetter.space\/lv\/#website","url":"https:\/\/spinbetter.space\/lv\/","name":"Spinbetter team LV","description":"My WordPress Blog","potentialAction":[{"@type":"SearchAction","target":{"@type":"EntryPoint","urlTemplate":"https:\/\/spinbetter.space\/lv\/?s={search_term_string}"},"query-input":{"@type":"PropertyValueSpecification","valueRequired":true,"valueName":"search_term_string"}}],"inLanguage":"lv-LV"}]}},"_links":{"self":[{"href":"https:\/\/spinbetter.space\/lv\/wp-json\/wp\/v2\/pages\/310","targetHints":{"allow":["GET"]}}],"collection":[{"href":"https:\/\/spinbetter.space\/lv\/wp-json\/wp\/v2\/pages"}],"about":[{"href":"https:\/\/spinbetter.space\/lv\/wp-json\/wp\/v2\/types\/page"}],"author":[{"embeddable":true,"href":"https:\/\/spinbetter.space\/lv\/wp-json\/wp\/v2\/users\/1"}],"replies":[{"embeddable":true,"href":"https:\/\/spinbetter.space\/lv\/wp-json\/wp\/v2\/comments?post=310"}],"version-history":[{"count":22,"href":"https:\/\/spinbetter.space\/lv\/wp-json\/wp\/v2\/pages\/310\/revisions"}],"predecessor-version":[{"id":562,"href":"https:\/\/spinbetter.space\/lv\/wp-json\/wp\/v2\/pages\/310\/revisions\/562"}],"wp:attachment":[{"href":"https:\/\/spinbetter.space\/lv\/wp-json\/wp\/v2\/media?parent=310"}],"curies":[{"name":"wp","href":"https:\/\/api.w.org\/{rel}","templated":true}]}}