{"id":152,"date":"2023-05-18T17:39:43","date_gmt":"2023-05-18T17:39:43","guid":{"rendered":"https:\/\/spinbetter.team\/lv\/?page_id=152"},"modified":"2025-08-13T08:33:32","modified_gmt":"2025-08-13T08:33:32","slug":"bonuses","status":"publish","type":"page","link":"https:\/\/spinbetter.space\/lv\/bonuses\/","title":{"rendered":"Bonusi"},"content":{"rendered":"","protected":false},"excerpt":{"rendered":"","protected":false},"author":1,"featured_media":0,"parent":0,"menu_order":0,"comment_status":"closed","ping_status":"closed","template":"","meta":{"footnotes":""},"class_list":["post-152","page","type-page","status-publish","hentry"],"yoast_head":"<!-- This site is optimized with the Yoast SEO plugin v23.5 - https:\/\/yoast.com\/wordpress\/plugins\/seo\/ -->\n<title>SpinBetter Latvija bonusi: varianti, nosac\u012bjumi un padomi<\/title>\n<meta name=\"description\" content=\"Uzziniet, k\u0101 ieg\u016bt un izmantot SpinBetter Latvija bonusus ar maksim\u0101lu labumu. Viss par lab\u0101kajiem SpinBetter bonusiem.\" \/>\n<meta name=\"robots\" content=\"index, follow, max-snippet:-1, max-image-preview:large, max-video-preview:-1\" \/>\n<meta property=\"og:locale\" content=\"lv_LV\" \/>\n<meta property=\"og:type\" content=\"article\" \/>\n<meta property=\"og:title\" content=\"SpinBetter Latvija bonusi: varianti, nosac\u012bjumi un padomi\" \/>\n<meta property=\"og:description\" content=\"Uzziniet, k\u0101 ieg\u016bt un izmantot SpinBetter Latvija bonusus ar maksim\u0101lu labumu. Viss par lab\u0101kajiem SpinBetter bonusiem.\" \/>\n<meta property=\"og:url\" content=\"https:\/\/spinbetter.space\/lv\/bonuses\/\" \/>\n<meta property=\"og:site_name\" content=\"Spinbetter team LV\" \/>\n<meta property=\"article:modified_time\" content=\"2025-08-13T08:33:32+00:00\" \/>\n<meta name=\"twitter:card\" content=\"summary_large_image\" \/>\n<script type=\"application\/ld+json\" class=\"yoast-schema-graph\">{\"@context\":\"https:\/\/schema.org\",\"@graph\":[{\"@type\":\"WebPage\",\"@id\":\"https:\/\/spinbetter.space\/lv\/bonuses\/\",\"url\":\"https:\/\/spinbetter.space\/lv\/bonuses\/\",\"name\":\"SpinBetter Latvija bonusi: varianti, nosac\u012bjumi un padomi\",\"isPartOf\":{\"@id\":\"https:\/\/spinbetter.space\/lv\/#website\"},\"datePublished\":\"2023-05-18T17:39:43+00:00\",\"dateModified\":\"2025-08-13T08:33:32+00:00\",\"description\":\"Uzziniet, k\u0101 ieg\u016bt un izmantot SpinBetter Latvija bonusus ar maksim\u0101lu labumu. Viss par lab\u0101kajiem SpinBetter bonusiem.\",\"breadcrumb\":{\"@id\":\"https:\/\/spinbetter.space\/lv\/bonuses\/#breadcrumb\"},\"inLanguage\":\"lv-LV\",\"potentialAction\":[{\"@type\":\"ReadAction\",\"target\":[\"https:\/\/spinbetter.space\/lv\/bonuses\/\"]}]},{\"@type\":\"BreadcrumbList\",\"@id\":\"https:\/\/spinbetter.space\/lv\/bonuses\/#breadcrumb\",\"itemListElement\":[{\"@type\":\"ListItem\",\"position\":1,\"name\":\"\u0413\u043b\u0430\u0432\u043d\u0430\u044f \u0441\u0442\u0440\u0430\u043d\u0438\u0446\u0430\",\"item\":\"https:\/\/spinbetter.space\/lv\/\"},{\"@type\":\"ListItem\",\"position\":2,\"name\":\"Bonusi\"}]},{\"@type\":\"WebSite\",\"@id\":\"https:\/\/spinbetter.space\/lv\/#website\",\"url\":\"https:\/\/spinbetter.space\/lv\/\",\"name\":\"Spinbetter team LV\",\"description\":\"My WordPress Blog\",\"potentialAction\":[{\"@type\":\"SearchAction\",\"target\":{\"@type\":\"EntryPoint\",\"urlTemplate\":\"https:\/\/spinbetter.space\/lv\/?s={search_term_string}\"},\"query-input\":{\"@type\":\"PropertyValueSpecification\",\"valueRequired\":true,\"valueName\":\"search_term_string\"}}],\"inLanguage\":\"lv-LV\"}]}<\/script>\n<!-- \/ Yoast SEO plugin. -->","yoast_head_json":{"title":"SpinBetter Latvija bonusi: varianti, nosac\u012bjumi un padomi","description":"Uzziniet, k\u0101 ieg\u016bt un izmantot SpinBetter Latvija bonusus ar maksim\u0101lu labumu. Viss par lab\u0101kajiem SpinBetter bonusiem.","robots":{"index":"index","follow":"follow","max-snippet":"max-snippet:-1","max-image-preview":"max-image-preview:large","max-video-preview":"max-video-preview:-1"},"og_locale":"lv_LV","og_type":"article","og_title":"SpinBetter Latvija bonusi: varianti, nosac\u012bjumi un padomi","og_description":"Uzziniet, k\u0101 ieg\u016bt un izmantot SpinBetter Latvija bonusus ar maksim\u0101lu labumu. Viss par lab\u0101kajiem SpinBetter bonusiem.","og_url":"https:\/\/spinbetter.space\/lv\/bonuses\/","og_site_name":"Spinbetter team LV","article_modified_time":"2025-08-13T08:33:32+00:00","twitter_card":"summary_large_image","schema":{"@context":"https:\/\/schema.org","@graph":[{"@type":"WebPage","@id":"https:\/\/spinbetter.space\/lv\/bonuses\/","url":"https:\/\/spinbetter.space\/lv\/bonuses\/","name":"SpinBetter Latvija bonusi: varianti, nosac\u012bjumi un padomi","isPartOf":{"@id":"https:\/\/spinbetter.space\/lv\/#website"},"datePublished":"2023-05-18T17:39:43+00:00","dateModified":"2025-08-13T08:33:32+00:00","description":"Uzziniet, k\u0101 ieg\u016bt un izmantot SpinBetter Latvija bonusus ar maksim\u0101lu labumu. Viss par lab\u0101kajiem SpinBetter bonusiem.","breadcrumb":{"@id":"https:\/\/spinbetter.space\/lv\/bonuses\/#breadcrumb"},"inLanguage":"lv-LV","potentialAction":[{"@type":"ReadAction","target":["https:\/\/spinbetter.space\/lv\/bonuses\/"]}]},{"@type":"BreadcrumbList","@id":"https:\/\/spinbetter.space\/lv\/bonuses\/#breadcrumb","itemListElement":[{"@type":"ListItem","position":1,"name":"\u0413\u043b\u0430\u0432\u043d\u0430\u044f \u0441\u0442\u0440\u0430\u043d\u0438\u0446\u0430","item":"https:\/\/spinbetter.space\/lv\/"},{"@type":"ListItem","position":2,"name":"Bonusi"}]},{"@type":"WebSite","@id":"https:\/\/spinbetter.space\/lv\/#website","url":"https:\/\/spinbetter.space\/lv\/","name":"Spinbetter team LV","description":"My WordPress Blog","potentialAction":[{"@type":"SearchAction","target":{"@type":"EntryPoint","urlTemplate":"https:\/\/spinbetter.space\/lv\/?s={search_term_string}"},"query-input":{"@type":"PropertyValueSpecification","valueRequired":true,"valueName":"search_term_string"}}],"inLanguage":"lv-LV"}]}},"_links":{"self":[{"href":"https:\/\/spinbetter.space\/lv\/wp-json\/wp\/v2\/pages\/152","targetHints":{"allow":["GET"]}}],"collection":[{"href":"https:\/\/spinbetter.space\/lv\/wp-json\/wp\/v2\/pages"}],"about":[{"href":"https:\/\/spinbetter.space\/lv\/wp-json\/wp\/v2\/types\/page"}],"author":[{"embeddable":true,"href":"https:\/\/spinbetter.space\/lv\/wp-json\/wp\/v2\/users\/1"}],"replies":[{"embeddable":true,"href":"https:\/\/spinbetter.space\/lv\/wp-json\/wp\/v2\/comments?post=152"}],"version-history":[{"count":27,"href":"https:\/\/spinbetter.space\/lv\/wp-json\/wp\/v2\/pages\/152\/revisions"}],"predecessor-version":[{"id":624,"href":"https:\/\/spinbetter.space\/lv\/wp-json\/wp\/v2\/pages\/152\/revisions\/624"}],"wp:attachment":[{"href":"https:\/\/spinbetter.space\/lv\/wp-json\/wp\/v2\/media?parent=152"}],"curies":[{"name":"wp","href":"https:\/\/api.w.org\/{rel}","templated":true}]}}