{"id":588,"date":"2025-06-26T09:50:03","date_gmt":"2025-06-26T09:50:03","guid":{"rendered":"https:\/\/spinbetter.space\/lu\/?page_id=588"},"modified":"2025-06-26T09:50:12","modified_gmt":"2025-06-26T09:50:12","slug":"first-deposit","status":"publish","type":"page","link":"https:\/\/spinbetter.space\/lu\/bonuses\/first-deposit\/","title":{"rendered":"\u00c9ischt Depot"},"content":{"rendered":"","protected":false},"excerpt":{"rendered":"","protected":false},"author":1,"featured_media":0,"parent":152,"menu_order":0,"comment_status":"closed","ping_status":"closed","template":"","meta":{"footnotes":""},"class_list":["post-588","page","type-page","status-publish","hentry"],"yoast_head":"<!-- This site is optimized with the Yoast SEO plugin v23.5 - https:\/\/yoast.com\/wordpress\/plugins\/seo\/ -->\n<title>SpinBetter 100% Bonus op \u00e9ischt Depot &gt; bis zu 100 EUR kr\u00e9ien<\/title>\n<meta name=\"description\" content=\"Registr\u00e9iert Iech am SpinBetter Casino a kritt e 100% Bonus bis zu 100 EUR op \u00c4r \u00e9ischt Depot. D&#039;Spill f\u00e4nkt mat duebeler Kraaft un!\" \/>\n<meta name=\"robots\" content=\"index, follow, max-snippet:-1, max-image-preview:large, max-video-preview:-1\" \/>\n<meta property=\"og:locale\" content=\"nl_NL\" \/>\n<meta property=\"og:type\" content=\"article\" \/>\n<meta property=\"og:title\" content=\"SpinBetter 100% Bonus op \u00e9ischt Depot &gt; bis zu 100 EUR kr\u00e9ien\" \/>\n<meta property=\"og:description\" content=\"Registr\u00e9iert Iech am SpinBetter Casino a kritt e 100% Bonus bis zu 100 EUR op \u00c4r \u00e9ischt Depot. D&#039;Spill f\u00e4nkt mat duebeler Kraaft un!\" \/>\n<meta property=\"og:url\" content=\"https:\/\/spinbetter.space\/lu\/bonuses\/first-deposit\/\" \/>\n<meta property=\"og:site_name\" content=\"Spinbetter Team LU\" \/>\n<meta property=\"article:modified_time\" content=\"2025-06-26T09:50:12+00:00\" \/>\n<meta name=\"twitter:card\" content=\"summary_large_image\" \/>\n<script type=\"application\/ld+json\" class=\"yoast-schema-graph\">{\"@context\":\"https:\/\/schema.org\",\"@graph\":[{\"@type\":\"WebPage\",\"@id\":\"https:\/\/spinbetter.space\/lu\/bonuses\/first-deposit\/\",\"url\":\"https:\/\/spinbetter.space\/lu\/bonuses\/first-deposit\/\",\"name\":\"SpinBetter 100% Bonus op \u00e9ischt Depot > bis zu 100 EUR kr\u00e9ien\",\"isPartOf\":{\"@id\":\"https:\/\/spinbetter.space\/lu\/#website\"},\"datePublished\":\"2025-06-26T09:50:03+00:00\",\"dateModified\":\"2025-06-26T09:50:12+00:00\",\"description\":\"Registr\u00e9iert Iech am SpinBetter Casino a kritt e 100% Bonus bis zu 100 EUR op \u00c4r \u00e9ischt Depot. D'Spill f\u00e4nkt mat duebeler Kraaft un!\",\"breadcrumb\":{\"@id\":\"https:\/\/spinbetter.space\/lu\/bonuses\/first-deposit\/#breadcrumb\"},\"inLanguage\":\"nl-NL\",\"potentialAction\":[{\"@type\":\"ReadAction\",\"target\":[\"https:\/\/spinbetter.space\/lu\/bonuses\/first-deposit\/\"]}]},{\"@type\":\"BreadcrumbList\",\"@id\":\"https:\/\/spinbetter.space\/lu\/bonuses\/first-deposit\/#breadcrumb\",\"itemListElement\":[{\"@type\":\"ListItem\",\"position\":1,\"name\":\"\u0413\u043b\u0430\u0432\u043d\u0430\u044f \u0441\u0442\u0440\u0430\u043d\u0438\u0446\u0430\",\"item\":\"https:\/\/spinbetter.space\/lu\/\"},{\"@type\":\"ListItem\",\"position\":2,\"name\":\"Boni\",\"item\":\"https:\/\/spinbetter.space\/lu\/bonuses\/\"},{\"@type\":\"ListItem\",\"position\":3,\"name\":\"\u00c9ischt Depot\"}]},{\"@type\":\"WebSite\",\"@id\":\"https:\/\/spinbetter.space\/lu\/#website\",\"url\":\"https:\/\/spinbetter.space\/lu\/\",\"name\":\"Spinbetter Team LU\",\"description\":\"My WordPress Blog\",\"potentialAction\":[{\"@type\":\"SearchAction\",\"target\":{\"@type\":\"EntryPoint\",\"urlTemplate\":\"https:\/\/spinbetter.space\/lu\/?s={search_term_string}\"},\"query-input\":{\"@type\":\"PropertyValueSpecification\",\"valueRequired\":true,\"valueName\":\"search_term_string\"}}],\"inLanguage\":\"nl-NL\"}]}<\/script>\n<!-- \/ Yoast SEO plugin. -->","yoast_head_json":{"title":"SpinBetter 100% Bonus op \u00e9ischt Depot > bis zu 100 EUR kr\u00e9ien","description":"Registr\u00e9iert Iech am SpinBetter Casino a kritt e 100% Bonus bis zu 100 EUR op \u00c4r \u00e9ischt Depot. D'Spill f\u00e4nkt mat duebeler Kraaft un!","robots":{"index":"index","follow":"follow","max-snippet":"max-snippet:-1","max-image-preview":"max-image-preview:large","max-video-preview":"max-video-preview:-1"},"og_locale":"nl_NL","og_type":"article","og_title":"SpinBetter 100% Bonus op \u00e9ischt Depot > bis zu 100 EUR kr\u00e9ien","og_description":"Registr\u00e9iert Iech am SpinBetter Casino a kritt e 100% Bonus bis zu 100 EUR op \u00c4r \u00e9ischt Depot. D'Spill f\u00e4nkt mat duebeler Kraaft un!","og_url":"https:\/\/spinbetter.space\/lu\/bonuses\/first-deposit\/","og_site_name":"Spinbetter Team LU","article_modified_time":"2025-06-26T09:50:12+00:00","twitter_card":"summary_large_image","schema":{"@context":"https:\/\/schema.org","@graph":[{"@type":"WebPage","@id":"https:\/\/spinbetter.space\/lu\/bonuses\/first-deposit\/","url":"https:\/\/spinbetter.space\/lu\/bonuses\/first-deposit\/","name":"SpinBetter 100% Bonus op \u00e9ischt Depot > bis zu 100 EUR kr\u00e9ien","isPartOf":{"@id":"https:\/\/spinbetter.space\/lu\/#website"},"datePublished":"2025-06-26T09:50:03+00:00","dateModified":"2025-06-26T09:50:12+00:00","description":"Registr\u00e9iert Iech am SpinBetter Casino a kritt e 100% Bonus bis zu 100 EUR op \u00c4r \u00e9ischt Depot. D'Spill f\u00e4nkt mat duebeler Kraaft un!","breadcrumb":{"@id":"https:\/\/spinbetter.space\/lu\/bonuses\/first-deposit\/#breadcrumb"},"inLanguage":"nl-NL","potentialAction":[{"@type":"ReadAction","target":["https:\/\/spinbetter.space\/lu\/bonuses\/first-deposit\/"]}]},{"@type":"BreadcrumbList","@id":"https:\/\/spinbetter.space\/lu\/bonuses\/first-deposit\/#breadcrumb","itemListElement":[{"@type":"ListItem","position":1,"name":"\u0413\u043b\u0430\u0432\u043d\u0430\u044f \u0441\u0442\u0440\u0430\u043d\u0438\u0446\u0430","item":"https:\/\/spinbetter.space\/lu\/"},{"@type":"ListItem","position":2,"name":"Boni","item":"https:\/\/spinbetter.space\/lu\/bonuses\/"},{"@type":"ListItem","position":3,"name":"\u00c9ischt Depot"}]},{"@type":"WebSite","@id":"https:\/\/spinbetter.space\/lu\/#website","url":"https:\/\/spinbetter.space\/lu\/","name":"Spinbetter Team LU","description":"My WordPress Blog","potentialAction":[{"@type":"SearchAction","target":{"@type":"EntryPoint","urlTemplate":"https:\/\/spinbetter.space\/lu\/?s={search_term_string}"},"query-input":{"@type":"PropertyValueSpecification","valueRequired":true,"valueName":"search_term_string"}}],"inLanguage":"nl-NL"}]}},"_links":{"self":[{"href":"https:\/\/spinbetter.space\/lu\/wp-json\/wp\/v2\/pages\/588","targetHints":{"allow":["GET"]}}],"collection":[{"href":"https:\/\/spinbetter.space\/lu\/wp-json\/wp\/v2\/pages"}],"about":[{"href":"https:\/\/spinbetter.space\/lu\/wp-json\/wp\/v2\/types\/page"}],"author":[{"embeddable":true,"href":"https:\/\/spinbetter.space\/lu\/wp-json\/wp\/v2\/users\/1"}],"replies":[{"embeddable":true,"href":"https:\/\/spinbetter.space\/lu\/wp-json\/wp\/v2\/comments?post=588"}],"version-history":[{"count":1,"href":"https:\/\/spinbetter.space\/lu\/wp-json\/wp\/v2\/pages\/588\/revisions"}],"predecessor-version":[{"id":589,"href":"https:\/\/spinbetter.space\/lu\/wp-json\/wp\/v2\/pages\/588\/revisions\/589"}],"up":[{"embeddable":true,"href":"https:\/\/spinbetter.space\/lu\/wp-json\/wp\/v2\/pages\/152"}],"wp:attachment":[{"href":"https:\/\/spinbetter.space\/lu\/wp-json\/wp\/v2\/media?parent=588"}],"curies":[{"name":"wp","href":"https:\/\/api.w.org\/{rel}","templated":true}]}}