{"id":580,"date":"2025-06-26T09:40:12","date_gmt":"2025-06-26T09:40:12","guid":{"rendered":"https:\/\/spinbetter.space\/lu\/?page_id=580"},"modified":"2025-06-26T09:40:21","modified_gmt":"2025-06-26T09:40:21","slug":"vote-freebet","status":"publish","type":"page","link":"https:\/\/spinbetter.space\/lu\/bonuses\/vote-freebet\/","title":{"rendered":"Gratiswett"},"content":{"rendered":"","protected":false},"excerpt":{"rendered":"","protected":false},"author":1,"featured_media":0,"parent":152,"menu_order":0,"comment_status":"closed","ping_status":"closed","template":"","meta":{"footnotes":""},"class_list":["post-580","page","type-page","status-publish","hentry"],"yoast_head":"<!-- This site is optimized with the Yoast SEO plugin v23.5 - https:\/\/yoast.com\/wordpress\/plugins\/seo\/ -->\n<title>SpinBetter Casino Promotioun &gt; Wielt fir \u00c4re Sport<\/title>\n<meta name=\"description\" content=\"Wielt \u00c4re Sport, maacht einfach Aufgaben a kritt e Gratiswetten bis zu 200 EUR. Wielt, wetten a gew\u00ebnnt bei SpinBetter - maacht mat bis den 27. Juli 2025!\" \/>\n<meta name=\"robots\" content=\"index, follow, max-snippet:-1, max-image-preview:large, max-video-preview:-1\" \/>\n<meta property=\"og:locale\" content=\"nl_NL\" \/>\n<meta property=\"og:type\" content=\"article\" \/>\n<meta property=\"og:title\" content=\"SpinBetter Casino Promotioun &gt; Wielt fir \u00c4re Sport\" \/>\n<meta property=\"og:description\" content=\"Wielt \u00c4re Sport, maacht einfach Aufgaben a kritt e Gratiswetten bis zu 200 EUR. Wielt, wetten a gew\u00ebnnt bei SpinBetter - maacht mat bis den 27. Juli 2025!\" \/>\n<meta property=\"og:url\" content=\"https:\/\/spinbetter.space\/lu\/bonuses\/vote-freebet\/\" \/>\n<meta property=\"og:site_name\" content=\"Spinbetter Team LU\" \/>\n<meta property=\"article:modified_time\" content=\"2025-06-26T09:40:21+00:00\" \/>\n<meta name=\"twitter:card\" content=\"summary_large_image\" \/>\n<script type=\"application\/ld+json\" class=\"yoast-schema-graph\">{\"@context\":\"https:\/\/schema.org\",\"@graph\":[{\"@type\":\"WebPage\",\"@id\":\"https:\/\/spinbetter.space\/lu\/bonuses\/vote-freebet\/\",\"url\":\"https:\/\/spinbetter.space\/lu\/bonuses\/vote-freebet\/\",\"name\":\"SpinBetter Casino Promotioun > Wielt fir \u00c4re Sport\",\"isPartOf\":{\"@id\":\"https:\/\/spinbetter.space\/lu\/#website\"},\"datePublished\":\"2025-06-26T09:40:12+00:00\",\"dateModified\":\"2025-06-26T09:40:21+00:00\",\"description\":\"Wielt \u00c4re Sport, maacht einfach Aufgaben a kritt e Gratiswetten bis zu 200 EUR. Wielt, wetten a gew\u00ebnnt bei SpinBetter - maacht mat bis den 27. Juli 2025!\",\"breadcrumb\":{\"@id\":\"https:\/\/spinbetter.space\/lu\/bonuses\/vote-freebet\/#breadcrumb\"},\"inLanguage\":\"nl-NL\",\"potentialAction\":[{\"@type\":\"ReadAction\",\"target\":[\"https:\/\/spinbetter.space\/lu\/bonuses\/vote-freebet\/\"]}]},{\"@type\":\"BreadcrumbList\",\"@id\":\"https:\/\/spinbetter.space\/lu\/bonuses\/vote-freebet\/#breadcrumb\",\"itemListElement\":[{\"@type\":\"ListItem\",\"position\":1,\"name\":\"\u0413\u043b\u0430\u0432\u043d\u0430\u044f \u0441\u0442\u0440\u0430\u043d\u0438\u0446\u0430\",\"item\":\"https:\/\/spinbetter.space\/lu\/\"},{\"@type\":\"ListItem\",\"position\":2,\"name\":\"Boni\",\"item\":\"https:\/\/spinbetter.space\/lu\/bonuses\/\"},{\"@type\":\"ListItem\",\"position\":3,\"name\":\"Gratiswett\"}]},{\"@type\":\"WebSite\",\"@id\":\"https:\/\/spinbetter.space\/lu\/#website\",\"url\":\"https:\/\/spinbetter.space\/lu\/\",\"name\":\"Spinbetter Team LU\",\"description\":\"My WordPress Blog\",\"potentialAction\":[{\"@type\":\"SearchAction\",\"target\":{\"@type\":\"EntryPoint\",\"urlTemplate\":\"https:\/\/spinbetter.space\/lu\/?s={search_term_string}\"},\"query-input\":{\"@type\":\"PropertyValueSpecification\",\"valueRequired\":true,\"valueName\":\"search_term_string\"}}],\"inLanguage\":\"nl-NL\"}]}<\/script>\n<!-- \/ Yoast SEO plugin. -->","yoast_head_json":{"title":"SpinBetter Casino Promotioun > Wielt fir \u00c4re Sport","description":"Wielt \u00c4re Sport, maacht einfach Aufgaben a kritt e Gratiswetten bis zu 200 EUR. Wielt, wetten a gew\u00ebnnt bei SpinBetter - maacht mat bis den 27. Juli 2025!","robots":{"index":"index","follow":"follow","max-snippet":"max-snippet:-1","max-image-preview":"max-image-preview:large","max-video-preview":"max-video-preview:-1"},"og_locale":"nl_NL","og_type":"article","og_title":"SpinBetter Casino Promotioun > Wielt fir \u00c4re Sport","og_description":"Wielt \u00c4re Sport, maacht einfach Aufgaben a kritt e Gratiswetten bis zu 200 EUR. Wielt, wetten a gew\u00ebnnt bei SpinBetter - maacht mat bis den 27. Juli 2025!","og_url":"https:\/\/spinbetter.space\/lu\/bonuses\/vote-freebet\/","og_site_name":"Spinbetter Team LU","article_modified_time":"2025-06-26T09:40:21+00:00","twitter_card":"summary_large_image","schema":{"@context":"https:\/\/schema.org","@graph":[{"@type":"WebPage","@id":"https:\/\/spinbetter.space\/lu\/bonuses\/vote-freebet\/","url":"https:\/\/spinbetter.space\/lu\/bonuses\/vote-freebet\/","name":"SpinBetter Casino Promotioun > Wielt fir \u00c4re Sport","isPartOf":{"@id":"https:\/\/spinbetter.space\/lu\/#website"},"datePublished":"2025-06-26T09:40:12+00:00","dateModified":"2025-06-26T09:40:21+00:00","description":"Wielt \u00c4re Sport, maacht einfach Aufgaben a kritt e Gratiswetten bis zu 200 EUR. Wielt, wetten a gew\u00ebnnt bei SpinBetter - maacht mat bis den 27. Juli 2025!","breadcrumb":{"@id":"https:\/\/spinbetter.space\/lu\/bonuses\/vote-freebet\/#breadcrumb"},"inLanguage":"nl-NL","potentialAction":[{"@type":"ReadAction","target":["https:\/\/spinbetter.space\/lu\/bonuses\/vote-freebet\/"]}]},{"@type":"BreadcrumbList","@id":"https:\/\/spinbetter.space\/lu\/bonuses\/vote-freebet\/#breadcrumb","itemListElement":[{"@type":"ListItem","position":1,"name":"\u0413\u043b\u0430\u0432\u043d\u0430\u044f \u0441\u0442\u0440\u0430\u043d\u0438\u0446\u0430","item":"https:\/\/spinbetter.space\/lu\/"},{"@type":"ListItem","position":2,"name":"Boni","item":"https:\/\/spinbetter.space\/lu\/bonuses\/"},{"@type":"ListItem","position":3,"name":"Gratiswett"}]},{"@type":"WebSite","@id":"https:\/\/spinbetter.space\/lu\/#website","url":"https:\/\/spinbetter.space\/lu\/","name":"Spinbetter Team LU","description":"My WordPress Blog","potentialAction":[{"@type":"SearchAction","target":{"@type":"EntryPoint","urlTemplate":"https:\/\/spinbetter.space\/lu\/?s={search_term_string}"},"query-input":{"@type":"PropertyValueSpecification","valueRequired":true,"valueName":"search_term_string"}}],"inLanguage":"nl-NL"}]}},"_links":{"self":[{"href":"https:\/\/spinbetter.space\/lu\/wp-json\/wp\/v2\/pages\/580","targetHints":{"allow":["GET"]}}],"collection":[{"href":"https:\/\/spinbetter.space\/lu\/wp-json\/wp\/v2\/pages"}],"about":[{"href":"https:\/\/spinbetter.space\/lu\/wp-json\/wp\/v2\/types\/page"}],"author":[{"embeddable":true,"href":"https:\/\/spinbetter.space\/lu\/wp-json\/wp\/v2\/users\/1"}],"replies":[{"embeddable":true,"href":"https:\/\/spinbetter.space\/lu\/wp-json\/wp\/v2\/comments?post=580"}],"version-history":[{"count":1,"href":"https:\/\/spinbetter.space\/lu\/wp-json\/wp\/v2\/pages\/580\/revisions"}],"predecessor-version":[{"id":581,"href":"https:\/\/spinbetter.space\/lu\/wp-json\/wp\/v2\/pages\/580\/revisions\/581"}],"up":[{"embeddable":true,"href":"https:\/\/spinbetter.space\/lu\/wp-json\/wp\/v2\/pages\/152"}],"wp:attachment":[{"href":"https:\/\/spinbetter.space\/lu\/wp-json\/wp\/v2\/media?parent=580"}],"curies":[{"name":"wp","href":"https:\/\/api.w.org\/{rel}","templated":true}]}}