{"id":589,"date":"2025-07-11T11:57:59","date_gmt":"2025-07-11T11:57:59","guid":{"rendered":"https:\/\/spinbetter.space\/it\/?page_id=589"},"modified":"2025-07-11T11:58:06","modified_gmt":"2025-07-11T11:58:06","slug":"spinbetter-vip-program","status":"publish","type":"page","link":"https:\/\/spinbetter.space\/it\/bonuses\/spinbetter-vip-program\/","title":{"rendered":"Programma VIP SpinBetter"},"content":{"rendered":"","protected":false},"excerpt":{"rendered":"","protected":false},"author":1,"featured_media":0,"parent":152,"menu_order":0,"comment_status":"closed","ping_status":"closed","template":"","meta":{"footnotes":""},"class_list":["post-589","page","type-page","status-publish","hentry"],"yoast_head":"<!-- This site is optimized with the Yoast SEO plugin v23.5 - https:\/\/yoast.com\/wordpress\/plugins\/seo\/ -->\n<title>Programma VIP SpinBetter \u1405 Iscriviti e ottieni di pi\u00f9<\/title>\n<meta name=\"description\" content=\"Iscriviti al programma fedelt\u00e0 SpinBetter. Sali di livello, ottieni pi\u00f9 cashback e accedi a promozioni esclusive e bonus VIP!\" \/>\n<meta name=\"robots\" content=\"index, follow, max-snippet:-1, max-image-preview:large, max-video-preview:-1\" \/>\n<meta property=\"og:locale\" content=\"it_IT\" \/>\n<meta property=\"og:type\" content=\"article\" \/>\n<meta property=\"og:title\" content=\"Programma VIP SpinBetter \u1405 Iscriviti e ottieni di pi\u00f9\" \/>\n<meta property=\"og:description\" content=\"Iscriviti al programma fedelt\u00e0 SpinBetter. Sali di livello, ottieni pi\u00f9 cashback e accedi a promozioni esclusive e bonus VIP!\" \/>\n<meta property=\"og:url\" content=\"https:\/\/spinbetter.space\/it\/bonuses\/spinbetter-vip-program\/\" \/>\n<meta property=\"og:site_name\" content=\"Spinbetter team IT\" \/>\n<meta property=\"article:modified_time\" content=\"2025-07-11T11:58:06+00:00\" \/>\n<meta name=\"twitter:card\" content=\"summary_large_image\" \/>\n<script type=\"application\/ld+json\" class=\"yoast-schema-graph\">{\"@context\":\"https:\/\/schema.org\",\"@graph\":[{\"@type\":\"WebPage\",\"@id\":\"https:\/\/spinbetter.space\/it\/bonuses\/spinbetter-vip-program\/\",\"url\":\"https:\/\/spinbetter.space\/it\/bonuses\/spinbetter-vip-program\/\",\"name\":\"Programma VIP SpinBetter \u1405 Iscriviti e ottieni di pi\u00f9\",\"isPartOf\":{\"@id\":\"https:\/\/spinbetter.space\/it\/#website\"},\"datePublished\":\"2025-07-11T11:57:59+00:00\",\"dateModified\":\"2025-07-11T11:58:06+00:00\",\"description\":\"Iscriviti al programma fedelt\u00e0 SpinBetter. Sali di livello, ottieni pi\u00f9 cashback e accedi a promozioni esclusive e bonus VIP!\",\"breadcrumb\":{\"@id\":\"https:\/\/spinbetter.space\/it\/bonuses\/spinbetter-vip-program\/#breadcrumb\"},\"inLanguage\":\"it-IT\",\"potentialAction\":[{\"@type\":\"ReadAction\",\"target\":[\"https:\/\/spinbetter.space\/it\/bonuses\/spinbetter-vip-program\/\"]}]},{\"@type\":\"BreadcrumbList\",\"@id\":\"https:\/\/spinbetter.space\/it\/bonuses\/spinbetter-vip-program\/#breadcrumb\",\"itemListElement\":[{\"@type\":\"ListItem\",\"position\":1,\"name\":\"\u0413\u043b\u0430\u0432\u043d\u0430\u044f \u0441\u0442\u0440\u0430\u043d\u0438\u0446\u0430\",\"item\":\"https:\/\/spinbetter.space\/it\/\"},{\"@type\":\"ListItem\",\"position\":2,\"name\":\"Bonus\",\"item\":\"https:\/\/spinbetter.space\/it\/bonuses\/\"},{\"@type\":\"ListItem\",\"position\":3,\"name\":\"Programma VIP SpinBetter\"}]},{\"@type\":\"WebSite\",\"@id\":\"https:\/\/spinbetter.space\/it\/#website\",\"url\":\"https:\/\/spinbetter.space\/it\/\",\"name\":\"Spinbetter team IT\",\"description\":\"My WordPress Blog\",\"potentialAction\":[{\"@type\":\"SearchAction\",\"target\":{\"@type\":\"EntryPoint\",\"urlTemplate\":\"https:\/\/spinbetter.space\/it\/?s={search_term_string}\"},\"query-input\":{\"@type\":\"PropertyValueSpecification\",\"valueRequired\":true,\"valueName\":\"search_term_string\"}}],\"inLanguage\":\"it-IT\"}]}<\/script>\n<!-- \/ Yoast SEO plugin. -->","yoast_head_json":{"title":"Programma VIP SpinBetter \u1405 Iscriviti e ottieni di pi\u00f9","description":"Iscriviti al programma fedelt\u00e0 SpinBetter. Sali di livello, ottieni pi\u00f9 cashback e accedi a promozioni esclusive e bonus VIP!","robots":{"index":"index","follow":"follow","max-snippet":"max-snippet:-1","max-image-preview":"max-image-preview:large","max-video-preview":"max-video-preview:-1"},"og_locale":"it_IT","og_type":"article","og_title":"Programma VIP SpinBetter \u1405 Iscriviti e ottieni di pi\u00f9","og_description":"Iscriviti al programma fedelt\u00e0 SpinBetter. Sali di livello, ottieni pi\u00f9 cashback e accedi a promozioni esclusive e bonus VIP!","og_url":"https:\/\/spinbetter.space\/it\/bonuses\/spinbetter-vip-program\/","og_site_name":"Spinbetter team IT","article_modified_time":"2025-07-11T11:58:06+00:00","twitter_card":"summary_large_image","schema":{"@context":"https:\/\/schema.org","@graph":[{"@type":"WebPage","@id":"https:\/\/spinbetter.space\/it\/bonuses\/spinbetter-vip-program\/","url":"https:\/\/spinbetter.space\/it\/bonuses\/spinbetter-vip-program\/","name":"Programma VIP SpinBetter \u1405 Iscriviti e ottieni di pi\u00f9","isPartOf":{"@id":"https:\/\/spinbetter.space\/it\/#website"},"datePublished":"2025-07-11T11:57:59+00:00","dateModified":"2025-07-11T11:58:06+00:00","description":"Iscriviti al programma fedelt\u00e0 SpinBetter. Sali di livello, ottieni pi\u00f9 cashback e accedi a promozioni esclusive e bonus VIP!","breadcrumb":{"@id":"https:\/\/spinbetter.space\/it\/bonuses\/spinbetter-vip-program\/#breadcrumb"},"inLanguage":"it-IT","potentialAction":[{"@type":"ReadAction","target":["https:\/\/spinbetter.space\/it\/bonuses\/spinbetter-vip-program\/"]}]},{"@type":"BreadcrumbList","@id":"https:\/\/spinbetter.space\/it\/bonuses\/spinbetter-vip-program\/#breadcrumb","itemListElement":[{"@type":"ListItem","position":1,"name":"\u0413\u043b\u0430\u0432\u043d\u0430\u044f \u0441\u0442\u0440\u0430\u043d\u0438\u0446\u0430","item":"https:\/\/spinbetter.space\/it\/"},{"@type":"ListItem","position":2,"name":"Bonus","item":"https:\/\/spinbetter.space\/it\/bonuses\/"},{"@type":"ListItem","position":3,"name":"Programma VIP SpinBetter"}]},{"@type":"WebSite","@id":"https:\/\/spinbetter.space\/it\/#website","url":"https:\/\/spinbetter.space\/it\/","name":"Spinbetter team IT","description":"My WordPress Blog","potentialAction":[{"@type":"SearchAction","target":{"@type":"EntryPoint","urlTemplate":"https:\/\/spinbetter.space\/it\/?s={search_term_string}"},"query-input":{"@type":"PropertyValueSpecification","valueRequired":true,"valueName":"search_term_string"}}],"inLanguage":"it-IT"}]}},"_links":{"self":[{"href":"https:\/\/spinbetter.space\/it\/wp-json\/wp\/v2\/pages\/589","targetHints":{"allow":["GET"]}}],"collection":[{"href":"https:\/\/spinbetter.space\/it\/wp-json\/wp\/v2\/pages"}],"about":[{"href":"https:\/\/spinbetter.space\/it\/wp-json\/wp\/v2\/types\/page"}],"author":[{"embeddable":true,"href":"https:\/\/spinbetter.space\/it\/wp-json\/wp\/v2\/users\/1"}],"replies":[{"embeddable":true,"href":"https:\/\/spinbetter.space\/it\/wp-json\/wp\/v2\/comments?post=589"}],"version-history":[{"count":1,"href":"https:\/\/spinbetter.space\/it\/wp-json\/wp\/v2\/pages\/589\/revisions"}],"predecessor-version":[{"id":590,"href":"https:\/\/spinbetter.space\/it\/wp-json\/wp\/v2\/pages\/589\/revisions\/590"}],"up":[{"embeddable":true,"href":"https:\/\/spinbetter.space\/it\/wp-json\/wp\/v2\/pages\/152"}],"wp:attachment":[{"href":"https:\/\/spinbetter.space\/it\/wp-json\/wp\/v2\/media?parent=589"}],"curies":[{"name":"wp","href":"https:\/\/api.w.org\/{rel}","templated":true}]}}