{"id":172,"date":"2024-09-18T11:04:01","date_gmt":"2024-09-18T11:04:01","guid":{"rendered":"https:\/\/spinbetter.team\/it\/?page_id=172"},"modified":"2025-06-18T19:37:21","modified_gmt":"2025-06-18T19:37:21","slug":"casino","status":"publish","type":"page","link":"https:\/\/spinbetter.space\/it\/casino\/","title":{"rendered":"Casin\u00f2"},"content":{"rendered":"","protected":false},"excerpt":{"rendered":"","protected":false},"author":1,"featured_media":0,"parent":0,"menu_order":0,"comment_status":"closed","ping_status":"closed","template":"","meta":{"footnotes":""},"class_list":["post-172","page","type-page","status-publish","hentry"],"yoast_head":"<!-- This site is optimized with the Yoast SEO plugin v23.5 - https:\/\/yoast.com\/wordpress\/plugins\/seo\/ -->\n<title>Recensione del casin\u00f2 SpinBetter Italia: giochi e bonus<\/title>\n<meta name=\"description\" content=\"Esplorate il casin\u00f2 SpinBetter Italia: una variet\u00e0 di giochi dalle slot al bingo. Scoprite come massimizzare il vostro divertimento e le vostre vincite al casin\u00f2 SpinBetter!\" \/>\n<meta name=\"robots\" content=\"index, follow, max-snippet:-1, max-image-preview:large, max-video-preview:-1\" \/>\n<meta property=\"og:locale\" content=\"it_IT\" \/>\n<meta property=\"og:type\" content=\"article\" \/>\n<meta property=\"og:title\" content=\"Recensione del casin\u00f2 SpinBetter Italia: giochi e bonus\" \/>\n<meta property=\"og:description\" content=\"Esplorate il casin\u00f2 SpinBetter Italia: una variet\u00e0 di giochi dalle slot al bingo. Scoprite come massimizzare il vostro divertimento e le vostre vincite al casin\u00f2 SpinBetter!\" \/>\n<meta property=\"og:url\" content=\"https:\/\/spinbetter.space\/it\/casino\/\" \/>\n<meta property=\"og:site_name\" content=\"Spinbetter team IT\" \/>\n<meta property=\"article:modified_time\" content=\"2025-06-18T19:37:21+00:00\" \/>\n<meta name=\"twitter:card\" content=\"summary_large_image\" \/>\n<script type=\"application\/ld+json\" class=\"yoast-schema-graph\">{\"@context\":\"https:\/\/schema.org\",\"@graph\":[{\"@type\":\"WebPage\",\"@id\":\"https:\/\/spinbetter.space\/it\/casino\/\",\"url\":\"https:\/\/spinbetter.space\/it\/casino\/\",\"name\":\"Recensione del casin\u00f2 SpinBetter Italia: giochi e bonus\",\"isPartOf\":{\"@id\":\"https:\/\/spinbetter.space\/it\/#website\"},\"datePublished\":\"2024-09-18T11:04:01+00:00\",\"dateModified\":\"2025-06-18T19:37:21+00:00\",\"description\":\"Esplorate il casin\u00f2 SpinBetter Italia: una variet\u00e0 di giochi dalle slot al bingo. Scoprite come massimizzare il vostro divertimento e le vostre vincite al casin\u00f2 SpinBetter!\",\"breadcrumb\":{\"@id\":\"https:\/\/spinbetter.space\/it\/casino\/#breadcrumb\"},\"inLanguage\":\"it-IT\",\"potentialAction\":[{\"@type\":\"ReadAction\",\"target\":[\"https:\/\/spinbetter.space\/it\/casino\/\"]}]},{\"@type\":\"BreadcrumbList\",\"@id\":\"https:\/\/spinbetter.space\/it\/casino\/#breadcrumb\",\"itemListElement\":[{\"@type\":\"ListItem\",\"position\":1,\"name\":\"\u0413\u043b\u0430\u0432\u043d\u0430\u044f \u0441\u0442\u0440\u0430\u043d\u0438\u0446\u0430\",\"item\":\"https:\/\/spinbetter.space\/it\/\"},{\"@type\":\"ListItem\",\"position\":2,\"name\":\"Casin\u00f2\"}]},{\"@type\":\"WebSite\",\"@id\":\"https:\/\/spinbetter.space\/it\/#website\",\"url\":\"https:\/\/spinbetter.space\/it\/\",\"name\":\"Spinbetter team IT\",\"description\":\"My WordPress Blog\",\"potentialAction\":[{\"@type\":\"SearchAction\",\"target\":{\"@type\":\"EntryPoint\",\"urlTemplate\":\"https:\/\/spinbetter.space\/it\/?s={search_term_string}\"},\"query-input\":{\"@type\":\"PropertyValueSpecification\",\"valueRequired\":true,\"valueName\":\"search_term_string\"}}],\"inLanguage\":\"it-IT\"}]}<\/script>\n<!-- \/ Yoast SEO plugin. -->","yoast_head_json":{"title":"Recensione del casin\u00f2 SpinBetter Italia: giochi e bonus","description":"Esplorate il casin\u00f2 SpinBetter Italia: una variet\u00e0 di giochi dalle slot al bingo. Scoprite come massimizzare il vostro divertimento e le vostre vincite al casin\u00f2 SpinBetter!","robots":{"index":"index","follow":"follow","max-snippet":"max-snippet:-1","max-image-preview":"max-image-preview:large","max-video-preview":"max-video-preview:-1"},"og_locale":"it_IT","og_type":"article","og_title":"Recensione del casin\u00f2 SpinBetter Italia: giochi e bonus","og_description":"Esplorate il casin\u00f2 SpinBetter Italia: una variet\u00e0 di giochi dalle slot al bingo. Scoprite come massimizzare il vostro divertimento e le vostre vincite al casin\u00f2 SpinBetter!","og_url":"https:\/\/spinbetter.space\/it\/casino\/","og_site_name":"Spinbetter team IT","article_modified_time":"2025-06-18T19:37:21+00:00","twitter_card":"summary_large_image","schema":{"@context":"https:\/\/schema.org","@graph":[{"@type":"WebPage","@id":"https:\/\/spinbetter.space\/it\/casino\/","url":"https:\/\/spinbetter.space\/it\/casino\/","name":"Recensione del casin\u00f2 SpinBetter Italia: giochi e bonus","isPartOf":{"@id":"https:\/\/spinbetter.space\/it\/#website"},"datePublished":"2024-09-18T11:04:01+00:00","dateModified":"2025-06-18T19:37:21+00:00","description":"Esplorate il casin\u00f2 SpinBetter Italia: una variet\u00e0 di giochi dalle slot al bingo. Scoprite come massimizzare il vostro divertimento e le vostre vincite al casin\u00f2 SpinBetter!","breadcrumb":{"@id":"https:\/\/spinbetter.space\/it\/casino\/#breadcrumb"},"inLanguage":"it-IT","potentialAction":[{"@type":"ReadAction","target":["https:\/\/spinbetter.space\/it\/casino\/"]}]},{"@type":"BreadcrumbList","@id":"https:\/\/spinbetter.space\/it\/casino\/#breadcrumb","itemListElement":[{"@type":"ListItem","position":1,"name":"\u0413\u043b\u0430\u0432\u043d\u0430\u044f \u0441\u0442\u0440\u0430\u043d\u0438\u0446\u0430","item":"https:\/\/spinbetter.space\/it\/"},{"@type":"ListItem","position":2,"name":"Casin\u00f2"}]},{"@type":"WebSite","@id":"https:\/\/spinbetter.space\/it\/#website","url":"https:\/\/spinbetter.space\/it\/","name":"Spinbetter team IT","description":"My WordPress Blog","potentialAction":[{"@type":"SearchAction","target":{"@type":"EntryPoint","urlTemplate":"https:\/\/spinbetter.space\/it\/?s={search_term_string}"},"query-input":{"@type":"PropertyValueSpecification","valueRequired":true,"valueName":"search_term_string"}}],"inLanguage":"it-IT"}]}},"_links":{"self":[{"href":"https:\/\/spinbetter.space\/it\/wp-json\/wp\/v2\/pages\/172","targetHints":{"allow":["GET"]}}],"collection":[{"href":"https:\/\/spinbetter.space\/it\/wp-json\/wp\/v2\/pages"}],"about":[{"href":"https:\/\/spinbetter.space\/it\/wp-json\/wp\/v2\/types\/page"}],"author":[{"embeddable":true,"href":"https:\/\/spinbetter.space\/it\/wp-json\/wp\/v2\/users\/1"}],"replies":[{"embeddable":true,"href":"https:\/\/spinbetter.space\/it\/wp-json\/wp\/v2\/comments?post=172"}],"version-history":[{"count":24,"href":"https:\/\/spinbetter.space\/it\/wp-json\/wp\/v2\/pages\/172\/revisions"}],"predecessor-version":[{"id":555,"href":"https:\/\/spinbetter.space\/it\/wp-json\/wp\/v2\/pages\/172\/revisions\/555"}],"wp:attachment":[{"href":"https:\/\/spinbetter.space\/it\/wp-json\/wp\/v2\/media?parent=172"}],"curies":[{"name":"wp","href":"https:\/\/api.w.org\/{rel}","templated":true}]}}