{"id":573,"date":"2025-06-05T09:06:57","date_gmt":"2025-06-05T09:06:57","guid":{"rendered":"https:\/\/spinbetter.space\/hu\/?page_id=573"},"modified":"2025-06-05T09:09:09","modified_gmt":"2025-06-05T09:09:09","slug":"ice-hockey-freebet","status":"publish","type":"page","link":"https:\/\/spinbetter.space\/hu\/bonuses\/ice-hockey-freebet\/","title":{"rendered":"ICE HOCKEY FREEBET"},"content":{"rendered":"","protected":false},"excerpt":{"rendered":"","protected":false},"author":1,"featured_media":0,"parent":152,"menu_order":0,"comment_status":"closed","ping_status":"closed","template":"","meta":{"footnotes":""},"class_list":["post-573","page","type-page","status-publish","hentry"],"yoast_head":"<!-- This site is optimized with the Yoast SEO plugin v23.5 - https:\/\/yoast.com\/wordpress\/plugins\/seo\/ -->\n<title>ICE HOCKEY FREEBET a SpinBetter-t\u0151l &gt; Fogadjon \u00e9s nyerjen<\/title>\n<meta name=\"description\" content=\"Vegyen r\u00e9szt a SpinBetter kaszin\u00f3 ICE HOCKEY FREEBET j\u00e1t\u00e9k\u00e1ban, \u00e9s szerezzen jegyeket \u00e9s szuper nyerem\u00e9nyeket - 7777 USD \u00e9s hokilegend\u00e1k dedik\u00e1lt mezeit!\" \/>\n<meta name=\"robots\" content=\"index, follow, max-snippet:-1, max-image-preview:large, max-video-preview:-1\" \/>\n<meta property=\"og:locale\" content=\"hu_HU\" \/>\n<meta property=\"og:type\" content=\"article\" \/>\n<meta property=\"og:title\" content=\"ICE HOCKEY FREEBET a SpinBetter-t\u0151l &gt; Fogadjon \u00e9s nyerjen\" \/>\n<meta property=\"og:description\" content=\"Vegyen r\u00e9szt a SpinBetter kaszin\u00f3 ICE HOCKEY FREEBET j\u00e1t\u00e9k\u00e1ban, \u00e9s szerezzen jegyeket \u00e9s szuper nyerem\u00e9nyeket - 7777 USD \u00e9s hokilegend\u00e1k dedik\u00e1lt mezeit!\" \/>\n<meta property=\"og:url\" content=\"https:\/\/spinbetter.space\/hu\/bonuses\/ice-hockey-freebet\/\" \/>\n<meta property=\"og:site_name\" content=\"spinbetter team hu\" \/>\n<meta property=\"article:modified_time\" content=\"2025-06-05T09:09:09+00:00\" \/>\n<meta name=\"twitter:card\" content=\"summary_large_image\" \/>\n<script type=\"application\/ld+json\" class=\"yoast-schema-graph\">{\"@context\":\"https:\/\/schema.org\",\"@graph\":[{\"@type\":\"WebPage\",\"@id\":\"https:\/\/spinbetter.space\/hu\/bonuses\/ice-hockey-freebet\/\",\"url\":\"https:\/\/spinbetter.space\/hu\/bonuses\/ice-hockey-freebet\/\",\"name\":\"ICE HOCKEY FREEBET a SpinBetter-t\u0151l > Fogadjon \u00e9s nyerjen\",\"isPartOf\":{\"@id\":\"https:\/\/spinbetter.space\/hu\/#website\"},\"datePublished\":\"2025-06-05T09:06:57+00:00\",\"dateModified\":\"2025-06-05T09:09:09+00:00\",\"description\":\"Vegyen r\u00e9szt a SpinBetter kaszin\u00f3 ICE HOCKEY FREEBET j\u00e1t\u00e9k\u00e1ban, \u00e9s szerezzen jegyeket \u00e9s szuper nyerem\u00e9nyeket - 7777 USD \u00e9s hokilegend\u00e1k dedik\u00e1lt mezeit!\",\"breadcrumb\":{\"@id\":\"https:\/\/spinbetter.space\/hu\/bonuses\/ice-hockey-freebet\/#breadcrumb\"},\"inLanguage\":\"hu\",\"potentialAction\":[{\"@type\":\"ReadAction\",\"target\":[\"https:\/\/spinbetter.space\/hu\/bonuses\/ice-hockey-freebet\/\"]}]},{\"@type\":\"BreadcrumbList\",\"@id\":\"https:\/\/spinbetter.space\/hu\/bonuses\/ice-hockey-freebet\/#breadcrumb\",\"itemListElement\":[{\"@type\":\"ListItem\",\"position\":1,\"name\":\"\u0413\u043b\u0430\u0432\u043d\u0430\u044f \u0441\u0442\u0440\u0430\u043d\u0438\u0446\u0430\",\"item\":\"https:\/\/spinbetter.space\/hu\/\"},{\"@type\":\"ListItem\",\"position\":2,\"name\":\"B\u00f3nuszok\",\"item\":\"https:\/\/spinbetter.space\/hu\/bonuses\/\"},{\"@type\":\"ListItem\",\"position\":3,\"name\":\"ICE HOCKEY FREEBET\"}]},{\"@type\":\"WebSite\",\"@id\":\"https:\/\/spinbetter.space\/hu\/#website\",\"url\":\"https:\/\/spinbetter.space\/hu\/\",\"name\":\"spinbetter team hu\",\"description\":\"My WordPress Blog\",\"potentialAction\":[{\"@type\":\"SearchAction\",\"target\":{\"@type\":\"EntryPoint\",\"urlTemplate\":\"https:\/\/spinbetter.space\/hu\/?s={search_term_string}\"},\"query-input\":{\"@type\":\"PropertyValueSpecification\",\"valueRequired\":true,\"valueName\":\"search_term_string\"}}],\"inLanguage\":\"hu\"}]}<\/script>\n<!-- \/ Yoast SEO plugin. -->","yoast_head_json":{"title":"ICE HOCKEY FREEBET a SpinBetter-t\u0151l > Fogadjon \u00e9s nyerjen","description":"Vegyen r\u00e9szt a SpinBetter kaszin\u00f3 ICE HOCKEY FREEBET j\u00e1t\u00e9k\u00e1ban, \u00e9s szerezzen jegyeket \u00e9s szuper nyerem\u00e9nyeket - 7777 USD \u00e9s hokilegend\u00e1k dedik\u00e1lt mezeit!","robots":{"index":"index","follow":"follow","max-snippet":"max-snippet:-1","max-image-preview":"max-image-preview:large","max-video-preview":"max-video-preview:-1"},"og_locale":"hu_HU","og_type":"article","og_title":"ICE HOCKEY FREEBET a SpinBetter-t\u0151l > Fogadjon \u00e9s nyerjen","og_description":"Vegyen r\u00e9szt a SpinBetter kaszin\u00f3 ICE HOCKEY FREEBET j\u00e1t\u00e9k\u00e1ban, \u00e9s szerezzen jegyeket \u00e9s szuper nyerem\u00e9nyeket - 7777 USD \u00e9s hokilegend\u00e1k dedik\u00e1lt mezeit!","og_url":"https:\/\/spinbetter.space\/hu\/bonuses\/ice-hockey-freebet\/","og_site_name":"spinbetter team hu","article_modified_time":"2025-06-05T09:09:09+00:00","twitter_card":"summary_large_image","schema":{"@context":"https:\/\/schema.org","@graph":[{"@type":"WebPage","@id":"https:\/\/spinbetter.space\/hu\/bonuses\/ice-hockey-freebet\/","url":"https:\/\/spinbetter.space\/hu\/bonuses\/ice-hockey-freebet\/","name":"ICE HOCKEY FREEBET a SpinBetter-t\u0151l > Fogadjon \u00e9s nyerjen","isPartOf":{"@id":"https:\/\/spinbetter.space\/hu\/#website"},"datePublished":"2025-06-05T09:06:57+00:00","dateModified":"2025-06-05T09:09:09+00:00","description":"Vegyen r\u00e9szt a SpinBetter kaszin\u00f3 ICE HOCKEY FREEBET j\u00e1t\u00e9k\u00e1ban, \u00e9s szerezzen jegyeket \u00e9s szuper nyerem\u00e9nyeket - 7777 USD \u00e9s hokilegend\u00e1k dedik\u00e1lt mezeit!","breadcrumb":{"@id":"https:\/\/spinbetter.space\/hu\/bonuses\/ice-hockey-freebet\/#breadcrumb"},"inLanguage":"hu","potentialAction":[{"@type":"ReadAction","target":["https:\/\/spinbetter.space\/hu\/bonuses\/ice-hockey-freebet\/"]}]},{"@type":"BreadcrumbList","@id":"https:\/\/spinbetter.space\/hu\/bonuses\/ice-hockey-freebet\/#breadcrumb","itemListElement":[{"@type":"ListItem","position":1,"name":"\u0413\u043b\u0430\u0432\u043d\u0430\u044f \u0441\u0442\u0440\u0430\u043d\u0438\u0446\u0430","item":"https:\/\/spinbetter.space\/hu\/"},{"@type":"ListItem","position":2,"name":"B\u00f3nuszok","item":"https:\/\/spinbetter.space\/hu\/bonuses\/"},{"@type":"ListItem","position":3,"name":"ICE HOCKEY FREEBET"}]},{"@type":"WebSite","@id":"https:\/\/spinbetter.space\/hu\/#website","url":"https:\/\/spinbetter.space\/hu\/","name":"spinbetter team hu","description":"My WordPress Blog","potentialAction":[{"@type":"SearchAction","target":{"@type":"EntryPoint","urlTemplate":"https:\/\/spinbetter.space\/hu\/?s={search_term_string}"},"query-input":{"@type":"PropertyValueSpecification","valueRequired":true,"valueName":"search_term_string"}}],"inLanguage":"hu"}]}},"_links":{"self":[{"href":"https:\/\/spinbetter.space\/hu\/wp-json\/wp\/v2\/pages\/573","targetHints":{"allow":["GET"]}}],"collection":[{"href":"https:\/\/spinbetter.space\/hu\/wp-json\/wp\/v2\/pages"}],"about":[{"href":"https:\/\/spinbetter.space\/hu\/wp-json\/wp\/v2\/types\/page"}],"author":[{"embeddable":true,"href":"https:\/\/spinbetter.space\/hu\/wp-json\/wp\/v2\/users\/1"}],"replies":[{"embeddable":true,"href":"https:\/\/spinbetter.space\/hu\/wp-json\/wp\/v2\/comments?post=573"}],"version-history":[{"count":1,"href":"https:\/\/spinbetter.space\/hu\/wp-json\/wp\/v2\/pages\/573\/revisions"}],"predecessor-version":[{"id":574,"href":"https:\/\/spinbetter.space\/hu\/wp-json\/wp\/v2\/pages\/573\/revisions\/574"}],"up":[{"embeddable":true,"href":"https:\/\/spinbetter.space\/hu\/wp-json\/wp\/v2\/pages\/152"}],"wp:attachment":[{"href":"https:\/\/spinbetter.space\/hu\/wp-json\/wp\/v2\/media?parent=573"}],"curies":[{"name":"wp","href":"https:\/\/api.w.org\/{rel}","templated":true}]}}